{"id":1562,"date":"2014-11-23T18:39:27","date_gmt":"2014-11-23T16:39:27","guid":{"rendered":"http:\/\/80.69.171.23\/py\/?page_id=1562"},"modified":"2023-06-07T16:02:12","modified_gmt":"2023-06-07T13:02:12","slug":"oijarvi","status":"publish","type":"page","link":"https:\/\/paliskunnat.fi\/poh\/paalgaskaadd\/paalgaskooddi_tead\/oijarvi\/","title":{"rendered":"50 Oij\u00e4rvi"},"content":{"rendered":"<h2>Oij\u00e4rvi<\/h2>\n<p>Pu\u00e4\u0292\u0292ee\u02b9\u017e\u017eed: Siurua Henri<br \/>\nTe\u02b9lfon: 044 972 6619<br \/>\nNe\u02b9ttp\u00e5\u00e5\u02b9\u0161t: hene&#46;si&#64;hotmail&#46;com<\/p>\n<p><a href=\"https:\/\/paliskunnat.fi\/py\/wp-content\/uploads\/2014\/11\/50_oijarvi.png\" rel=\"lightbox[1562]\"><img loading=\"lazy\" decoding=\"async\" class=\"alignnone wp-image-1563\" src=\"https:\/\/paliskunnat.fi\/py\/wp-content\/uploads\/2014\/11\/50_oijarvi.png\" alt=\"50 Oij\u00e4rven paliskunta\" width=\"300\" height=\"387\" srcset=\"https:\/\/paliskunnat.fi\/poh\/wp-content\/uploads\/2014\/11\/50_oijarvi.png 775w, https:\/\/paliskunnat.fi\/poh\/wp-content\/uploads\/2014\/11\/50_oijarvi-233x300.png 233w, https:\/\/paliskunnat.fi\/poh\/wp-content\/uploads\/2014\/11\/50_oijarvi-768x991.png 768w\" sizes=\"auto, (max-width: 300px) 100vw, 300px\" \/><\/a><\/p>\n<table width=\"450\">\n<tbody>\n<tr>\n<td>Dommk\u00e5\u02b9dd:<\/td>\n<td>Ii<\/td>\n<\/tr>\n<tr>\n<td>Vu\u02b9vdd\u0161orr\u00e2dvu\u00f5tt:<\/td>\n<td>1 278,4 km<sup>2<\/sup><\/td>\n<\/tr>\n<tr>\n<td>\u0160uurm\u00f5s l\u00e5\u00e5vla\u017e pu\u00e4\u0292\u0292l\u00e5\u00e5kk:<\/td>\n<td>1 300<\/td>\n<\/tr>\n<tr>\n<td>Pu\u00e4\u0292\u0292vu\u00e4\u02b9msteei:<\/td>\n<td>45<\/td>\n<\/tr>\n<\/tbody>\n<\/table>\n<p>Oij\u00e4rvi paal\u01e5\u00e2sk\u00e5\u02b9dd kooll Pudasj\u00e4rvi mi\u00e2rkkpirr\u00f5\u02b9sse. Paal\u01e5\u00e2sk\u00e5\u02b9dd lij Ii k\u00e5\u00e5\u02b9dd vuu\u02b9dest.<\/p>\n<p>Paal\u01e5\u00e2sk\u00e5\u02b9dd rajjan t\u00e2\u00e2vast Isosyd\u00e4nmaa, \u00e4pplest Kuukas, nu\u00f5rttjest Ikosen, saujj-oo\u02b9bbdnee\u02b9\u01e9\u01e9est Kiiminki-Kollaja paal\u01e5\u00e2skoo\u02b9ddid da vu\u00e4rjjlest pu\u00e4\u0292\u0292h\u00e5iddvuu\u02b9d saujjra\u02b9jje.<\/p>\n<p>Paal\u01e5\u00e2sk\u00e5\u00e5\u02b9dd vuu\u02b9dest 39,1 % lie riikkj\u00e2nnam da 60,9 % privattj\u00e2nnam. Paal\u01e5\u00e2sk\u00e5\u00e5\u02b9dd vuu\u02b9dest harjjtet vi\u00f5kk\u0161\u00e2nji l\u00e2u\u02b9\u014b\u014bpuu\u02b9t\u02bctummu\u017e da m\u00e4ddt\u00e4\u00e4l. Malmmoocc\u00e2mv\u00e4\u02b9lddemvuu\u02b9d lie kolmm\u00e2n jee\u02b9res p\u00f5rggsest. Litokairast lij je\u00e4\u02b9\u01e7\u01e7su\u00f5jjlemvu\u02b9vdd.<\/p>\n<p>\u0160\u00e2ddeemj\u00e2nnmi su\u00f5jj\u00e4\u00e4id lie 10, aktiiv\u0161\u00f5ddumm\u0161est \u00e5\u00e5rrai \u00e4idduum vuu\u02b9d lij nu\u02b9tt 120 hehttred. Su\u00f5jj\u00e4\u00e4id lie rajjum ji\u00e2nnai. Palggsest ij le\u00e4kku samai \u0161i\u00f5\u01e5\u01e5 \u00e4iddsnee\u02b9tt, ni \u00f5htt \u01e9iidd\u00f5s \u00e4idd ij le\u00e4kku \u00e2\u00e2\u02b9nnmest. Paal\u01e5\u00e2sk\u00e5\u00e5\u02b9ddest \u00e2\u00e2\u02b9net se\u02b9rddem\u00e4\u00e4idid taarb mie\u02b9ldd.<\/p>\n<p>Mi\u00e2rkteei aazzt\u00f5sk\u00f5\u00f5sk\u00f5s lij Kuivaniemi ceerkavsijdd. Palgg\u00e2z vuu\u02b9dest lie ji\u00e2nnai siid, m\u00e2\u02b9te Tannila, Jakkukyl\u00e4 da Oij\u00e4rvi di m\u00e4ddt\u00e4\u00e4llv\u00e4lddsa\u017e vuu\u02b9d m\u00e2\u02b9te Leua da Luola-aapa.<\/p>\n<p>&nbsp;<\/p>\n<p>&nbsp;<\/p>\n","protected":false},"excerpt":{"rendered":"<p>Oij\u00e4rvi Pu\u00e4\u0292\u0292ee\u02b9\u017e\u017eed: Siurua Henri Te\u02b9lfon: 044 972 6619 Ne\u02b9ttp\u00e5\u00e5\u02b9\u0161t: &#x68;&#x65;&#110;&#101;&#46;&#x73;&#x69;&#x40;&#104;ot&#x6d;&#x61;&#105;&#108;&#46;&#x63;&#x6f;&#x6d; Dommk\u00e5\u02b9dd: Ii Vu\u02b9vdd\u0161orr\u00e2dvu\u00f5tt: 1 278,4 km2 \u0160uurm\u00f5s l\u00e5\u00e5vla\u017e pu\u00e4\u0292\u0292l\u00e5\u00e5kk: 1 300 Pu\u00e4\u0292\u0292vu\u00e4\u02b9msteei: 45 Oij\u00e4rvi paal\u01e5\u00e2sk\u00e5\u02b9dd kooll Pudasj\u00e4rvi mi\u00e2rkkpirr\u00f5\u02b9sse. Paal\u01e5\u00e2sk\u00e5\u02b9dd lij Ii k\u00e5\u00e5\u02b9dd vuu\u02b9dest. Paal\u01e5\u00e2sk\u00e5\u02b9dd rajjan t\u00e2\u00e2vast Isosyd\u00e4nmaa, \u00e4pplest Kuukas, nu\u00f5rttjest Ikosen, saujj-oo\u02b9bbdnee\u02b9\u01e9\u01e9est Kiiminki-Kollaja paal\u01e5\u00e2skoo\u02b9ddid da vu\u00e4rjjlest pu\u00e4\u0292\u0292h\u00e5iddvuu\u02b9d saujjra\u02b9jje. Paal\u01e5\u00e2sk\u00e5\u00e5\u02b9dd vuu\u02b9dest 39,1 % lie riikkj\u00e2nnam da [&hellip;]<\/p>\n","protected":false},"author":1,"featured_media":0,"parent":420,"menu_order":50,"comment_status":"open","ping_status":"closed","template":"paliskuntasivut.php","meta":{"footnotes":""},"class_list":["post-1562","page","type-page","status-publish","hentry"],"aioseo_notices":[],"_links":{"self":[{"href":"https:\/\/paliskunnat.fi\/poh\/wp-json\/wp\/v2\/pages\/1562","targetHints":{"allow":["GET"]}}],"collection":[{"href":"https:\/\/paliskunnat.fi\/poh\/wp-json\/wp\/v2\/pages"}],"about":[{"href":"https:\/\/paliskunnat.fi\/poh\/wp-json\/wp\/v2\/types\/page"}],"author":[{"embeddable":true,"href":"https:\/\/paliskunnat.fi\/poh\/wp-json\/wp\/v2\/users\/1"}],"replies":[{"embeddable":true,"href":"https:\/\/paliskunnat.fi\/poh\/wp-json\/wp\/v2\/comments?post=1562"}],"version-history":[{"count":5,"href":"https:\/\/paliskunnat.fi\/poh\/wp-json\/wp\/v2\/pages\/1562\/revisions"}],"predecessor-version":[{"id":7079,"href":"https:\/\/paliskunnat.fi\/poh\/wp-json\/wp\/v2\/pages\/1562\/revisions\/7079"}],"up":[{"embeddable":true,"href":"https:\/\/paliskunnat.fi\/poh\/wp-json\/wp\/v2\/pages\/420"}],"wp:attachment":[{"href":"https:\/\/paliskunnat.fi\/poh\/wp-json\/wp\/v2\/media?parent=1562"}],"curies":[{"name":"wp","href":"https:\/\/api.w.org\/{rel}","templated":true}]}}