{"id":1566,"date":"2014-11-23T18:41:37","date_gmt":"2014-11-23T16:41:37","guid":{"rendered":"http:\/\/80.69.171.23\/py\/?page_id=1566"},"modified":"2023-06-07T16:02:54","modified_gmt":"2023-06-07T13:02:54","slug":"pudasjarven-livo","status":"publish","type":"page","link":"https:\/\/paliskunnat.fi\/poh\/paalgaskaadd\/paalgaskooddi_tead\/pudasjarven-livo\/","title":{"rendered":"51 Pudasj\u00e4rven Livo"},"content":{"rendered":"<h2>Pudasj\u00e4rven Livo<\/h2>\n<p>Pu\u00e4\u0292\u0292ee\u02b9\u017e\u017eed: Konttila Sami<br \/>\nTe\u02b9lfon: +358 40 537 4668<br \/>\nNe\u02b9ttp\u00e5\u00e5\u02b9\u0161t: &#x73;a&#x6d;i&#x2e;&#107;&#x6f;&#110;t&#x74;i&#x6c;&#97;&#x40;&#108;&#x75;&#117;k&#x6b;u&#x2e;&#99;&#x6f;&#109;<\/p>\n<p><a href=\"https:\/\/paliskunnat.fi\/py\/wp-content\/uploads\/2014\/11\/51_pudasjarven_livo.png\" rel=\"lightbox[1566]\"><img loading=\"lazy\" decoding=\"async\" class=\"alignnone wp-image-1568\" src=\"https:\/\/paliskunnat.fi\/py\/wp-content\/uploads\/2014\/11\/51_pudasjarven_livo.png\" alt=\"Pudasj\u00e4rven Livon paliskunta (nro 51)\" width=\"300\" height=\"387\" srcset=\"https:\/\/paliskunnat.fi\/poh\/wp-content\/uploads\/2014\/11\/51_pudasjarven_livo.png 775w, https:\/\/paliskunnat.fi\/poh\/wp-content\/uploads\/2014\/11\/51_pudasjarven_livo-233x300.png 233w, https:\/\/paliskunnat.fi\/poh\/wp-content\/uploads\/2014\/11\/51_pudasjarven_livo-768x991.png 768w\" sizes=\"auto, (max-width: 300px) 100vw, 300px\" \/><\/a><\/p>\n<table width=\"450\">\n<tbody>\n<tr>\n<td>Dommk\u00e5\u02b9dd:<\/td>\n<td>Pudasj\u00e4rvi<\/td>\n<\/tr>\n<tr>\n<td>Vu\u02b9vdd\u0161orr\u00e2dvu\u00f5tt:<\/td>\n<td>1 897,7 km<sup>2<\/sup><\/td>\n<\/tr>\n<tr>\n<td>\u0160uurm\u00f5s l\u00e5\u00e5vla\u017e pu\u00e4\u0292\u0292l\u00e5\u00e5kk:<\/td>\n<td>\u00a02 100<\/td>\n<\/tr>\n<tr>\n<td>Pu\u00e4\u0292\u0292vu\u00e4\u02b9msteei:<\/td>\n<td>53<\/td>\n<\/tr>\n<\/tbody>\n<\/table>\n<p>Taivalkoski paal\u01e5\u00e2sk\u00e5\u02b9dd kooll Pudasj\u00e4rvi mi\u00e2rkkpirr\u00f5\u02b9sse. Paal\u01e5\u00e2sk\u00e5\u02b9dd lij Taivalkoski, Posio, Suomussalmi da Pudasj\u00e4rvi koo\u02b9ddi vuu\u02b9dest. Paal\u01e5\u00e2sk\u00e5\u02b9dd rajjan t\u00e2\u00e2vast Posion Livo da Akanlahti, nu\u00f5rttjest Hossa-Irni, saauj\u00e2st N\u00e4lj\u00e4nk\u00e4 da vi\u00f5sttrest Pintamo da Pudasj\u00e4rven Livo paal\u01e5\u00e2skoo\u02b9ddid.<\/p>\n<p>Paal\u01e5\u00e2sk\u00e5\u00e5\u02b9dd t\u00e2\u02b9vv-vu\u00e2ssa lij plaaneemnalla Mustavaara (vanadiin-ru\u02b9vdd-titaan) ku\u00e5ivv\u00e2z o\u02b9\u0111\u0111est \u00e4\u00e4\u02b9vummu\u0161. Ku\u00e5iv\u00e2s le\u02b9\u010d\u010di paal\u01e5\u00e2sk\u00e5\u00e5\u02b9dd palgg\u00e2mvuu\u02b9dest.<\/p>\n<p>Paal\u01e5\u00e2sk\u00e5\u00e5\u02b9dd vuu\u02b9dest 51,1 % lie riikkj\u00e2nnam da 48,9 % privattj\u00e2nnam.<\/p>\n<p>&nbsp;<\/p>\n<p>&nbsp;<\/p>\n","protected":false},"excerpt":{"rendered":"<p>Pudasj\u00e4rven Livo Pu\u00e4\u0292\u0292ee\u02b9\u017e\u017eed: Konttila Sami Te\u02b9lfon: +358 40 537 4668 Ne\u02b9ttp\u00e5\u00e5\u02b9\u0161t: &#x73;&#97;m&#x69;&#x2e;&#107;o&#x6e;&#116;t&#x69;&#x6c;&#97;&#64;&#x6c;&#117;u&#x6b;&#x6b;&#117;&#46;&#x63;&#x6f;&#109; Dommk\u00e5\u02b9dd: Pudasj\u00e4rvi Vu\u02b9vdd\u0161orr\u00e2dvu\u00f5tt: 1 897,7 km2 \u0160uurm\u00f5s l\u00e5\u00e5vla\u017e pu\u00e4\u0292\u0292l\u00e5\u00e5kk: \u00a02 100 Pu\u00e4\u0292\u0292vu\u00e4\u02b9msteei: 53 Taivalkoski paal\u01e5\u00e2sk\u00e5\u02b9dd kooll Pudasj\u00e4rvi mi\u00e2rkkpirr\u00f5\u02b9sse. Paal\u01e5\u00e2sk\u00e5\u02b9dd lij Taivalkoski, Posio, Suomussalmi da Pudasj\u00e4rvi koo\u02b9ddi vuu\u02b9dest. Paal\u01e5\u00e2sk\u00e5\u02b9dd rajjan t\u00e2\u00e2vast Posion Livo da Akanlahti, nu\u00f5rttjest Hossa-Irni, saauj\u00e2st N\u00e4lj\u00e4nk\u00e4 da vi\u00f5sttrest Pintamo da Pudasj\u00e4rven [&hellip;]<\/p>\n","protected":false},"author":1,"featured_media":0,"parent":420,"menu_order":51,"comment_status":"open","ping_status":"closed","template":"paliskuntasivut.php","meta":{"footnotes":""},"class_list":["post-1566","page","type-page","status-publish","hentry"],"aioseo_notices":[],"_links":{"self":[{"href":"https:\/\/paliskunnat.fi\/poh\/wp-json\/wp\/v2\/pages\/1566","targetHints":{"allow":["GET"]}}],"collection":[{"href":"https:\/\/paliskunnat.fi\/poh\/wp-json\/wp\/v2\/pages"}],"about":[{"href":"https:\/\/paliskunnat.fi\/poh\/wp-json\/wp\/v2\/types\/page"}],"author":[{"embeddable":true,"href":"https:\/\/paliskunnat.fi\/poh\/wp-json\/wp\/v2\/users\/1"}],"replies":[{"embeddable":true,"href":"https:\/\/paliskunnat.fi\/poh\/wp-json\/wp\/v2\/comments?post=1566"}],"version-history":[{"count":6,"href":"https:\/\/paliskunnat.fi\/poh\/wp-json\/wp\/v2\/pages\/1566\/revisions"}],"predecessor-version":[{"id":7080,"href":"https:\/\/paliskunnat.fi\/poh\/wp-json\/wp\/v2\/pages\/1566\/revisions\/7080"}],"up":[{"embeddable":true,"href":"https:\/\/paliskunnat.fi\/poh\/wp-json\/wp\/v2\/pages\/420"}],"wp:attachment":[{"href":"https:\/\/paliskunnat.fi\/poh\/wp-json\/wp\/v2\/media?parent=1566"}],"curies":[{"name":"wp","href":"https:\/\/api.w.org\/{rel}","templated":true}]}}