{"id":1582,"date":"2014-11-23T18:52:06","date_gmt":"2014-11-23T16:52:06","guid":{"rendered":"http:\/\/80.69.171.23\/py\/?page_id=1582"},"modified":"2023-06-07T16:04:48","modified_gmt":"2023-06-07T13:04:48","slug":"kollaja","status":"publish","type":"page","link":"https:\/\/paliskunnat.fi\/poh\/paalgaskaadd\/paalgaskooddi_tead\/kollaja\/","title":{"rendered":"54 Kollaja"},"content":{"rendered":"<h2>Kollaja<\/h2>\n<p>Pu\u00e4\u0292\u0292ee\u02b9\u017e\u017eed: Oinas-Panuma Lauri<br \/>\nTe\u02b9lfon: 040 765 4210<br \/>\nNe\u02b9ttp\u00e5\u00e5\u02b9\u0161t: &#x6c;&#97;u&#x72;&#x69;&#46;o&#x69;&#x6e;&#97;s&#x70;&#97;n&#x75;&#x6d;&#97;&#64;&#x67;&#x6d;&#97;i&#x6c;&#46;&#99;&#x6f;&#x6d;<\/p>\n<p><a href=\"https:\/\/paliskunnat.fi\/py\/wp-content\/uploads\/2014\/11\/54_kollaja.png\" rel=\"lightbox[1582]\"><img loading=\"lazy\" decoding=\"async\" class=\"alignnone wp-image-1583\" src=\"https:\/\/paliskunnat.fi\/py\/wp-content\/uploads\/2014\/11\/54_kollaja.png\" alt=\"Kollajan paliskunta (nro 54)\" width=\"300\" height=\"387\" srcset=\"https:\/\/paliskunnat.fi\/poh\/wp-content\/uploads\/2014\/11\/54_kollaja.png 775w, https:\/\/paliskunnat.fi\/poh\/wp-content\/uploads\/2014\/11\/54_kollaja-233x300.png 233w, https:\/\/paliskunnat.fi\/poh\/wp-content\/uploads\/2014\/11\/54_kollaja-768x991.png 768w\" sizes=\"auto, (max-width: 300px) 100vw, 300px\" \/><\/a><\/p>\n<table width=\"450\">\n<tbody>\n<tr>\n<td>Dommk\u00e5\u02b9dd:<\/td>\n<td>Pudasj\u00e4rvi<\/td>\n<\/tr>\n<tr>\n<td>Vu\u02b9vdd\u0161orr\u00e2dvu\u00f5tt:<\/td>\n<td>1 160,6 km<sup>2<\/sup><\/td>\n<\/tr>\n<tr>\n<td>\u0160uurm\u00f5s l\u00e5\u00e5vla\u017e pu\u00e4\u0292\u0292l\u00e5\u00e5kk:<\/td>\n<td>1 100<\/td>\n<\/tr>\n<tr>\n<td>Pu\u00e4\u0292\u0292vu\u00e4\u02b9msteei:<\/td>\n<td>71<\/td>\n<\/tr>\n<\/tbody>\n<\/table>\n<p>Kollaja paal\u01e5\u00e2sk\u00e5\u02b9dd kooll Pudasj\u00e4rvi mi\u00e2rkkpirr\u00f5\u02b9sse. Paal\u01e5\u00e2sk\u00e5\u02b9dd lij Pudasj\u00e4rvi, Oulu g\u00e5\u00e5rad vuu\u02b9dest. Kiiminki da Kollaja paal\u01e5\u00e2sk\u00e5\u00e5\u02b9dd lie vaald\u0161emvu\u00f5\u0111l\u00e2nji jii\u02b9jjesnall\u0161em paal\u01e5\u00e2sk\u00e5\u00e5\u02b9dd. T\u00f5k lie h\u00e5iddam pu\u00f5cceez \u00f5\u00f5uts\u00e2\u00e2\u02b9jest obb paal\u01e5\u00e2sk\u00e5\u02b9ddri\u00e2\u0161ld\u00f5\u00f5\u01e5\u01e5 \u00e5\u00e5rram \u00e4\u00e4i\u02b9j. Takai mainstumm\u0161est mainstet t\u00e4ujja Kiiminki-Kollaja paal\u01e5\u00e2sk\u00e5\u00e5\u02b9ddest.<\/p>\n<p>Kollaja paal\u01e5\u00e2sk\u00e5\u02b9dd rajjan t\u00e2\u00e2vast Oij\u00e4rvi da Ikonen, nu\u00f5rttjest Pudasj\u00e4rven Livo da Pudasj\u00e4rvi da saujj-vu\u00e4rjjlest Kiiminki paal\u01e5\u00e2skoo\u02b9ddid.<\/p>\n<p>Paal\u01e5\u00e2sk\u00e5\u00e5\u02b9dd vuu\u02b9dest 39,8 % lie riikkj\u00e2nnam da 60,2 % privattj\u00e2nnam. V\u00e4\u02b9ldd\u010du\u00e2\u01e5\u01e5as 20 Oulu-Kuusamo j\u00e5\u00e5tt paal\u01e5\u00e2sk\u00e5\u00e5\u02b9dd \u010d\u00f5\u00f5\u0111.<\/p>\n<p>Paal\u01e5\u00e2sk\u00e5\u00e5\u02b9ddest lie \u00e2\u00e2\u02b9nnmest vitt \u01e9iidd\u00f5s \u010d\u00f5h\u010d\u010dpikal\u00f5s\u00e4\u00e4id: Pikkula, Huiska, S\u00e4yn\u00e4j\u00e4kangas, Sili\u00e4kangas da Vengasvaara.<\/p>\n<p>Paal\u01e5\u00e2sk\u00e5\u00e5\u02b9dd \u0161uurm\u00f5s siid lie Tannila, Jakkukyl\u00e4 da Panuma. V\u00e4\u02b9lddve\u00e4rla\u017e pu\u00e4\u0292\u0292hoi\u02b9ddjee\u02b9ji p\u00f5rtt\u00e5\u00e5rrm\u00f5\u00f5\u017e\u017e lie v\u00e4\u02b9lddvue\u02b9zzest \u0161i\u00f5\u01e5\u01e5 da pu\u00e4\u0292\u0292oummu j\u00e4lste j\u00f5nn vue\u02b9zzest p\u00e5\u00e5\u0111j\u00e4lstemvuu\u02b9dest.<\/p>\n<p>&nbsp;<\/p>\n<p>&nbsp;<\/p>\n","protected":false},"excerpt":{"rendered":"<p>Kollaja Pu\u00e4\u0292\u0292ee\u02b9\u017e\u017eed: Oinas-Panuma Lauri Te\u02b9lfon: 040 765 4210 Ne\u02b9ttp\u00e5\u00e5\u02b9\u0161t: &#x6c;&#97;&#x75;&#x72;&#105;&#x2e;&#111;i&#x6e;&#97;s&#x70;&#97;n&#x75;&#109;a&#x40;&#103;&#x6d;&#x61;&#105;&#x6c;&#x2e;&#99;&#x6f;&#109; Dommk\u00e5\u02b9dd: Pudasj\u00e4rvi Vu\u02b9vdd\u0161orr\u00e2dvu\u00f5tt: 1 160,6 km2 \u0160uurm\u00f5s l\u00e5\u00e5vla\u017e pu\u00e4\u0292\u0292l\u00e5\u00e5kk: 1 100 Pu\u00e4\u0292\u0292vu\u00e4\u02b9msteei: 71 Kollaja paal\u01e5\u00e2sk\u00e5\u02b9dd kooll Pudasj\u00e4rvi mi\u00e2rkkpirr\u00f5\u02b9sse. Paal\u01e5\u00e2sk\u00e5\u02b9dd lij Pudasj\u00e4rvi, Oulu g\u00e5\u00e5rad vuu\u02b9dest. Kiiminki da Kollaja paal\u01e5\u00e2sk\u00e5\u00e5\u02b9dd lie vaald\u0161emvu\u00f5\u0111l\u00e2nji jii\u02b9jjesnall\u0161em paal\u01e5\u00e2sk\u00e5\u00e5\u02b9dd. T\u00f5k lie h\u00e5iddam pu\u00f5cceez \u00f5\u00f5uts\u00e2\u00e2\u02b9jest obb paal\u01e5\u00e2sk\u00e5\u02b9ddri\u00e2\u0161ld\u00f5\u00f5\u01e5\u01e5 \u00e5\u00e5rram \u00e4\u00e4i\u02b9j. Takai mainstumm\u0161est mainstet t\u00e4ujja [&hellip;]<\/p>\n","protected":false},"author":1,"featured_media":0,"parent":420,"menu_order":54,"comment_status":"open","ping_status":"closed","template":"paliskuntasivut.php","meta":{"footnotes":""},"class_list":["post-1582","page","type-page","status-publish","hentry"],"aioseo_notices":[],"_links":{"self":[{"href":"https:\/\/paliskunnat.fi\/poh\/wp-json\/wp\/v2\/pages\/1582","targetHints":{"allow":["GET"]}}],"collection":[{"href":"https:\/\/paliskunnat.fi\/poh\/wp-json\/wp\/v2\/pages"}],"about":[{"href":"https:\/\/paliskunnat.fi\/poh\/wp-json\/wp\/v2\/types\/page"}],"author":[{"embeddable":true,"href":"https:\/\/paliskunnat.fi\/poh\/wp-json\/wp\/v2\/users\/1"}],"replies":[{"embeddable":true,"href":"https:\/\/paliskunnat.fi\/poh\/wp-json\/wp\/v2\/comments?post=1582"}],"version-history":[{"count":5,"href":"https:\/\/paliskunnat.fi\/poh\/wp-json\/wp\/v2\/pages\/1582\/revisions"}],"predecessor-version":[{"id":7083,"href":"https:\/\/paliskunnat.fi\/poh\/wp-json\/wp\/v2\/pages\/1582\/revisions\/7083"}],"up":[{"embeddable":true,"href":"https:\/\/paliskunnat.fi\/poh\/wp-json\/wp\/v2\/pages\/420"}],"wp:attachment":[{"href":"https:\/\/paliskunnat.fi\/poh\/wp-json\/wp\/v2\/media?parent=1582"}],"curies":[{"name":"wp","href":"https:\/\/api.w.org\/{rel}","templated":true}]}}