{"id":1585,"date":"2014-11-23T18:53:50","date_gmt":"2014-11-23T16:53:50","guid":{"rendered":"http:\/\/80.69.171.23\/py\/?page_id=1585"},"modified":"2023-06-07T16:08:20","modified_gmt":"2023-06-07T13:08:20","slug":"ikonen","status":"publish","type":"page","link":"https:\/\/paliskunnat.fi\/poh\/paalgaskaadd\/paalgaskooddi_tead\/ikonen\/","title":{"rendered":"55 Ikonen"},"content":{"rendered":"<h2>Ikonen<\/h2>\n<p>Pu\u00e4\u0292\u0292ee\u02b9\u017e\u017eed: Hepola Ari<br \/>\nTe\u02b9lfon: 040 5897736<br \/>\nNe\u02b9ttp\u00e5\u00e5\u02b9\u0161t: 040 589 7736<\/p>\n<p><a href=\"https:\/\/paliskunnat.fi\/py\/wp-content\/uploads\/2014\/11\/55_ikonen.png\" rel=\"lightbox[1585]\"><img loading=\"lazy\" decoding=\"async\" class=\"alignnone wp-image-1587\" src=\"https:\/\/paliskunnat.fi\/py\/wp-content\/uploads\/2014\/11\/55_ikonen.png\" alt=\"Ikonen (nro 55)\" width=\"300\" height=\"387\" srcset=\"https:\/\/paliskunnat.fi\/poh\/wp-content\/uploads\/2014\/11\/55_ikonen.png 775w, https:\/\/paliskunnat.fi\/poh\/wp-content\/uploads\/2014\/11\/55_ikonen-233x300.png 233w, https:\/\/paliskunnat.fi\/poh\/wp-content\/uploads\/2014\/11\/55_ikonen-768x991.png 768w\" sizes=\"auto, (max-width: 300px) 100vw, 300px\" \/><\/a><\/p>\n<table width=\"450\">\n<tbody>\n<tr>\n<td>Dommk\u00e5\u02b9dd:<\/td>\n<td>Pudasj\u00e4rvi<\/td>\n<\/tr>\n<tr>\n<td>Vu\u02b9vdd\u0161orr\u00e2dvu\u00f5tt:<\/td>\n<td>619,1 km<sup>2<\/sup><\/td>\n<\/tr>\n<tr>\n<td>\u0160uurm\u00f5s l\u00e5\u00e5vla\u017e pu\u00e4\u0292\u0292l\u00e5\u00e5kk:<\/td>\n<td>500<\/td>\n<\/tr>\n<tr>\n<td>Pu\u00e4\u0292\u0292vu\u00e4\u02b9msteei:<\/td>\n<td>32<\/td>\n<\/tr>\n<\/tbody>\n<\/table>\n<p>Ikonen paal\u01e5\u00e2sk\u00e5\u02b9dd kooll Pudasj\u00e4rvi mi\u00e2rkkpirr\u00f5\u02b9sse. Paal\u01e5\u00e2sk\u00e5\u02b9dd lij Pudasj\u00e4rvi da Ranua koo\u02b9ddi vuu\u02b9din. Paal\u01e5\u00e2sk\u00e5\u02b9dd rajjan t\u00e2\u00e2vast Kuukas, nu\u00f5rttjest Pudasj\u00e4rven Livo, saauj\u00e2st Kollaja da vi\u00f5sttrest Oij\u00e4rvi paal\u01e5\u00e2skoo\u02b9ddid.<\/p>\n<p>Paal\u01e5\u00e2sk\u00e5\u00e5\u02b9dd vuu\u02b9dest 62,4 % lie riikkj\u00e2nnam da 37,6 % privattj\u00e2nnam.<\/p>\n<p>&nbsp;<\/p>\n<p>&nbsp;<\/p>\n","protected":false},"excerpt":{"rendered":"<p>Ikonen Pu\u00e4\u0292\u0292ee\u02b9\u017e\u017eed: Hepola Ari Te\u02b9lfon: 040 5897736 Ne\u02b9ttp\u00e5\u00e5\u02b9\u0161t: 040 589 7736 Dommk\u00e5\u02b9dd: Pudasj\u00e4rvi Vu\u02b9vdd\u0161orr\u00e2dvu\u00f5tt: 619,1 km2 \u0160uurm\u00f5s l\u00e5\u00e5vla\u017e pu\u00e4\u0292\u0292l\u00e5\u00e5kk: 500 Pu\u00e4\u0292\u0292vu\u00e4\u02b9msteei: 32 Ikonen paal\u01e5\u00e2sk\u00e5\u02b9dd kooll Pudasj\u00e4rvi mi\u00e2rkkpirr\u00f5\u02b9sse. Paal\u01e5\u00e2sk\u00e5\u02b9dd lij Pudasj\u00e4rvi da Ranua koo\u02b9ddi vuu\u02b9din. Paal\u01e5\u00e2sk\u00e5\u02b9dd rajjan t\u00e2\u00e2vast Kuukas, nu\u00f5rttjest Pudasj\u00e4rven Livo, saauj\u00e2st Kollaja da vi\u00f5sttrest Oij\u00e4rvi paal\u01e5\u00e2skoo\u02b9ddid. Paal\u01e5\u00e2sk\u00e5\u00e5\u02b9dd vuu\u02b9dest 62,4 % lie riikkj\u00e2nnam da 37,6 [&hellip;]<\/p>\n","protected":false},"author":1,"featured_media":0,"parent":420,"menu_order":55,"comment_status":"open","ping_status":"closed","template":"paliskuntasivut.php","meta":{"footnotes":""},"class_list":["post-1585","page","type-page","status-publish","hentry"],"aioseo_notices":[],"_links":{"self":[{"href":"https:\/\/paliskunnat.fi\/poh\/wp-json\/wp\/v2\/pages\/1585","targetHints":{"allow":["GET"]}}],"collection":[{"href":"https:\/\/paliskunnat.fi\/poh\/wp-json\/wp\/v2\/pages"}],"about":[{"href":"https:\/\/paliskunnat.fi\/poh\/wp-json\/wp\/v2\/types\/page"}],"author":[{"embeddable":true,"href":"https:\/\/paliskunnat.fi\/poh\/wp-json\/wp\/v2\/users\/1"}],"replies":[{"embeddable":true,"href":"https:\/\/paliskunnat.fi\/poh\/wp-json\/wp\/v2\/comments?post=1585"}],"version-history":[{"count":6,"href":"https:\/\/paliskunnat.fi\/poh\/wp-json\/wp\/v2\/pages\/1585\/revisions"}],"predecessor-version":[{"id":7088,"href":"https:\/\/paliskunnat.fi\/poh\/wp-json\/wp\/v2\/pages\/1585\/revisions\/7088"}],"up":[{"embeddable":true,"href":"https:\/\/paliskunnat.fi\/poh\/wp-json\/wp\/v2\/pages\/420"}],"wp:attachment":[{"href":"https:\/\/paliskunnat.fi\/poh\/wp-json\/wp\/v2\/media?parent=1585"}],"curies":[{"name":"wp","href":"https:\/\/api.w.org\/{rel}","templated":true}]}}