{"id":1590,"date":"2014-11-23T18:57:23","date_gmt":"2014-11-23T16:57:23","guid":{"rendered":"http:\/\/80.69.171.23\/py\/?page_id=1590"},"modified":"2023-06-07T16:05:59","modified_gmt":"2023-06-07T13:05:59","slug":"naljanka","status":"publish","type":"page","link":"https:\/\/paliskunnat.fi\/poh\/paalgaskaadd\/paalgaskooddi_tead\/naljanka\/","title":{"rendered":"56 N\u00e4lj\u00e4nk\u00e4"},"content":{"rendered":"<h2>N\u00e4lj\u00e4nk\u00e4<\/h2>\n<p>Pu\u00e4\u0292\u0292ee\u02b9\u017e\u017eed: Heikkinen Jari<br \/>\nTe\u02b9lfon: 040 020 2003<br \/>\nNe\u02b9ttp\u00e5\u00e5\u02b9\u0161t: &#x6a;&#97;&#x72;&#x69;&#104;&#x32;&#48;0&#x40;&#103;m&#x61;&#105;l&#x2e;&#99;o&#x6d;<\/p>\n<p><a href=\"https:\/\/paliskunnat.fi\/py\/wp-content\/uploads\/2014\/11\/56_naljanka.png\" rel=\"lightbox[1590]\"><img loading=\"lazy\" decoding=\"async\" class=\"alignnone wp-image-1592\" src=\"https:\/\/paliskunnat.fi\/py\/wp-content\/uploads\/2014\/11\/56_naljanka.png\" alt=\"N\u00e4lj\u00e4nk\u00e4 plk (nro 56)\" width=\"300\" height=\"387\" srcset=\"https:\/\/paliskunnat.fi\/poh\/wp-content\/uploads\/2014\/11\/56_naljanka.png 775w, https:\/\/paliskunnat.fi\/poh\/wp-content\/uploads\/2014\/11\/56_naljanka-233x300.png 233w, https:\/\/paliskunnat.fi\/poh\/wp-content\/uploads\/2014\/11\/56_naljanka-768x991.png 768w\" sizes=\"auto, (max-width: 300px) 100vw, 300px\" \/><\/a><\/p>\n<table width=\"450\">\n<tbody>\n<tr>\n<td>Dommk\u00e5\u02b9dd:<\/td>\n<td>Suomussalmi<\/td>\n<\/tr>\n<tr>\n<td>Vu\u02b9vdd\u0161orr\u00e2dvu\u00f5tt:<\/td>\n<td>2 880,8 km<sup>2<\/sup><\/td>\n<\/tr>\n<tr>\n<td>\u0160uurm\u00f5s l\u00e5\u00e5vla\u017e pu\u00e4\u0292\u0292l\u00e5\u00e5kk:<\/td>\n<td>2 000<\/td>\n<\/tr>\n<tr>\n<td>Pu\u00e4\u0292\u0292vu\u00e4\u02b9msteei:<\/td>\n<td>53<\/td>\n<\/tr>\n<\/tbody>\n<\/table>\n<p>N\u00e4lj\u00e4nk\u00e4 paal\u01e5\u00e2sk\u00e5\u02b9dd kooll Kainuu mi\u00e2rkkpirr\u00f5\u02b9sse. Paal\u01e5\u00e2sk\u00e5\u02b9dd lij Suomussalmi da Puolanka koo\u02b9ddi vuu\u02b9din. Paal\u01e5\u00e2sk\u00e5\u02b9dd rajjan nu\u00f5rttjest Ru\u00f5\u0161\u0161j\u00e2nnam ra\u02b9jje, saauj\u00e2st Halla, vi\u00f5sttrest Pintamo da t\u00e2\u00e2vast Taivalkoski da Hossa-Irni paal\u01e5\u00e2skoo\u02b9ddid<\/p>\n<p>Paal\u01e5\u00e2sk\u00e5\u00e5\u02b9dd vuu\u02b9dest 54,1 % lie riikkj\u00e2nnam da 45,9 % privattj\u00e2nnam. Paal\u01e5\u00e2sk\u00e5\u00e5\u02b9dd vuu\u02b9dest lie Naturaa\u02b9je kuulli su\u00f5jjlemvuu\u02b9d. T\u00e4k vuu\u02b9d jie puk le\u00e4kku vu\u02b9vdd\u0161orr\u00e2dvu\u00f5\u0111 pe\u00e4\u02b9lest veeidas, le\u0161a r\u00e4\u02b9jje kuuit\u00e2\u01e5 v\u00e4\u00e4\u017enai vue\u02b9zz t\u00e4\u02b9lvvku\u00e4ivaspaai\u02b9\u01e9in. C\u00f5gg\u00e2m\u00e4\u00e4id da ku\u00e4ivvam- da palgg\u00e2m\u00e4\u00e4id jie le\u00e4kku. Pikal\u00f5s\u00e4\u00e4id palggsest lie kolmm. Paal\u01e5\u00e2sk\u00e5\u00e5\u02b9ddest lij \u00e2\u00e2\u02b9nnmest Kotvala \u01e9e\u02b9dd\u00e4\u02b9httemp\u00e4\u00e4i\u02b9\u01e9 da pikal\u00f5s\u00e4\u00e4id \u00f5httvu\u00f5\u0111\u00e2st poortem\u00e4idd.<\/p>\n<p>Puolanka ceerkavsijdd lij aivv paal\u01e5\u00e2sk\u00e5\u00e5\u02b9dd saujjraaj\u00e2st. Paal\u01e5\u00e2sk\u00e5\u00e5\u02b9dd t\u00e2\u02b9vv-vue\u02b9zzest aazzt\u00f5\u00f5zz lij N\u00e4lj\u00e4nk\u00e4 siid vuu\u02b9dest Suomussalmi k\u00e5\u00e5\u02b9ddest. V\u00e4\u02b9lddvue\u02b9ss N\u00e4lj\u00e4nk\u00e4 palgg\u00e2z vue\u02b9ssnii\u02b9\u01e9\u01e9in j\u00e4lste Puolanka ceerkavsiid\u00e2st, Joukokyl\u00e4, Suolij\u00e4rvi di N\u00e4lj\u00e4nk\u00e4 siidin.<\/p>\n<p>&nbsp;<\/p>\n<p>&nbsp;<\/p>\n","protected":false},"excerpt":{"rendered":"<p>N\u00e4lj\u00e4nk\u00e4 Pu\u00e4\u0292\u0292ee\u02b9\u017e\u017eed: Heikkinen Jari Te\u02b9lfon: 040 020 2003 Ne\u02b9ttp\u00e5\u00e5\u02b9\u0161t: jari&#104;&#50;&#48;&#48;&#64;&#103;&#109;&#x61;&#x69;&#x6c;&#x2e;&#x63;&#x6f;&#x6d; Dommk\u00e5\u02b9dd: Suomussalmi Vu\u02b9vdd\u0161orr\u00e2dvu\u00f5tt: 2 880,8 km2 \u0160uurm\u00f5s l\u00e5\u00e5vla\u017e pu\u00e4\u0292\u0292l\u00e5\u00e5kk: 2 000 Pu\u00e4\u0292\u0292vu\u00e4\u02b9msteei: 53 N\u00e4lj\u00e4nk\u00e4 paal\u01e5\u00e2sk\u00e5\u02b9dd kooll Kainuu mi\u00e2rkkpirr\u00f5\u02b9sse. Paal\u01e5\u00e2sk\u00e5\u02b9dd lij Suomussalmi da Puolanka koo\u02b9ddi vuu\u02b9din. Paal\u01e5\u00e2sk\u00e5\u02b9dd rajjan nu\u00f5rttjest Ru\u00f5\u0161\u0161j\u00e2nnam ra\u02b9jje, saauj\u00e2st Halla, vi\u00f5sttrest Pintamo da t\u00e2\u00e2vast Taivalkoski da Hossa-Irni paal\u01e5\u00e2skoo\u02b9ddid Paal\u01e5\u00e2sk\u00e5\u00e5\u02b9dd vuu\u02b9dest 54,1 % lie [&hellip;]<\/p>\n","protected":false},"author":1,"featured_media":0,"parent":420,"menu_order":56,"comment_status":"open","ping_status":"closed","template":"paliskuntasivut.php","meta":{"footnotes":""},"class_list":["post-1590","page","type-page","status-publish","hentry"],"aioseo_notices":[],"_links":{"self":[{"href":"https:\/\/paliskunnat.fi\/poh\/wp-json\/wp\/v2\/pages\/1590","targetHints":{"allow":["GET"]}}],"collection":[{"href":"https:\/\/paliskunnat.fi\/poh\/wp-json\/wp\/v2\/pages"}],"about":[{"href":"https:\/\/paliskunnat.fi\/poh\/wp-json\/wp\/v2\/types\/page"}],"author":[{"embeddable":true,"href":"https:\/\/paliskunnat.fi\/poh\/wp-json\/wp\/v2\/users\/1"}],"replies":[{"embeddable":true,"href":"https:\/\/paliskunnat.fi\/poh\/wp-json\/wp\/v2\/comments?post=1590"}],"version-history":[{"count":6,"href":"https:\/\/paliskunnat.fi\/poh\/wp-json\/wp\/v2\/pages\/1590\/revisions"}],"predecessor-version":[{"id":7085,"href":"https:\/\/paliskunnat.fi\/poh\/wp-json\/wp\/v2\/pages\/1590\/revisions\/7085"}],"up":[{"embeddable":true,"href":"https:\/\/paliskunnat.fi\/poh\/wp-json\/wp\/v2\/pages\/420"}],"wp:attachment":[{"href":"https:\/\/paliskunnat.fi\/poh\/wp-json\/wp\/v2\/media?parent=1590"}],"curies":[{"name":"wp","href":"https:\/\/api.w.org\/{rel}","templated":true}]}}