{"id":1595,"date":"2014-11-23T19:00:51","date_gmt":"2014-11-23T17:00:51","guid":{"rendered":"http:\/\/80.69.171.23\/py\/?page_id=1595"},"modified":"2023-06-07T16:06:41","modified_gmt":"2023-06-07T13:06:41","slug":"halla","status":"publish","type":"page","link":"https:\/\/paliskunnat.fi\/poh\/paalgaskaadd\/paalgaskooddi_tead\/halla\/","title":{"rendered":"57 Halla"},"content":{"rendered":"<h2>Halla<\/h2>\n<p>Pu\u00e4\u0292\u0292ee\u02b9\u017e\u017eed:\u00a0Ker\u00e4nen Ensio<br \/>\nTe\u02b9lfon: 040 028 4002<br \/>\nNe\u02b9ttp\u00e5\u00e5\u02b9\u0161t: k&#101;&#x72;&#x61;n&#101;&#110;&#x65;&#x6e;s&#105;&#111;&#x40;&#x67;m&#97;&#x69;&#x6c;&#x2e;c&#111;&#x6d;<\/p>\n<p><a href=\"https:\/\/paliskunnat.fi\/py\/wp-content\/uploads\/2014\/11\/57_halla.png\" rel=\"lightbox[1595]\"><img loading=\"lazy\" decoding=\"async\" class=\"alignnone wp-image-1596\" src=\"https:\/\/paliskunnat.fi\/py\/wp-content\/uploads\/2014\/11\/57_halla.png\" alt=\"Hallan paliskunta (nro 57)\" width=\"300\" height=\"387\" srcset=\"https:\/\/paliskunnat.fi\/poh\/wp-content\/uploads\/2014\/11\/57_halla.png 775w, https:\/\/paliskunnat.fi\/poh\/wp-content\/uploads\/2014\/11\/57_halla-233x300.png 233w, https:\/\/paliskunnat.fi\/poh\/wp-content\/uploads\/2014\/11\/57_halla-768x991.png 768w\" sizes=\"auto, (max-width: 300px) 100vw, 300px\" \/><\/a><\/p>\n<table width=\"450\">\n<tbody>\n<tr>\n<td>Dommk\u00e5\u02b9dd:<\/td>\n<td>Suomussalmi<\/td>\n<\/tr>\n<tr>\n<td>Vu\u02b9vdd\u0161orr\u00e2dvu\u00f5tt:<\/td>\n<td>3 547,7 km<sup>2<\/sup><\/td>\n<\/tr>\n<tr>\n<td>\u0160uurm\u00f5s l\u00e5\u00e5vla\u017e pu\u00e4\u0292\u0292l\u00e5\u00e5kk:<\/td>\n<td>2 700<\/td>\n<\/tr>\n<tr>\n<td>Pu\u00e4\u0292\u0292vu\u00e4\u02b9msteei:<\/td>\n<td>61<\/td>\n<\/tr>\n<\/tbody>\n<\/table>\n<p>Halla paal\u01e5\u00e2sk\u00e5\u02b9dd kooll Kainuu mi\u00e2rkkpirr\u00f5\u02b9sse. Paal\u01e5\u00e2sk\u00e5\u02b9dd lij Suomussalmi, Puolanka da Hyrynsalmi koo\u02b9ddi vuu\u02b9din. Paal\u01e5\u00e2sk\u00e5\u02b9dd rajjan nu\u00f5rttjest Ru\u00f5\u0161\u0161j\u00e2nnam riikkra\u02b9jje, saujj-vi\u00f5sttrest pu\u00e4\u0292\u0292h\u00e5iddvuu\u02b9d saujjra\u02b9jje da t\u00e2\u00e2vast N\u00e4lj\u00e4nk\u00e4 paal\u01e5\u00e2sk\u00e5dda.<\/p>\n<p>Paal\u01e5\u00e2sk\u00e5\u00e5\u02b9dd vuu\u02b9dest 48,1 % lie riikkj\u00e2nnam da 51,9 % privattj\u00e2nnam.<\/p>\n<p>&nbsp;<\/p>\n<p>&nbsp;<\/p>\n<p><!--more--><\/p>\n<h2>\u01e8ie\u02b9sspikal\u00f5s 1989<\/h2>\n<p>\u01e8ie\u02b9sspikal\u00f5s Halla paal\u01e5\u00e2sk\u00e5\u00e5\u02b9ddest 1989 (<a href=\"https:\/\/www.youtube.com\/watch?v=dHF3vVMaSfY\"><strong>Youtube<\/strong><\/a>). \u00d5lmst\u00f5ttum 10\/2012.<\/p>\n<p>&nbsp;<\/p>\n<p>&nbsp;<\/p>\n<p>&nbsp;<\/p>\n","protected":false},"excerpt":{"rendered":"<p>Halla Pu\u00e4\u0292\u0292ee\u02b9\u017e\u017eed:\u00a0Ker\u00e4nen Ensio Te\u02b9lfon: 040 028 4002 Ne\u02b9ttp\u00e5\u00e5\u02b9\u0161t: k&#101;&#114;&#x61;&#x6e;en&#101;&#110;&#x73;&#x69;o&#64;&#103;&#109;&#x61;&#x69;l&#46;&#99;&#x6f;&#x6d; Dommk\u00e5\u02b9dd: Suomussalmi Vu\u02b9vdd\u0161orr\u00e2dvu\u00f5tt: 3 547,7 km2 \u0160uurm\u00f5s l\u00e5\u00e5vla\u017e pu\u00e4\u0292\u0292l\u00e5\u00e5kk: 2 700 Pu\u00e4\u0292\u0292vu\u00e4\u02b9msteei: 61 Halla paal\u01e5\u00e2sk\u00e5\u02b9dd kooll Kainuu mi\u00e2rkkpirr\u00f5\u02b9sse. Paal\u01e5\u00e2sk\u00e5\u02b9dd lij Suomussalmi, Puolanka da Hyrynsalmi koo\u02b9ddi vuu\u02b9din. Paal\u01e5\u00e2sk\u00e5\u02b9dd rajjan nu\u00f5rttjest Ru\u00f5\u0161\u0161j\u00e2nnam riikkra\u02b9jje, saujj-vi\u00f5sttrest pu\u00e4\u0292\u0292h\u00e5iddvuu\u02b9d saujjra\u02b9jje da t\u00e2\u00e2vast N\u00e4lj\u00e4nk\u00e4 paal\u01e5\u00e2sk\u00e5dda. Paal\u01e5\u00e2sk\u00e5\u00e5\u02b9dd vuu\u02b9dest 48,1 % lie riikkj\u00e2nnam da 51,9 [&hellip;]<\/p>\n","protected":false},"author":1,"featured_media":0,"parent":420,"menu_order":57,"comment_status":"open","ping_status":"closed","template":"paliskuntasivut.php","meta":{"footnotes":""},"class_list":["post-1595","page","type-page","status-publish","hentry"],"aioseo_notices":[],"_links":{"self":[{"href":"https:\/\/paliskunnat.fi\/poh\/wp-json\/wp\/v2\/pages\/1595","targetHints":{"allow":["GET"]}}],"collection":[{"href":"https:\/\/paliskunnat.fi\/poh\/wp-json\/wp\/v2\/pages"}],"about":[{"href":"https:\/\/paliskunnat.fi\/poh\/wp-json\/wp\/v2\/types\/page"}],"author":[{"embeddable":true,"href":"https:\/\/paliskunnat.fi\/poh\/wp-json\/wp\/v2\/users\/1"}],"replies":[{"embeddable":true,"href":"https:\/\/paliskunnat.fi\/poh\/wp-json\/wp\/v2\/comments?post=1595"}],"version-history":[{"count":7,"href":"https:\/\/paliskunnat.fi\/poh\/wp-json\/wp\/v2\/pages\/1595\/revisions"}],"predecessor-version":[{"id":7087,"href":"https:\/\/paliskunnat.fi\/poh\/wp-json\/wp\/v2\/pages\/1595\/revisions\/7087"}],"up":[{"embeddable":true,"href":"https:\/\/paliskunnat.fi\/poh\/wp-json\/wp\/v2\/pages\/420"}],"wp:attachment":[{"href":"https:\/\/paliskunnat.fi\/poh\/wp-json\/wp\/v2\/media?parent=1595"}],"curies":[{"name":"wp","href":"https:\/\/api.w.org\/{rel}","templated":true}]}}