{"id":177,"date":"2014-08-25T16:26:06","date_gmt":"2014-08-25T13:26:06","guid":{"rendered":"http:\/\/80.69.171.23\/py\/?page_id=177"},"modified":"2020-03-19T15:38:06","modified_gmt":"2020-03-19T13:38:06","slug":"puazzskaad","status":"publish","type":"page","link":"https:\/\/paliskunnat.fi\/poh\/puazzskaad\/","title":{"rendered":"Pu\u00e4\u0292\u0292sk\u00e4\u00e4\u0111"},"content":{"rendered":"<h2>Pu\u00e4\u0292\u0292sk\u00e4\u00e4\u0111<\/h2>\n<p>Pu\u00f5ccust lij pu\u00e4\u0292\u0292h\u00e5iddvuu\u02b9dest m\u00e4ddvu\u00e4\u02b9mstemk\u00f5skkvu\u00f5\u0111in perste\u01e9\u00e2ni lu\u00f5v\u00e2s palgg\u00e2mvu\u00f5igg\u00e2dvu\u00f5tt. T\u00e4t lij-i pu\u00e4\u0292\u0292h\u00e5\u00e5id me\u00e4\u02b9rme\u00e2ldla\u017e tu\u00e5immjummu\u017e pe\u00e4\u02b9lest vi\u00e2lt\u02bctem.<\/p>\n<p>Pu\u00f5ccu lu\u00f5v\u00e2s palgg\u00e2mvu\u00f5igg\u00e2dvu\u00f5tt vu\u00e2\u0111\u0111\u00e2\u00e2vv pu\u00e4\u0292\u0292h\u00e5iddvuu\u02b9d historiaa\u02b9je \u00e2\u00e2\u02b9nnemvu\u00f5igg\u00e2dvu\u00f5\u0111eesvui\u02b9m da t\u00f5t lij jurddum p\u00f5\u00f5\u0161\u0161i vu\u00f5igg\u00e2dvu\u00f5tt\u00e2n.<\/p>\n<p>Friij\u00e2ld palggi pu\u00e4\u0292\u0292 teivv lu\u00e2\u0111ast jee\u02b9resnall\u0161em sk\u00e4\u00e4\u0111aid. T\u00e4\u00e4u\u02b9jm\u00f5s lie n\u00e4u\u02b9ddsk\u00e4\u00e4\u0111. Je\u00e4\u02b9rbi mie\u02b9ldd j\u00e5\u00e5ttl\u00f5k da p\u00e5\u00e5\u0111pie\u02b9nne \u0161e tuejjee pu\u00e4\u0292\u0292sk\u00e4\u00e4\u0111aid ju\u00f5\u02b9\u01e9\u01e9 ee\u02b9jj. M\u00e5tme\u0161t \u0161e pu\u00f5ccu vu\u00e4i\u02b9tte tuejjeed sk\u00e4\u00e4\u0111, ko j\u00e5\u02b9tte t\u00e4\u00e4u\u02b9je\u02b9ld pu\u00e4stp\u00e4ikka.<\/p>\n<p>Vu\u00e4\u02b9pp\u00f5\u00f5zzid sk\u00e4\u00e4\u0111ai c\u00f5\u00f5gg\u00f5\u00f5ttma da sk\u00e4\u00e4\u0111\u0111\u0161\u00f5ddm\u00f5\u00f5\u017e\u017ein tu\u00e5immjumm\u0161a kaaunak t\u00e4in seeidain.<\/p>\n<p>&nbsp;<\/p>\n","protected":false},"excerpt":{"rendered":"<p>Pu\u00e4\u0292\u0292sk\u00e4\u00e4\u0111 Pu\u00f5ccust lij pu\u00e4\u0292\u0292h\u00e5iddvuu\u02b9dest m\u00e4ddvu\u00e4\u02b9mstemk\u00f5skkvu\u00f5\u0111in perste\u01e9\u00e2ni lu\u00f5v\u00e2s palgg\u00e2mvu\u00f5igg\u00e2dvu\u00f5tt. T\u00e4t lij-i pu\u00e4\u0292\u0292h\u00e5\u00e5id me\u00e4\u02b9rme\u00e2ldla\u017e tu\u00e5immjummu\u017e pe\u00e4\u02b9lest vi\u00e2lt\u02bctem. Pu\u00f5ccu lu\u00f5v\u00e2s palgg\u00e2mvu\u00f5igg\u00e2dvu\u00f5tt vu\u00e2\u0111\u0111\u00e2\u00e2vv pu\u00e4\u0292\u0292h\u00e5iddvuu\u02b9d historiaa\u02b9je \u00e2\u00e2\u02b9nnemvu\u00f5igg\u00e2dvu\u00f5\u0111eesvui\u02b9m da t\u00f5t lij jurddum p\u00f5\u00f5\u0161\u0161i vu\u00f5igg\u00e2dvu\u00f5tt\u00e2n. Friij\u00e2ld palggi pu\u00e4\u0292\u0292 teivv lu\u00e2\u0111ast jee\u02b9resnall\u0161em sk\u00e4\u00e4\u0111aid. T\u00e4\u00e4u\u02b9jm\u00f5s lie n\u00e4u\u02b9ddsk\u00e4\u00e4\u0111. Je\u00e4\u02b9rbi mie\u02b9ldd j\u00e5\u00e5ttl\u00f5k da p\u00e5\u00e5\u0111pie\u02b9nne \u0161e tuejjee pu\u00e4\u0292\u0292sk\u00e4\u00e4\u0111aid ju\u00f5\u02b9\u01e9\u01e9 ee\u02b9jj. M\u00e5tme\u0161t \u0161e pu\u00f5ccu vu\u00e4i\u02b9tte tuejjeed sk\u00e4\u00e4\u0111, ko [&hellip;]<\/p>\n","protected":false},"author":1,"featured_media":0,"parent":0,"menu_order":5,"comment_status":"open","ping_status":"closed","template":"","meta":{"footnotes":""},"class_list":["post-177","page","type-page","status-publish","hentry"],"aioseo_notices":[],"_links":{"self":[{"href":"https:\/\/paliskunnat.fi\/poh\/wp-json\/wp\/v2\/pages\/177","targetHints":{"allow":["GET"]}}],"collection":[{"href":"https:\/\/paliskunnat.fi\/poh\/wp-json\/wp\/v2\/pages"}],"about":[{"href":"https:\/\/paliskunnat.fi\/poh\/wp-json\/wp\/v2\/types\/page"}],"author":[{"embeddable":true,"href":"https:\/\/paliskunnat.fi\/poh\/wp-json\/wp\/v2\/users\/1"}],"replies":[{"embeddable":true,"href":"https:\/\/paliskunnat.fi\/poh\/wp-json\/wp\/v2\/comments?post=177"}],"version-history":[{"count":2,"href":"https:\/\/paliskunnat.fi\/poh\/wp-json\/wp\/v2\/pages\/177\/revisions"}],"predecessor-version":[{"id":6606,"href":"https:\/\/paliskunnat.fi\/poh\/wp-json\/wp\/v2\/pages\/177\/revisions\/6606"}],"wp:attachment":[{"href":"https:\/\/paliskunnat.fi\/poh\/wp-json\/wp\/v2\/media?parent=177"}],"curies":[{"name":"wp","href":"https:\/\/api.w.org\/{rel}","templated":true}]}}