{"id":179,"date":"2014-08-25T16:26:24","date_gmt":"2014-08-25T13:26:24","guid":{"rendered":"http:\/\/80.69.171.23\/py\/?page_id=179"},"modified":"2020-03-19T15:29:30","modified_gmt":"2020-03-19T13:29:30","slug":"puazzteatt","status":"publish","type":"page","link":"https:\/\/paliskunnat.fi\/poh\/puazzteatt\/","title":{"rendered":"Pu\u00e4\u0292\u0292te\u00e2tt"},"content":{"rendered":"<h2>Vu\u00e4ppaz, statistiikk da jee\u02b9res materiaal<\/h2>\n<p>T\u00e4in seeidain kaaunak pu\u00e4\u0292\u0292h\u00e5\u00e5id brosyyrid da vu\u00e4ppsid di statistiikkid.<\/p>\n<p>&nbsp;<\/p>\n<p>&nbsp;<\/p>\n<p>&nbsp;<\/p>\n<p>&nbsp;<\/p>\n<p>&nbsp;<\/p>\n","protected":false},"excerpt":{"rendered":"<p>Vu\u00e4ppaz, statistiikk da jee\u02b9res materiaal T\u00e4in seeidain kaaunak pu\u00e4\u0292\u0292h\u00e5\u00e5id brosyyrid da vu\u00e4ppsid di statistiikkid. &nbsp; &nbsp; &nbsp; &nbsp; &nbsp;<\/p>\n","protected":false},"author":1,"featured_media":0,"parent":0,"menu_order":6,"comment_status":"open","ping_status":"closed","template":"","meta":{"footnotes":""},"class_list":["post-179","page","type-page","status-publish","hentry"],"aioseo_notices":[],"_links":{"self":[{"href":"https:\/\/paliskunnat.fi\/poh\/wp-json\/wp\/v2\/pages\/179","targetHints":{"allow":["GET"]}}],"collection":[{"href":"https:\/\/paliskunnat.fi\/poh\/wp-json\/wp\/v2\/pages"}],"about":[{"href":"https:\/\/paliskunnat.fi\/poh\/wp-json\/wp\/v2\/types\/page"}],"author":[{"embeddable":true,"href":"https:\/\/paliskunnat.fi\/poh\/wp-json\/wp\/v2\/users\/1"}],"replies":[{"embeddable":true,"href":"https:\/\/paliskunnat.fi\/poh\/wp-json\/wp\/v2\/comments?post=179"}],"version-history":[{"count":2,"href":"https:\/\/paliskunnat.fi\/poh\/wp-json\/wp\/v2\/pages\/179\/revisions"}],"predecessor-version":[{"id":6646,"href":"https:\/\/paliskunnat.fi\/poh\/wp-json\/wp\/v2\/pages\/179\/revisions\/6646"}],"wp:attachment":[{"href":"https:\/\/paliskunnat.fi\/poh\/wp-json\/wp\/v2\/media?parent=179"}],"curies":[{"name":"wp","href":"https:\/\/api.w.org\/{rel}","templated":true}]}}