{"id":193,"date":"2014-08-26T15:05:25","date_gmt":"2014-08-26T12:05:25","guid":{"rendered":"http:\/\/80.69.171.23\/py\/?page_id=193"},"modified":"2020-03-20T16:04:03","modified_gmt":"2020-03-20T14:04:03","slug":"hankkoozz","status":"publish","type":"page","link":"https:\/\/paliskunnat.fi\/poh\/hankkoozz\/","title":{"rendered":"Ha\u02b9\u014b\u01e9\u01e9\u00f5\u00f5zz"},"content":{"rendered":"<h1>Ha\u02b9\u014b\u01e9\u01e9\u00f5stu\u00e5immjummu\u0161<\/h1>\n<p>Mij \u00e2\u00e2\u02b9nnmest lie kue\u02b9htt k\u00f5skksa\u017e ha\u02b9\u014b\u01e9\u01e9\u00f5ste\u00e4ggt\u00f5\u00f5zz kanaal pu\u00e4\u0292\u0292jie\u02b9llemvue\u02b9jj ooud\u00e2sviikkma. Nu\u02b9bb lij EU vuei\u02b9tlv\u00e2sttam ooud\u00e2sviikk\u00e2mha\u02b9\u014b\u01e9\u01e9\u00f5stu\u00e5immjummu\u0161, koon vaa\u02b9rid oo\u0292\u0292\u00e2t t\u00e4ujja ELY-k\u00f5\u00f5sk\u00f5\u00f5zzi p\u00e4\u00e4i\u02b9\u01e9. T\u00e4k te\u00e4ggtemk\u00e4\u00e4iv lie tobddum ii\u02b9jji mie\u02b9ldd EU raaj\u00e2sfondd\u00e2n, m\u00e2\u02b9te EMOTR (m\u00e4ddt\u00e4\u00e4l stu\u02b9vrrjem- da tu\u00e4rjj\u00f5sfondd), ESR (sosiaalfondd), EAKR (vu\u02b9vddooud\u00e2sviikk\u00e2mfondd) da Euroopp j\u00e2nnamvuu\u02b9d ooud\u00e2sviikkm\u00f5\u00f5\u017e\u017e m\u00e4ddt\u00e4\u00e4llfondd. Meeraik\u00f5skksa\u017e ha\u02b9\u014b\u01e9\u01e9\u00f5\u00f5zz lie va\u02b9stteeinalla Interreg-, TACIS- da Kolarctic-prograamm.<\/p>\n<p>Nu\u02b9bb k\u00f5skksa\u017e te\u00e4ggtemkanaal lij m\u00e4dd- da me\u00e4\u02b9cct\u00e4\u00e4llministeria M\u00e4ddt\u00e4\u00e4llt\u00e4ll\u00f5\u00f5zz ooud\u00e2sviikk\u00e2mfondd (MAKERA). Makera-ha\u02b9\u014b\u01e9\u01e9\u00f5\u00f5zz lie lu\u00e2nd pe\u00e4\u02b9lest jie\u02b9llemvu\u00e2kka \u00f5httneei \u010di\u00f5l\u01e5t\u00f5\u00f5zz da tu\u02b9t\u01e9\u01e9ummu\u017e.<\/p>\n\n\t\t<style type=\"text\/css\">\n\t\t\t#gallery-1 {\n\t\t\t\tmargin: auto;\n\t\t\t}\n\t\t\t#gallery-1 .gallery-item {\n\t\t\t\tfloat: left;\n\t\t\t\tmargin-top: 10px;\n\t\t\t\ttext-align: center;\n\t\t\t\twidth: 33%;\n\t\t\t}\n\t\t\t#gallery-1 img {\n\t\t\t\tborder: 2px solid #cfcfcf;\n\t\t\t}\n\t\t\t#gallery-1 .gallery-caption {\n\t\t\t\tmargin-left: 0;\n\t\t\t}\n\t\t\t\/* see gallery_shortcode() in wp-includes\/media.php *\/\n\t\t<\/style>\n\t\t<div id='gallery-1' class='gallery galleryid-193 gallery-columns-3 gallery-size-thumbnail'><dl class='gallery-item'>\n\t\t\t<dt class='gallery-icon landscape'>\n\t\t\t\t<a href='https:\/\/paliskunnat.fi\/poh\/wp-content\/uploads\/2014\/08\/Tytti_kotka.jpg' rel=\"lightbox[193]\"><img loading=\"lazy\" decoding=\"async\" width=\"150\" height=\"150\" src=\"https:\/\/paliskunnat.fi\/poh\/wp-content\/uploads\/2014\/08\/Tytti_kotka-150x150.jpg\" class=\"attachment-thumbnail size-thumbnail\" alt=\"Tytti-kotka Kuusamossa satelliittil\u00e4hettimell\u00e4 varustettuna. Kotkaa pit\u00e4\u00e4 Olli-Pekka Karlin. Tytti l\u00e4hetti tietoa viel\u00e4 vuonna 2015. Kuva: Sampo Siira.\" \/><\/a>\n\t\t\t<\/dt><\/dl><dl class='gallery-item'>\n\t\t\t<dt class='gallery-icon landscape'>\n\t\t\t\t<a href='https:\/\/paliskunnat.fi\/poh\/wp-content\/uploads\/2014\/11\/porotalouden_ekonomia_suomi_ruotsi_2013a.png' rel=\"lightbox[193]\"><img loading=\"lazy\" decoding=\"async\" width=\"150\" height=\"150\" src=\"https:\/\/paliskunnat.fi\/poh\/wp-content\/uploads\/2014\/11\/porotalouden_ekonomia_suomi_ruotsi_2013a-150x150.png\" class=\"attachment-thumbnail size-thumbnail\" alt=\"Porotalouden ekonomia Suomessa ja Ruotsissa -vertailua\" \/><\/a>\n\t\t\t<\/dt><\/dl><dl class='gallery-item'>\n\t\t\t<dt class='gallery-icon portrait'>\n\t\t\t\t<a href='https:\/\/paliskunnat.fi\/poh\/wp-content\/uploads\/2018\/01\/riista_aidat.jpg' rel=\"lightbox[193]\"><img loading=\"lazy\" decoding=\"async\" width=\"150\" height=\"150\" src=\"https:\/\/paliskunnat.fi\/poh\/wp-content\/uploads\/2018\/01\/riista_aidat-150x150.jpg\" class=\"attachment-thumbnail size-thumbnail\" alt=\"Poroaitojen riistaturvallisuus -hankkeen aikana aitaan kiinnitettyj\u00e4 varoitusmerkkej\u00e4. Kuva: Markku Vierel\u00e4\" \/><\/a>\n\t\t\t<\/dt><\/dl><br style=\"clear: both\" \/>\n\t\t<\/div>\n\n<p>&nbsp;<\/p>\n<p>Pu\u00e4\u0292\u0292t\u00e4\u00e4ll lij \u00e4u\u02b9\u01e9\u01e9\u00e4\u00e4m pukid pe\u00e4ggtum foondid 2000-l\u00e5\u00e5\u01e5\u01e5ast. Tue\u02b9\u01e9\u01e9en lie nu\u02b9tt kuttlo \u00f5htt\u00f5\u00f5zz mie\u02b9ttvaikkt\u00f5\u00f5zzin \u010d\u00f5\u00f5\u0111 vikkum EU-vue\u02b9sste\u00e4ggtemvu\u00e2la\u017e ooud\u00e2sviikk\u00e2mha\u02b9\u014b\u01e9\u01e9\u00f5ss\u00e2d, p\u00e2\u02b9jjel l\u00e5\u00e5i MAKERA te\u00e4ggtam tu\u02b9t\u01e9\u01e9eemha\u02b9\u014b\u01e9\u01e9\u00f5ss\u00e2d da mu\u00e4\u02b9ddlo jee\u02b9res te\u00e4ggt\u00f5\u00f5zz ve\u00e4kka \u010d\u00f5\u00f5\u0111 vikkum ha\u02b9\u014b\u01e9\u01e9\u00f5ss\u00e2d.<\/p>\n<p>Ha\u02b9\u014b\u01e9\u01e9\u00f5stu\u00e5immjummu\u017e alttee\u0161 2000-l\u00e5\u00e5\u01e5\u01e5 vaajtee\u02b9n kolmm v\u00e4\u02b9lddliinj p\u00e4\u00e4i\u02b9\u01e9. T\u00e4k le\u02b9jje pu\u00f5ccu vue\u02b9\u01ef\u01ef smavv-valm\u0161tummu\u0161, pu\u00e4\u0292\u0292t\u00e4\u00e4llmaatk\u010dummu\u0161 da ATK. \u00c2nn\u02bcj\u00f5\u017e\u00e4\u00e4i\u02b9j Paal\u01e5\u00e2skoo\u02b9ddi \u00f5htt\u00f5\u00f5zz ha\u02b9\u014b\u01e9\u01e9\u00f5skaart\u00e2st lie 12 linnj\u00e2d, ko oou\u02b9dbi l\u00e2\u00e2\u02b9ssen ha\u02b9\u014b\u01e9\u01e9\u00f5stu\u00e5immjummu\u017e k\u00f5\u00f5sk\u00f5\u02b9sse lie kaggum \u0161koou\u02b9l\u02bcjummu\u0161, kvalite\u02b9tt, l\u00e2\u00e2\u02b9sspoortummu\u0161, meeraik\u00f5skksa\u017e \u00f5httsa\u017etu\u00e2jj, n\u00e4\u00e4u\u02b9d, pu\u00e4\u0292\u0292p\u00e4\u00e4\u02b9rt da m\u00e4dd\u00e2\u00e2nnm\u00f5\u0161.<\/p>\n<p>Kr\u00e5\u00e5vn\u00f5s arvvl\u00f5\u00f5zz mie\u02b9ldd ha\u02b9\u014b\u01e9\u01e9\u00f5\u00f5zzi \u00e5\u00e5\u02b9bl\u01e9est pu\u00e4\u0292\u0292jie\u02b9llemvu\u00f5\u02b9jji ooud\u00e2sviikkma \u00f5nnum te\u00e4\u02b9\u01e7\u01e7mie\u02b9rr lij s\u00f5rgg 10 miljoon eu\u02b9rred. Ha\u02b9\u014b\u01e9\u01e9\u00f5svaa\u02b9ri ve\u00e4kka lie p\u00e2sttam te\u02b9stteed, ooud\u00e2sviikk\u00e2d da \u0161koou\u02b9l\u02bcjed \u2013 p\u00f5\u00f5\u0161\u0161\u00e2d ouddnummu\u017e mie\u02b9ldd.<\/p>\n","protected":false},"excerpt":{"rendered":"<p>Ha\u02b9\u014b\u01e9\u01e9\u00f5stu\u00e5immjummu\u0161 Mij \u00e2\u00e2\u02b9nnmest lie kue\u02b9htt k\u00f5skksa\u017e ha\u02b9\u014b\u01e9\u01e9\u00f5ste\u00e4ggt\u00f5\u00f5zz kanaal pu\u00e4\u0292\u0292jie\u02b9llemvue\u02b9jj ooud\u00e2sviikkma. Nu\u02b9bb lij EU vuei\u02b9tlv\u00e2sttam ooud\u00e2sviikk\u00e2mha\u02b9\u014b\u01e9\u01e9\u00f5stu\u00e5immjummu\u0161, koon vaa\u02b9rid oo\u0292\u0292\u00e2t t\u00e4ujja ELY-k\u00f5\u00f5sk\u00f5\u00f5zzi p\u00e4\u00e4i\u02b9\u01e9. T\u00e4k te\u00e4ggtemk\u00e4\u00e4iv lie tobddum ii\u02b9jji mie\u02b9ldd EU raaj\u00e2sfondd\u00e2n, m\u00e2\u02b9te EMOTR (m\u00e4ddt\u00e4\u00e4l stu\u02b9vrrjem- da tu\u00e4rjj\u00f5sfondd), ESR (sosiaalfondd), EAKR (vu\u02b9vddooud\u00e2sviikk\u00e2mfondd) da Euroopp j\u00e2nnamvuu\u02b9d ooud\u00e2sviikkm\u00f5\u00f5\u017e\u017e m\u00e4ddt\u00e4\u00e4llfondd. Meeraik\u00f5skksa\u017e ha\u02b9\u014b\u01e9\u01e9\u00f5\u00f5zz lie va\u02b9stteeinalla Interreg-, TACIS- da Kolarctic-prograamm. Nu\u02b9bb k\u00f5skksa\u017e te\u00e4ggtemkanaal [&hellip;]<\/p>\n","protected":false},"author":1,"featured_media":0,"parent":0,"menu_order":7,"comment_status":"open","ping_status":"closed","template":"","meta":{"footnotes":""},"class_list":["post-193","page","type-page","status-publish","hentry"],"aioseo_notices":[],"_links":{"self":[{"href":"https:\/\/paliskunnat.fi\/poh\/wp-json\/wp\/v2\/pages\/193","targetHints":{"allow":["GET"]}}],"collection":[{"href":"https:\/\/paliskunnat.fi\/poh\/wp-json\/wp\/v2\/pages"}],"about":[{"href":"https:\/\/paliskunnat.fi\/poh\/wp-json\/wp\/v2\/types\/page"}],"author":[{"embeddable":true,"href":"https:\/\/paliskunnat.fi\/poh\/wp-json\/wp\/v2\/users\/1"}],"replies":[{"embeddable":true,"href":"https:\/\/paliskunnat.fi\/poh\/wp-json\/wp\/v2\/comments?post=193"}],"version-history":[{"count":3,"href":"https:\/\/paliskunnat.fi\/poh\/wp-json\/wp\/v2\/pages\/193\/revisions"}],"predecessor-version":[{"id":6659,"href":"https:\/\/paliskunnat.fi\/poh\/wp-json\/wp\/v2\/pages\/193\/revisions\/6659"}],"wp:attachment":[{"href":"https:\/\/paliskunnat.fi\/poh\/wp-json\/wp\/v2\/media?parent=193"}],"curies":[{"name":"wp","href":"https:\/\/api.w.org\/{rel}","templated":true}]}}