{"id":220,"date":"2014-08-27T14:54:36","date_gmt":"2014-08-27T11:54:36","guid":{"rendered":"http:\/\/80.69.171.23\/py\/?page_id=220"},"modified":"2020-03-22T13:13:24","modified_gmt":"2020-03-22T11:13:24","slug":"tuoimmjuurd","status":"publish","type":"page","link":"https:\/\/paliskunnat.fi\/poh\/organisaatio\/paalgaskooddi-ohttos\/tuoimmjuurd\/","title":{"rendered":"Tu\u00e5immjuurd"},"content":{"rendered":"<h2>Tu\u00e5immjuurd<\/h2>\n<p>Paal\u01e5\u00e2skoo\u02b9ddi \u00f5htt\u00f5s lij m\u00e4\u00e4\u014bgpe\u00e4llsa\u017e da \u00f5llt\u00e4\u00e4\u02b9zz silttummu\u017e \u00e4\u02b9\u0161\u0161tobddiorganisaatio. T\u00f5t tu\u00e5immai pu\u00e4\u0292\u0292t\u00e4\u00e4l ooud\u00e2sviikkm\u00f5\u00f5\u017e\u017e ooud\u00e2stjoo\u02b9ttjen da aktiivla\u017e vaikktee\u02b9jen nu\u02b9tt dommj\u00e2nnmest ko meeraik\u00f5\u00f5s\u01e9eld. Paal\u01e5\u00e2skoo\u02b9ddi \u00f5htt\u00f5s oou\u02b9dad jee\u02b9res intre\u02b9ssbie\u02b9li vi\u00f5kk\u0161\u00f5s vu\u00e2rrvaikktummu\u017e da \u00f5httsa\u017etu\u00e2j. \u00d5htt\u00f5s re\u00e2ugg aktiivl\u00e2nji pu\u00e4\u0292\u0292h\u00e5\u00e5id t\u00e4ll\u00f5\u00f5zzla\u017e da kulttuurla\u017e jie\u02b9llemvi\u00f5kkvu\u00f5\u0111 pe\u00e4\u02b9lest. \u00d5htt\u00f5\u00f5zz tu\u00e5immjummu\u017e ohjjee \u00e4\u00e4v\u02bcvu\u00f5\u0111, soojjl\u00f5svu\u00f5\u0111 da vi\u00f5kk\u0161\u00f5svu\u00f5\u0111 vu\u00e2\u0111\u0111jurddi. Tu\u00e2jjla\u017ek\u00e5\u02b9dd lij samai motiv\u00f5sttum da tu\u00e2jjses \u010d\u00f5nn\u00f5\u00f5tt\u00e2m da j\u00e5\u00e5\u02b9\u0111tummu\u0161 lij \u0161i\u00f5\u01e5\u01e5.<\/p>\n<p>Pu\u00e4\u0292\u0292h\u00e5idd \u00e4u\u02b9\u01e9\u01e9ad t\u00e2\u00e2\u02b9v vuu\u02b9di lu\u00e2ttree\u02b9\u01e7\u01e7esvu\u00f5\u0111id tu\u00f5\u0111i \u01e9e\u00e2ll\u02bcjeei ouddnummu\u017e vu\u00e2\u0111\u0111jurddjivui\u02b9m, pu\u00f5\u02b9tti sokkpu\u00f5lvv\u00f5\u00f5\u01e5\u01e5i vu\u00f5igg\u00e2dvu\u00f5\u0111id ci\u02b9sttjee\u02b9l. Ekoloogla\u017e uu\u02b9ccm\u00f5s\u00f5\u00f5l\u01e5t\u00f5\u00f5zz r\u00e4\u02b9jje pu\u00e4\u0292\u0292h\u00e5\u00e5id t\u00e4ll\u00f5\u00f5zzla\u017e, sosiaal\u02bcla\u017e da kulttuurla\u017e tu\u00e5immjummu\u017e vu\u00e2\u0111. L\u00e4\u00e4\u02b9jj\u0161i\u00f5ttummu\u0161 da \u00f5httsa\u017ek\u00e5\u00e5ddla\u017e tu\u02b9mmjemtu\u00e2jj pi\u02b9jje pu\u00e4\u0292\u0292h\u00e5\u00e5id tu\u00e5immjemvu\u00e4ittm\u00f5\u00f5\u017e\u017eid raamid. Pu\u00e4\u0292\u0292h\u00e5idd lij t\u00e2\u00e2\u02b9v jie\u02b9llemvu\u00f5\u02b9jjin pu\u00e4rrsum\u00f5s da s\u00e4\u00e4u\u02b9rm\u00f5s. T\u00e2\u00e2\u02b9v siidin pu\u00e4\u0292\u0292h\u00e5\u00e5id mi\u00e2rkteeivu\u00f5tt \u0161orran pu\u00f5\u02b9ttivu\u00f5\u0111\u00e2st p\u00e2i j\u00e4\u00e4nab, ko jee\u02b9res m\u00e2\u02b9te m\u00e4dd- da me\u00e4\u02b9cct\u00e4\u00e4l ta\u02b9rjj\u00e4\u00e4m tu\u00e2j p\u00e2i \u01e9e\u00e4ppne. Pu\u00e4\u0292\u0292h\u00e5\u00e5id di\u00f5tt oummu j\u00e4lste T\u00e2\u02b9vv-L\u00e4\u00e4\u02b9ddj\u00e2nnam siidin pu\u00f5\u02b9ttivu\u00f5\u0111\u00e2st \u0161e. Pu\u00f5ccu vue\u02b9\u01ef\u01ef da jee\u02b9res pu\u00e4\u0292\u0292ouddaz lie vastt\u00f5svu\u00f5\u0111l\u00e2nji puu\u02b9t\u02bctum, staan\u00e2s da kvaliittla. Pu\u00e4\u0292\u0292h\u00e5\u00e5id harjjtet jie\u02b9ll\u02bcjid da lu\u00e2\u0111 ci\u02b9sttjee\u02b9l. Jee\u02b9res \u00f5httsa\u017ek\u00e5\u00e5\u02b9dd da oummivui\u02b9m tu\u00f5\u02b9ll\u02bcjet \u0161i\u00f5\u01e5\u01e5 sa\u01e5st\u00f5\u00f5ll\u00e2m\u00f5httvu\u00f5\u0111 da vuei\u02b9tlva\u017e risttreeidaid p\u00f5\u00f5r\u01e5\u00e2t r\u00e4\u02b9t\u01e9\u01e9eed \u0161i\u00f5\u01e5\u01e5 ji\u00f5gg\u00e2st. Tu\u00e5immjummu\u017e ju\u00e4tkkjeei ooud\u00e2sviikkm\u00f5\u0161 tu\u00e4rjjad kannteei da \u01e9e\u00e2\u0161tt\u00f5\u00f5tt\u00e2mp\u00e2stlva\u017e jie\u02b9llemvue\u02b9\u01e9\u01e9tu\u00e5immjummu\u017e.<\/p>\n<p>Jie\u02b9llemvi\u00f5kksa s\u00e4\u02b9mmla\u017e da l\u00e4\u02b9ddla\u017e pu\u00e4\u0292\u0292kulttuur vooudla\u017e jii\u02b9jjesnall\u0161emvu\u00f5\u0111eezvui\u02b9m, legendaa\u02b9jeezvui\u02b9m, \u0161uu\u02b9t\u01e9eezvui\u02b9m da persooneezvui\u02b9m pu\u02b9htte samai ji\u00e2nnai imago\u00e4\u00e4u\u02b9\u01e9 obb L\u00e4\u00e4\u02b9ddj\u00e2nnma da je\u00e4\u02b9rben T\u00e2\u02b9vv-L\u00e4\u00e4\u02b9ddj\u00e2nnma. Pu\u00e4\u0292\u0292ve\u00e4rrkulttuur da pu\u00f5ccu vue\u02b9\u01ef\u01ef koolmin EU n\u00f5mmsu\u00f5jjmi\u00e2rkeesvui\u02b9m tu\u00e5immje L\u00e4\u00e4\u02b9ddj\u00e2nnam meerla\u017e ve\u00e4rrkulttuur \u010du\u00f5vvumus t\u00e4\u02b9snnen. Pu\u00e4\u0292\u0292 lij m\u00e4\u00e4\u014bgpe\u00e4llsa\u017evu\u00f5\u0111ines \u00f5htt k\u00f5skksum\u00f5s T\u00e2\u02b9vv-L\u00e4\u00e4\u02b9ddj\u00e2nnam maatk\u010dummu\u017e \u01e9ie\u02b9ssemvi\u00f5kktuejjee\u02b9jin.<\/p>\n<p>Pu\u00e4\u0292\u0292h\u00e5idd ku\u00e2dd vue\u02b9zzes \u00f5httsa\u017ek\u00e5\u02b9ddvastt\u00f5\u00f5zz\u00e2st \u0161e tu\u00f5\u02b9ll\u02bcjee\u02b9l meerla\u017e kriispoodd je\u00e4\u02b9ltemsn\u00e4\u00e4tnaivu\u00f5\u0111. Paal\u01e5\u00e2skoo\u02b9ddi \u00f5htt\u00f5s tu\u00e5immai Ji\u00f5\u010d\u010dt\u00e4\u00e4ttla\u017e pe\u00e4l\u0161temk\u00e4\u00e4zzk\u00f5\u00f5zz (VAPEPA) vu\u00e4zzla\u017eorganisaation da pu\u00e4\u0292\u0292hoi\u02b9ddjeei vu\u00e4ss\u00e2\u02b9tte taarb\u0161e\u02b9mmen p\u00e4\u00e4ikla\u017e j\u00e2nnamtobddm\u00f5\u00f5\u017e\u017e \u00e4mmatne\u02b9\u01e9\u01e9en jee\u02b9resnall\u0161em pe\u00e4l\u0161temtu\u00e5imid vuu\u02b9dines. Pu\u00e4\u0292\u0292hoi\u02b9ddjeei tu\u00e5immje aktiivla\u017e vaikktee\u02b9jen p\u00e4\u00e4iklanji da tu\u00f5\u02b9ll\u02bcje staanvu\u00f5\u0111 da \u00f5httsall\u00e2\u0161vu\u00f5\u0111 t\u00e2\u00e2\u02b9v siidin.<\/p>\n<p>&nbsp;<\/p>\n","protected":false},"excerpt":{"rendered":"<p>Tu\u00e5immjuurd Paal\u01e5\u00e2skoo\u02b9ddi \u00f5htt\u00f5s lij m\u00e4\u00e4\u014bgpe\u00e4llsa\u017e da \u00f5llt\u00e4\u00e4\u02b9zz silttummu\u017e \u00e4\u02b9\u0161\u0161tobddiorganisaatio. T\u00f5t tu\u00e5immai pu\u00e4\u0292\u0292t\u00e4\u00e4l ooud\u00e2sviikkm\u00f5\u00f5\u017e\u017e ooud\u00e2stjoo\u02b9ttjen da aktiivla\u017e vaikktee\u02b9jen nu\u02b9tt dommj\u00e2nnmest ko meeraik\u00f5\u00f5s\u01e9eld. Paal\u01e5\u00e2skoo\u02b9ddi \u00f5htt\u00f5s oou\u02b9dad jee\u02b9res intre\u02b9ssbie\u02b9li vi\u00f5kk\u0161\u00f5s vu\u00e2rrvaikktummu\u017e da \u00f5httsa\u017etu\u00e2j. \u00d5htt\u00f5s re\u00e2ugg aktiivl\u00e2nji pu\u00e4\u0292\u0292h\u00e5\u00e5id t\u00e4ll\u00f5\u00f5zzla\u017e da kulttuurla\u017e jie\u02b9llemvi\u00f5kkvu\u00f5\u0111 pe\u00e4\u02b9lest. \u00d5htt\u00f5\u00f5zz tu\u00e5immjummu\u017e ohjjee \u00e4\u00e4v\u02bcvu\u00f5\u0111, soojjl\u00f5svu\u00f5\u0111 da vi\u00f5kk\u0161\u00f5svu\u00f5\u0111 vu\u00e2\u0111\u0111jurddi. Tu\u00e2jjla\u017ek\u00e5\u02b9dd lij samai motiv\u00f5sttum da tu\u00e2jjses \u010d\u00f5nn\u00f5\u00f5tt\u00e2m da [&hellip;]<\/p>\n","protected":false},"author":1,"featured_media":0,"parent":429,"menu_order":1,"comment_status":"open","ping_status":"closed","template":"","meta":{"footnotes":""},"class_list":["post-220","page","type-page","status-publish","hentry"],"aioseo_notices":[],"_links":{"self":[{"href":"https:\/\/paliskunnat.fi\/poh\/wp-json\/wp\/v2\/pages\/220","targetHints":{"allow":["GET"]}}],"collection":[{"href":"https:\/\/paliskunnat.fi\/poh\/wp-json\/wp\/v2\/pages"}],"about":[{"href":"https:\/\/paliskunnat.fi\/poh\/wp-json\/wp\/v2\/types\/page"}],"author":[{"embeddable":true,"href":"https:\/\/paliskunnat.fi\/poh\/wp-json\/wp\/v2\/users\/1"}],"replies":[{"embeddable":true,"href":"https:\/\/paliskunnat.fi\/poh\/wp-json\/wp\/v2\/comments?post=220"}],"version-history":[{"count":2,"href":"https:\/\/paliskunnat.fi\/poh\/wp-json\/wp\/v2\/pages\/220\/revisions"}],"predecessor-version":[{"id":6422,"href":"https:\/\/paliskunnat.fi\/poh\/wp-json\/wp\/v2\/pages\/220\/revisions\/6422"}],"up":[{"embeddable":true,"href":"https:\/\/paliskunnat.fi\/poh\/wp-json\/wp\/v2\/pages\/429"}],"wp:attachment":[{"href":"https:\/\/paliskunnat.fi\/poh\/wp-json\/wp\/v2\/media?parent=220"}],"curies":[{"name":"wp","href":"https:\/\/api.w.org\/{rel}","templated":true}]}}