{"id":223,"date":"2014-08-27T15:00:11","date_gmt":"2014-08-27T12:00:11","guid":{"rendered":"http:\/\/80.69.171.23\/py\/?page_id=223"},"modified":"2024-01-04T15:23:15","modified_gmt":"2024-01-04T13:23:15","slug":"hallitus","status":"publish","type":"page","link":"https:\/\/paliskunnat.fi\/poh\/organisaatio\/paalgaskooddi-ohttos\/hallitus\/","title":{"rendered":"Hallt\u00f5s"},"content":{"rendered":"<h2>Paal\u01e5\u00e2skoo\u02b9ddi \u00f5htt\u00f5\u00f5zz hallt\u00f5s<\/h2>\n<p>Paal\u01e5\u00e2skoo\u02b9ddi \u00f5htt\u00f5\u00f5zz hallt\u00f5\u00f5zz va\u02b9lljeet ee\u02b9tt\u01e9eeis\u00e5bbrest kolmm\u00e2n ee\u01e5\u01e5as vu\u00e2rast. Hallt\u00f5\u00f5zz\u00e2st lie ee\u02b9tt\u01e9eeis\u00e5bbar va\u02b9llj\u00e4\u00e4m saa\u01e5\u01e5j\u00e5\u00e5\u02b9\u0111teei da v\u00e4\u00e4rrsaa\u01e5\u01e5j\u00e5\u00e5\u02b9\u0111teei di ku\u00e2httmlo pu\u00e4\u0292\u0292h\u00e5iddvuu\u02b9d mi\u00e2rkkpirr\u00f5\u00f5zzid ee\u02b9tt\u01e9eei vu\u00e4zzli\u02b9\u017e\u017eed. L\u00e2\u00e2\u02b9ssen m\u00e4dd- da me\u00e4\u02b9cct\u00e4\u00e4llministeria n\u00f5\u00f5mat hallt\u00f5\u02b9sse riikk ee\u02b9tt\u01e9eei da S\u00e4\u00e4\u02b9mte\u02b9\u01e7\u01e7 n\u00f5\u00f5mat hallt\u00f5\u02b9sse ee\u02b9tt\u01e9ee\u02b9jes.<\/p>\n<h3>Hallt\u00f5\u00f5zz norr\u00f5s p\u00e2\u00e2\u02b9jest 2024\u20132026<\/h3>\n<table style=\"height: 583px; width: 100%;background-color: #fff;\" width=\"640px\">\n<tbody>\n<tr style=\"height: 51px;\">\n<td style=\"width: 34.2956%; height: 41px;\" width=\"148\">Matti Riipi<\/td>\n<td style=\"width: 30.9762%; height: 41px;\">\n<p style=\"margin-bottom: 8.0pt; line-height: 105%;\"><span style=\"font-size: 13.0pt; line-height: 105%; color: black;\">Hallt\u00f5\u00f5zz saa\u01e5\u01e5j\u00e5\u00e5\u02b9\u0111teei<\/span><\/p>\n<\/td>\n<td style=\"width: 93.2043%; height: 41px;\" width=\"138\">+358 40 706 6832<\/td>\n<\/tr>\n<tr style=\"height: 47px;\">\n<td style=\"width: 34.2956%; height: 33px;\" width=\"148\">\u00c4\u00e4rel\u00e4 Antti<\/td>\n<td style=\"width: 30.9762%; height: 33px;\">Hallt\u00f5\u00f5zz v\u00e4\u00e4rrsaa\u01e5\u01e5j\u00e5\u00e5\u02b9\u0111teei<\/td>\n<td style=\"width: 93.2043%; height: 33px;\" width=\"226\">+358 40 031 8711<\/td>\n<\/tr>\n<tr style=\"height: 47px;\">\n<td style=\"width: 34.2956%; height: 34px;\">Ker\u00e4nen Ensio<\/td>\n<td style=\"width: 30.9762%; height: 34px;\">Vu\u00e4zzla\u017e<\/td>\n<td style=\"width: 93.2043%; height: 34px;\" width=\"138\">+358 40 028 4002<\/td>\n<\/tr>\n<tr style=\"height: 47px;\">\n<td style=\"width: 34.2956%; height: 35px;\" width=\"148\">Hannula Jari<\/td>\n<td style=\"width: 30.9762%; height: 35px;\">Vu\u00e4zzla\u017e<\/td>\n<td style=\"width: 93.2043%; height: 35px;\" width=\"138\">+358 40 742 0291<\/td>\n<\/tr>\n<tr style=\"height: 47px;\">\n<td style=\"width: 34.2956%; height: 38px;\" width=\"148\">Hirvonen Seppo<\/td>\n<td style=\"width: 30.9762%; height: 38px;\">Vu\u00e4zzla\u017e<\/td>\n<td style=\"width: 93.2043%; height: 38px;\" width=\"138\">+358 40 585 3663<\/td>\n<\/tr>\n<tr style=\"height: 47px;\">\n<td style=\"width: 34.2956%; height: 38px;\" width=\"148\">Holster Matti<\/td>\n<td style=\"width: 30.9762%; height: 38px;\">Vu\u00e4zzla\u017e<\/td>\n<td style=\"width: 93.2043%; height: 38px;\" width=\"138\">+358 40 732 8773<\/td>\n<\/tr>\n<tr style=\"height: 47px;\">\n<td style=\"width: 34.2956%; height: 38px;\" width=\"148\">Koskela Antti I.<\/td>\n<td style=\"width: 30.9762%; height: 38px;\">Vu\u00e4zzla\u017e<\/td>\n<td style=\"width: 93.2043%; height: 38px;\" width=\"138\">+358 40 846 8321<\/td>\n<\/tr>\n<tr style=\"height: 47px;\">\n<td style=\"width: 34.2956%; height: 38px;\" width=\"148\">Kustula Niko<\/td>\n<td style=\"width: 30.9762%; height: 38px;\">Vu\u00e4zzla\u017e<\/td>\n<td style=\"width: 93.2043%; height: 38px;\" width=\"138\">+358 40 844 6247<\/td>\n<\/tr>\n<tr style=\"height: 47px;\">\n<td style=\"width: 34.2956%; height: 37px;\" width=\"148\">Kutuniva Ilkka<\/td>\n<td style=\"width: 30.9762%; height: 37px;\">Vu\u00e4zzla\u017e<\/td>\n<td style=\"width: 93.2043%; height: 37px;\" width=\"138\">+358 40 963 9407<\/td>\n<\/tr>\n<tr style=\"height: 47px;\">\n<td style=\"width: 34.2956%; height: 35px;\" width=\"148\">K\u00e4sm\u00e4 Mika<\/td>\n<td style=\"width: 30.9762%; height: 35px;\">Vu\u00e4zzla\u017e<\/td>\n<td style=\"width: 93.2043%; height: 35px;\" width=\"138\">+358 40 017 3980<\/td>\n<\/tr>\n<tr style=\"height: 47px;\">\n<td style=\"width: 34.2956%; height: 36px;\" width=\"148\">Mustonen Janne<\/td>\n<td style=\"width: 30.9762%; height: 36px;\">Vu\u00e4zzla\u017e<\/td>\n<td style=\"width: 93.2043%; height: 36px;\" width=\"138\">+358 40 127 8990<\/td>\n<\/tr>\n<tr style=\"height: 47px;\">\n<td style=\"width: 34.2956%; height: 37px;\" width=\"148\">Oinas Pasi<\/td>\n<td style=\"width: 30.9762%; height: 37px;\">Vu\u00e4zzla\u017e<\/td>\n<td style=\"width: 93.2043%; height: 37px;\" width=\"138\">+358 40 963 5543<\/td>\n<\/tr>\n<tr style=\"height: 47px;\">\n<td style=\"width: 34.2956%; height: 35px;\" width=\"148\">Pirttil\u00e4 Ensio<\/td>\n<td style=\"width: 30.9762%; height: 35px;\">Vu\u00e4zzla\u017e<\/td>\n<td style=\"width: 93.2043%; height: 35px;\" width=\"138\">+358 40 012 8505<\/td>\n<\/tr>\n<tr style=\"height: 47px;\">\n<td style=\"width: 34.2956%; height: 36px;\" width=\"148\">V\u00e4is\u00e4nen Urho<\/td>\n<td style=\"width: 30.9762%; height: 36px;\">Vu\u00e4zzla\u017e<\/td>\n<td style=\"width: 93.2043%; height: 36px;\" width=\"138\">+358 40 569 6592<\/td>\n<\/tr>\n<tr style=\"height: 47px;\">\n<td style=\"width: 34.2956%; height: 33px;\"><\/td>\n<td style=\"width: 30.9762%; height: 33px;\">S\u00e4\u00e4\u02b9mtee\u02b9\u01e7\u01e7 ee\u02b9tt\u01e9eei<\/td>\n<td style=\"width: 93.2043%; height: 33px;\" width=\"138\"><\/td>\n<\/tr>\n<tr style=\"height: 47px;\">\n<td style=\"width: 34.2956%; height: 39px;\">Katja Holmala<\/td>\n<td style=\"width: 30.9762%; height: 39px;\">Riikk ee\u02b9tt\u01e9eei<\/td>\n<td style=\"width: 93.2043%; height: 39px;\" width=\"138\">+358 29 5327206<\/td>\n<\/tr>\n<\/tbody>\n<\/table>\n<p>&nbsp;<\/p>\n<h2><\/h2>\n<p>&nbsp;<\/p>\n","protected":false},"excerpt":{"rendered":"<p>Paal\u01e5\u00e2skoo\u02b9ddi \u00f5htt\u00f5\u00f5zz hallt\u00f5s Paal\u01e5\u00e2skoo\u02b9ddi \u00f5htt\u00f5\u00f5zz hallt\u00f5\u00f5zz va\u02b9lljeet ee\u02b9tt\u01e9eeis\u00e5bbrest kolmm\u00e2n ee\u01e5\u01e5as vu\u00e2rast. Hallt\u00f5\u00f5zz\u00e2st lie ee\u02b9tt\u01e9eeis\u00e5bbar va\u02b9llj\u00e4\u00e4m saa\u01e5\u01e5j\u00e5\u00e5\u02b9\u0111teei da v\u00e4\u00e4rrsaa\u01e5\u01e5j\u00e5\u00e5\u02b9\u0111teei di ku\u00e2httmlo pu\u00e4\u0292\u0292h\u00e5iddvuu\u02b9d mi\u00e2rkkpirr\u00f5\u00f5zzid ee\u02b9tt\u01e9eei vu\u00e4zzli\u02b9\u017e\u017eed. L\u00e2\u00e2\u02b9ssen m\u00e4dd- da me\u00e4\u02b9cct\u00e4\u00e4llministeria n\u00f5\u00f5mat hallt\u00f5\u02b9sse riikk ee\u02b9tt\u01e9eei da S\u00e4\u00e4\u02b9mte\u02b9\u01e7\u01e7 n\u00f5\u00f5mat hallt\u00f5\u02b9sse ee\u02b9tt\u01e9ee\u02b9jes. Hallt\u00f5\u00f5zz norr\u00f5s p\u00e2\u00e2\u02b9jest 2024\u20132026 Matti Riipi Hallt\u00f5\u00f5zz saa\u01e5\u01e5j\u00e5\u00e5\u02b9\u0111teei +358 40 706 6832 \u00c4\u00e4rel\u00e4 Antti Hallt\u00f5\u00f5zz v\u00e4\u00e4rrsaa\u01e5\u01e5j\u00e5\u00e5\u02b9\u0111teei +358 40 [&hellip;]<\/p>\n","protected":false},"author":1,"featured_media":0,"parent":429,"menu_order":0,"comment_status":"open","ping_status":"closed","template":"poromieslehti.php","meta":{"footnotes":""},"class_list":["post-223","page","type-page","status-publish","hentry"],"aioseo_notices":[],"_links":{"self":[{"href":"https:\/\/paliskunnat.fi\/poh\/wp-json\/wp\/v2\/pages\/223","targetHints":{"allow":["GET"]}}],"collection":[{"href":"https:\/\/paliskunnat.fi\/poh\/wp-json\/wp\/v2\/pages"}],"about":[{"href":"https:\/\/paliskunnat.fi\/poh\/wp-json\/wp\/v2\/types\/page"}],"author":[{"embeddable":true,"href":"https:\/\/paliskunnat.fi\/poh\/wp-json\/wp\/v2\/users\/1"}],"replies":[{"embeddable":true,"href":"https:\/\/paliskunnat.fi\/poh\/wp-json\/wp\/v2\/comments?post=223"}],"version-history":[{"count":22,"href":"https:\/\/paliskunnat.fi\/poh\/wp-json\/wp\/v2\/pages\/223\/revisions"}],"predecessor-version":[{"id":7126,"href":"https:\/\/paliskunnat.fi\/poh\/wp-json\/wp\/v2\/pages\/223\/revisions\/7126"}],"up":[{"embeddable":true,"href":"https:\/\/paliskunnat.fi\/poh\/wp-json\/wp\/v2\/pages\/429"}],"wp:attachment":[{"href":"https:\/\/paliskunnat.fi\/poh\/wp-json\/wp\/v2\/media?parent=223"}],"curies":[{"name":"wp","href":"https:\/\/api.w.org\/{rel}","templated":true}]}}