{"id":2247,"date":"2015-01-09T21:20:03","date_gmt":"2015-01-09T19:20:03","guid":{"rendered":"http:\/\/80.69.171.23\/py\/?page_id=2247"},"modified":"2020-03-22T12:20:15","modified_gmt":"2020-03-22T10:20:15","slug":"takaibrosyyr","status":"publish","type":"page","link":"https:\/\/paliskunnat.fi\/poh\/puazzteatt\/brosyyr-da-vuoppaz\/takaibrosyyr\/","title":{"rendered":"Takaibrosyyr"},"content":{"rendered":"<h2>Takaibrosyyr<\/h2>\n<h3>Pu\u00e4\u0292\u0292-brosyyr (l\u00e4\u00e4\u02b9dd, e\u014bggl\u00f5s da ru\u00f5\u0161\u0161)<br \/>\n<a href=\"https:\/\/paliskunnat.fi\/py\/wp-content\/uploads\/2015\/01\/poroesite_kansi.jpg\" rel=\"lightbox[2247]\"><br \/>\n<\/a><a href=\"https:\/\/paliskunnat.fi\/py\/wp-content\/uploads\/2015\/01\/poroesite_kansi.jpg\" rel=\"rel=&quot;nobox&quot;\" rel=\"lightbox[2247]\"><img loading=\"lazy\" decoding=\"async\" class=\"alignnone wp-image-3159 size-full\" src=\"https:\/\/paliskunnat.fi\/py\/wp-content\/uploads\/2015\/01\/poroesite_kansi.jpg\" alt=\"poroesite_kansi\" width=\"108\" height=\"150\" \/><br \/>\n<\/a><\/h3>\n<p>L\u00e4\u00e4\u02b9dd\u01e9i\u00f5\u02b9lle (<a href=\"https:\/\/paliskunnat.fi\/py\/wp-content\/uploads\/2014\/12\/poro_suomi_web.pdf\"><strong>PDF<\/strong><\/a>\u00a02250 kt)<\/p>\n<p>E\u014bggl\u00f5s\u01e9i\u00f5\u02b9lle (<a href=\"https:\/\/paliskunnat.fi\/py\/wp-content\/uploads\/2014\/12\/reindeer_english_web.pdf\"><strong>PDF<\/strong><\/a>\u00a02570 kt)<\/p>\n<p>Ru\u00f5\u0161\u0161\u01e9i\u00f5\u02b9lle (<a href=\"https:\/\/paliskunnat.fi\/py\/wp-content\/uploads\/2014\/12\/reindeer_russian_web.pdf\"><strong>PDF<\/strong><\/a>\u00a02647 kt)<\/p>\n<h3>Pu\u00e4\u0292\u0292 j\u00e5\u00e5ttl\u00f5\u00f5\u01e5\u01e5\u00e2st -brosyyr<\/h3>\n<p>L\u00e4\u00e4ddas (<a href=\"https:\/\/paliskunnat.fi\/py\/wp-content\/uploads\/2014\/12\/poro_liikenteessa.pdf\"><strong>PDF<\/strong><\/a>\u00a01822 kt)<\/p>\n<p>&nbsp;<\/p>\n<p>&nbsp;<\/p>\n","protected":false},"excerpt":{"rendered":"<p>Takaibrosyyr Pu\u00e4\u0292\u0292-brosyyr (l\u00e4\u00e4\u02b9dd, e\u014bggl\u00f5s da ru\u00f5\u0161\u0161) L\u00e4\u00e4\u02b9dd\u01e9i\u00f5\u02b9lle (PDF\u00a02250 kt) E\u014bggl\u00f5s\u01e9i\u00f5\u02b9lle (PDF\u00a02570 kt) Ru\u00f5\u0161\u0161\u01e9i\u00f5\u02b9lle (PDF\u00a02647 kt) Pu\u00e4\u0292\u0292 j\u00e5\u00e5ttl\u00f5\u00f5\u01e5\u01e5\u00e2st -brosyyr L\u00e4\u00e4ddas (PDF\u00a01822 kt) &nbsp; &nbsp;<\/p>\n","protected":false},"author":1,"featured_media":0,"parent":1109,"menu_order":0,"comment_status":"open","ping_status":"closed","template":"","meta":{"footnotes":""},"class_list":["post-2247","page","type-page","status-publish","hentry"],"aioseo_notices":[],"_links":{"self":[{"href":"https:\/\/paliskunnat.fi\/poh\/wp-json\/wp\/v2\/pages\/2247","targetHints":{"allow":["GET"]}}],"collection":[{"href":"https:\/\/paliskunnat.fi\/poh\/wp-json\/wp\/v2\/pages"}],"about":[{"href":"https:\/\/paliskunnat.fi\/poh\/wp-json\/wp\/v2\/types\/page"}],"author":[{"embeddable":true,"href":"https:\/\/paliskunnat.fi\/poh\/wp-json\/wp\/v2\/users\/1"}],"replies":[{"embeddable":true,"href":"https:\/\/paliskunnat.fi\/poh\/wp-json\/wp\/v2\/comments?post=2247"}],"version-history":[{"count":2,"href":"https:\/\/paliskunnat.fi\/poh\/wp-json\/wp\/v2\/pages\/2247\/revisions"}],"predecessor-version":[{"id":6687,"href":"https:\/\/paliskunnat.fi\/poh\/wp-json\/wp\/v2\/pages\/2247\/revisions\/6687"}],"up":[{"embeddable":true,"href":"https:\/\/paliskunnat.fi\/poh\/wp-json\/wp\/v2\/pages\/1109"}],"wp:attachment":[{"href":"https:\/\/paliskunnat.fi\/poh\/wp-json\/wp\/v2\/media?parent=2247"}],"curies":[{"name":"wp","href":"https:\/\/api.w.org\/{rel}","templated":true}]}}