{"id":2262,"date":"2015-01-09T21:30:56","date_gmt":"2015-01-09T19:30:56","guid":{"rendered":"http:\/\/80.69.171.23\/py\/?page_id=2262"},"modified":"2024-03-11T10:27:28","modified_gmt":"2024-03-11T08:27:28","slug":"vuappaz-maddaannma","status":"publish","type":"page","link":"https:\/\/paliskunnat.fi\/poh\/puazzteatt\/brosyyr-da-vuoppaz\/vuappaz-maddaannma\/","title":{"rendered":"Vu\u00e4ppaz m\u00e4dd\u00e2\u00e2\u02b9nnma"},"content":{"rendered":"<h2>Vu\u00e4ppaz m\u00e4dd\u00e2\u00e2\u02b9nnma<\/h2>\n<p>Vu\u00e4\u02b9ppes pu\u00e4\u0292\u0292h\u00e5\u00e5id lokku v\u00e4\u02b9lddma m\u00e4dd\u00e2\u00e2\u02b9nnemha\u02b9\u014b\u01e9\u01e9\u00f5\u00f5zzin:<br \/>\n<a href=\"http:\/\/www.paliskunnat.fi\/poroyva\/\">Poro YVA<\/a><\/p>\n<p>L\u00e4\u00e4\u02b9dd\u01e9i\u00f5\u02b9lle\u00a0(<a href=\"http:\/\/paliskunnat.fi\/py\/wp-content\/uploads\/2015\/03\/PoroYVA_2014_FI_web.pdf\">PDF<\/a>\u00a02117 kt)<\/p>\n<p>E\u014bggl\u00f5s\u01e9i\u00f5\u02b9lle (<a href=\"http:\/\/paliskunnat.fi\/py\/wp-content\/uploads\/2015\/03\/PoroYVA_2014_EN_web.pdf\">PDF<\/a>\u00a01487 kt)<\/p>\n<p>Ru\u00f5\u0161\u0161\u01e9i\u00f5\u02b9lle\u00a0(<a href=\"http:\/\/paliskunnat.fi\/py\/wp-content\/uploads\/2015\/03\/PoroYVA_RU_web.pdf\">PDF<\/a>\u00a02258 kt)<\/p>\n<h3>Pu\u00e4\u0292\u0292 da m\u00e4ddt\u00e4\u00e4ll<\/h3>\n<p>Sanna Hast: Pu\u00e4\u0292\u0292h\u00e5idd da m\u00e4ddt\u00e4\u00e4ll (<a href=\"https:\/\/paliskunnat.fi\/py\/wp-content\/uploads\/2018\/03\/Poronhoito_ja_maatalous.pdf\">PDF<\/a>\u00a01953 kt, l\u00e4\u00e4ddas)<\/p>\n<p><a href=\"https:\/\/paliskunnat.fi\/ohjeet_oppaat\/Poro_ja_poronhoito_talousmetsissa_2008.pdf\">Pu\u00e4\u0292\u0292 da pu\u00e4\u0292\u0292t\u00e4\u00e4ll t\u00e4ll\u00f5smie\u02b9ccin 2008<\/a><\/p>\n<p><a href=\"https:\/\/paliskunnat.fi\/ohjeet_oppaat\/Poro_ja_poronhoito_talousmetsissa_2018.pdf\">Pu\u00e4\u0292\u0292 da pu\u00e4\u0292\u0292h\u00e5idd t\u00e4ll\u00f5smie\u02b9ccin 2018<\/a><\/p>\n<h3>Ku\u00e5v\u00e2sindustria<\/h3>\n<p><a href=\"http:\/\/www.ulapland.fi\/loader.aspx?id=22dfba05-2a51-438f-a9db-c465e14dbbdc\">Hyv\u00e4 kaivos pohjoisessa<\/a>\u00a0-vu\u00e4\u02b9ppes\u01e9e\u02b9rjj pirr\u00f5s-\u0161i\u00f5tt\u00f5\u00f5llma da sosiaal\u02bcla\u017e \u01e9e\u00e2ll\u02bcjeeivu\u00f5\u0111 tu\u00e4rjjeei pue\u02b9rm\u00f5s naa\u02b9lid (Lappi universite\u02b9tt 2013).<\/p>\n<p>&nbsp;<\/p>\n<p>&nbsp;<\/p>\n<p>&nbsp;<\/p>\n","protected":false},"excerpt":{"rendered":"<p>Vu\u00e4ppaz m\u00e4dd\u00e2\u00e2\u02b9nnma Vu\u00e4\u02b9ppes pu\u00e4\u0292\u0292h\u00e5\u00e5id lokku v\u00e4\u02b9lddma m\u00e4dd\u00e2\u00e2\u02b9nnemha\u02b9\u014b\u01e9\u01e9\u00f5\u00f5zzin: Poro YVA L\u00e4\u00e4\u02b9dd\u01e9i\u00f5\u02b9lle\u00a0(PDF\u00a02117 kt) E\u014bggl\u00f5s\u01e9i\u00f5\u02b9lle (PDF\u00a01487 kt) Ru\u00f5\u0161\u0161\u01e9i\u00f5\u02b9lle\u00a0(PDF\u00a02258 kt) Pu\u00e4\u0292\u0292 da m\u00e4ddt\u00e4\u00e4ll Sanna Hast: Pu\u00e4\u0292\u0292h\u00e5idd da m\u00e4ddt\u00e4\u00e4ll (PDF\u00a01953 kt, l\u00e4\u00e4ddas) Pu\u00e4\u0292\u0292 da pu\u00e4\u0292\u0292t\u00e4\u00e4ll t\u00e4ll\u00f5smie\u02b9ccin 2008 Pu\u00e4\u0292\u0292 da pu\u00e4\u0292\u0292h\u00e5idd t\u00e4ll\u00f5smie\u02b9ccin 2018 Ku\u00e5v\u00e2sindustria Hyv\u00e4 kaivos pohjoisessa\u00a0-vu\u00e4\u02b9ppes\u01e9e\u02b9rjj pirr\u00f5s-\u0161i\u00f5tt\u00f5\u00f5llma da sosiaal\u02bcla\u017e \u01e9e\u00e2ll\u02bcjeeivu\u00f5\u0111 tu\u00e4rjjeei pue\u02b9rm\u00f5s naa\u02b9lid (Lappi universite\u02b9tt 2013). &nbsp; &nbsp; &nbsp;<\/p>\n","protected":false},"author":1,"featured_media":0,"parent":1109,"menu_order":3,"comment_status":"open","ping_status":"closed","template":"","meta":{"footnotes":""},"class_list":["post-2262","page","type-page","status-publish","hentry"],"aioseo_notices":[],"_links":{"self":[{"href":"https:\/\/paliskunnat.fi\/poh\/wp-json\/wp\/v2\/pages\/2262","targetHints":{"allow":["GET"]}}],"collection":[{"href":"https:\/\/paliskunnat.fi\/poh\/wp-json\/wp\/v2\/pages"}],"about":[{"href":"https:\/\/paliskunnat.fi\/poh\/wp-json\/wp\/v2\/types\/page"}],"author":[{"embeddable":true,"href":"https:\/\/paliskunnat.fi\/poh\/wp-json\/wp\/v2\/users\/1"}],"replies":[{"embeddable":true,"href":"https:\/\/paliskunnat.fi\/poh\/wp-json\/wp\/v2\/comments?post=2262"}],"version-history":[{"count":2,"href":"https:\/\/paliskunnat.fi\/poh\/wp-json\/wp\/v2\/pages\/2262\/revisions"}],"predecessor-version":[{"id":7150,"href":"https:\/\/paliskunnat.fi\/poh\/wp-json\/wp\/v2\/pages\/2262\/revisions\/7150"}],"up":[{"embeddable":true,"href":"https:\/\/paliskunnat.fi\/poh\/wp-json\/wp\/v2\/pages\/1109"}],"wp:attachment":[{"href":"https:\/\/paliskunnat.fi\/poh\/wp-json\/wp\/v2\/media?parent=2262"}],"curies":[{"name":"wp","href":"https:\/\/api.w.org\/{rel}","templated":true}]}}