{"id":2275,"date":"2015-01-09T21:45:11","date_gmt":"2015-01-09T19:45:11","guid":{"rendered":"http:\/\/80.69.171.23\/py\/?page_id=2275"},"modified":"2020-03-22T11:37:59","modified_gmt":"2020-03-22T09:37:59","slug":"jaattmen-aarrai-hankkoozz","status":"publish","type":"page","link":"https:\/\/paliskunnat.fi\/poh\/hankkoozz\/ohttsaztuajjkuoimi-hankkoozz\/jaattmen-aarrai-hankkoozz\/","title":{"rendered":"J\u00e5\u00e5\u02b9ttmen \u00e5\u00e5rrai ha\u02b9\u014b\u01e9\u01e9\u00f5\u00f5zz"},"content":{"rendered":"<h2>\u00d5httsa\u017etu\u00e2jjku\u00f5i\u02b9mi j\u00e5\u00e5\u02b9ttmen \u00e5\u00e5rrai ha\u02b9\u014b\u01e9\u01e9\u00f5\u00f5zz<\/h2>\n<h3>Puu\u02b9t\u02bct\u00f5\u00f5zz\u00e2st jaukkuum l\u00e2u\u02b9\u014b\u014bjie\u02b9\u01e7\u01e7i \u00e2\u00e2nnm\u00f5\u0161 pu\u00e4\u0292\u0292t\u00e4\u00e4l \u00e4\u00e4u\u02b9\u01e9ee\u02b9l T\u00e2\u02b9vv-Vu\u00e2\u0111\u0111j\u00e2nnmest<\/h3>\n<div class=\"project-goals-wrapper\">\n<p><strong>T\u00e4\u00e4vt\u00f5\u00f5zz<\/strong><\/p>\n<p>Se\u02b9lvted lu\u00e2tt\u0161\u00e2\u00e2ddi serddm\u00f5\u00f5\u017e\u017e j\u00e5\u02b9ttl\u00e2\u02b9tted l\u00e2u\u02b9\u014b\u014bjie\u02b9\u01e7\u01e7i maacct\u00f5\u00f5vvm\u00f5\u00f5\u017e\u017e pu\u00f5ccui palgg\u00e2mp\u00e4i\u02b9\u01e9\u01e9en.<\/p>\n<\/div>\n<div class=\"project-outputs-wrapper\">\n<p><strong>Puhtt\u00f5\u00f5zz<\/strong><\/p>\n<p>Si\u00e2zzt\u00f5s tu\u00e5immjem-maall\u00e2st puu\u02b9t\u02bct\u00f5\u00f5zz\u00e2st jaukkuum l\u00e2u\u02b9\u014b\u014bjie\u02b9\u01e7\u01e7i maacctumm\u0161a pu\u00e4\u0292\u0292p\u00e4i\u02b9\u01e9\u01e9en.<\/p>\n<\/div>\n<div class=\"project-description-wrapper\">\n<p><strong>Projee\u02b9kt deskriptt<\/strong><\/p>\n<p>Mi\u00e2rkteei vue\u02b9ss l\u00e2u\u02b9\u014b\u014bpuu\u02b9t\u02bctemvuu\u02b9din lie le\u00e4mma vu\u00f5\u0161\u0161\u00e2n pu\u00f5ccui palgg\u00e2mp\u00e4\u00e4i\u02b9\u01e9. Projee\u02b9kt t\u00e4\u00e4vt\u00f5ss\u00e2n lij se\u02b9lvted \u00e2\u00e2\u02b9nnmest me\u00e4dda valddum l\u00e2u\u02b9\u014b\u014bpuu\u02b9t\u02bctemvuu\u02b9di maacctummu\u017e palgg\u00e2mp\u00e4i\u02b9\u01e9\u01e9en T\u00e2\u02b9vv-Vu\u00e2\u0111\u0111m\u00e4\u00e4ddast. Ku\u00e2httan puu\u02b9t\u02bct\u00f5\u00f5zz\u00e2st jaukkuum je\u00e4gga see\u02b9rdet pu\u00f5ccui lu\u00e2ndla\u017e poorr\u00e2m\u0161\u00e2\u00e2ddi \u0161\u00e2\u00e2ddaid da vu\u00e5pp\u00e2t \u0161\u00e2\u00e2ddai pi\u02b9r\u01e7\u01e7ummu\u017e koolm \u0161\u00f5dd\u00e2mp\u00e2\u00e2\u02b9j \u00e4\u00e4i\u02b9j (2017-2019). Projee\u02b9kt vii\u01e5\u01e5\u00e2t \u010d\u00f5\u00f5\u0111 Lu\u00e2ttree\u02b9\u01e7\u01e7esvu\u00f5ttk\u00f5\u00f5sk\u00f5\u00f5zz koordin\u00e2sttm\u00f5\u00f5\u017e\u017e vue\u02b9lnn \u00f5httsa\u017etu\u00e2jast p\u00e4\u00e4ikla\u017e paal\u01e5\u00e2skoo\u02b9ddivui\u02b9m (Kiiminki, Kollaja), l\u00e2u\u02b9\u014b\u014bpuu\u02b9t\u02bctem\u00f5htt\u00f5\u00f5zzivui\u02b9m (Vapo oy, Turveruukki oy) da Pudasj\u00e4rvi g\u00e5\u00e5rdin.<\/p>\n<p>L\u00e2u\u02b9\u014b\u014boo\u02b9le \u0161\u00e2dd\u00f5\u00f5ttm\u00f5\u0161 pu\u00f5ccu poorr\u00e2m\u0161\u00e2\u00e2ddin maaccat palgg\u00e2mvuu\u02b9did pu\u00e4\u0292\u0292t\u00e4\u00e4l \u00e2\u00e2\u02b9nnma da tu\u00e4rjjad m\u00e4\u00e4\u014bgnalla pu\u00e4\u0292\u0292jie\u02b9llemvue\u02b9jj pu\u00e2rastpi\u02b9r\u01e7\u01e7ummu\u017e. Ha\u02b9\u014b\u01e9\u01e9\u00f5\u00f5zz pu\u00e5\u0111\u00f5\u00f5zzin vu\u00e5\u01ef\u01ef\u00e2t ra\u02b9vvj\u00f5\u00f5zzid m\u00f5\u00f5nt\u00f5\u00f5llm\u00f5\u00f5\u017e\u017e su\u00e5vldumm\u0161a n\u00e4\u00e4\u02b9lest. Palgg\u00e2mvuu\u02b9di vu\u00e2\u0111\u0111umm\u0161est vu\u00e4it\u010di \u0161\u00f5dd\u00e2d o\u0111\u0111 vaajt\u00f5sm\u00e4inn l\u00e2u\u02b9\u014b\u014bpuu\u02b9t\u02bctemvuu\u02b9di o\u0111\u0111 \u00e2\u00e2\u02b9nnma pu\u00e4\u0292\u0292h\u00e5iddvuu\u02b9dest.<\/p>\n<p>Projee\u02b9kt pe\u0161ttm\u00f5\u0161: 06\/2017 \u2013 05\/2020<\/p>\n<p>Projee\u02b9kt j\u00e5\u00e5\u0111\u02b9teei: spesiaaltu\u02b9t\u01e9\u01e9eei Hannu H\u00f6kk\u00e4<\/p>\n<p>\u00d5httvu\u00f5ttv\u00e4lddm\u00f5\u00f5\u017e\u017e: hannu&#46;hokka&#64;luke&#46;fi, te\u02b9l. 029\u00a0532 4528<\/p>\n<p>L\u00e2\u00e2\u02b9sste\u00e2\u0111:\u00a0<a href=\"https:\/\/www.luke.fi\/projektit\/turveporo\/\"><strong>www.luke.fi\/projektit\/turveporo<\/strong><\/a><\/p>\n<p>Ha\u02b9\u014b\u01e9\u01e9\u00f5s lij te\u00e4ggtum EAKR-te\u00e4ggt\u00f5\u00f5zzin.<\/p>\n<p><img loading=\"lazy\" decoding=\"async\" class=\"alignnone wp-image-5622 size-full\" src=\"http:\/\/paliskunnat.fi\/py\/wp-content\/uploads\/2018\/03\/logobanneri.png\" alt=\"\" width=\"460\" height=\"154\" srcset=\"https:\/\/paliskunnat.fi\/poh\/wp-content\/uploads\/2018\/03\/logobanneri.png 460w, https:\/\/paliskunnat.fi\/poh\/wp-content\/uploads\/2018\/03\/logobanneri-300x100.png 300w\" sizes=\"auto, (max-width: 460px) 100vw, 460px\" \/><\/p>\n<p>&nbsp;<\/p>\n<\/div>\n","protected":false},"excerpt":{"rendered":"<p>\u00d5httsa\u017etu\u00e2jjku\u00f5i\u02b9mi j\u00e5\u00e5\u02b9ttmen \u00e5\u00e5rrai ha\u02b9\u014b\u01e9\u01e9\u00f5\u00f5zz Puu\u02b9t\u02bct\u00f5\u00f5zz\u00e2st jaukkuum l\u00e2u\u02b9\u014b\u014bjie\u02b9\u01e7\u01e7i \u00e2\u00e2nnm\u00f5\u0161 pu\u00e4\u0292\u0292t\u00e4\u00e4l \u00e4\u00e4u\u02b9\u01e9ee\u02b9l T\u00e2\u02b9vv-Vu\u00e2\u0111\u0111j\u00e2nnmest T\u00e4\u00e4vt\u00f5\u00f5zz Se\u02b9lvted lu\u00e2tt\u0161\u00e2\u00e2ddi serddm\u00f5\u00f5\u017e\u017e j\u00e5\u02b9ttl\u00e2\u02b9tted l\u00e2u\u02b9\u014b\u014bjie\u02b9\u01e7\u01e7i maacct\u00f5\u00f5vvm\u00f5\u00f5\u017e\u017e pu\u00f5ccui palgg\u00e2mp\u00e4i\u02b9\u01e9\u01e9en. Puhtt\u00f5\u00f5zz Si\u00e2zzt\u00f5s tu\u00e5immjem-maall\u00e2st puu\u02b9t\u02bct\u00f5\u00f5zz\u00e2st jaukkuum l\u00e2u\u02b9\u014b\u014bjie\u02b9\u01e7\u01e7i maacctumm\u0161a pu\u00e4\u0292\u0292p\u00e4i\u02b9\u01e9\u01e9en. Projee\u02b9kt deskriptt Mi\u00e2rkteei vue\u02b9ss l\u00e2u\u02b9\u014b\u014bpuu\u02b9t\u02bctemvuu\u02b9din lie le\u00e4mma vu\u00f5\u0161\u0161\u00e2n pu\u00f5ccui palgg\u00e2mp\u00e4\u00e4i\u02b9\u01e9. Projee\u02b9kt t\u00e4\u00e4vt\u00f5ss\u00e2n lij se\u02b9lvted \u00e2\u00e2\u02b9nnmest me\u00e4dda valddum l\u00e2u\u02b9\u014b\u014bpuu\u02b9t\u02bctemvuu\u02b9di maacctummu\u017e palgg\u00e2mp\u00e4i\u02b9\u01e9\u01e9en T\u00e2\u02b9vv-Vu\u00e2\u0111\u0111m\u00e4\u00e4ddast. Ku\u00e2httan puu\u02b9t\u02bct\u00f5\u00f5zz\u00e2st jaukkuum je\u00e4gga see\u02b9rdet pu\u00f5ccui [&hellip;]<\/p>\n","protected":false},"author":1,"featured_media":0,"parent":458,"menu_order":0,"comment_status":"open","ping_status":"closed","template":"","meta":{"footnotes":""},"class_list":["post-2275","page","type-page","status-publish","hentry"],"aioseo_notices":[],"_links":{"self":[{"href":"https:\/\/paliskunnat.fi\/poh\/wp-json\/wp\/v2\/pages\/2275","targetHints":{"allow":["GET"]}}],"collection":[{"href":"https:\/\/paliskunnat.fi\/poh\/wp-json\/wp\/v2\/pages"}],"about":[{"href":"https:\/\/paliskunnat.fi\/poh\/wp-json\/wp\/v2\/types\/page"}],"author":[{"embeddable":true,"href":"https:\/\/paliskunnat.fi\/poh\/wp-json\/wp\/v2\/users\/1"}],"replies":[{"embeddable":true,"href":"https:\/\/paliskunnat.fi\/poh\/wp-json\/wp\/v2\/comments?post=2275"}],"version-history":[{"count":3,"href":"https:\/\/paliskunnat.fi\/poh\/wp-json\/wp\/v2\/pages\/2275\/revisions"}],"predecessor-version":[{"id":6680,"href":"https:\/\/paliskunnat.fi\/poh\/wp-json\/wp\/v2\/pages\/2275\/revisions\/6680"}],"up":[{"embeddable":true,"href":"https:\/\/paliskunnat.fi\/poh\/wp-json\/wp\/v2\/pages\/458"}],"wp:attachment":[{"href":"https:\/\/paliskunnat.fi\/poh\/wp-json\/wp\/v2\/media?parent=2275"}],"curies":[{"name":"wp","href":"https:\/\/api.w.org\/{rel}","templated":true}]}}