{"id":2283,"date":"2015-01-09T21:58:50","date_gmt":"2015-01-09T19:58:50","guid":{"rendered":"http:\/\/80.69.171.23\/py\/?page_id=2283"},"modified":"2020-03-22T09:44:11","modified_gmt":"2020-03-22T07:44:11","slug":"jaattmen-aarrai-hankkoozz","status":"publish","type":"page","link":"https:\/\/paliskunnat.fi\/poh\/hankkoozz\/tutkkeemhankkoozz\/jaattmen-aarrai-hankkoozz\/","title":{"rendered":"J\u00e5\u00e5\u02b9ttmen \u00e5\u00e5rrai ha\u02b9\u014b\u01e9\u01e9\u00f5\u00f5zz"},"content":{"rendered":"<h2>J\u00e5\u00e5\u02b9ttmen \u00e5\u00e5rrai tu\u02b9t\u01e9\u01e9eemha\u02b9\u014b\u01e9\u01e9\u00f5\u00f5zz<\/h2>\n<h3>Pu\u00e4\u0292\u0292pi\u00e2rrji sosiaal\u02bcla\u017e da t\u00e4ll\u00f5\u00f5zzla\u017e pi\u02b9r\u01e7\u01e7ummu\u0161 jie\u02b9llemvue\u02b9jjla\u017e da \u00f5httsalla\u0161 muttsest \u2013tu\u02b9t\u01e9\u01e9eemha\u02b9\u014b\u01e9\u01e9\u00f5s<\/h3>\n<p>Ha\u02b9\u014b\u01e9\u01e9\u00f5\u00f5zz vue\u02b9l\u01e7\u01e7ems\u00e2\u00e2\u02b9jjen lie pu\u00e4\u0292\u0292h\u00e5\u00e5id jie\u02b9llemvue\u02b9\u01e9\u01e9en da jie\u02b9llemn\u00e4\u00e4\u02b9llen teivvam \u0161i\u00f5ttl\u00f5\u00f5vv\u00e2m- da muutt\u00e2ste\u00e4dd. Pu\u00e4\u0292\u0292h\u00e5idd lij m\u00f5\u00f5nni loo\u02b9jji ii\u02b9jji \u00e4i\u02b9\u01e7\u01e7en joudd\u00e2m \u0161i\u00f5ttl\u00f5\u00f5vv\u00e2d m\u00e4\u00e4\u014bgaid \u00f5httsa\u017ek\u00e5\u00e5ddla\u017e, pirr\u00f5\u00f5zzla\u017e da sosio-kulttuurla\u017e muttsid. T\u00f5t lij se\u00e4mma \u00e4iggs\u00e2nji nu\u02b9tt lu\u00f5ttu \u010d\u00f5nnum \u00e4\u00e4\u02b9rbvu\u00e2la\u017e lu\u00e2ttjie\u02b9llemvue\u02b9\u01e9\u01e9 ko j\u00e5\u02b9ttel \u00e4i\u02b9\u01e7\u01e7k\u00f5\u00f5sk\u00e2st industri\u00e2sttm\u00f5\u00f5\u017e\u017e te\u00e4ddid teivvam puu\u02b9t\u02bctemh\u00e4\u00e4\u02b9mm, ko\u02b9st \u00f5httsa\u017ek\u00e5\u00e5ddla\u017e va\u02b9\u01ef\u01eft\u00f5ss\u00e2n lie te\u00e4\u02b9\u01e7\u01e7- da markk\u00e2nt\u00e4\u00e4l, mekanis\u00e2\u02b9sttm\u00f5\u00f5\u017e\u017e, vue\u02b9\u01ef\u01efpuu\u02b9t\u02bct\u00f5ss\u00e2n mettuum vi\u00f5kk\u0161\u00f5svu\u00f5\u0111, o\u0111\u0111nall\u0161em tu\u00e2jj-jue\u02b9\u01e9\u01e9mi m\u00e4ttjummu\u0161 m\u00e2\u02b9te \u0161e vi\u00f5kk\u0161\u00f5\u00f5vv\u00e2m m\u00e4dd\u00e2\u00e2\u02b9nnemh\u00e4\u00e4\u02b9m.<\/p>\n<p>Tu\u02b9t\u01e9\u01e9eemha\u02b9\u014b\u01e9\u01e9\u00f5\u00f5zz mie\u02b9rren lij se\u02b9lvted, m\u00e4\u02b9htt pu\u00e4\u0292\u0292jie\u02b9llemvu\u00e2kka vaikkteei m\u00e4\u00e4\u014bgt\u00e4ss\u02bcsa\u017e\u00a0 \u00f5httsa\u017ek\u00e5\u00e5ddla\u017e da pirr\u00f5\u00f5zzla\u017e mutt\u00e2z ku\u00e2sttje pu\u00e4\u0292\u0292hoi\u02b9ddjee\u02b9ji da sij pi\u00e2rrji aar\u01e5 sosiaal\u02bcla\u017e da t\u00e4ll\u00f5\u00f5zzla\u017e pu\u00e2rastpi\u02b9r\u01e7\u01e7umm\u0161est, k\u00f5skkna\u017e k\u00f5skkvu\u00f5\u0111in di pu\u00e4\u0292\u0292h\u00e5iddtu\u00e2j \u010d\u00f5\u00f5\u0111 viikkma \u00f5httneei \u00f5httsa\u017etu\u00e2jjk\u00f5skkvu\u00f5\u0111in. Tu\u02b9t\u01e9\u01e9ummu\u017e \u010d\u00f5\u00f5\u0111tet kvaliittlva\u017e mainst\u00e2\u02b9ttemtu\u02b9t\u01e9\u01e9umm\u0161en, ko\u02b9st k\u00f5skksa\u017e te\u00e2ttuvddi lie pu\u00e4\u0292\u0292hoi\u02b9ddjeei da sij pie\u02b9llkuei\u02b9m di paal\u01e5\u00e2skoo\u02b9ddi pu\u00e4\u0292\u0292ee\u02b9\u017e\u017eed. Pu\u00e4\u0292\u0292h\u00e5iddvuu\u02b9d m\u00e4\u00e4\u014bgnall\u0161emvu\u00f5\u0111 di\u00f5tt mainst\u00e2ttm\u00f5\u00f5\u017e\u017eid tuejjeet tu\u00e5immjempirr\u00f5\u00f5zz pe\u00e4\u02b9lest da \u0161e m\u00e4ddti\u00f5\u0111l\u00e2nji jee\u02b9resnall\u0161em paal\u01e5\u00e2skoo\u02b9ddin.<\/p>\n<p>Tu\u02b9t\u01e9\u01e9eempu\u00e5\u0111\u00f5\u00f5zzi vu\u00e2\u0111ald t\u00e4\u00e4vt\u00f5ss\u00e2n lij puu\u02b9t\u02bcted vu\u00e4innm\u00f5\u00f5\u017e\u017eid t\u00f5\u02b9st, m\u00e2i\u02b9d jie\u02b9llemvu\u00f5\u02b9jji tu\u00e4rjjeem di\u00f5tt vu\u00e4itt tuejjeed \u00f5httsalla\u0161 t\u00e4\u00e4\u02b9zzest oummui aar\u01e5 pue\u02b9rrv\u00e2\u00e2jjm\u00f5\u00f5\u017e\u017e k\u00f5\u00f5\u010d\u010dm\u00f5\u00f5\u017e\u017ein. Veiddsummsen k\u00f5\u00f5\u010d\u010dm\u00f5\u0161 lij jie\u02b9llemvue\u02b9jj seillmest. M\u00e4ddt\u00e4\u00e4llt\u00e4ll\u00f5\u00f5zz ooud\u00e2sviikk\u00e2mfoond (MAKERA) te\u00e4ggtam tu\u02b9t\u01e9\u01e9eemha\u02b9\u014b\u01e9\u01e9\u00f5\u00f5zz vii\u01e5\u01e5\u00e2t \u010d\u00f5\u00f5\u0111 koolm ee\u02b9jj \u00e4i\u02b9\u01e7\u01e7en 2012 \u2013 2015. Tu\u02b9t\u01e9\u01e9eemha\u02b9\u014b\u01e9\u01e9\u00f5\u00f5zz vaalda\u0161 Lappi universite\u02b9tt da ha\u02b9\u014b\u01e9\u01e9\u00f5\u00f5zz vastt\u00f5svu\u00f5\u0111la\u017e j\u00e5\u00e5\u02b9\u0111tee\u02b9jen tu\u00e5immai prof. Anneli Pohjola da tu\u02b9t\u01e9\u01e9eei Pirjo Oinas. Pu\u00e4\u0292\u0292t\u00e4\u00e4l ee\u02b9tt\u01e9ee\u02b9jen vu\u00e4\u02b9pstemjoouk\u00e2st lij Kalervo Rytinki da \u00f5htt\u00f5\u00f5zz ee\u02b9tt\u01e9ee\u02b9jen Matti S\u00e4rkel\u00e4.<\/p>\n<h3>Naau\u02b9di vaikkt\u00f5s pu\u00e4\u0292\u0292tallu (PETTU) \u2013tu\u02b9t\u01e9\u01e9ummu\u0161<\/h3>\n<p>Naau\u02b9di tuejj\u00e4\u00e4m pu\u00e4\u0292\u0292sk\u00e4\u00e4\u0111 da t\u00f5in m\u00e4hssum ko\u02b9rvv\u00f5\u00f5zz lie m\u00f5\u00f5nni ii\u02b9jjin l\u00e2ssnam. Se\u00e4mma \u00e4\u00e4i\u02b9j pu\u00e4\u0292\u0292h\u00e5iddvuu\u02b9dest lie RKTL mie\u02b9ldd l\u00e2ssnam je\u00e4\u02b9rben kue\u02b9b\u01ef da riiss me\u00e4\u02b9r. \u01e8e\u00e4\u02b9t\u01e9\u01e9n\u00e4\u00e4\u02b9ll \u0161e lij le\u00e4mma\u017e \u0161orrne\u02b9mmen. Pu\u00e4\u0292\u0292h\u00e5iddvuu\u02b9dest teivvum kuu\u02b9mpi mie\u02b9rr lij vaajt\u00f5\u00f5ll\u00e2m da pooddi kuu\u02b9mpid lie teivvam oou\u02b9dbu j\u00e4\u00e4nab. Pu\u00e4\u0292\u0292h\u00e5iddvuu\u02b9d ku\u00e4\u02b9c\u01e9\u01e9empaari da kaunnum reviiri me\u00e4\u02b9r lie \u0161e p\u00e2i \u0161orrnam,<\/p>\n<p>Naau\u02b9di tuejj\u00e4\u00e4m h\u00e4\u00e4\u02b9vjummu\u017e da m\u00f5\u00f5nt\u00f5\u00f5zz r\u00e4\u02b9jje t\u00e4n poodd pu\u00e4\u0292\u0292tallu \u00f5\u00f5ut \u0161uurm\u00f5s v\u00e4\u02b9\u01ef\u01efelvu\u00f5\u0111in. Hu\u00f5l\u01e9\u00e2ni ko\u02b9rvv\u00f5sri\u00e2\u0161ld\u00f5\u00f5\u01e5\u01e5i ooud\u00e2sviikkmest, \u01e9i\u00f5\u010d\u010dl\u00e2\u00e2\u02b9stet, \u0161to naau\u02b9di tuejj\u00e4\u00e4m vaikkt\u00f5\u00f5zz mue\u02b9rre pu\u00e4\u0292\u0292t\u00e4\u00e4l kannteeivu\u00f5\u0111 da ju\u00e4tkkjeeivu\u00f5\u0111. Pu\u00e4\u0292\u0292t\u00e4\u00e4last da t\u00f5n vaald\u0161mest taarb\u0161e\u02b9\u010di j\u00e4\u00e4nab jee\u02b9resnall\u0161em vu\u00f5\u02b9jjid, koin vu\u00e4it\u010di arvvt\u00f5\u00f5ll\u00e2d pu\u00e2rast naau\u02b9di vaikkt\u00f5\u00f5zzid pu\u00e4\u0292\u0292tallu. Ha\u02b9\u014b\u01e9\u01e9\u00f5\u00f5zz t\u00e4\u00e4vt\u00f5ss\u00e2n lij se\u02b9lvted m\u00e4\u00e4\u014bgpe\u00e4llsanji naau\u02b9di tuejj\u00e4\u00e4m vu\u00f5igg da pannvu\u00f5i\u01e5\u00e2s m\u00f5\u00f5nt\u00f5\u00f5zzi da h\u00e4\u00e4\u02b9vjumm\u0161i vaikkt\u00f5\u00f5zzid pu\u00e4\u0292\u0292t\u00e4\u00e4l puu\u02b9t\u02bctemvu\u00f5\u02b9tte da t\u00e4ll\u00f5\u02b9sse jee\u02b9res vue\u02b9zzin pu\u00e4\u0292\u0292h\u00e5iddvuu\u02b9d. T\u00f5n pu\u00e5\u0111\u00f5\u00f5zzid vuei\u02b9tet \u00e4u\u02b9\u01e9\u01e9eed ko ooud\u00e2svii\u01e5\u01e5\u00e2t ko\u02b9rvv\u00f5s- da kompensaatiori\u00e2\u0161ld\u00f5\u00f5\u01e5\u01e5id pu\u00e4\u0292\u0292t\u00e4\u00e4last da raaj\u00e2t jm. naau\u02b9di n\u00e4\u00e4\u02b9llh\u00e5iddamplaanid.<\/p>\n<p>M\u00e4ddt\u00e4\u00e4llt\u00e4ll\u00f5\u00f5zz ooud\u00e2sviikk\u00e2mfoond (MAKERA) te\u00e4ggtam tu\u02b9t\u01e9\u01e9eemha\u02b9\u014b\u01e9\u01e9\u00f5\u00f5zz vii\u01e5\u01e5\u00e2t \u010d\u00f5\u00f5\u0111 koolm ee\u02b9jj \u00e4i\u02b9\u01e7\u01e7en 2013 \u2013 2015. Tu\u02b9t\u01e9\u01e9eemha\u02b9\u014b\u01e9\u01e9\u00f5\u00f5zz vaalda\u0161 \u0160iil- da kue\u02b9llt\u00e4\u00e4l tu\u02b9t\u01e9\u01e9eemstrooi\u02b9tel da ha\u02b9\u014b\u01e9\u01e9\u00f5\u00f5zz va\u02b9stteei tu\u02b9t\u01e9\u01e9ee\u02b9jen tu\u00e5immai Jouko Kumpula. Pu\u00e4\u0292\u0292t\u00e4\u00e4l ee\u02b9tt\u01e9ee\u02b9jen vu\u00e4\u02b9pstemjoouk\u00e2st lij Jukka Knuuti da S\u00e4\u00e4\u02b9mtee\u02b9\u01e7\u01e7 ee\u02b9tt\u01e9ee\u02b9jen Heikki Paltto.<\/p>\n<h3>Pu\u00e4\u0292\u0292paai\u02b9\u01e9i vue\u02b9jj vu\u00e5ppm\u00f5\u0161<\/h3>\n<p>RKTL lij vu\u00e5ppam ee\u02b9jjest 1995 pu\u00e4\u0292\u0292paai\u02b9\u01e9i vue\u02b9jj pu\u00e4\u0292\u0292h\u00e5iddvuu\u02b9d 20 t\u00e2\u00e2\u02b9vm\u00f5s paal\u01e5\u00e2sk\u00e5\u00e5\u02b9ddest. Pu\u00e4\u0292\u0292paai\u02b9\u01e9i me\u00e4\u02b9r da vue\u02b9jj di pu\u00e4\u0292\u0292p\u00e4i\u02b9\u01e9\u01e9pirr\u00f5\u00f5zz muttsid lie vu\u00e5ppum paal\u01e5\u00e2skoo\u02b9ddi vuu\u02b9din p\u00f5\u00f5\u0161\u0161i jee\u02b9elj\u00e2nnmi te\u02b9sttvuu\u02b9di, sateliittsnimld\u00f5\u00f5\u01e5\u01e5i klasst\u00f5\u00f5llmi da m\u00e4dd\u00e2\u00e2nnm\u00f5\u00f5\u017e\u017e k\u00e4\u02b9ttem- da vaikkt\u00f5svuu\u02b9di kaart\u02bct\u00f5\u00f5zzi ve\u00e4kka. Ha\u02b9\u014b\u01e9\u01e9\u00f5\u00f5zz t\u00e4\u00e4vt\u00f5ss\u00e2n lij puu\u02b9t\u02bcted pu\u00e4\u0292\u0292paai\u02b9\u01e9i vue\u02b9jjest da t\u00f5\u02b9st \u0161\u00f5dd\u00e2m muttsin vu\u00e5pp\u00e2mte\u00e2\u0111aid uu\u02b9ccm\u00f5s\u00e2n \u00f5\u00f5ut vu\u00e2ra l\u00e5\u00e5\u02b9j ee\u02b9jj se\u02b9st di analys\u00e2\u02b9stted pu\u00e4\u0292\u0292paai\u02b9\u01e9i vue\u02b9jj muttsi m\u00e4\u00e4inaid.<\/p>\n<p>Pu\u00f5\u02b9tti pu\u00e4\u0292\u0292p\u00e4i\u02b9\u01e9\u01e9invent\u00e2\u02b9sttemk\u00f5rvvi lij mie\u02b9rr viikk\u00e2d \u010d\u00f5\u00f5\u0111 ii\u02b9jjin 2016-2019 obb pu\u00e4\u0292\u0292h\u00e5iddvuu\u02b9dest. Pu\u00e4\u0292\u0292paai\u02b9\u01e9id da t\u00f5i vu\u00e2kka \u00f5httneei vu\u00e5pp\u00e2mte\u00e2\u0111 \u00f5htteet ju\u00e4tkast pu\u00e4\u0292\u0292t\u00e4\u00e4l p\u00e4i\u02b9\u01e9\u01e9te\u00e2ttnorld\u00f5\u02b9\u01e9\u01e9e (HARAVA- da -LIITERI-ri\u00e2\u0161ld\u00f5\u00f5\u01e5\u01e5) \u00e4u\u02b9\u01e9\u01e9eemnalla vaald\u0161mest, m\u00e4dd\u00e2\u00e2nnm\u00f5\u00f5\u017e\u017e plaanumm\u0161est, tu\u02b9t\u01e9\u01e9umm\u0161est da pu\u00e4\u0292\u0292t\u00e4\u00e4last. Ha\u02b9\u014b\u01e9\u01e9\u00f5s lij RKTL (Lu\u00e2ttree\u02b9\u01e7\u01e7esvu\u00f5ttk\u00f5\u00f5sk\u00f5s) p\u00f5\u00f5\u0161\u0161i tu\u02b9t\u01e9\u01e9eemtu\u00e2jj da va\u02b9stteei tu\u02b9t\u01e9\u01e9ee\u02b9jen tu\u00e5immai Jouko Kumpula.<\/p>\n<h3>Pu\u00e4\u0292\u0292t\u00e4\u00e4l \u01e9e\u00e2\u0161tt\u00f5\u00f5tt\u00e2moodd mottjeei \u00e5\u00e5rrm\u00f5\u00f5\u017e\u017ein<\/h3>\n<p>Tu\u02b9t\u01e9\u01e9ummu\u017e tu\u00e2jjan lij puu\u02b9t\u02bcted m\u00e4\u00e4\u014bgpe\u00e4llsa\u017e te\u00e2\u0111 pu\u00e4\u0292\u0292t\u00e4\u00e4llp\u00f5rggsi ouddnemvu\u00e4ittm\u00f5\u00f5\u017e\u017ein da ve\u02b9rddeem\u00e2\u00e2\u02b9nteei te\u00e2\u0111 pue\u02b9rben \u01e9e\u00e2ll\u02bcjeei pu\u00e4\u0292\u0292t\u00e4\u00e4l ohjjumm\u0161a. Tu\u02b9t\u01e9\u01e9ummu\u0161 lij ju\u00f5kkum kolmm\u00e2n vu\u00e2ssa:<\/p>\n<p>1) Pu\u00f5ccu vue\u02b9\u01ef\u01ef \u00f5htt\u00f5k-kuullma\u02b9lle, ko\u02b9st veeideet m\u00e4ddt\u00e4\u00e4llp\u00f5rggsid rajjum m\u00e4ddt\u00e4\u00e4l \u00f5htt\u00f5k-kuull-la\u02b9s\u01e9\u01e9eemri\u00e2\u0161ld\u00f5\u00f5\u01e5\u01e5 ku\u00f5skk\u00e2d pu\u00e4\u0292\u0292t\u00e4\u00e4l.<\/p>\n<p>2) Case-tu\u02b9t\u01e9\u01e9umm\u0161a pu\u00e4\u0292\u0292h\u00e5iddamnaa\u02b9li kannteeivu\u00f5\u0111\u00e2st, ko\u02b9st arvvt\u00f5\u00f5l\u00e2t jee\u02b9res pu\u00e4\u0292\u0292h\u00e5iddamnaa\u02b9li ku\u02b9\u01e9es \u00e4i\u02b9\u01e7\u01e7k\u00f5\u00f5sk vaikkt\u00f5\u00f5zzid pu\u00e4\u0292\u0292tallu.<\/p>\n<p>3) Vaajt\u00f5sm\u00e4\u00e4inla\u017e tu\u00e5imm-maallid, koin raaj\u00e2t vaajt\u00f5sm\u00e4\u00e4inla\u017e, jee\u02b9resnall\u0161em vu\u00e4\u02b9pstemvu\u00f5\u02b9jjid se\u02b9st \u00f5\u00f5\u02b9nni tu\u00e5imm-maallid. T\u00e4\u00e4vt\u00f5ss\u00e2n lij pu\u02b9htted ou\u02b9dde jee\u02b9resnall\u0161em tu\u00e5immvaajt\u00f5sm\u00e4\u00e4inaid. P\u00f5\u00f5r\u01e5\u00e2sme\u00e2ldla\u017e \u00f5htt\u00f5k-kuull-laask\u00e2lm ve\u00e4\u02b9\u01e9\u01e9at p\u00f5rggjid kaunn\u00e2d p\u00f5rggses vi\u00f5kkvu\u00f5\u0111id da va\u02b9lljeed ooud\u00e2sviikk\u00e2mtu\u00e5imid vu\u00f5i\u02b9\u01e7\u01e7est. L\u00e2\u00e2\u02b9ssen puu\u02b9tet te\u00e2\u0111, koin vuei\u02b9tet arvvt\u00f5\u00f5ll\u00e2d, m\u00e4\u02b9htt vue\u02b9l\u01e7\u01e7ems\u00e2\u00e2\u02b9j pe\u00e4\u02b9lest jee\u02b9resnall\u0161em puu\u02b9t\u02bctem\u00e5\u00e5rrm\u00f5\u00f5\u017e\u017eid vu\u00e4it\u010di ohjjeed nu\u02b9tt, \u0161to pu\u00e4\u0292\u0292h\u00e5\u00e5id t\u00e4ll\u00f5\u00f5zzla\u017e da sosiaal\u02bcla\u017e \u01e9e\u00e2ll\u02bcjeeivu\u00f5tt ravsme\u02b9\u010di.<\/p>\n<p>Tu\u02b9t\u01e9\u01e9ummu\u017e vii\u01e5\u01e5\u00e2t \u010d\u00f5\u00f5\u0111 ii\u02b9jjin 2012-2015 M\u00e4ddt\u00e4\u00e4llt\u00e4ll\u00f5\u00f5zz ooud\u00e2sviikk\u00e2mfoond vaa\u02b9rin da va\u02b9stteei tu\u02b9t\u01e9\u01e9ee\u02b9jen tu\u00e5immai Kaija Saarni.<\/p>\n<p>&nbsp;<\/p>\n","protected":false},"excerpt":{"rendered":"<p>J\u00e5\u00e5\u02b9ttmen \u00e5\u00e5rrai tu\u02b9t\u01e9\u01e9eemha\u02b9\u014b\u01e9\u01e9\u00f5\u00f5zz Pu\u00e4\u0292\u0292pi\u00e2rrji sosiaal\u02bcla\u017e da t\u00e4ll\u00f5\u00f5zzla\u017e pi\u02b9r\u01e7\u01e7ummu\u0161 jie\u02b9llemvue\u02b9jjla\u017e da \u00f5httsalla\u0161 muttsest \u2013tu\u02b9t\u01e9\u01e9eemha\u02b9\u014b\u01e9\u01e9\u00f5s Ha\u02b9\u014b\u01e9\u01e9\u00f5\u00f5zz vue\u02b9l\u01e7\u01e7ems\u00e2\u00e2\u02b9jjen lie pu\u00e4\u0292\u0292h\u00e5\u00e5id jie\u02b9llemvue\u02b9\u01e9\u01e9en da jie\u02b9llemn\u00e4\u00e4\u02b9llen teivvam \u0161i\u00f5ttl\u00f5\u00f5vv\u00e2m- da muutt\u00e2ste\u00e4dd. Pu\u00e4\u0292\u0292h\u00e5idd lij m\u00f5\u00f5nni loo\u02b9jji ii\u02b9jji \u00e4i\u02b9\u01e7\u01e7en joudd\u00e2m \u0161i\u00f5ttl\u00f5\u00f5vv\u00e2d m\u00e4\u00e4\u014bgaid \u00f5httsa\u017ek\u00e5\u00e5ddla\u017e, pirr\u00f5\u00f5zzla\u017e da sosio-kulttuurla\u017e muttsid. T\u00f5t lij se\u00e4mma \u00e4iggs\u00e2nji nu\u02b9tt lu\u00f5ttu \u010d\u00f5nnum \u00e4\u00e4\u02b9rbvu\u00e2la\u017e lu\u00e2ttjie\u02b9llemvue\u02b9\u01e9\u01e9 ko j\u00e5\u02b9ttel \u00e4i\u02b9\u01e7\u01e7k\u00f5\u00f5sk\u00e2st industri\u00e2sttm\u00f5\u00f5\u017e\u017e te\u00e4ddid teivvam puu\u02b9t\u02bctemh\u00e4\u00e4\u02b9mm, ko\u02b9st [&hellip;]<\/p>\n","protected":false},"author":1,"featured_media":0,"parent":1049,"menu_order":0,"comment_status":"open","ping_status":"closed","template":"","meta":{"footnotes":""},"class_list":["post-2283","page","type-page","status-publish","hentry"],"aioseo_notices":[],"_links":{"self":[{"href":"https:\/\/paliskunnat.fi\/poh\/wp-json\/wp\/v2\/pages\/2283","targetHints":{"allow":["GET"]}}],"collection":[{"href":"https:\/\/paliskunnat.fi\/poh\/wp-json\/wp\/v2\/pages"}],"about":[{"href":"https:\/\/paliskunnat.fi\/poh\/wp-json\/wp\/v2\/types\/page"}],"author":[{"embeddable":true,"href":"https:\/\/paliskunnat.fi\/poh\/wp-json\/wp\/v2\/users\/1"}],"replies":[{"embeddable":true,"href":"https:\/\/paliskunnat.fi\/poh\/wp-json\/wp\/v2\/comments?post=2283"}],"version-history":[{"count":2,"href":"https:\/\/paliskunnat.fi\/poh\/wp-json\/wp\/v2\/pages\/2283\/revisions"}],"predecessor-version":[{"id":6671,"href":"https:\/\/paliskunnat.fi\/poh\/wp-json\/wp\/v2\/pages\/2283\/revisions\/6671"}],"up":[{"embeddable":true,"href":"https:\/\/paliskunnat.fi\/poh\/wp-json\/wp\/v2\/pages\/1049"}],"wp:attachment":[{"href":"https:\/\/paliskunnat.fi\/poh\/wp-json\/wp\/v2\/media?parent=2283"}],"curies":[{"name":"wp","href":"https:\/\/api.w.org\/{rel}","templated":true}]}}