{"id":280,"date":"2014-08-29T11:33:10","date_gmt":"2014-08-29T08:33:10","guid":{"rendered":"http:\/\/80.69.171.23\/py\/?page_id=280"},"modified":"2024-03-11T10:11:58","modified_gmt":"2024-03-11T08:11:58","slug":"ohttvuott-tead","status":"publish","type":"page","link":"https:\/\/paliskunnat.fi\/poh\/organisaatio\/ohttvuott-tead\/","title":{"rendered":"\u00f5httvu\u00f5tt-te\u00e2\u0111"},"content":{"rendered":"<h1>Paal\u01e5\u00e2skoo\u02b9ddi \u00f5htt\u00f5\u00f5zz \u00f5httvu\u00f5tt-te\u00e2\u0111<\/h1>\n\n<table id=\"tablepress-2\" class=\"tablepress tablepress-id-2\">\n<tbody>\n<tr class=\"row-1\">\n\t<td class=\"column-1\"><h3>P\u00e5\u00e5\u02b9\u0161taddr\u00f5s::<\/h3><\/td><td class=\"column-2\"><h3>J\u00e5\u00e5\u02b9ttemaddr\u00f5s:<\/h3><\/td>\n<\/tr>\n<tr class=\"row-2\">\n\t<td class=\"column-1\">Paliskuntain yhdistys<br \/>\nPL 8168<br \/>\n96101 Rovaniemi<\/td><td class=\"column-2\">Koskikatu 33 A<br \/>\n96100 Rovaniemi<\/td>\n<\/tr>\n<\/tbody>\n<\/table>\n<!-- #tablepress-2 from cache -->\n<h3><a href=\"https:\/\/paliskunnat.fi\/py\/organisaatio\/yhteystiedot\/henkilokunta\/\">Tu\u00e2jjla\u017ek\u00e5\u02b9dd<\/a><\/h3>\n<p><iframe loading=\"lazy\" style=\"border: 0;\" src=\"https:\/\/www.google.com\/maps\/embed?pb=!1m18!1m12!1m3!1d12721.380243447416!2d25.738921976954355!3d66.51196017000365!2m3!1f0!2f0!3f0!3m2!1i1024!2i768!4f13.1!3m3!1m2!1s0x442b4b8c5ef9044f%3A0xab51e3814533eb92!2sPaliskuntain+yhdistys!5e0!3m2!1sfi!2sfi!4v1409389539713\" width=\"650\" height=\"400\" frameborder=\"0\"><\/iframe><\/p>\n<h3><strong>Te\u00e2\u0111ai ouddm\u00f5\u0161 tu\u02b9t\u01e9\u01e9eem\u00e2\u00e2\u02b9nnma:<\/strong><\/h3>\n<p>Te\u00e2ttraukkm\u00f5\u0161 Paal\u01e5\u00e2skoo\u02b9ddi \u00f5htt\u00f5\u00f5zz rekistee\u02b9rest (printteem v\u00e4\u00e4ras,\u00a0<a href=\"https:\/\/paliskunnat.fi\/py\/wp-content\/uploads\/2014\/10\/tietopyynto_py_rekisterista.pdf\">PDF-te\u00e2tt\u00f5s<\/a>\u00a077 kt, l\u00e4\u00e4\u02b9dd\u01e9i\u00f5\u02b9lle)<\/p>\n<p>Te\u00e2ttraukkm\u00f5\u0161 Paal\u01e5\u00e2skoo\u02b9ddi \u00f5htt\u00f5\u00f5zz rekistee\u02b9rest (vu\u00e4itt raajj\u00e2d muttsid, <a href=\"https:\/\/paliskunnat.fi\/py\/wp-content\/uploads\/2014\/11\/tietopyynto_py_rekisterista.doc\">Word-te\u00e2tt\u00f5s<\/a>\u00a0194 kt, l\u00e4\u00e4\u02b9dd\u01e9i\u00f5\u02b9lle)<\/p>\n<p>&nbsp;<\/p>\n<p>&nbsp;<\/p>\n<p><!--more--><\/p>\n<h2>Te\u02b9lfon da ne\u02b9ttp\u00e5\u00e5\u02b9\u0161t<\/h2>\n<p>Te\u02b9lfon: 016 331 6000<br \/>\n&#107;i&#x72;j&#x61;a&#x6d;o&#x40;&#112;&#x61;&#108;&#x69;&#115;&#x6b;&#117;n&#110;a&#x74;&#46;&#x66;i<br \/>\nKoont\u00e2r \u00e4\u00e4vai arggpeei\u02b9vi<br \/>\n\u010di\u00e2ss\u00a08:00 &#8211; 16:00<\/p>\n<h2>Ne\u02b9ttlaskkaddr\u00f5s<\/h2>\n<p>OVT-ti\u00f5tt:<br \/>\n003701924045<br \/>\nOperaattoor:<br \/>\nBasWare (BAWCF122)<\/p>\n<p>P\u00f5\u02b9mmailaask addr\u00f5\u02b9sse:<br \/>\nPaliskuntain yhdistys<br \/>\n00064 ADMINISTER<\/p>\n<h2>Poromies-l\u00f5stt<\/h2>\n<p><a href=\"https:\/\/paliskunnat.fi\/po\/wp-content\/uploads\/2023\/12\/Poromies-lehti-mediakortti-2024.pdf\">Mediakortti 2024<\/a><\/p>\n<p>Tu\u00e5imtempiisar (te\u02b9lfon):<br \/>\n0400 633\u00a0159<\/p>\n<h2>WWW-linkkej\u00e4<\/h2>\n<p><a href=\"http:\/\/www.pororeseptit.fi\/\">www.pororeseptit.fi<\/a><\/p>\n<p><a href=\"http:\/\/www.facebook.com\/Paliskuntainyhdistys\">www.facebook.com\/<br \/>\nPaliskuntainyhdistys<\/a><\/p>\n<p><a href=\"https:\/\/www.facebook.com\/porokilpailijat\">www.facebook.com\/<br \/>\nporokilpailijat<\/a><\/p>\n<p><a href=\"http:\/\/www.facebook.com\/Pororeseptit\">www.facebook.com\/<br \/>\nPororeseptit<\/a><\/p>\n<p>&nbsp;<\/p>\n","protected":false},"excerpt":{"rendered":"<p>Paal\u01e5\u00e2skoo\u02b9ddi \u00f5htt\u00f5\u00f5zz \u00f5httvu\u00f5tt-te\u00e2\u0111 Tu\u00e2jjla\u017ek\u00e5\u02b9dd Te\u00e2\u0111ai ouddm\u00f5\u0161 tu\u02b9t\u01e9\u01e9eem\u00e2\u00e2\u02b9nnma: Te\u00e2ttraukkm\u00f5\u0161 Paal\u01e5\u00e2skoo\u02b9ddi \u00f5htt\u00f5\u00f5zz rekistee\u02b9rest (printteem v\u00e4\u00e4ras,\u00a0PDF-te\u00e2tt\u00f5s\u00a077 kt, l\u00e4\u00e4\u02b9dd\u01e9i\u00f5\u02b9lle) Te\u00e2ttraukkm\u00f5\u0161 Paal\u01e5\u00e2skoo\u02b9ddi \u00f5htt\u00f5\u00f5zz rekistee\u02b9rest (vu\u00e4itt raajj\u00e2d muttsid, Word-te\u00e2tt\u00f5s\u00a0194 kt, l\u00e4\u00e4\u02b9dd\u01e9i\u00f5\u02b9lle) &nbsp; &nbsp;<\/p>\n","protected":false},"author":1,"featured_media":0,"parent":5750,"menu_order":2,"comment_status":"open","ping_status":"closed","template":"","meta":{"footnotes":""},"class_list":["post-280","page","type-page","status-publish","hentry"],"aioseo_notices":[],"_links":{"self":[{"href":"https:\/\/paliskunnat.fi\/poh\/wp-json\/wp\/v2\/pages\/280","targetHints":{"allow":["GET"]}}],"collection":[{"href":"https:\/\/paliskunnat.fi\/poh\/wp-json\/wp\/v2\/pages"}],"about":[{"href":"https:\/\/paliskunnat.fi\/poh\/wp-json\/wp\/v2\/types\/page"}],"author":[{"embeddable":true,"href":"https:\/\/paliskunnat.fi\/poh\/wp-json\/wp\/v2\/users\/1"}],"replies":[{"embeddable":true,"href":"https:\/\/paliskunnat.fi\/poh\/wp-json\/wp\/v2\/comments?post=280"}],"version-history":[{"count":7,"href":"https:\/\/paliskunnat.fi\/poh\/wp-json\/wp\/v2\/pages\/280\/revisions"}],"predecessor-version":[{"id":7148,"href":"https:\/\/paliskunnat.fi\/poh\/wp-json\/wp\/v2\/pages\/280\/revisions\/7148"}],"up":[{"embeddable":true,"href":"https:\/\/paliskunnat.fi\/poh\/wp-json\/wp\/v2\/pages\/5750"}],"wp:attachment":[{"href":"https:\/\/paliskunnat.fi\/poh\/wp-json\/wp\/v2\/media?parent=280"}],"curies":[{"name":"wp","href":"https:\/\/api.w.org\/{rel}","templated":true}]}}