{"id":287,"date":"2014-08-29T11:43:49","date_gmt":"2014-08-29T08:43:49","guid":{"rendered":"http:\/\/80.69.171.23\/py\/?page_id=287"},"modified":"2020-03-22T17:30:53","modified_gmt":"2020-03-22T15:30:53","slug":"raajjaaid","status":"publish","type":"page","link":"https:\/\/paliskunnat.fi\/poh\/organisaatio\/raajjaaid\/","title":{"rendered":"Raajj\u00e4\u00e4id"},"content":{"rendered":"<h2>V\u00e4\u02b9lddkoo\u02b9ddi k\u00f5skksa\u017e raajjpu\u00e4\u0292\u0292c\u00f5gg\u00e2m\u00e4\u00e4id<\/h2>\n<p>Paal\u01e5\u00e2skoo\u02b9ddi \u00f5htt\u00f5s va\u02b9sttad m\u00e4dd- da me\u00e4\u02b9cct\u00e4\u00e4llministeria tu\u00e2jjanouddm\u00f5\u00f5\u017e\u017e\u00e2st v\u00e4\u02b9lddkoo\u02b9ddi raajin \u00e5\u00e5rrai pu\u00e4\u0292\u0292c\u00f5gg\u00e2m\u00e4\u00e4idi kudd\u00e2n\u00e2\u00e2\u02b9nnmest da vu\u00e2\u0111\u0111teevvmest. Pu\u00e4\u0292\u0292\u00e4\u00e4id lie rajjum Ru\u00f5\u0161\u0161j\u00e2nnam da Taarrj\u00e2nnam vu\u00e2sttsa\u017e raajid. T\u00f5i mie\u02b9rren lij tu\u00e4rjjeed pu\u00f5cci \u01e9i\u00f5\u010d\u010dm\u00f5\u00f5\u017e\u017e da c\u00f5gg\u00e2d pu\u00f5cci j\u00e5\u00e5ttm\u00f5\u00f5\u017e\u017e v\u00e4\u02b9lddkoo\u02b9ddi raaji r\u00e2\u00e2st. Taarrj\u00e2nnmin \u00e4\u00e4id \u00e2\u00e2\u02b9net kudd\u00e2n ju\u00f5kkum kudd\u00e2n\u00e2\u00e2\u02b9nnem va\u02b9stt\u00f5svuu\u02b9di me\u00e2ldl\u00e2nji. Ru\u00f5\u0161\u0161j\u00e2nnam vu\u00e2sttsa\u017e raaj\u00e2st pu\u00e4\u0292\u0292c\u00f5gg\u00e2m\u00e4\u00e4id raajjmest da kudd\u00e2n\u00e2\u00e2\u02b9nnmest va\u02b9sttad L\u00e4\u00e4\u02b9ddj\u00e2nnam.<\/p>\n\n\t\t<style type=\"text\/css\">\n\t\t\t#gallery-1 {\n\t\t\t\tmargin: auto;\n\t\t\t}\n\t\t\t#gallery-1 .gallery-item {\n\t\t\t\tfloat: left;\n\t\t\t\tmargin-top: 10px;\n\t\t\t\ttext-align: center;\n\t\t\t\twidth: 33%;\n\t\t\t}\n\t\t\t#gallery-1 img {\n\t\t\t\tborder: 2px solid #cfcfcf;\n\t\t\t}\n\t\t\t#gallery-1 .gallery-caption {\n\t\t\t\tmargin-left: 0;\n\t\t\t}\n\t\t\t\/* see gallery_shortcode() in wp-includes\/media.php *\/\n\t\t<\/style>\n\t\t<div id='gallery-1' class='gallery galleryid-287 gallery-columns-3 gallery-size-thumbnail'><dl class='gallery-item'>\n\t\t\t<dt class='gallery-icon landscape'>\n\t\t\t\t<a href='https:\/\/paliskunnat.fi\/poh\/wp-content\/uploads\/2014\/08\/aitakuva_01.jpg' rel=\"lightbox[287]\"><img loading=\"lazy\" decoding=\"async\" width=\"150\" height=\"150\" src=\"https:\/\/paliskunnat.fi\/poh\/wp-content\/uploads\/2014\/08\/aitakuva_01-150x150.jpg\" class=\"attachment-thumbnail size-thumbnail\" alt=\"\" \/><\/a>\n\t\t\t<\/dt><\/dl><dl class='gallery-item'>\n\t\t\t<dt class='gallery-icon landscape'>\n\t\t\t\t<a href='https:\/\/paliskunnat.fi\/poh\/wp-content\/uploads\/2014\/08\/aitakuva_02.jpg' rel=\"lightbox[287]\"><img loading=\"lazy\" decoding=\"async\" width=\"150\" height=\"150\" src=\"https:\/\/paliskunnat.fi\/poh\/wp-content\/uploads\/2014\/08\/aitakuva_02-150x150.jpg\" class=\"attachment-thumbnail size-thumbnail\" alt=\"\" \/><\/a>\n\t\t\t<\/dt><\/dl><dl class='gallery-item'>\n\t\t\t<dt class='gallery-icon portrait'>\n\t\t\t\t<a href='https:\/\/paliskunnat.fi\/poh\/wp-content\/uploads\/2014\/08\/aitakuva_03.jpg' rel=\"lightbox[287]\"><img loading=\"lazy\" decoding=\"async\" width=\"150\" height=\"150\" src=\"https:\/\/paliskunnat.fi\/poh\/wp-content\/uploads\/2014\/08\/aitakuva_03-150x150.jpg\" class=\"attachment-thumbnail size-thumbnail\" alt=\"\" \/><\/a>\n\t\t\t<\/dt><\/dl><br style=\"clear: both\" \/><dl class='gallery-item'>\n\t\t\t<dt class='gallery-icon landscape'>\n\t\t\t\t<a href='https:\/\/paliskunnat.fi\/poh\/wp-content\/uploads\/2014\/08\/aitakuva_04.jpg' rel=\"lightbox[287]\"><img loading=\"lazy\" decoding=\"async\" width=\"150\" height=\"150\" src=\"https:\/\/paliskunnat.fi\/poh\/wp-content\/uploads\/2014\/08\/aitakuva_04-150x150.jpg\" class=\"attachment-thumbnail size-thumbnail\" alt=\"\" \/><\/a>\n\t\t\t<\/dt><\/dl><dl class='gallery-item'>\n\t\t\t<dt class='gallery-icon landscape'>\n\t\t\t\t<a href='https:\/\/paliskunnat.fi\/poh\/wp-content\/uploads\/2014\/08\/aitakuva_05.jpg' rel=\"lightbox[287]\"><img loading=\"lazy\" decoding=\"async\" width=\"150\" height=\"150\" src=\"https:\/\/paliskunnat.fi\/poh\/wp-content\/uploads\/2014\/08\/aitakuva_05-150x150.jpg\" class=\"attachment-thumbnail size-thumbnail\" alt=\"\" \/><\/a>\n\t\t\t<\/dt><\/dl><dl class='gallery-item'>\n\t\t\t<dt class='gallery-icon landscape'>\n\t\t\t\t<a href='https:\/\/paliskunnat.fi\/poh\/wp-content\/uploads\/2014\/08\/aitakuva_06.jpg' rel=\"lightbox[287]\"><img loading=\"lazy\" decoding=\"async\" width=\"150\" height=\"150\" src=\"https:\/\/paliskunnat.fi\/poh\/wp-content\/uploads\/2014\/08\/aitakuva_06-150x150.jpg\" class=\"attachment-thumbnail size-thumbnail\" alt=\"\" \/><\/a>\n\t\t\t<\/dt><\/dl><br style=\"clear: both\" \/>\n\t\t<\/div>\n\n<p>&nbsp;<\/p>\n<p>\u00c4\u00e4id lij Ru\u00f5\u0161\u0161j\u00e2nnam da Taarrj\u00e2nnam vu\u00e2sttsa\u017e raajin \u00f5httsi\u02b9\u017e\u017ee 1\u00a0200 \u01e9ilomettred. Ru\u00f5\u0161\u0161j\u00e2nnam vu\u00e2sttsa\u017e raaj\u00e2st \u00e4\u00e4id lij 750 \u01e9m da Taarrj\u00e2nnam vu\u00e2sttsa\u017e raaj\u00e2st 450 \u01e9m. Raajj\u00e2m- da kudd\u00e2n\u00e2\u00e2\u02b9nnemkuulid m\u00e4\u00e4u\u02b9set pu\u00e4\u0292\u0292h\u00e5iddl\u00e4\u00e4\u02b9jj (<a href=\"https:\/\/www.finlex.fi\/fi\/laki\/ajantasa\/1990\/19900848\"><strong>848\/1990<\/strong><\/a>)\u00a0<a href=\"https:\/\/www.finlex.fi\/fi\/laki\/ajantasa\/1990\/19900848#P39\"><strong>39.3 \u00a7<\/strong><\/a> me\u00e2ldl\u00e2nji riikk vaa\u02b9rin. \u00c4\u00e4id vu\u00e2\u0111\u0111\u00e2\u02b9vve j\u00e2nnmi k\u00f5skksa\u017e riikksu\u00e5ppm\u00f5\u00f5\u017e\u017eid.<\/p>\n<p>C\u00f5gg\u00e2m\u00e4\u00e4id da za\u02b9vodp\u00f5\u00f5rti raajjm\u00f5\u00f5\u017e\u017e da kudd\u00e2n\u00e2\u00e2nnm\u00f5\u00f5\u017e\u017e \u010d\u00f5\u00f5\u0111 viikk\u00e2m di\u00f5tt Paal\u01e5\u00e2skoo\u02b9ddi \u00f5htt\u00f5\u00f5zz k\u00e4\u00e4zzk\u00f5\u00f5zz\u00e2st tu\u00e5immje 50 vue\u02b9ss\u00e4iggsa\u017e \u00e4iddooum\u017eed 21 jee\u02b9res paal\u01e5\u00e2sk\u00e5\u00e5\u02b9dd vuu\u02b9dest. Vu\u00e2\u0111\u0111teevvamtu\u00e2jaid rekryt\u00e2\u00e2\u02b9stet l\u00e2\u00e2\u02b9ssen ju\u00f5\u02b9\u01e9\u01e9 ee\u02b9jj taarb\u0161um me\u00e4\u02b9r ve\u00e4\u02b9\u01e9\u01e9tu\u00e2jjlaid. Tu\u00e2j j\u00e5\u00e5\u02b9\u0111at da organis\u00e2stt \u00e4iddtu\u00e2jj-j\u00e5\u00e5\u02b9\u0111teei.<\/p>\n<p>\u00c4iddoummi da tu\u00e2jj-jott\u00e2z l\u00e2\u00e2\u02b9ssen \u00e2\u00e2\u02b9nnmest lie 19 za\u02b9vodp\u00f5rtt\u00e2d le\u02b9be \u01e9e\u00e2mppad. \u01e8e\u00e2mp lie \u010di\u010d\u010d\u00e2m k\u00e5\u00e5\u02b9dd da 14 paal\u01e5\u00e2sk\u00e5\u00e5\u02b9dd vuu\u02b9dest.<\/p>\n<p>L\u00e2\u00e2\u02b9sste\u00e2\u0111 <a href=\"https:\/\/paliskunnat.fi\/py\/organisaatio\/yhteystiedot\/henkilokunta\/#rajaporoaidat\"><strong>\u00e4iddtu\u00e2jj-j\u00e5\u00e5\u02b9\u0111tee\u02b9jest<\/strong><\/a><\/p>\n<p>&nbsp;<\/p>\n","protected":false},"excerpt":{"rendered":"<p>V\u00e4\u02b9lddkoo\u02b9ddi k\u00f5skksa\u017e raajjpu\u00e4\u0292\u0292c\u00f5gg\u00e2m\u00e4\u00e4id Paal\u01e5\u00e2skoo\u02b9ddi \u00f5htt\u00f5s va\u02b9sttad m\u00e4dd- da me\u00e4\u02b9cct\u00e4\u00e4llministeria tu\u00e2jjanouddm\u00f5\u00f5\u017e\u017e\u00e2st v\u00e4\u02b9lddkoo\u02b9ddi raajin \u00e5\u00e5rrai pu\u00e4\u0292\u0292c\u00f5gg\u00e2m\u00e4\u00e4idi kudd\u00e2n\u00e2\u00e2\u02b9nnmest da vu\u00e2\u0111\u0111teevvmest. Pu\u00e4\u0292\u0292\u00e4\u00e4id lie rajjum Ru\u00f5\u0161\u0161j\u00e2nnam da Taarrj\u00e2nnam vu\u00e2sttsa\u017e raajid. T\u00f5i mie\u02b9rren lij tu\u00e4rjjeed pu\u00f5cci \u01e9i\u00f5\u010d\u010dm\u00f5\u00f5\u017e\u017e da c\u00f5gg\u00e2d pu\u00f5cci j\u00e5\u00e5ttm\u00f5\u00f5\u017e\u017e v\u00e4\u02b9lddkoo\u02b9ddi raaji r\u00e2\u00e2st. Taarrj\u00e2nnmin \u00e4\u00e4id \u00e2\u00e2\u02b9net kudd\u00e2n ju\u00f5kkum kudd\u00e2n\u00e2\u00e2\u02b9nnem va\u02b9stt\u00f5svuu\u02b9di me\u00e2ldl\u00e2nji. Ru\u00f5\u0161\u0161j\u00e2nnam vu\u00e2sttsa\u017e raaj\u00e2st pu\u00e4\u0292\u0292c\u00f5gg\u00e2m\u00e4\u00e4id raajjmest da kudd\u00e2n\u00e2\u00e2\u02b9nnmest va\u02b9sttad L\u00e4\u00e4\u02b9ddj\u00e2nnam. [&hellip;]<\/p>\n","protected":false},"author":1,"featured_media":0,"parent":5750,"menu_order":4,"comment_status":"open","ping_status":"closed","template":"","meta":{"footnotes":""},"class_list":["post-287","page","type-page","status-publish","hentry"],"aioseo_notices":[],"_links":{"self":[{"href":"https:\/\/paliskunnat.fi\/poh\/wp-json\/wp\/v2\/pages\/287","targetHints":{"allow":["GET"]}}],"collection":[{"href":"https:\/\/paliskunnat.fi\/poh\/wp-json\/wp\/v2\/pages"}],"about":[{"href":"https:\/\/paliskunnat.fi\/poh\/wp-json\/wp\/v2\/types\/page"}],"author":[{"embeddable":true,"href":"https:\/\/paliskunnat.fi\/poh\/wp-json\/wp\/v2\/users\/1"}],"replies":[{"embeddable":true,"href":"https:\/\/paliskunnat.fi\/poh\/wp-json\/wp\/v2\/comments?post=287"}],"version-history":[{"count":3,"href":"https:\/\/paliskunnat.fi\/poh\/wp-json\/wp\/v2\/pages\/287\/revisions"}],"predecessor-version":[{"id":6579,"href":"https:\/\/paliskunnat.fi\/poh\/wp-json\/wp\/v2\/pages\/287\/revisions\/6579"}],"up":[{"embeddable":true,"href":"https:\/\/paliskunnat.fi\/poh\/wp-json\/wp\/v2\/pages\/5750"}],"wp:attachment":[{"href":"https:\/\/paliskunnat.fi\/poh\/wp-json\/wp\/v2\/media?parent=287"}],"curies":[{"name":"wp","href":"https:\/\/api.w.org\/{rel}","templated":true}]}}