{"id":3463,"date":"2015-04-22T14:35:03","date_gmt":"2015-04-22T11:35:03","guid":{"rendered":"http:\/\/80.69.171.23\/py\/?page_id=3463"},"modified":"2020-03-22T19:07:39","modified_gmt":"2020-03-22T17:07:39","slug":"pilttarekisterit","status":"publish","type":"page","link":"https:\/\/paliskunnat.fi\/poh\/vuapstummus\/pilttarekisterit\/","title":{"rendered":"Piilt\u00e2\u01e9rekistee\u02b9r da piilt\u00e2\u01e9"},"content":{"rendered":"<h2>Piilt\u00e2\u01e9rekistee\u02b9r da piilt\u00e2\u01e9<\/h2>\n<p>Pu\u00f5ccu pee\u02b9lljid pijjum piilt\u01e9id \u00e2\u00e2\u02b9net l\u00e2\u00e2\u02b9ssmi\u00e2rkk\u00e2n pu\u00f5ccui tobdstumm\u0161est. L\u00e2\u00e2\u02b9ssmi\u00e2rk lie tarbbs\u00f5s ouddmi\u00e2rkk\u00e2n ko kaaup\u0161et jie\u02b9lli, ju\u02b9n mie\u02b9r\u01e9\u01e9uum pu\u00f5ccuid. Paal\u01e5\u00e2skoo\u02b9ddi \u00f5htt\u00f5\u00f5zz p\u00e4\u00e4i\u02b9\u01e9 ti\u02b9ll\u02bcjuum piilt\u01e9in \u00e2\u00e2\u02b9net kuei\u02b9t eeu\u02b9n: viskk\u00e2d-ru\u00e2nn eeu\u02b9n pukin pu\u00f5ccuin da ru\u00f5\u02b9psses eeu\u02b9n \u0161\u00f5kks\u00e2rvvsin. Piilt\u00e2\u01e9 \u00e5\u00e5\u02b9respe\u00e4lla tie\u02b9ddet paal\u01e5\u00e2sk\u00e5\u00e5\u02b9dd n\u00e2\u00e2mar da joo\u02b9tti rekistern\u00e2\u00e2mar. Nje\u02b9\u014b\u014bl\u00f5spe\u00e4lla pu\u00e4\u0292\u0292vu\u00e4\u02b9msteei vu\u00e4itt piijj\u00e2d suu haa\u02b9l\u00e4\u00e4m tobdstemte\u00e2\u0111aid. Piilt\u00e2\u01e9 \u00e5\u00e5\u02b9ble\u01e9 lie jorbb le\u02b9be vu\u00f5igg\u010di\u00f5kk. Jorbb piilt\u01e9a \u0161e\u00e2tt ku\u00e2httmlo mi\u00e2rkk\u00e2d da vu\u00f5igg\u010di\u00f5\u02b9\u01e9\u01e9e k\u00e4\u00e4u\u02b9c.<\/p>\n<p><a href=\"https:\/\/paliskunnat.fi\/py\/wp-content\/uploads\/2014\/10\/piltat-aa.jpg\" rel=\"lightbox[397]\"><img loading=\"lazy\" decoding=\"async\" class=\"alignnone wp-image-1745\" src=\"https:\/\/paliskunnat.fi\/py\/wp-content\/uploads\/2014\/10\/piltat-aa.jpg\" alt=\"Piltat\" width=\"500\" height=\"275\" srcset=\"https:\/\/paliskunnat.fi\/poh\/wp-content\/uploads\/2014\/10\/piltat-aa.jpg 1000w, https:\/\/paliskunnat.fi\/poh\/wp-content\/uploads\/2014\/10\/piltat-aa-300x165.jpg 300w, https:\/\/paliskunnat.fi\/poh\/wp-content\/uploads\/2014\/10\/piltat-aa-768x422.jpg 768w\" sizes=\"auto, (max-width: 500px) 100vw, 500px\" \/><\/a><\/p>\n<p>\u00d5htt\u00f5\u00f5zz p\u00e4\u00e4i\u02b9\u01e9 ti\u02b9ll\u02bcjuum piilt\u01e9id mie\u02b9r\u01e9\u01e9eet piilt\u00e2\u01e9rekisteera, ku\u00e4\u02b9ss pu\u00e4\u0292\u0292vu\u00e4\u02b9msteei k\u00e4unnai rekistee\u02b9rest piilt\u00e2\u01e9n\u00e2\u00e2mrin. Jee\u02b9res ko Paal\u01e5\u00e2skoo\u02b9ddi \u00f5htt\u00f5\u00f5zz p\u00e4\u00e4i\u02b9\u01e9 ti\u02b9ll\u02bcjuum piilt\u01e9in je\u00e4\u02b9t tu\u00f5\u02b9lle veer\u01e5la\u017e rekistee\u02b9r.<\/p>\n<p>Paal\u01e5\u00e2skoo\u02b9ddi \u00f5htt\u00f5s tu\u00f5\u02b9llai veer\u01e5la\u017e rekistee\u02b9r maatk\u010dem da \u01e9e\u00e2\u0161ttpu\u00f5ccuin.<\/p>\n<p>L\u00e2\u00e2\u02b9sste\u00e2\u0111 piilt\u01e9in da piilt\u00e2\u01e9rekistee\u02b9rest: <a href=\"https:\/\/paliskunnat.fi\/py\/organisaatio\/yhteystiedot\/henkilokunta\/#Valkama\"><strong>koont\u00e2rpiisar<\/strong><\/a><\/p>\n<h3>Vu\u00e4\u02b9pp\u00f5\u00f5zz maatk\u010dempu\u00f5ccui piilt\u01e9i piijjmest<\/h3>\n<p>Pu\u00f5ccu, koozz piij\u00e2t piilt\u00e2\u01e9 \u00e2lgg lee\u02b9d p\u00e2\u02b9jjel 3-\u00e2kksa\u017e \u00e5\u00e5\u02b9respu\u00e4\u0292\u0292, le\u02b9be s\u00e2\u00e2\u02b9rves le\u02b9be je\u00e4\u02b9r\u01e7\u01e7, maatk\u010dem\u00e2\u00e2\u02b9nnma \u0161koou\u02b9l\u02bcjum da tu\u00f5\u0111i maatk\u010dempu\u00e4ccjen \u00f5nnum. \u0160koou\u02b9l\u02bcjum maatk\u010dempu\u00f5ccu vu\u00e4itt lai\u02b9ddjed, \u01e9e\u00e4ssted da \u00e2\u00e2\u02b9nned \u01e9ie\u02b9ssempu\u00f5ccjen. Pu\u00e4\u0292\u0292 lij harjjnam oouma\u017ejooukid da t\u00f5n \u00e2\u00e2\u02b9net maatk\u010demtu\u00e5immjumm\u0161est.<\/p>\n<p>Maatk\u010dempu\u00e4\u0292\u0292piilt\u00e2\u01e9 vu\u00e4\u01ef\u01efai pu\u00e4\u0292\u0292 puu\u02b9tat t\u00e4ll\u00f5\u00f5zzla\u017e \u00e4\u00e4u\u02b9\u01e9 suu vu\u00e4\u02b9msteeja. Maatk\u010dempu\u00e4\u0292\u0292rekistee\u02b9r tu\u00f5\u02b9ll\u02bcjet Paal\u01e5\u00e2skoo\u02b9ddi \u00f5htt\u00f5\u00f5zz\u00e2st. Maatk\u010dempu\u00f5ccu vu\u00e4\u02b9msteei \u00e2lgg i\u02b9lmmted m\u00e2\u00e2\u02b9jee\u01e9\u00e2ni <a href=\"https:\/\/paliskunnat.fi\/py\/organisaatio\/yhteystiedot\/\"><strong>\u00f5htt\u00f5\u02b9sse<\/strong><\/a>, j\u00f5s pu\u00f5ccu v\u00e4\u00e4\u02b9ldet me\u00e4dda maatk\u010dem\u00e2\u00e2\u02b9nnmest, t\u00f5n kaaup\u0161et, k\u00e5\u00e5\u02b9ddet le\u02b9be t\u00f5t mu\u0111oi pr\u00e5ppad.<\/p>\n<p>&nbsp;<\/p>\n<p>&nbsp;<\/p>\n","protected":false},"excerpt":{"rendered":"<p>Piilt\u00e2\u01e9rekistee\u02b9r da piilt\u00e2\u01e9 Pu\u00f5ccu pee\u02b9lljid pijjum piilt\u01e9id \u00e2\u00e2\u02b9net l\u00e2\u00e2\u02b9ssmi\u00e2rkk\u00e2n pu\u00f5ccui tobdstumm\u0161est. L\u00e2\u00e2\u02b9ssmi\u00e2rk lie tarbbs\u00f5s ouddmi\u00e2rkk\u00e2n ko kaaup\u0161et jie\u02b9lli, ju\u02b9n mie\u02b9r\u01e9\u01e9uum pu\u00f5ccuid. Paal\u01e5\u00e2skoo\u02b9ddi \u00f5htt\u00f5\u00f5zz p\u00e4\u00e4i\u02b9\u01e9 ti\u02b9ll\u02bcjuum piilt\u01e9in \u00e2\u00e2\u02b9net kuei\u02b9t eeu\u02b9n: viskk\u00e2d-ru\u00e2nn eeu\u02b9n pukin pu\u00f5ccuin da ru\u00f5\u02b9psses eeu\u02b9n \u0161\u00f5kks\u00e2rvvsin. Piilt\u00e2\u01e9 \u00e5\u00e5\u02b9respe\u00e4lla tie\u02b9ddet paal\u01e5\u00e2sk\u00e5\u00e5\u02b9dd n\u00e2\u00e2mar da joo\u02b9tti rekistern\u00e2\u00e2mar. Nje\u02b9\u014b\u014bl\u00f5spe\u00e4lla pu\u00e4\u0292\u0292vu\u00e4\u02b9msteei vu\u00e4itt piijj\u00e2d suu haa\u02b9l\u00e4\u00e4m tobdstemte\u00e2\u0111aid. Piilt\u00e2\u01e9 \u00e5\u00e5\u02b9ble\u01e9 lie [&hellip;]<\/p>\n","protected":false},"author":1,"featured_media":0,"parent":5749,"menu_order":4,"comment_status":"open","ping_status":"closed","template":"","meta":{"footnotes":""},"class_list":["post-3463","page","type-page","status-publish","hentry"],"aioseo_notices":[],"_links":{"self":[{"href":"https:\/\/paliskunnat.fi\/poh\/wp-json\/wp\/v2\/pages\/3463","targetHints":{"allow":["GET"]}}],"collection":[{"href":"https:\/\/paliskunnat.fi\/poh\/wp-json\/wp\/v2\/pages"}],"about":[{"href":"https:\/\/paliskunnat.fi\/poh\/wp-json\/wp\/v2\/types\/page"}],"author":[{"embeddable":true,"href":"https:\/\/paliskunnat.fi\/poh\/wp-json\/wp\/v2\/users\/1"}],"replies":[{"embeddable":true,"href":"https:\/\/paliskunnat.fi\/poh\/wp-json\/wp\/v2\/comments?post=3463"}],"version-history":[{"count":3,"href":"https:\/\/paliskunnat.fi\/poh\/wp-json\/wp\/v2\/pages\/3463\/revisions"}],"predecessor-version":[{"id":6743,"href":"https:\/\/paliskunnat.fi\/poh\/wp-json\/wp\/v2\/pages\/3463\/revisions\/6743"}],"up":[{"embeddable":true,"href":"https:\/\/paliskunnat.fi\/poh\/wp-json\/wp\/v2\/pages\/5749"}],"wp:attachment":[{"href":"https:\/\/paliskunnat.fi\/poh\/wp-json\/wp\/v2\/media?parent=3463"}],"curies":[{"name":"wp","href":"https:\/\/api.w.org\/{rel}","templated":true}]}}