{"id":388,"date":"2014-10-20T10:38:23","date_gmt":"2014-10-20T07:38:23","guid":{"rendered":"http:\/\/80.69.171.23\/py\/?page_id=388"},"modified":"2020-03-22T19:08:55","modified_gmt":"2020-03-22T17:08:55","slug":"skoouljummus","status":"publish","type":"page","link":"https:\/\/paliskunnat.fi\/poh\/vuapstummus\/skoouljummus\/","title":{"rendered":"\u0160koou\u02b9l\u2019jummu\u0161"},"content":{"rendered":"<h1>\u0160koou\u02b9l\u2019jummu\u0161<\/h1>\n<p>Paal\u01e5\u00e2skoo\u02b9ddi \u00f5htt\u00f5s re\u00e4\u0161\u0161 o\u0111\u0111 da eman altt\u00e4\u00e4m pu\u00e4\u0292\u0292ee\u02b9\u017e\u017eiid da hallt\u00f5\u00f5zz vu\u00e4zzlaid \u0161koou\u02b9l\u02bcjummu\u017e paal\u01e5\u00e2sk\u00e5\u00e5\u02b9dd vaald\u0161mest tu\u00e5immjumm\u0161est. K\u00e5\u02b9\u0161\u0161elhoi\u02b9ddjeei \u0161koou\u02b9l\u02bcjet taarb\u0161e\u02b9mmen. Paal\u01e5\u00e2skoo\u02b9ddi \u00f5htt\u00f5s re\u00e4\u0161\u0161 ju\u00f5\u02b9\u01e9\u01e9 ee\u02b9jj pu\u00e4\u0292\u0292- da v\u00e4\u00e4rrpu\u00e4\u0292\u0292ee\u02b9\u017e\u017eii \u00a0\u0161koou\u02b9l\u02bcjempeei\u02b9vid di \u00e4\u02b9httemp\u00e4i\u02b9\u01e9\u01e9ouddoummi \u0161koou\u02b9l\u02bcjempeei\u02b9vid. L\u00e2\u00e2\u02b9ssen ri\u00e2\u0161\u0161\u00e2p \u0161kooult\u00f5\u00f5zz \u0161e jee\u02b9res jooukid j\u00e5\u00e5ttl\u00f5ksk\u00e4\u00e4\u0111\u0111arvvt\u00f5\u00f5lljen tu\u00e5immjumm\u0161est, pu\u00f5cci je\u00e4ll\u02bcjen j\u00e5\u00e5\u02b9\u0111tumm\u0161est da jee\u02b9res pu\u00e4\u0292\u0292tallu \u00f5httneei aa\u02b9\u0161\u0161in.<\/p>\n<p>K\u00f5\u00f5jj l\u00e2\u00e2\u02b9sste\u00e2\u0111aid \u0161koou\u02b9l\u02bcjumm\u0161in da mu\u0161tt\u00e2l ideaid vuei\u02b9tlva\u017e \u0161koou\u02b9l\u02bcjemtaarbin: <a href=\"http:\/\/paliskunnat.fi\/py\/organisaatio\/yhteystiedot\/henkilokunta\/#porotalousneuvojat\"><strong>pu\u00e4\u0292\u0292t\u00e4\u00e4llvu\u00e4\u02b9psteei<\/strong><\/a><\/p>\n<p>&nbsp;<\/p>\n<p>&nbsp;<\/p>\n","protected":false},"excerpt":{"rendered":"<p>\u0160koou\u02b9l\u2019jummu\u0161 Paal\u01e5\u00e2skoo\u02b9ddi \u00f5htt\u00f5s re\u00e4\u0161\u0161 o\u0111\u0111 da eman altt\u00e4\u00e4m pu\u00e4\u0292\u0292ee\u02b9\u017e\u017eiid da hallt\u00f5\u00f5zz vu\u00e4zzlaid \u0161koou\u02b9l\u02bcjummu\u017e paal\u01e5\u00e2sk\u00e5\u00e5\u02b9dd vaald\u0161mest tu\u00e5immjumm\u0161est. K\u00e5\u02b9\u0161\u0161elhoi\u02b9ddjeei \u0161koou\u02b9l\u02bcjet taarb\u0161e\u02b9mmen. Paal\u01e5\u00e2skoo\u02b9ddi \u00f5htt\u00f5s re\u00e4\u0161\u0161 ju\u00f5\u02b9\u01e9\u01e9 ee\u02b9jj pu\u00e4\u0292\u0292- da v\u00e4\u00e4rrpu\u00e4\u0292\u0292ee\u02b9\u017e\u017eii \u00a0\u0161koou\u02b9l\u02bcjempeei\u02b9vid di \u00e4\u02b9httemp\u00e4i\u02b9\u01e9\u01e9ouddoummi \u0161koou\u02b9l\u02bcjempeei\u02b9vid. L\u00e2\u00e2\u02b9ssen ri\u00e2\u0161\u0161\u00e2p \u0161kooult\u00f5\u00f5zz \u0161e jee\u02b9res jooukid j\u00e5\u00e5ttl\u00f5ksk\u00e4\u00e4\u0111\u0111arvvt\u00f5\u00f5lljen tu\u00e5immjumm\u0161est, pu\u00f5cci je\u00e4ll\u02bcjen j\u00e5\u00e5\u02b9\u0111tumm\u0161est da jee\u02b9res pu\u00e4\u0292\u0292tallu \u00f5httneei aa\u02b9\u0161\u0161in. K\u00f5\u00f5jj l\u00e2\u00e2\u02b9sste\u00e2\u0111aid \u0161koou\u02b9l\u02bcjumm\u0161in da mu\u0161tt\u00e2l ideaid vuei\u02b9tlva\u017e \u0161koou\u02b9l\u02bcjemtaarbin: [&hellip;]<\/p>\n","protected":false},"author":1,"featured_media":0,"parent":5749,"menu_order":5,"comment_status":"open","ping_status":"closed","template":"","meta":{"footnotes":""},"class_list":["post-388","page","type-page","status-publish","hentry"],"aioseo_notices":[],"_links":{"self":[{"href":"https:\/\/paliskunnat.fi\/poh\/wp-json\/wp\/v2\/pages\/388","targetHints":{"allow":["GET"]}}],"collection":[{"href":"https:\/\/paliskunnat.fi\/poh\/wp-json\/wp\/v2\/pages"}],"about":[{"href":"https:\/\/paliskunnat.fi\/poh\/wp-json\/wp\/v2\/types\/page"}],"author":[{"embeddable":true,"href":"https:\/\/paliskunnat.fi\/poh\/wp-json\/wp\/v2\/users\/1"}],"replies":[{"embeddable":true,"href":"https:\/\/paliskunnat.fi\/poh\/wp-json\/wp\/v2\/comments?post=388"}],"version-history":[{"count":1,"href":"https:\/\/paliskunnat.fi\/poh\/wp-json\/wp\/v2\/pages\/388\/revisions"}],"predecessor-version":[{"id":6744,"href":"https:\/\/paliskunnat.fi\/poh\/wp-json\/wp\/v2\/pages\/388\/revisions\/6744"}],"up":[{"embeddable":true,"href":"https:\/\/paliskunnat.fi\/poh\/wp-json\/wp\/v2\/pages\/5749"}],"wp:attachment":[{"href":"https:\/\/paliskunnat.fi\/poh\/wp-json\/wp\/v2\/media?parent=388"}],"curies":[{"name":"wp","href":"https:\/\/api.w.org\/{rel}","templated":true}]}}