{"id":397,"date":"2014-10-20T10:48:24","date_gmt":"2014-10-20T07:48:24","guid":{"rendered":"http:\/\/80.69.171.23\/py\/?page_id=397"},"modified":"2020-03-23T14:49:59","modified_gmt":"2020-03-23T12:49:59","slug":"pelljmiark","status":"publish","type":"page","link":"https:\/\/paliskunnat.fi\/poh\/vuapstummus\/pelljmiark\/","title":{"rendered":"Pe\u02b9lljmi\u00e2rk"},"content":{"rendered":"<h2>Pe\u02b9lljmi\u00e2rk<\/h2>\n<p>Pu\u00f5ccu vu\u00e4\u02b9mstet da ju\u00f5\u02b9\u01e9\u01e9 pu\u00f5ccu pee\u02b9lljid mie\u02b9r\u01e9\u01e9eet suu vu\u00e4\u02b9msteeja rekister\u00f5sttum veer\u01e5la\u017e pe\u02b9lljmi\u00e2rkid. Paal\u01e5\u00e2skoo\u02b9ddi \u00f5htt\u00f5s tu\u00f5\u02b9llai pe\u02b9lljmi\u00e2rkkrekistee\u02b9r da tu\u00e5immai ve\u02b9r\u01e7\u01e7ne\u02b9\u01e9\u01e9en pe\u02b9lljmi\u00e2rkkaa\u02b9\u0161\u0161in (PHL\u00a0<a href=\"https:\/\/www.finlex.fi\/fi\/laki\/ajantasa\/1990\/19900848\"><strong>848\/1990<\/strong><\/a>).<\/p>\n<p>Pe\u02b9lljmi\u00e2rki snaaidid kovveet nu\u02b9tt pirst\u00f5\u00f5zzivui\u02b9m ko saa\u02b9nivui\u02b9m. Ju\u00f5\u02b9\u01e9\u01e9 pe\u02b9lljmi\u00e2rkk lij jii\u02b9jjesnall\u0161em ku\u00e4llas jee\u02b9resnall\u0161em snaaidid. Pe\u02b9lljmi\u00e2rk lookkm\u00f5\u00f5\u017e\u017e altteet pu\u00f5ccu vu\u00e4\u02b9ljspee\u02b9lljest, pee\u02b9llj \u01e9ie\u02b9jjest maddja \u00e5rra j\u00e5\u00e5\u02b9\u0111ee\u02b9l. \u00c2\u00e2\u02b9nnmest \u00e5\u00e5rrai mi\u00e2rk lie nu\u02b9tt 12\u00a0000.<\/p>\n<p><a href=\"https:\/\/paliskunnat.fi\/poh\/wp-content\/uploads\/2020\/03\/pelljmiarki-snaaid.png\" rel=\"lightbox[397]\"><img loading=\"lazy\" decoding=\"async\" class=\"alignnone wp-image-6759\" src=\"https:\/\/paliskunnat.fi\/poh\/wp-content\/uploads\/2020\/03\/pelljmiarki-snaaid.png\" alt=\"PE\u02b9LLJMI\u00c2RKI SNAAID\" width=\"460\" height=\"436\" srcset=\"https:\/\/paliskunnat.fi\/poh\/wp-content\/uploads\/2020\/03\/pelljmiarki-snaaid.png 1200w, https:\/\/paliskunnat.fi\/poh\/wp-content\/uploads\/2020\/03\/pelljmiarki-snaaid-300x284.png 300w, https:\/\/paliskunnat.fi\/poh\/wp-content\/uploads\/2020\/03\/pelljmiarki-snaaid-1024x970.png 1024w, https:\/\/paliskunnat.fi\/poh\/wp-content\/uploads\/2020\/03\/pelljmiarki-snaaid-768x728.png 768w\" sizes=\"auto, (max-width: 460px) 100vw, 460px\" \/><\/a><\/p>\n<p>Pe\u02b9lljmi\u00e2rki snaaid lie: \u010d\u00e4lst\u00f5k, cie\u02b9\u01e9\u01e9es, ha\u014bgg, r\u00e2\u00e2st, kuepper\/sue\u02b9rr, lu\u00f5\u02b9ddst\u00f5k, \u00e2\u02b9lnn vee\u02b9nn, vue\u02b9lnn vee\u02b9nn, \u010dokkum pe\u02b9llj, ku\u02b9\u01e9es \u010d\u00e4lst\u00f5k, vue\u02b9sttha\u014bgg, re\u00e4i\u02b9\u01e7\u01e7 da re\u00e4i\u02b9jest kuvdd\u00e2n, l\u00e5\u00e5\u02b9ddk\u00f5\u0292\u0292, tiill, pue\u02b9rdesha\u014bgg, ha\u014bgg da haa\u014bg\u00e2st sizz di j\u00f5nn cie\u02b9\u01e9\u01e9es. Snaaidid \u00f5httee\u02b9l vu\u00e4\u01ef\u01efat jee\u02b9resnall\u0161em pe\u02b9lljmi\u00e2rkid. L\u00e2\u00e2\u02b9ssen vuei\u02b9tet \u00e2\u00e2\u02b9nned Paal\u01e5\u00e2skoo\u02b9ddi \u00f5htt\u00f5\u00f5zz priimm\u00e2m l\u00e2\u00e2\u02b9ssmi\u00e2rk, le\u02b9be piilt\u00e2\u01e9.<\/p>\n<p>L\u00e2\u00e2\u02b9sste\u00e2\u0111 pe\u02b9lljmi\u00e2rkin da mi\u00e2rkkrekistee\u02b9rest:\u00a0<a href=\"https:\/\/paliskunnat.fi\/py\/organisaatio\/yhteystiedot\/henkilokunta\/#Konstig\"><strong>jott\u00e2z piisar<\/strong><\/a><\/p>\n<h2><\/h2>\n","protected":false},"excerpt":{"rendered":"<p>[L\u00e4hde: Word 24.7.2014]<\/p>\n","protected":false},"author":1,"featured_media":0,"parent":5749,"menu_order":3,"comment_status":"open","ping_status":"closed","template":"","meta":{"footnotes":""},"class_list":["post-397","page","type-page","status-publish","hentry"],"aioseo_notices":[],"_links":{"self":[{"href":"https:\/\/paliskunnat.fi\/poh\/wp-json\/wp\/v2\/pages\/397","targetHints":{"allow":["GET"]}}],"collection":[{"href":"https:\/\/paliskunnat.fi\/poh\/wp-json\/wp\/v2\/pages"}],"about":[{"href":"https:\/\/paliskunnat.fi\/poh\/wp-json\/wp\/v2\/types\/page"}],"author":[{"embeddable":true,"href":"https:\/\/paliskunnat.fi\/poh\/wp-json\/wp\/v2\/users\/1"}],"replies":[{"embeddable":true,"href":"https:\/\/paliskunnat.fi\/poh\/wp-json\/wp\/v2\/comments?post=397"}],"version-history":[{"count":6,"href":"https:\/\/paliskunnat.fi\/poh\/wp-json\/wp\/v2\/pages\/397\/revisions"}],"predecessor-version":[{"id":6760,"href":"https:\/\/paliskunnat.fi\/poh\/wp-json\/wp\/v2\/pages\/397\/revisions\/6760"}],"up":[{"embeddable":true,"href":"https:\/\/paliskunnat.fi\/poh\/wp-json\/wp\/v2\/pages\/5749"}],"wp:attachment":[{"href":"https:\/\/paliskunnat.fi\/poh\/wp-json\/wp\/v2\/media?parent=397"}],"curies":[{"name":"wp","href":"https:\/\/api.w.org\/{rel}","templated":true}]}}