{"id":399,"date":"2014-10-20T10:49:31","date_gmt":"2014-10-20T07:49:31","guid":{"rendered":"http:\/\/80.69.171.23\/py\/?page_id=399"},"modified":"2024-09-03T10:59:32","modified_gmt":"2024-09-03T07:59:32","slug":"maddaannmos","status":"publish","type":"page","link":"https:\/\/paliskunnat.fi\/poh\/vuapstummus\/maddaannmos\/","title":{"rendered":"M\u00e4dd\u00e2\u00e2nnm\u00f5\u0161"},"content":{"rendered":"<h2>M\u00e4dd\u00e2\u00e2nnm\u00f5\u0161 pu\u00e4\u0292\u0292h\u00e5iddvuu\u02b9dest<\/h2>\n<p>Poro on m\u00e4rehtij\u00e4, joka tarvitsee erilaisia ravintokasveja vuodenkiertonsa eri vaiheissa. Poronhoito perustuu luonnonlaitumiin ja poron vapaaseen laiduntamiseen niill\u00e4: poro etsii ja l\u00f6yt\u00e4\u00e4 ravintonsa itse luonnosta, hy\u00f6dynt\u00e4en noin 350 eri ravintokasvia. Merkitt\u00e4v\u00e4 osa poron ravintokasveista, eritoten j\u00e4k\u00e4list\u00e4, kasvaa metsiss\u00e4. Porojen kes\u00e4laitumia ovat suot, niityt ja rehev\u00e4t puronvarret. Syksyll\u00e4 porot ker\u00e4\u00e4ntyv\u00e4t kangasmaille, metsiin, hy\u00f6dynt\u00e4m\u00e4\u00e4n sieni\u00e4.<\/p>\n<p>Poronhoito tarvitsee laajoja ja monimuotoisia laidunalueita kyet\u00e4kseen toimimaan ekologisesti, sosiaalisesti, kulttuurisesti ja taloudellisesti suotuisalla tavalla.<\/p>\n<p><a href=\"https:\/\/paliskunnat.fi\/py\/wp-content\/uploads\/2014\/10\/poroja_Saarisel\u00e4ll\u00e4.jpg\" rel=\"lightbox[399]\"><img loading=\"lazy\" decoding=\"async\" class=\"alignnone wp-image-1749\" src=\"https:\/\/paliskunnat.fi\/py\/wp-content\/uploads\/2014\/10\/poroja_Saarisel\u00e4ll\u00e4.jpg\" alt=\"Saariselk\u00e4 2013\" width=\"500\" height=\"321\" srcset=\"https:\/\/paliskunnat.fi\/poh\/wp-content\/uploads\/2014\/10\/poroja_Saarisel\u00e4ll\u00e4.jpg 1000w, https:\/\/paliskunnat.fi\/poh\/wp-content\/uploads\/2014\/10\/poroja_Saarisel\u00e4ll\u00e4-300x193.jpg 300w, https:\/\/paliskunnat.fi\/poh\/wp-content\/uploads\/2014\/10\/poroja_Saarisel\u00e4ll\u00e4-768x493.jpg 768w\" sizes=\"auto, (max-width: 500px) 100vw, 500px\" \/><\/a><\/p>\n<p>Jee\u02b9res m\u00e4dd\u00e2\u00e2nnm\u00f5\u0161 vaikkat pu\u00e4\u0292\u0292hoiddu je\u00e4\u02b9rbi mie\u02b9ldd poorr\u00e2mresuursi le\u02b9be pu\u00e4\u0292\u0292paai\u02b9\u01e9i \u01e9e\u00e4ppnummu\u017e da pi\u00f5dggnummu\u017e, pu\u00f5cci palgg\u00e2m- da ku\u00e4ivvampaai\u02b9\u01e9i vu\u00e2rt\u00f5\u00f5llm\u00f5\u00f5\u017e\u017e stamld\u00f5\u00f5zzi da muttsi, pu\u00e4\u0292\u0292h\u00e5\u00e5id tu\u00e5immjummu\u017e he\u00e4tt\u00f5\u00f5ttm\u00f5\u00f5\u017e\u017e di jee\u02b9resnall\u0161em paa\u02b9rti l\u00e2ssnummu\u017e h\u00e4\u00e4\u02b9mest. M\u00e4dd\u00e2\u00e2\u02b9nnmest lie seu\u02b9rrj\u00f5\u00f5zz pe\u02b9ce pu\u00e4\u0292\u0292h\u00e5idd\u00f5\u00f5utst\u00f5\u00f5zz t\u00e4ll\u00f5\u00f5\u017e\u017ela\u017e tu\u00e5immjemoudld\u00f5\u00f5zzid di \u0161e kulttuu\u02b9re.<\/p>\n<p>Pu\u00e4\u0292\u0292h\u00e5idd taarba\u0161 lu\u00e2\u0111 da t\u00f5t vu\u00e2\u0111\u0111\u00e2\u00e2vv o\u0111\u0111sm\u00f5\u00f5vi lu\u00e2ttree\u02b9\u01e7\u01e7esvu\u00f5\u0111i \u01e9e\u00e2ll\u02bcjeei \u00e4u\u02b9\u01e9\u01e9umm\u0161a. Pu\u00e4\u0292\u0292h\u00e5\u00e5id harjjtummu\u017e oudld\u00f5\u00f5zzid vaikkteei m\u00e4dd\u00e2\u00e2nnm\u00f5\u00f5\u017e\u017e \u00e5\u00e5\u02b9ble\u01e9 lie n\u00e4\u00e4\u02b9lest puk pu\u00e4\u0292\u0292h\u00e5iddvuu\u02b9d lu\u00e2ttree\u02b9\u01e7\u01e7esvu\u00f5\u0111i \u00e4u\u02b9\u01e9\u01e9umm\u0161a \u00f5httneei tu\u00e5im. K\u00f5skksum\u00f5s vaikkteei lie me\u00e4\u02b9cct\u00e4\u00e4ll, ku\u00e5iv\u00e2sindustria, pi\u00f5gg- da \u010d\u00e4\u00e4\u02b9ccvi\u00f5kkpuu\u02b9t\u02bct\u00f5s, l\u00e2u\u02b9\u014b\u014bpuu\u02b9t\u02bct\u00f5s, maatk\u010dummu\u0161 di jee\u02b9resnall\u0161em su\u00f5jjlemvuu\u02b9d.<\/p>\n<p><a href=\"https:\/\/paliskunnat.fi\/poh\/wp-content\/uploads\/2024\/09\/Poronhoitoalueen_maankayttokartta-17062024.jpg\" rel=\"lightbox[399]\"><img loading=\"lazy\" decoding=\"async\" class=\"alignnone wp-image-7171\" src=\"https:\/\/paliskunnat.fi\/poh\/wp-content\/uploads\/2024\/09\/Poronhoitoalueen_maankayttokartta-17062024.jpg\" alt=\"Poronhoitoalueen maank\u00e4ytt\u00f6kartta\" width=\"460\" height=\"650\" srcset=\"https:\/\/paliskunnat.fi\/poh\/wp-content\/uploads\/2024\/09\/Poronhoitoalueen_maankayttokartta-17062024.jpg 566w, https:\/\/paliskunnat.fi\/poh\/wp-content\/uploads\/2024\/09\/Poronhoitoalueen_maankayttokartta-17062024-212x300.jpg 212w\" sizes=\"auto, (max-width: 460px) 100vw, 460px\" \/><\/a><\/p>\n<p>Pue\u02b9rm\u00f5s pu\u00e4\u0292\u0292p\u00e4i\u02b9\u01e9\u01e9 lij nokk veeidas, \u00f5httna\u017e da m\u00e4\u00e4\u014bgh\u00e4mmsa\u017e. Pu\u00e4\u0292\u0292 k\u00e4unn to\u02b9ben jee\u02b9resnall\u0161em poorr\u00e2m\u0161\u00e2\u00e2ddid da ku\u00e4ivvamvu\u00e4ittm\u00f5\u00f5\u017e\u017eid jee\u02b9res j\u00e5\u00e5\u0111\u00f5\u00f5\u01e5\u01e5in. \u0160i\u00f5\u01e5\u01e5 palgg\u00e2m- le\u02b9be ku\u00e4ivvamvuu\u02b9dest pu\u00e4\u0292\u0292 vu\u00e4\u01ef\u01ef ri\u02b9jttjeeinalla porrm\u00f5\u00f5\u017e\u017e da to\u02b9ben lij palgg\u00e2m- da ku\u00e4ivvamr\u00e4\u00e4uh massiivla\u017e oouma\u017etu\u00e5immjummu\u017etaa. Pu\u00f5ccui pue\u02b9rm\u00f5s ku\u00e4ivvam- da palgg\u00e2mvuu\u02b9d lie je\u00e4\u02b9\u01e7\u01e7vuu\u02b9din, koin jee\u02b9res m\u00e4dd\u00e2\u00e2nnm\u00f5\u0161 lij raajtum.<\/p>\n<p>Pu\u00e4\u0292\u0292h\u00e5idd lij aktiivl\u00e2nji vu\u00e4zzli\u02b9\u017e\u017een jee\u02b9resnall\u0161em l\u00e4\u00e4\u02b9jjme\u00e2ldla\u017e m\u00e4dd\u00e2\u00e2nnm\u00f5\u00f5\u017e\u017e m\u00f5\u00f5nt\u00f5\u00f5llmin, m\u00e2\u02b9te k\u00e4\u00e4\u02b9vtummu\u017e jee\u02b9res taa\u02b9zzin (m\u00e4ddk\u00e5\u02b9ddk\u00e4\u00e4\u02b9vv, takai k\u00e4\u00e4\u02b9vv, aazztemk\u00e4\u00e4\u02b9vv), ha\u02b9\u014b\u01e9\u01e9\u00f5\u00f5zzi pirr\u00f5svaikkt\u00f5\u00f5zzi \u00e4rvvt\u00f5\u00f5llmest (YVA), su\u00f5jjlemvuu\u02b9di h\u00e5iddam- da \u00e2\u00e2\u02b9nnemplaanin, malmmoocc\u00e2m- da ku\u00e5iv\u00e2sl\u00e5\u00e5\u02b9pp-prosee\u02b9ssin di j\u00e5\u00e5ttl\u00f5\u00f5\u01e5\u01e5 plaanumm\u0161est (\u010du\u00e2\u01e5\u01e5as- da ru\u02b9vdd\u010du\u00e2\u01e5\u01e5asplaan).<\/p>\n<p>Paal\u01e5\u00e2skoo\u02b9ddi \u00f5htt\u00f5s tu\u00e5immai pu\u00e4\u0292\u0292h\u00e5iddk\u00f5\u00f5\u010d\u010dm\u00f5\u00f5\u017e\u017ei \u00e4\u02b9\u0161\u0161tobddjen da \u00e4\u00e4\u02b9\u0161\u0161vu\u00e4zzla\u017e paal\u01e5\u00e2skoo\u02b9ddi ve\u00e4\u02b9\u01e9\u01e9en jee\u02b9res m\u00e4dd\u00e2\u00e2nnm\u00f5\u00f5\u017e\u017e m\u00f5\u00f5nt\u00f5\u00f5llmin, oudd ce\u00e2lklmid da vu\u00e4ss\u00e2\u00e2tt sa\u01e5st\u00f5\u00f5llmid, stu\u02b9vrrjemjooukid da ooud\u00e2sviikk\u00e2mtu\u00e2jj-jooukid da n\u00e5\u00e5rr te\u00e2\u0111 jee\u02b9resnall\u0161em m\u00e4dd\u00e2\u00e2\u02b9nnem\u00e5\u00e5\u02b9bl\u01e9i vaikkt\u00f5\u00f5zzin pu\u00e4\u0292\u0292hoiddu.<\/p>\n<p><a href=\"https:\/\/www.finlex.fi\/fi\/laki\/ajantasa\/1990\/19900848#L8P53\"><strong>PHL 53 \u00a7<\/strong><\/a> me\u00e2ldl\u00e2nji riikk j\u00e2nnmid ku\u00f5skki, pu\u00e4\u0292\u0292h\u00e5\u00e5id harjjtumm\u0161a mi\u00e2rkkteeinalla vaikkteei tu\u00e5imid plaanee\u02b9n \u00e2lgg p\u00e2i sa\u01e5st\u00f5\u00f5ll\u00e2d \u00e4\u00e4\u02b9\u0161\u0161vu\u00e4\u02b9msteei paal\u01e5\u00e2sk\u00e5\u00e5\u02b9dd ee\u02b9tt\u01e9ee\u02b9jivui\u02b9m. Paal\u01e5\u00e2sk\u00e5\u00e5\u02b9dd sa\u01e5st\u00f5\u00f5llmin ee\u02b9ttk\u00e2stt <a href=\"http:\/\/paliskunnat.fi\/py\/organisaatio\/yhteystiedot\/paliskunnat\/\"><strong>pu\u00e4\u0292\u0292ee\u02b9\u017e\u017eed<\/strong><\/a>.<\/p>\n<p>L\u00e2\u00e2\u02b9sste\u00e2\u0111: <a href=\"https:\/\/paliskunnat.fi\/py\/organisaatio\/yhteystiedot\/henkilokunta\/#porotalousneuvojat\"><strong>Pu\u00e4\u0292\u0292t\u00e4\u00e4llvu\u00e4\u02b9psteei<\/strong><\/a><\/p>\n<p>&nbsp;<\/p>\n<p>&nbsp;<\/p>\n<p><!--more--><\/p>\n<h2><strong>PoroYVA<\/strong><\/h2>\n<p><a href=\"https:\/\/www.paliskunnat.fi\/poroyva\/\"><strong>PoroYVA-vu\u00e4\u02b9ppes<\/strong><\/a> (l\u00e4\u00e4ddas) lij tiiudla\u017e te\u00e2ttpa\u02b9\u01e9e\u02b9tt pu\u00e4\u0292\u0292h\u00e5\u00e5id lokku v\u00e4\u02b9lddma m\u00e4dd\u00e2\u00e2\u02b9nnemha\u02b9\u014b\u01e9\u01e9\u00f5\u00f5zzin.<\/p>\n<p>&nbsp;<\/p>\n","protected":false},"excerpt":{"rendered":"<p>[L\u00e4hde: Word 24.7.2014]<\/p>\n","protected":false},"author":1,"featured_media":0,"parent":5749,"menu_order":2,"comment_status":"open","ping_status":"closed","template":"","meta":{"footnotes":""},"class_list":["post-399","page","type-page","status-publish","hentry"],"aioseo_notices":[],"_links":{"self":[{"href":"https:\/\/paliskunnat.fi\/poh\/wp-json\/wp\/v2\/pages\/399","targetHints":{"allow":["GET"]}}],"collection":[{"href":"https:\/\/paliskunnat.fi\/poh\/wp-json\/wp\/v2\/pages"}],"about":[{"href":"https:\/\/paliskunnat.fi\/poh\/wp-json\/wp\/v2\/types\/page"}],"author":[{"embeddable":true,"href":"https:\/\/paliskunnat.fi\/poh\/wp-json\/wp\/v2\/users\/1"}],"replies":[{"embeddable":true,"href":"https:\/\/paliskunnat.fi\/poh\/wp-json\/wp\/v2\/comments?post=399"}],"version-history":[{"count":8,"href":"https:\/\/paliskunnat.fi\/poh\/wp-json\/wp\/v2\/pages\/399\/revisions"}],"predecessor-version":[{"id":7172,"href":"https:\/\/paliskunnat.fi\/poh\/wp-json\/wp\/v2\/pages\/399\/revisions\/7172"}],"up":[{"embeddable":true,"href":"https:\/\/paliskunnat.fi\/poh\/wp-json\/wp\/v2\/pages\/5749"}],"wp:attachment":[{"href":"https:\/\/paliskunnat.fi\/poh\/wp-json\/wp\/v2\/media?parent=399"}],"curies":[{"name":"wp","href":"https:\/\/api.w.org\/{rel}","templated":true}]}}