{"id":401,"date":"2014-10-20T10:51:15","date_gmt":"2014-10-20T07:51:15","guid":{"rendered":"http:\/\/80.69.171.23\/py\/?page_id=401"},"modified":"2020-03-22T17:42:52","modified_gmt":"2020-03-22T15:42:52","slug":"meacctaall","status":"publish","type":"page","link":"https:\/\/paliskunnat.fi\/poh\/vuapstummus\/maddaannmos\/meacctaall\/","title":{"rendered":"Me\u00e4\u02b9cct\u00e4\u00e4ll"},"content":{"rendered":"<h2>Me\u00e4\u02b9cct\u00e4\u00e4ll<\/h2>\n<p>Pu\u00e4\u0292\u0292h\u00e5idd \u01e9e\u00e2\u0161tt\u00e2\u00e2tt v\u00e4\u00e4\u017en\u02bcjummus resuurs\u02bcstes, veidds\u00f5s lu\u00e2\u0111 palgg\u00e2m- da ku\u00e4ivvamj\u00e2nnmin, jee\u02b9res m\u00e4dd\u00e2\u00e2nnm\u00f5\u00f5\u017e\u017ein. Veiddsummsen vaikkteei m\u00e4dd\u00f5\u00f5\u02b9nni lij me\u00e4\u02b9cct\u00e4\u00e4ll. Me\u00e4\u02b9cchallt\u00f5\u00f5zz me\u00e4\u02b9cct\u00e4\u00e4l me\u00e4\u02b9ccj\u00e2nnmin 71 % lie pu\u00e4\u0292\u0292h\u00e5iddvuu\u02b9dest.<\/p>\n<p>Me\u00e4\u02b9ccpaal\u01e5\u00e2skoo\u02b9ddin mie\u02b9cci mi\u00e2rkt\u00f5s je\u00e4\u02b9rben ku\u00e4ivvamp\u00e4i\u02b9\u01e9\u01e9en lij samai \u0161urr. Pu\u00f5ccu va\u02b9lljee t\u00e4lvva porrm\u00f5\u0161\u0161\u00e2n vu\u00f5ssm\u00f5s\u00e2n je\u00e4kklid da t\u00f5\u014b\u014bsid. Je\u00e4kkli mi\u00e2rkt\u00f5s pu\u00e4ccja t\u00e4\u00e4lv mie\u02b9ldd \u0161orran, ko je\u00e4kkal lij hi\u00e2lpp \u00e4u\u02b9\u01e9\u01e9eed da t\u00f5t \u00e2\u00e2nn se\u02b9st ji\u00e2nnai illhydraattid. RTKL da Metla (\u00e2nn\u02bcj\u00f5\u017e\u00e4\u00e4i\u02b9j Luonnonvarakeskus; <a href=\"http:\/\/www.luke.fi\/kalat-ja-riista\/\"><strong>Luke<\/strong><\/a>) m\u00e4\u00e4\u014bgai tu\u02b9t\u01e9\u01e9umm\u0161i mie\u02b9ldd je\u00e4kkli mie\u02b9rr vu\u00e4\u02b9mm mie\u02b9ccin lij \u0161oorab ko nu\u00f5rin \u0161\u00f5ddeem-mie\u02b9ccin.<\/p>\n\n\t\t<style type=\"text\/css\">\n\t\t\t#gallery-1 {\n\t\t\t\tmargin: auto;\n\t\t\t}\n\t\t\t#gallery-1 .gallery-item {\n\t\t\t\tfloat: left;\n\t\t\t\tmargin-top: 10px;\n\t\t\t\ttext-align: center;\n\t\t\t\twidth: 33%;\n\t\t\t}\n\t\t\t#gallery-1 img {\n\t\t\t\tborder: 2px solid #cfcfcf;\n\t\t\t}\n\t\t\t#gallery-1 .gallery-caption {\n\t\t\t\tmargin-left: 0;\n\t\t\t}\n\t\t\t\/* see gallery_shortcode() in wp-includes\/media.php *\/\n\t\t<\/style>\n\t\t<div id='gallery-1' class='gallery galleryid-401 gallery-columns-3 gallery-size-thumbnail'><dl class='gallery-item'>\n\t\t\t<dt class='gallery-icon landscape'>\n\t\t\t\t<a href='https:\/\/paliskunnat.fi\/poh\/wp-content\/uploads\/2014\/10\/Metsanmuokkaus1.jpg' rel=\"lightbox[401]\"><img loading=\"lazy\" decoding=\"async\" width=\"150\" height=\"150\" src=\"https:\/\/paliskunnat.fi\/poh\/wp-content\/uploads\/2014\/10\/Metsanmuokkaus1-150x150.jpg\" class=\"attachment-thumbnail size-thumbnail\" alt=\"\" \/><\/a>\n\t\t\t<\/dt><\/dl><dl class='gallery-item'>\n\t\t\t<dt class='gallery-icon landscape'>\n\t\t\t\t<a href='https:\/\/paliskunnat.fi\/poh\/wp-content\/uploads\/2014\/10\/MetsanmuokkausB.jpg' rel=\"lightbox[401]\"><img loading=\"lazy\" decoding=\"async\" width=\"150\" height=\"150\" src=\"https:\/\/paliskunnat.fi\/poh\/wp-content\/uploads\/2014\/10\/MetsanmuokkausB-150x150.jpg\" class=\"attachment-thumbnail size-thumbnail\" alt=\"\" \/><\/a>\n\t\t\t<\/dt><\/dl><dl class='gallery-item'>\n\t\t\t<dt class='gallery-icon landscape'>\n\t\t\t\t<a href='https:\/\/paliskunnat.fi\/poh\/wp-content\/uploads\/2014\/10\/Porot_kaivoksella.jpg' rel=\"lightbox[401]\"><img loading=\"lazy\" decoding=\"async\" width=\"150\" height=\"150\" src=\"https:\/\/paliskunnat.fi\/poh\/wp-content\/uploads\/2014\/10\/Porot_kaivoksella-150x150.jpg\" class=\"attachment-thumbnail size-thumbnail\" alt=\"\" \/><\/a>\n\t\t\t<\/dt><\/dl><br style=\"clear: both\" \/><dl class='gallery-item'>\n\t\t\t<dt class='gallery-icon landscape'>\n\t\t\t\t<a href='https:\/\/paliskunnat.fi\/poh\/wp-content\/uploads\/2014\/10\/poroja_hakkuulla.jpg' rel=\"lightbox[401]\"><img loading=\"lazy\" decoding=\"async\" width=\"150\" height=\"150\" src=\"https:\/\/paliskunnat.fi\/poh\/wp-content\/uploads\/2014\/10\/poroja_hakkuulla-150x150.jpg\" class=\"attachment-thumbnail size-thumbnail\" alt=\"\" \/><\/a>\n\t\t\t<\/dt><\/dl>\n\t\t\t<br style='clear: both' \/>\n\t\t<\/div>\n\n<p>\u01e8i\u0111\u0111t\u00e4lvva, ko cu\u00e2\u014b\u014b lij \u010duu\u02b9t k\u00f5ss\u00e2d da k\u00f5\u00f5r\u00e2s, \u0161to vu\u00e4it\u010di ku\u00e4ivvad porrm\u00f5\u00f5\u017e\u017e, pu\u00e4\u0292\u0292 \u0161e\u00e4\u0161tt ku\u00e4ivvma m\u00f5\u00f5nni energia da \u00e4lgg poorr\u00e2d l\u00e2\u00e2pp le\u02b9be mu\u00f5rin \u0161\u00f5ddi je\u00e4kklid, koid lie Metla tu\u02b9t\u01e9\u01e9umm\u0161i mie\u02b9ldd j\u00e4\u00e4nm\u00f5s\u00e2n vu\u00e4\u02b9mm ku\u00e4\u02b9ccevmie\u02b9ccin. Pu\u00e4\u0292\u0292 \u00e4u\u02b9\u01e9\u01e9ad mu\u00f5r vaard\u00e2st da oou\u02b9sin \u0161\u00f5ddi l\u00e2\u00e2pp l\u00e2\u00e2\u02b9ssen \u0161e mu\u00f5tti da pi\u00f5gg cu\u00f5\u014b\u014bu \u00f5\u00f5l kalvv\u00e2m l\u00e2\u00e2pp.<\/p>\n<p>Ju\u00f5\u02b9\u01e9\u01e9 paal\u01e5\u00e2sk\u00e5\u00e5\u02b9ddest poorte vue\u02b9zz pu\u00f5ccuin l\u00e2\u00e2\u02b9ssporrm\u00f5\u00f5\u017e\u017ein. L\u00e2\u00e2\u02b9sspoortummu\u017e tarbb \u010d\u00f5nn\u00e2\u00e2tt ti\u00f5ttum paal\u01e5\u00e2sk\u00e5\u00e5\u02b9dd le\u02b9be \u010di\u00f5\u01e5\u01e5\u00e2rk\u00e5\u00e5\u02b9dd ku\u00e4ivvamvu\u00e2kka. T\u00e4ll\u00f5sme\u00e4\u02b9ccvuu\u02b9din poortummu\u0161 lij vi\u00e2lt\u02bctem, \u0161to pu\u00f5ccu seilla friskksan t\u00e4\u00e4\u02b9lv p\u00e2\u02b9jjel. L\u00e2\u00e2\u02b9sspoortummu\u017e u\u02b9vdde \u00e4\u00e4idin da lu\u00e2\u0111ast. Pu\u00f5ccu pi\u02b9r\u01e7\u01e7ee friskksan t\u00e4\u00e4\u02b9lv l\u00e2\u00e2\u02b9sspoortummu\u017etaa j\u00e4\u00e4nm\u00f5s\u00e2n p\u00e2i nokk veidds\u00f5s \u00f5httna\u017e vu\u00e4\u02b9mm mie\u02b9cci vuu\u02b9din, m\u00e2\u02b9te jee\u02b9resnall\u0161em su\u00f5jjlemvuu\u02b9din, koin jee\u02b9el da l\u00e2pp \u00f5inn \u0161\u00e2\u02b9dde pu\u00e2rast.<\/p>\n<p><strong>\u00a0<\/strong><strong>Me\u00e4\u02b9cct\u00e4\u00e4ll vaikkat pu\u00e4\u0292\u0292hoiddu je\u00e4\u02b9rben pu\u00e4\u0292\u0292paai\u02b9\u01e9i mu\u02b9ttem p\u00e4\u00e4i\u02b9\u01e9, ko t\u00f5t uu\u02b9ccad pu\u00f5ccuid v\u00e4\u00e4\u017enai ku\u00e4ivvampaai\u02b9\u01e9i vu\u02b9vdd\u0161orr\u00e2dvu\u00f5\u0111id da r\u00e2\u00e2\u0161\u0161ad t\u00f5i vue\u02b9jj: <\/strong><\/p>\n<ul>\n<li>\u00d5httna\u017e ku\u00e4ivvam- da palgg\u00e2mvuu\u02b9d pi\u00f5dggne<\/li>\n<li>Ku mu\u00f5rid \u010du\u00f5pp\u00e2t, l\u00e2\u00e2pp \u0161\u00f5dd\u00e2mvu\u00e2\u0111\u0111 l\u00e4ppai<\/li>\n<li>M\u00e4\u00e4dd \u01e9i\u00f5tt\u02bct\u00f5\u00f5llm\u00f5\u0161: je\u00e4kkal da t\u00f5\u014b\u014b\u00e2z \u01e9e\u00e4ppne<\/li>\n<li>\u010cu\u00f5pp\u00e2mpaa\u0292\u0292t\u00f5\u00f5zz h\u00e4i\u02b9ttje je\u00e4kkal \u0161\u00f5ddm\u00f5\u00f5\u017e\u017e<\/li>\n<li>\u010cu\u00f5ppt\u00f5\u00f5\u01e5\u01e5in \u0161u\u00f5nst\u00f5s-, nju\u00f5ckkvu\u00f5tt-, paakk\u00e2svu\u00f5tt- da pi\u00f5gg\u00e5\u00e5rrm\u00f5\u00f5\u017e\u017e mottje. Je\u00e4kkal \u01e9e\u00e2\u0161tt\u00f5\u00f5tt\u00e2mvue\u02b9\u01e9\u01e9 jee\u02b9res \u0161\u00e2\u00e2ddivui\u02b9m k\u00f5rr\u00e2n.<\/li>\n<li>Ku\u00e2lddv\u00f5cc \u00e4\u00e4v-vuu\u02b9din k\u00f5rr\u00e2n pi\u00f5gg vaikkt\u00f5\u00f5zz\u00e2st, koon di\u00f5tt lij vaigg\u00e4\u00e4b ku\u00e4ivvad (\u01e9i\u0111\u0111t\u00e4\u02b9lvv)<\/li>\n<\/ul>\n<p><strong>Me\u00e4\u02b9cct\u00e4\u00e4ll vaikkat jee\u02b9res pu\u00e4\u0292\u0292h\u00e5iddamtu\u00e2jaid \u0161e<\/strong><\/p>\n<ul>\n<li>\u010cu\u00f5ld, \u010du\u00f5pp\u00e2mpaa\u0292\u0292t\u00f5\u00f5zz, h\u00e4\u02b9rvvummu\u017e, mi\u00f5httummu\u017e, vu\u00e4ji ku\u00e4ivvm\u00f5\u00f5\u017e\u017e da \u010duu\u02b9t su\u00f5\u02b9\u01e9\u01e9es v\u00e2\u00e2\u0111\u0111 he\u00e4tt\u02bct\u00e2\u02b9tte pu\u00f5cci da pu\u00e4\u0292\u0292oummi j\u00e5\u00e5ttm\u00f5\u00f5\u017e\u017e pu\u00e4\u0292\u0292paai\u02b9\u01e9in.<\/li>\n<\/ul>\n<p><strong>Me\u00e4\u02b9cct\u00e4\u00e4ll positiivla\u017e vaikkt\u00f5\u00f5zz pu\u00e4\u0292\u0292hoiddu<\/strong><\/p>\n<ul>\n<li>H\u00e4\u02b9rvveem\u010du\u00f5ppm\u00f5\u00f5\u017e\u017e: vuei\u02b9nnemvu\u00f5tt pu\u00e2rran da \u010du\u00f5v mie\u02b9rr l\u00e2ssan; jee\u02b9el vu\u00e4\u01ef\u01ef \u00e4\u00e4u\u02b9\u01e9 da j\u00e5\u00e5ttm\u00f5\u0161 pu\u00e4\u0292\u0292tu\u00e2jain \u0161\u00e2dd hi\u00e2lpben<\/li>\n<li>Me\u00e4\u02b9cc\u010du\u00f5kku hi\u00e2lpte pu\u00e4\u0292\u0292h\u00e5iddamtu\u00e2jaid<\/li>\n<li>Oudd seso\u014b\u014blu\u00e2nds\u00e2nji tu\u00e2j pu\u00e4\u0292\u0292hoi\u02b9ddjee\u02b9jid \u0161e (i\u0161ttummu\u0161, karssm\u00f5\u0161, ma\u0161inatu\u00e2j)<\/li>\n<\/ul>\n<p><strong>Pu\u00e4\u0292\u0292h\u00e5\u00e5id lokku v\u00e4lddm\u00f5\u0161 me\u00e4\u02b9cct\u00e4\u00e4last<\/strong><\/p>\n<p>\u00c2nn\u02bcj\u00f5\u017e\u00a0<a href=\"https:\/\/www.finlex.fi\/fi\/laki\/ajantasa\/1996\/19961093\"><strong>me\u00e4\u02b9ccl\u00e4\u00e4\u02b9jjest<\/strong><\/a>\u00a0(1093\/1996) me\u00e4\u02b9ccvu\u00e4\u02b9msteei vu\u00e4itt tu\u02b9mmjed \u010du\u00f5ppm\u00f5\u00f5\u017e\u017e \u00e4\u00e4i\u02b9jpoodd\u00e2st da mie\u02b9cci k\u00f5\u00f5rv\u00e4\u00e4i\u02b9jin. \u0160e noorr\u00e2m\u010du\u00f5ppm\u00f5\u00f5\u017e\u017e da u\u02b9ccre\u00e4i\u02b9\u01e7\u01e7\u010du\u00f5ppm\u00f5\u00f5\u017e\u017e \u0161\u00e2\u02b9dde vuei\u02b9tlvi\u02b9\u017e\u017een da lu\u00e2ndla\u017e oo\u0111ummu\u017e vu\u00e4ittm\u00f5\u00f5\u017e\u017e da jee\u02b9resrajj\u00e2zla\u017e mie\u02b9cc \u0161\u00f5ddummu\u0161 vu\u00e4\u01ef\u01efa n\u00e4\u00e4i\u02b9t pue\u02b9rab oudld\u00f5\u00f5zzid. Noorr\u00e2m\u010du\u00f5ppm\u00f5\u00f5\u017e\u017e \u00e2\u00e2nnm\u00f5\u0161 me\u00e4\u02b9cct\u00e4\u00e4last l\u00e2\u00e2\u02b9zzte\u02b9\u010di mie\u02b9cci k\u00e4tlm\u00f5\u00f5zz, ku\u00e4\u02b9ss l\u00e2\u00e2pp serddm\u00f5\u0161 o\u0111\u0111 mu\u00f5rrsokkpu\u00f5lvv\u00f5\u02b9\u01e9\u01e9e \u0161\u00f5\u00f5dd\u010di hi\u00e2lpben. Ni m\u00e4\u00e4dd \u01e9i\u00f5tt\u02bct\u00f5\u00f5llm\u00f5\u00f5\u017e\u017eid je\u00e4\u02b9t te\u02b9l taarb\u0161e\u02b9\u010di, de pu\u00f5cci palgg\u00e2m- da ku\u00e4ivvamj\u00e2nnam seeil\u010de pue\u02b9rben me\u00e4\u02b9cct\u00e4\u00e4llj\u00e2nnmin \u0161e.<\/p>\n<p>&nbsp;<\/p>\n","protected":false},"excerpt":{"rendered":"<p>L\u00e5hde Yammer<br \/>\nAnne Ollila, Rovaniemi 11\/2013[Mets\u00e4hallitus ja sopimusperusteinen yhteisty\u00f6]. PowerPoint.<\/p>\n","protected":false},"author":1,"featured_media":0,"parent":399,"menu_order":1,"comment_status":"open","ping_status":"closed","template":"","meta":{"footnotes":""},"class_list":["post-401","page","type-page","status-publish","hentry"],"aioseo_notices":[],"_links":{"self":[{"href":"https:\/\/paliskunnat.fi\/poh\/wp-json\/wp\/v2\/pages\/401","targetHints":{"allow":["GET"]}}],"collection":[{"href":"https:\/\/paliskunnat.fi\/poh\/wp-json\/wp\/v2\/pages"}],"about":[{"href":"https:\/\/paliskunnat.fi\/poh\/wp-json\/wp\/v2\/types\/page"}],"author":[{"embeddable":true,"href":"https:\/\/paliskunnat.fi\/poh\/wp-json\/wp\/v2\/users\/1"}],"replies":[{"embeddable":true,"href":"https:\/\/paliskunnat.fi\/poh\/wp-json\/wp\/v2\/comments?post=401"}],"version-history":[{"count":4,"href":"https:\/\/paliskunnat.fi\/poh\/wp-json\/wp\/v2\/pages\/401\/revisions"}],"predecessor-version":[{"id":6725,"href":"https:\/\/paliskunnat.fi\/poh\/wp-json\/wp\/v2\/pages\/401\/revisions\/6725"}],"up":[{"embeddable":true,"href":"https:\/\/paliskunnat.fi\/poh\/wp-json\/wp\/v2\/pages\/399"}],"wp:attachment":[{"href":"https:\/\/paliskunnat.fi\/poh\/wp-json\/wp\/v2\/media?parent=401"}],"curies":[{"name":"wp","href":"https:\/\/api.w.org\/{rel}","templated":true}]}}