{"id":403,"date":"2014-10-20T10:52:13","date_gmt":"2014-10-20T07:52:13","guid":{"rendered":"http:\/\/80.69.171.23\/py\/?page_id=403"},"modified":"2020-03-22T18:05:28","modified_gmt":"2020-03-22T16:05:28","slug":"kuaivastuaimmjummus","status":"publish","type":"page","link":"https:\/\/paliskunnat.fi\/poh\/vuapstummus\/maddaannmos\/kuaivastuaimmjummus\/","title":{"rendered":"Ku\u00e5iv\u00e2stu\u00e5immjummu\u0161"},"content":{"rendered":"<h2>Ku\u00e5iv\u00e2stu\u00e5immjummu\u0161<\/h2>\n<p>Ku\u00e5iv\u00e2sindustria j\u00e5\u02b9ttl\u00f5s \u0161orrnummu\u0161 t\u00e2\u00e2vast \u0161\u00f5dd\u00e2d hu\u00f5l. Je\u00e4\u02b9rben p\u00f5\u00f5l tuejjee m\u00f5\u00f5nni ii\u02b9jjin \u0161\u00f5dd\u00e2m samai j\u00f5nn ku\u00e5iv\u00e2stu\u00e5immjummu\u017e tuejj\u00e4\u00e4m pirr\u00f5s-sk\u00e4\u00e4\u0111 nu\u02b9tt L\u00e4\u00e4\u02b9ddj\u00e2nnmest ko maai\u02b9lmest. Ku\u00e5iv\u00e2sha\u02b9\u014b\u01e9\u01e9\u00f5s pu\u00e4\u0292\u0292h\u00e5iddvuu\u02b9dest lij p\u00e2i riskk pu\u00e4\u0292\u0292hoiddu. Riisk \u0161orr\u00e2dvu\u00f5tt vaajt\u00e2\u00e2ll mi\u00e2rkkteeinalla ku\u00e5iv\u00e2sha\u02b9\u014b\u01e9\u01e9\u00f5\u00f5zz da t\u00f5n p\u00e4\u00e4i\u02b9\u01e9 mie\u02b9ldd.<\/p>\n\n\t\t<style type=\"text\/css\">\n\t\t\t#gallery-1 {\n\t\t\t\tmargin: auto;\n\t\t\t}\n\t\t\t#gallery-1 .gallery-item {\n\t\t\t\tfloat: left;\n\t\t\t\tmargin-top: 10px;\n\t\t\t\ttext-align: center;\n\t\t\t\twidth: 33%;\n\t\t\t}\n\t\t\t#gallery-1 img {\n\t\t\t\tborder: 2px solid #cfcfcf;\n\t\t\t}\n\t\t\t#gallery-1 .gallery-caption {\n\t\t\t\tmargin-left: 0;\n\t\t\t}\n\t\t\t\/* see gallery_shortcode() in wp-includes\/media.php *\/\n\t\t<\/style>\n\t\t<div id='gallery-1' class='gallery galleryid-403 gallery-columns-3 gallery-size-thumbnail'><dl class='gallery-item'>\n\t\t\t<dt class='gallery-icon landscape'>\n\t\t\t\t<a href='https:\/\/paliskunnat.fi\/poh\/wp-content\/uploads\/2014\/10\/kevitsa_1-scaled.jpg' rel=\"lightbox[403]\"><img loading=\"lazy\" decoding=\"async\" width=\"150\" height=\"150\" src=\"https:\/\/paliskunnat.fi\/poh\/wp-content\/uploads\/2014\/10\/kevitsa_1-150x150.jpg\" class=\"attachment-thumbnail size-thumbnail\" alt=\"\" \/><\/a>\n\t\t\t<\/dt><\/dl><dl class='gallery-item'>\n\t\t\t<dt class='gallery-icon landscape'>\n\t\t\t\t<a href='https:\/\/paliskunnat.fi\/poh\/wp-content\/uploads\/2014\/10\/kevitsa_2.jpg' rel=\"lightbox[403]\"><img loading=\"lazy\" decoding=\"async\" width=\"150\" height=\"150\" src=\"https:\/\/paliskunnat.fi\/poh\/wp-content\/uploads\/2014\/10\/kevitsa_2-150x150.jpg\" class=\"attachment-thumbnail size-thumbnail\" alt=\"\" \/><\/a>\n\t\t\t<\/dt><\/dl><dl class='gallery-item'>\n\t\t\t<dt class='gallery-icon landscape'>\n\t\t\t\t<a href='https:\/\/paliskunnat.fi\/poh\/wp-content\/uploads\/2014\/10\/Kemin_kromikaivos_2013a.jpg' rel=\"lightbox[403]\"><img loading=\"lazy\" decoding=\"async\" width=\"150\" height=\"150\" src=\"https:\/\/paliskunnat.fi\/poh\/wp-content\/uploads\/2014\/10\/Kemin_kromikaivos_2013a-150x150.jpg\" class=\"attachment-thumbnail size-thumbnail\" alt=\"\" \/><\/a>\n\t\t\t<\/dt><\/dl><br style=\"clear: both\" \/>\n\t\t<\/div>\n\n<p>Pu\u00e4\u0292\u0292h\u00e5iddvuu\u02b9dest tu\u00e5immje Agnico Eagle Kihttel k\u00e5\u02b9llku\u00e5iv\u00e2s da Su\u00e4\u02b9\u0111jlest \u00e5\u00e5rrai kanadala\u017e First Quantum Minerals Kevitsa m\u00e4\u014bggmetallku\u00e5iv\u00e2s, ko\u02b9st ro\u02b9\u01e7\u01e7e nikkeel, kupari, k\u00e5\u00e5\u02b9ll, platina da palladium. Kevitsast roogg\u00e2t ee\u02b9jjest 10 miljoon tonn\u00e2d maalm da 63 miljoon tonn\u00e2d \u010d\u00e5rr\u01e9ie\u02b9\u0111j, de ku\u00e5iv\u00e2s lij L\u00e4\u00e4\u02b9ddj\u00e2nnam \u0161uurm\u00f5s. Su\u00e4\u02b9\u0111jel Pahtavaara k\u00e5\u02b9llku\u00e5iv\u00e2s tu\u00e5immjummu\u017e puu\u0111i konku\u02b9rsse 2014. Konkurss le\u00e4i ku\u00e4lmad Pahtavaara historiast.<\/p>\n<p>Kookkas ouddnam ku\u00e5iv\u00e2sha\u02b9\u014b\u01e9\u01e9\u00f5\u00f5zzi valm\u0161t\u00f5\u00f5llm\u00f5\u00f5\u017e\u017e lie Kolari Hannukaisest, Ranua Suhankost, Su\u00f5vvku\u00f5\u0161k Soklist, Kuusamo Juomasuost da Taivalkoski Mustavaarast. L\u00e2\u00e2\u02b9ssen pirr pu\u00e4\u0292\u0292h\u00e5iddvuu\u02b9d oo\u0292\u0292\u00e2t maalm.<\/p>\n<p>Ku\u00e5iv\u00e2stu\u00e5immjummu\u0161 vaikkat mi\u00e2rkteei veidds\u00e2nji pu\u00e4\u0292\u0292hoiddu. Vaikkt\u00f5\u00f5zz, koid ij vuei\u02b9t k\u00e2\u02b9rvved, lie vu\u00f5igg da pannvu\u00f5i\u01e5\u00e2s ku\u00e4ivvam- da palgg\u00e2mj\u00e2nnmi m\u00f5\u00f5ntummu\u017e, stamld\u00f5\u00f5zz, palgg\u00e2m- da ku\u00e4ivvampaai\u02b9\u01e9i vu\u00e2rt\u00f5\u00f5llm\u00f5\u00f5\u017e\u017e se\u00e4kknummu\u0161 da t\u00e4i mie\u02b9ldd tu\u00e2jjme\u00e4\u02b9ri da kuuli \u0161orrnummu\u0161. L\u00e2ssnam j\u00e5\u00e5ttl\u00f5k tuejjad jii\u02b9jjes mi\u00e2rkteei v\u00e4\u02b9\u01ef\u01efelvu\u00f5\u0111eez. Vaikkt\u00f5\u00f5zz da riisk, koid lij v\u00e4\u02b9\u01ef\u01eflum\u00f5s ouddtu\u02b9mmjed \u00f5httne \u00e4\u00e4vrogg\u00e2mpaai\u02b9\u01e9i p\u00f5\u00f5\u02b9lumm\u0161a da ku\u00e4ivvam- da palgg\u00e2mjanni da \u010daa\u02b9\u0292\u0292i pill\u0161\u00f5\u00f5vvm\u00f5\u02b9\u0161\u0161e lo\u02b9ssesmetaalli, kumc\u00f5\u00f5\u02b9sti aunnsi le\u02b9be jee\u02b9res pirr\u00f5skaasti vaald\u0161e\u01e9\u00e2ni le\u00e4vvnummu\u017e mie\u02b9ldd. Ku\u00e5iv\u00e2stu\u00e5immjumm\u0161a \u00f5httneei vaikkt\u00f5\u00f5zzid da riiskid \u00e2lgg-i ouddtu\u02b9mmjed t\u00e4\u00e4\u02b9r\u01e9eld.<\/p>\n<p>Pu\u00e4\u0292\u0292h\u00e5\u00e5id pu\u00f5\u02b9ttivu\u00f5tt lij \u01e9idd nokk puu\u02b9ttes da veidds\u00f5s lu\u00e2ttj\u00e2nnmin. T\u00f5i seillm\u00f5\u0161 ooudald puk industriast da takai je\u00e4\u02b9rben samai j\u00f5nn pirr\u00f5sriiskid se\u02b9st \u00f5\u00f5\u02b9nni ku\u00e5iv\u00e2stu\u00e5immjumm\u0161est tu\u00f5tt vastt\u00f5svu\u00f5\u0111 pirr\u00f5sk\u00f5\u00f5\u010d\u010dm\u00f5\u00f5\u017e\u017ein di \u01e9iidd\u00f5s \u00f5httsa\u017etu\u00e2j \u00e4\u00e4\u02b9\u0161\u0161vu\u00e4zzla\u017e paal\u01e5\u00e2skoo\u02b9ddivui\u02b9m ha\u02b9\u014b\u01e9\u01e9\u00f5splaanumm\u0161est ju\u00f5\u02b9\u01e9\u01e9 ha\u02b9\u014b\u01e9\u01e9\u00f5\u00f5zz vu\u00f5sslaau\u02b9\u01e9in \u00e4\u00e4\u02b9ljee\u02b9l.<\/p>\n<p>&nbsp;<\/p>\n","protected":false},"excerpt":{"rendered":"<p>Marjan juttu kaivoksista 3\/2011 Poromies-lehti?<\/p>\n","protected":false},"author":1,"featured_media":0,"parent":399,"menu_order":2,"comment_status":"open","ping_status":"closed","template":"","meta":{"footnotes":""},"class_list":["post-403","page","type-page","status-publish","hentry"],"aioseo_notices":[],"_links":{"self":[{"href":"https:\/\/paliskunnat.fi\/poh\/wp-json\/wp\/v2\/pages\/403","targetHints":{"allow":["GET"]}}],"collection":[{"href":"https:\/\/paliskunnat.fi\/poh\/wp-json\/wp\/v2\/pages"}],"about":[{"href":"https:\/\/paliskunnat.fi\/poh\/wp-json\/wp\/v2\/types\/page"}],"author":[{"embeddable":true,"href":"https:\/\/paliskunnat.fi\/poh\/wp-json\/wp\/v2\/users\/1"}],"replies":[{"embeddable":true,"href":"https:\/\/paliskunnat.fi\/poh\/wp-json\/wp\/v2\/comments?post=403"}],"version-history":[{"count":2,"href":"https:\/\/paliskunnat.fi\/poh\/wp-json\/wp\/v2\/pages\/403\/revisions"}],"predecessor-version":[{"id":6727,"href":"https:\/\/paliskunnat.fi\/poh\/wp-json\/wp\/v2\/pages\/403\/revisions\/6727"}],"up":[{"embeddable":true,"href":"https:\/\/paliskunnat.fi\/poh\/wp-json\/wp\/v2\/pages\/399"}],"wp:attachment":[{"href":"https:\/\/paliskunnat.fi\/poh\/wp-json\/wp\/v2\/media?parent=403"}],"curies":[{"name":"wp","href":"https:\/\/api.w.org\/{rel}","templated":true}]}}