{"id":406,"date":"2014-10-20T10:53:14","date_gmt":"2014-10-20T07:53:14","guid":{"rendered":"http:\/\/80.69.171.23\/py\/?page_id=406"},"modified":"2020-03-22T18:08:05","modified_gmt":"2020-03-22T16:08:05","slug":"pioggviokk","status":"publish","type":"page","link":"https:\/\/paliskunnat.fi\/poh\/vuapstummus\/maddaannmos\/pioggviokk\/","title":{"rendered":"Pi\u00f5ggvi\u00f5kk"},"content":{"rendered":"<h2>Pi\u00f5ggvi\u00f5kk<\/h2>\n<p>Pi\u00f5ggstroi\u02b9ttli vaikkt\u00f5\u00f5zz pu\u00f5ccuid da pu\u00e4\u0292\u0292hoiddu je\u00e4\u02b9t v\u00f5l mee\u02b9st L\u00e4\u00e4\u02b9ddj\u00e2nnmest \u010duu\u02b9t toobd. Olos pi\u00f5ggstroi\u02b9ttel lie maatk\u010demk\u00f5\u00f5sk\u00f5\u00f5zz\u00e2st Muoniost da Je\u00e4n\u00f5\u00f5\u01e5\u01e5 Lammasoaivist lie t\u00e5\u02b9l\u01e9 kolmm u\u02b9cc vi\u00f5kkstroi\u02b9ttel. Tervola Varevaara stroi\u02b9ttel lie aivv v\u00e4\u02b9ldd\u010du\u00e2\u01e5\u01e5as neellj paald\u00e2st m\u00e2\u02b9te \u0161e Simo maal, kook lie tu\u00e5immjumm\u0161est. M\u00e4\u00e4\u014bg pi\u00f5ggvi\u00f5kkha\u02b9\u014b\u01e9\u01e9\u00f5\u00f5zz lie kuuit\u00e2\u01e5 jee\u02b9res \u00e5\u02b9rnn pu\u00e4\u0292\u0292h\u00e5iddvuu\u02b9d jorddm\u00f5\u0161\u0161\u00e2n da \u00f5\u00f5ld\u00e2sii\u02b9jjin vu\u00e4\u01ef\u01efap l\u00e2\u00e2\u02b9zz \u01e9i\u00f5\u010d\u010dl\u00e2sttm\u00f5\u00f5\u017e\u017eid t\u00f5\u02b9st, m\u00e4\u02b9htt pu\u00f5ccu si\u00f5httl\u00e2\u02b9tte vi\u00f5kkstroi\u02b9ttlid.<\/p>\n<p>Ru\u00f5ccj\u00e2nnmest tuejjuum GPS-vu\u00e5pp\u00e2mtu\u02b9t\u01e9\u01e9ummu\u017e da pu\u00f5ccui p\u00f5\u0161\u01e9\u01e9tu\u02b9t\u01e9\u01e9ummu\u0161 u\u02b9vdde kuuit\u00e2\u01e5 ju\u02b9n viittj\u00f5\u00f5zzid pu\u00f5ccui si\u00f5httl\u00f5\u00f5ttmest. Pu\u00f5ccu p\u00e2\u02b9r\u01e7\u01e7e ve\u00e4\u02b9ltted pi\u00f5ggvi\u00f5kkvuu\u02b9did nu\u02b9tt vi\u00f5kkstroi\u02b9ttli raajjm\u00f5\u00f5\u017e\u017e ko t\u00f5i tu\u00e5immjummu\u017e poodd da lie je\u00e4\u02b9rben kue\u02b9ddem poodd la\u0111\u0111\u00e2z stamld\u00f5\u00f5zzid. Pu\u00f5ccui n\u00e4lla lee\u02b9d vaikkte kuuit\u00e2\u01e5 m\u00e4\u00e4\u014bg tuejjeei, m\u00e2\u02b9te vuu\u02b9dest ju\u02b9n \u00e5\u00e5rrai jee\u02b9res infrastruktuur le\u02b9be stamld\u00f5s, palgg\u00e2m- le\u02b9be ku\u00e4ivvamvu\u02b9vdd\u0161laajj da ko\u02b9rvveei ku\u00e4ivvam- da palgg\u00e2mvuu\u02b9d.<\/p>\n<p>Je\u00e4\u02b9rben palgg\u00e2mj\u00e2nnmi, le\u02b9be kue\u02b9ddemvuu\u02b9di, \u00e2\u00e2nnm\u00f5\u0161 di pu\u00f5ccui j\u00e5\u00e5\u02b9ttem\u01e9e\u00e4in vu\u00e4i\u02b9tte mottjed pi\u00f5ggstroi\u02b9ttli mie\u02b9ldd. Ko\u02b9st stroi\u02b9ttel lie k\u00f5skkvu\u00f5\u0111\u00e2st pu\u00e4\u0292\u0292j\u00e2nnmid da t\u00f5i \u00e2\u00e2\u02b9nnma, lij k\u00f5skksa\u017e s\u00e2\u00e2\u02b9jest arvvt\u00f5\u00f5lee\u02b9n stroi\u02b9ttli vaikkt\u00f5\u00f5zzid. Pi\u00f5ggstrooi\u02b9telha\u02b9\u014b\u01e9\u01e9\u00f5\u00f5zzid lij-i m\u00e4inn ta\u02b9r\u01e9st\u00f5\u00f5ll\u00e2d p\u00e2i ha\u02b9\u014b\u01e9\u01e9\u00f5\u00f5zz mie\u02b9ldd. Ha\u02b9\u014b\u01e9\u01e9\u00f5splaanummu\u017e aal\u01e5 r\u00e4\u00e4\u02b9jest \u00e2lgg se\u02b9lvted, m\u00e5kam vaikkt\u00f5\u00f5zz mo\u017e\u00e2t lie da vuei\u02b9tet-a t\u00f5id plaaneem ve\u00e4kka \u01e9ie\u02b9ppeed. Pu\u00f5cci GPS-vu\u00e5ppm\u00f5\u0161 oudd\u00e2l ha\u02b9\u014b\u01e9\u01e9\u00f5\u00f5zz, raajj\u00e2m poodd da vi\u00f5kkstroi\u02b9ttli \u00e2\u00e2\u02b9nnem poodd pu\u00e4tt \u00f5\u00f5ld\u00e2spu\u00f5\u02b9ttivu\u00f5\u0111\u00e2st mi\u00e2rkkteeinalla u\u02b9vdded l\u00e2\u00e2\u02b9zz te\u00e2\u0111 pu\u00f5cci si\u00f5httl\u00f5\u00f5ttmest da pu\u00e4\u0292\u0292paai\u02b9\u01e9i \u00e2\u00e2nnm\u00f5\u00f5\u017e\u017e muttsin.<\/p>\n<p>Ee\u02b9jj 2014 loopp\u00e2st L\u00e4\u00e4\u02b9ddj\u00e2nnmest le\u02b9jje \u00e2\u00e2\u02b9nnmest 260 pi\u00f5ggstroi\u02b9ttled, kooi obbkapasite\u02b9tt lij 627 MW. T\u00f5k puu\u02b9t\u02bcte nu\u02b9tt 1,3 prosee\u02b9nt L\u00e4\u00e4\u02b9ddj\u00e2nnmest ee\u02b9jj 2014 \u00f5nnum li\u00e2\u0111\u01e5\u00e2st. (Suomen tuulivoimayhdistys ry). Pi\u00f5ggkaard\u00e2sha\u02b9\u014b\u01e9\u01e9\u00f5\u00f5zz lie vue\u02b9ss tu\u00e2jj- da jie\u02b9llemvue\u02b9\u01e9\u01e9ministeria ku\u02b9\u01e9es \u00e4i\u02b9\u01e7\u01e7k\u00f5\u00f5sk \u00e4imm\u00f5s- da energiastrategia. T\u00f5n t\u00e4\u00e4vt\u00f5ss\u00e2n lij kagg\u00e2d pi\u00f5ggvi\u00f5kk obbkapasite\u02b9tt 2500 megawattii\u02b9je ekka 2020 m\u00f5\u00f5nee\u02b9st.<\/p>\n<p>Puk pu\u00e4\u0292\u0292h\u00e5iddvuu\u02b9dest plaaneemnalla \u00e5\u00e5rrai pi\u00f5ggvi\u00f5kkha\u02b9\u014b\u01e9\u01e9\u00f5\u00f5zz jie kai\u02b9bbe pirr\u00f5svaikkt\u00f5\u00f5zzi arvvt\u00f5\u00f5ll\u00e2m-m\u00f5\u00f5nt\u00f5\u00f5llm\u00f5\u00f5\u017e\u017e. Uu\u02b9ccab mettk\u00e4\u00e4\u02b9v ha\u02b9\u014b\u01e9\u01e9\u00f5\u00f5zzid p\u00f5\u00f5r\u01e5\u00e2t viikk\u00e2d \u010d\u00f5\u00f5\u0111 t\u00e5\u02b9l\u01e9 k\u00e4\u00e4\u02b9vvtumm\u0161in. Vaikkt\u00f5\u00f5zzid pu\u00e4\u0292\u0292hoiddu \u00e2lgg kuuit\u00e2\u01e5 p\u00e2i arvvt\u00f5\u00f5ll\u00e2d da v\u00e4\u02b9ldded lokku ha\u02b9\u014b\u01e9\u01e9\u00f5splaan aal\u01e5 r\u00e4\u00e4\u02b9jest.<\/p>\n<p>Pu\u00e4\u0292\u0292h\u00e5\u00e5id da lu\u00e2\u0111 pe\u00e4\u02b9lest uu\u02b9ccm\u00f5s\u00e2n h\u00e4\u00e4i\u02b9t lij, j\u00f5s pi\u00f5ggstroi\u02b9ttel r\u00e4\u00e4jj ju\u02b9n rajjum pirr\u00f5\u02b9sse.<\/p>\n<p>&nbsp;<\/p>\n","protected":false},"excerpt":{"rendered":"<p>Pi\u00f5ggvi\u00f5kk Pi\u00f5ggstroi\u02b9ttli vaikkt\u00f5\u00f5zz pu\u00f5ccuid da pu\u00e4\u0292\u0292hoiddu je\u00e4\u02b9t v\u00f5l mee\u02b9st L\u00e4\u00e4\u02b9ddj\u00e2nnmest \u010duu\u02b9t toobd. Olos pi\u00f5ggstroi\u02b9ttel lie maatk\u010demk\u00f5\u00f5sk\u00f5\u00f5zz\u00e2st Muoniost da Je\u00e4n\u00f5\u00f5\u01e5\u01e5 Lammasoaivist lie t\u00e5\u02b9l\u01e9 kolmm u\u02b9cc vi\u00f5kkstroi\u02b9ttel. Tervola Varevaara stroi\u02b9ttel lie aivv v\u00e4\u02b9ldd\u010du\u00e2\u01e5\u01e5as neellj paald\u00e2st m\u00e2\u02b9te \u0161e Simo maal, kook lie tu\u00e5immjumm\u0161est. M\u00e4\u00e4\u014bg pi\u00f5ggvi\u00f5kkha\u02b9\u014b\u01e9\u01e9\u00f5\u00f5zz lie kuuit\u00e2\u01e5 jee\u02b9res \u00e5\u02b9rnn pu\u00e4\u0292\u0292h\u00e5iddvuu\u02b9d jorddm\u00f5\u0161\u0161\u00e2n da \u00f5\u00f5ld\u00e2sii\u02b9jjin vu\u00e4\u01ef\u01efap l\u00e2\u00e2\u02b9zz \u01e9i\u00f5\u010d\u010dl\u00e2sttm\u00f5\u00f5\u017e\u017eid t\u00f5\u02b9st, m\u00e4\u02b9htt [&hellip;]<\/p>\n","protected":false},"author":1,"featured_media":0,"parent":399,"menu_order":3,"comment_status":"open","ping_status":"closed","template":"","meta":{"footnotes":""},"class_list":["post-406","page","type-page","status-publish","hentry"],"aioseo_notices":[],"_links":{"self":[{"href":"https:\/\/paliskunnat.fi\/poh\/wp-json\/wp\/v2\/pages\/406","targetHints":{"allow":["GET"]}}],"collection":[{"href":"https:\/\/paliskunnat.fi\/poh\/wp-json\/wp\/v2\/pages"}],"about":[{"href":"https:\/\/paliskunnat.fi\/poh\/wp-json\/wp\/v2\/types\/page"}],"author":[{"embeddable":true,"href":"https:\/\/paliskunnat.fi\/poh\/wp-json\/wp\/v2\/users\/1"}],"replies":[{"embeddable":true,"href":"https:\/\/paliskunnat.fi\/poh\/wp-json\/wp\/v2\/comments?post=406"}],"version-history":[{"count":2,"href":"https:\/\/paliskunnat.fi\/poh\/wp-json\/wp\/v2\/pages\/406\/revisions"}],"predecessor-version":[{"id":6729,"href":"https:\/\/paliskunnat.fi\/poh\/wp-json\/wp\/v2\/pages\/406\/revisions\/6729"}],"up":[{"embeddable":true,"href":"https:\/\/paliskunnat.fi\/poh\/wp-json\/wp\/v2\/pages\/399"}],"wp:attachment":[{"href":"https:\/\/paliskunnat.fi\/poh\/wp-json\/wp\/v2\/media?parent=406"}],"curies":[{"name":"wp","href":"https:\/\/api.w.org\/{rel}","templated":true}]}}