{"id":408,"date":"2014-10-20T10:54:36","date_gmt":"2014-10-20T07:54:36","guid":{"rendered":"http:\/\/80.69.171.23\/py\/?page_id=408"},"modified":"2020-03-22T18:11:12","modified_gmt":"2020-03-22T16:11:12","slug":"launnpuuttos","status":"publish","type":"page","link":"https:\/\/paliskunnat.fi\/poh\/vuapstummus\/maddaannmos\/launnpuuttos\/","title":{"rendered":"L\u00e2u\u02b9\u014b\u014bpuu\u02b9t\u02bct\u00f5s"},"content":{"rendered":"<h2>L\u00e2u\u02b9\u014b\u014bpuu\u02b9t\u02bct\u00f5s<\/h2>\n<p>Jie\u02b9\u01e7\u01e7 lie k\u00f5skksa\u017e pu\u00f5ccui palgg\u00e2mj\u00e2nnam da kue\u02b9ddemvuu\u02b9d. V\u00e2\u02b9lljporrm\u00f5\u00f5\u017e\u017ela\u017e jie\u02b9\u01e7\u01e7in lie ji\u00e2nnai porrm\u00f5\u00f5\u017e\u017e. \u00c4\u00e4vas da pi\u00f5ggi vu\u02b9vdden t\u00f5k maazzl\u00e2\u02b9stte pu\u00f5ccuid oocc\u00e2d su\u00f5j \u010du\u00f5\u0161kin. L\u00e2u\u02b9\u014b\u014bpuu\u02b9t\u02bctemvuu\u02b9did ku\u00e4ivat takainalla \u010di\u014b\u014b\u00e2l, ce\u00e4ggru\u00f5bddsa\u017e vu\u00e4jid, kooi \u010d\u00e4\u00e4\u02b9\u0292\u0292vuei\u02b9vv kagg\u00e2\u00e2tt \u00f5ll\u02bcj\u00f5\u02b9sse. Vu\u00e4jin raav\u00e2s pu\u00f5ccu jue\u02b9lj jie vu\u00e4l ruuv \u010d\u00f5\u00f5\u0111 p\u00e5nna, vue\u02b9zzest mainste\u01e9\u00e2ni. Pu\u00f5ccui j\u00e5\u00e5\u02b9ttem\u01e9e\u00e4inid lu\u00f5\u02b9ddjeei vu\u00e4jid r\u00f5\u00f5vvam pu\u00f5ccui lij t\u00e4ujja vaigg\u00e2d le\u02b9be vuei\u02b9t\u02bctem pi\u00e2ss\u00e2d vu\u00e4jast me\u00e4dda. Je\u00e4\u02b9rben vue\u02b9zz hi\u00e2vvne l\u00e2u\u02b9\u014b\u014bpuu\u02b9t\u02bctemvuu\u02b9di vu\u00e4jid.<\/p>\n<p><a href=\"https:\/\/paliskunnat.fi\/py\/wp-content\/uploads\/2014\/10\/turvesuon_oja.jpg\" rel=\"lightbox[408]\"><img loading=\"lazy\" decoding=\"async\" class=\"alignnone wp-image-1779\" src=\"https:\/\/paliskunnat.fi\/py\/wp-content\/uploads\/2014\/10\/turvesuon_oja.jpg\" alt=\"Turvesuon jyrkk\u00e4reunainen ja vaarallinen oja\" width=\"500\" height=\"362\" srcset=\"https:\/\/paliskunnat.fi\/poh\/wp-content\/uploads\/2014\/10\/turvesuon_oja.jpg 900w, https:\/\/paliskunnat.fi\/poh\/wp-content\/uploads\/2014\/10\/turvesuon_oja-300x217.jpg 300w, https:\/\/paliskunnat.fi\/poh\/wp-content\/uploads\/2014\/10\/turvesuon_oja-768x556.jpg 768w\" sizes=\"auto, (max-width: 500px) 100vw, 500px\" \/><\/a><\/p>\n<p>L\u00e2u\u02b9\u014b\u014bpuu\u02b9t\u02bct\u00f5\u00f5zz plaanee\u02b9n \u00e4\u00e4\u02b9\u0161\u0161vu\u00e4zzla\u017e paal\u01e5\u00e2sk\u00e5\u00e5\u02b9dd mie\u02b9ldd \u00e5\u00e5rrm\u00f5\u0161 lij vu\u00f5ss-s\u00e2jjsa v\u00e4\u00e4\u017enai projee\u02b9kt aal\u01e5\u00e2st \u00e4\u00e4\u02b9ljee\u02b9l. Pu\u00f5ccuid \u0161\u00f5\u00f5ddi sk\u00e4\u00e4\u0111aid \u00e2lgg p\u00f5rgg\u00e2d c\u00f5gg\u00e2d tuejjee\u02b9l raampid nokk t\u00e4\u00e4uj\u00e2s. M\u00e5ttme\u0161t puu\u02b9t\u02bctemvuu\u02b9d \u00e4iddummu\u0161 vu\u00e4itt lee\u02b9d \u0161e tarbbs\u00f5s. \u00c4iddummu\u017e taarb\u00e2st da vaikkt\u00f5\u00f5zzin \u00e2lgg p\u00e2i sa\u01e5st\u00f5\u00f5ll\u00e2d \u00e4\u00e4\u02b9\u0161\u0161vu\u00e4zzla\u017e paal\u01e5\u00e2skoo\u02b9ddin.<\/p>\n<p>L\u00e2u\u02b9\u014b\u014bpuu\u02b9t\u02bctemvuu\u02b9di m\u00e2\u02b9\u014b\u014b\u00e2\u00e2nnm\u00f5\u00f5\u017e\u017e ohjjeet k\u00e4\u00e4\u02b9vtummu\u017e da jee\u02b9res m\u00e4dd\u00e2\u00e2nnm\u00f5\u00f5\u017e\u017e plaanummu\u017e ve\u00e4kka nu\u02b9tt, \u0161to t\u00f5\u02b9st ij \u0161\u00f5\u00f5dd l\u00e2\u00e2\u02b9zz h\u00e4\u00e4i\u02b9t pu\u00e4\u0292\u0292hoiddu. L\u00e2u\u02b9\u014b\u014bpuu\u02b9t\u02bct\u00f5\u00f5zz\u00e2st jaukk\u00e2m vuu\u02b9did \u00e2lgg vu\u00f5ss-s\u00e2jjs\u00e2nji maaccted lu\u00e2ttvu\u00e2kka. Jee\u02b9res \u00e2\u00e2\u02b9nnma valddum vuu\u02b9di \u00e2\u00e2\u02b9nnmest ij vu\u00e4\u01ef\u01ef \u0161\u00f5dd\u00e2d paal\u01e5\u00e2sk\u00e5dda kuul le\u02b9be p\u00f5\u00f5\u0161\u0161i vu\u02b9vddm\u00f5\u00f5ntummu\u017e. L\u00e2u\u02b9\u014b\u014bpuu\u02b9t\u02bctemvuu\u02b9di m\u00e2\u02b9\u014b\u014b\u00e2\u00e2nnm\u00f5\u0161 m\u00e4ddt\u00e4\u00e4llj\u00e2nnmen ij su\u00e5v pu\u00e4\u0292\u0292h\u00e5iddvoudda, ko t\u00f5t vu\u00e4it\u010di tuejjeed m\u00e5\u00e5\u017ente\u02b9mes \u00e4iddeem\u00f5\u00f5l\u01e5t\u00f5\u00f5zzid da kuulid \u00e4\u00e4\u02b9\u0161\u0161vu\u00e4zzla\u017e paal\u01e5\u00e2sk\u00e5dda.<\/p>\n<p>&nbsp;<\/p>\n<p>&nbsp;<\/p>\n","protected":false},"excerpt":{"rendered":"<p>L\u00e2u\u02b9\u014b\u014bpuu\u02b9t\u02bct\u00f5s Jie\u02b9\u01e7\u01e7 lie k\u00f5skksa\u017e pu\u00f5ccui palgg\u00e2mj\u00e2nnam da kue\u02b9ddemvuu\u02b9d. V\u00e2\u02b9lljporrm\u00f5\u00f5\u017e\u017ela\u017e jie\u02b9\u01e7\u01e7in lie ji\u00e2nnai porrm\u00f5\u00f5\u017e\u017e. \u00c4\u00e4vas da pi\u00f5ggi vu\u02b9vdden t\u00f5k maazzl\u00e2\u02b9stte pu\u00f5ccuid oocc\u00e2d su\u00f5j \u010du\u00f5\u0161kin. L\u00e2u\u02b9\u014b\u014bpuu\u02b9t\u02bctemvuu\u02b9did ku\u00e4ivat takainalla \u010di\u014b\u014b\u00e2l, ce\u00e4ggru\u00f5bddsa\u017e vu\u00e4jid, kooi \u010d\u00e4\u00e4\u02b9\u0292\u0292vuei\u02b9vv kagg\u00e2\u00e2tt \u00f5ll\u02bcj\u00f5\u02b9sse. Vu\u00e4jin raav\u00e2s pu\u00f5ccu jue\u02b9lj jie vu\u00e4l ruuv \u010d\u00f5\u00f5\u0111 p\u00e5nna, vue\u02b9zzest mainste\u01e9\u00e2ni. Pu\u00f5ccui j\u00e5\u00e5\u02b9ttem\u01e9e\u00e4inid lu\u00f5\u02b9ddjeei vu\u00e4jid r\u00f5\u00f5vvam pu\u00f5ccui lij t\u00e4ujja vaigg\u00e2d le\u02b9be vuei\u02b9t\u02bctem [&hellip;]<\/p>\n","protected":false},"author":1,"featured_media":0,"parent":399,"menu_order":4,"comment_status":"open","ping_status":"closed","template":"","meta":{"footnotes":""},"class_list":["post-408","page","type-page","status-publish","hentry"],"aioseo_notices":[],"_links":{"self":[{"href":"https:\/\/paliskunnat.fi\/poh\/wp-json\/wp\/v2\/pages\/408","targetHints":{"allow":["GET"]}}],"collection":[{"href":"https:\/\/paliskunnat.fi\/poh\/wp-json\/wp\/v2\/pages"}],"about":[{"href":"https:\/\/paliskunnat.fi\/poh\/wp-json\/wp\/v2\/types\/page"}],"author":[{"embeddable":true,"href":"https:\/\/paliskunnat.fi\/poh\/wp-json\/wp\/v2\/users\/1"}],"replies":[{"embeddable":true,"href":"https:\/\/paliskunnat.fi\/poh\/wp-json\/wp\/v2\/comments?post=408"}],"version-history":[{"count":3,"href":"https:\/\/paliskunnat.fi\/poh\/wp-json\/wp\/v2\/pages\/408\/revisions"}],"predecessor-version":[{"id":6732,"href":"https:\/\/paliskunnat.fi\/poh\/wp-json\/wp\/v2\/pages\/408\/revisions\/6732"}],"up":[{"embeddable":true,"href":"https:\/\/paliskunnat.fi\/poh\/wp-json\/wp\/v2\/pages\/399"}],"wp:attachment":[{"href":"https:\/\/paliskunnat.fi\/poh\/wp-json\/wp\/v2\/media?parent=408"}],"curies":[{"name":"wp","href":"https:\/\/api.w.org\/{rel}","templated":true}]}}