{"id":410,"date":"2014-10-20T10:55:29","date_gmt":"2014-10-20T07:55:29","guid":{"rendered":"http:\/\/80.69.171.23\/py\/?page_id=410"},"modified":"2020-03-22T18:15:20","modified_gmt":"2020-03-22T16:15:20","slug":"kaavtummus","status":"publish","type":"page","link":"https:\/\/paliskunnat.fi\/poh\/vuapstummus\/maddaannmos\/kaavtummus\/","title":{"rendered":"K\u00e4\u00e4\u02b9vtummu\u0161"},"content":{"rendered":"<h2>K\u00e4\u00e4\u02b9vtummu\u0161<\/h2>\n<p>Pu\u00e4\u0292\u0292h\u00e5iddl\u00e4\u00e4\u02b9\u01e9\u01e9 (PHL\u00a0<a href=\"https:\/\/www.finlex.fi\/fi\/laki\/ajantasa\/1990\/19900848\"><strong>848\/1990<\/strong><\/a>) lij spesiaal-l\u00e4\u00e4\u02b9\u01e9\u01e9, koon \u00e2lgg v\u00e4\u02b9ldded lokku k\u00e4\u00e4\u02b9vtumm\u0161est da jee\u02b9res pu\u00e4\u0292\u0292h\u00e5iddvuu\u02b9dest \u0161\u00f5ddi tu\u00e5immjumm\u0161est. Pu\u00e4\u0292\u0292h\u00e5\u00e5id kannteeivu\u00f5\u0111 oudld\u00f5s da vu\u00e2\u0111\u0111 lij lu\u00f5v\u00e2s palgg\u00e2m- da ku\u00e4ivvamvu\u00f5igg\u00e2dvu\u00f5tt (<a href=\"https:\/\/www.finlex.fi\/fi\/laki\/ajantasa\/1990\/19900848#P3\"><strong>PHL 3 \u00a7<\/strong><\/a>). Lu\u00f5v\u00e2s palgg\u00e2m- da ku\u00e4ivvamvu\u00f5igg\u00e2dvu\u00f5tt lij jurddum da tobdstum p\u00f5\u00f5\u0161\u0161i vu\u00f5igg\u00e2dvu\u00f5tt\u00e2n. T\u00f5t mi\u00e2rkk\u0161\u00e2\u00e2vv pu\u00e4ccja vu\u00f5igg\u00e2dvu\u00f5\u0111 v\u00e4\u02b9ldded porrm\u00f5\u00f5\u017e\u017e\u00e2s friij\u00e2ld lu\u00e2\u0111ast, \u010do\u02b9rst\u00f5\u00f5\u01e5\u01e5 t\u00e4\u00e4zz lie loo\u01e5\u01e5t\u00f5llum l\u00e4\u00e4\u02b9jjest. L\u00e2\u00e2\u02b9ssen <a href=\"http:\/\/www.ymparisto.fi\/fi-FI\/Elinymparisto_ja_kaavoitus\/Maankayton_suunnittelujarjestelma\/Valtakunnalliset_alueidenkayttotavoitteet\"><strong>v\u00e4\u02b9lddk\u00e5\u00e5ddla\u017e vu\u02b9vdd\u00e2\u00e2\u02b9nnemt\u00e4\u00e4vt\u00f5\u00f5zz<\/strong><\/a>\u00a0(VAT) vue\u02b9ssen m\u00e4dd\u00e2\u00e2\u02b9nnem- da raajj\u00e2ml\u00e4\u00e4\u02b9jj (MRL\u00a0<a href=\"http:\/\/www.finlex.fi\/fi\/laki\/ajantasa\/1999\/19990132\"><strong>132\/1999<\/strong><\/a>) me\u00e2ldla\u017e vu\u02b9vdd\u00e2\u00e2nnm\u00f5\u00f5\u017e\u017e plaaneemri\u00e2\u0161ld\u00f5\u00f5\u01e5\u01e5, staanee pu\u00e4\u0292\u0292jie\u02b9llemvue\u02b9jj vu\u02b9vdd\u00e2\u00e2nla\u017e oudld\u00f5\u00f5zzid.<\/p>\n<p>Pu\u00e4\u0292\u0292h\u00e5\u00e5id ku\u00f5skki vaikkt\u00f5\u00f5zzid\u00a0 \u0161\u00f5ddm\u00f5\u00f5\u017e\u017e me\u00e2ldl\u00e2nji selvtee\u02b9n \u00e2lgg \u00e4\u00e4\u02b9\u0161\u0161est sa\u01e5st\u00f5\u00f5ll\u00e2d \u00e4\u00e4\u02b9\u0161\u0161vu\u00e4zzla\u017e paal\u01e5\u00e2skoo\u02b9ddin. T\u00e4\u00e4zz \u00f5\u00f5l\u01e5\u00e2t pu\u00e4\u0292\u0292h\u00e5iddl\u00e4\u00e4\u02b9\u01e9\u01e9 (<a href=\"https:\/\/www.finlex.fi\/fi\/laki\/ajantasa\/1990\/19900848#P53\"><strong>PHL 53 \u00a7<\/strong><\/a>). \u00c4\u00e4\u02b9\u0161\u0161vu\u00e4zzla\u017e paal\u01e5\u00e2sk\u00e5\u00e5\u02b9dd ee\u02b9ttk\u00e2stt <a href=\"https:\/\/paliskunnat.fi\/py\/organisaatio\/yhteystiedot\/paliskunnat\/\"><strong>pu\u00e4\u0292\u0292ee\u02b9\u017e\u017eed<\/strong><\/a>.<\/p>\n<p>Kaa\u02b9vin \u010d\u00f5\u00f5n\u00e2sjoukksa\u01e5st\u00f5\u00f5llmid lij \u0161i\u00f5\u01e5\u01e5 altteed ju\u02b9n se\u02b9lvtempoodd\u00e2st. K\u00e5\u02b9ddkaa\u02b9vin (m\u00e4ddk\u00e5\u02b9ddk\u00e4\u00e4\u02b9v \u00f5\u00f5l\u01e5tam) sa\u01e5st\u00f5\u00f5llmid \u00e2lgg ri\u00e2\u0161\u0161\u00e2d m\u00e2\u00e2im\u00f5\u00f5zz\u00e2st valm\u0161t\u00f5\u00f5ll\u00e2maunst\u00f5\u00f5zz vuei\u02b9nnemnalla \u00e5\u00e5rram m\u00e2\u014b\u014ba. T\u00f5in vuei\u02b9tet m\u00f5\u00f5nn\u00e2d \u010d\u00f5\u00f5\u0111 paal\u01e5\u00e2sk\u00e5\u00e5\u02b9dd vuei\u02b9tlva\u017e pie\u02b9llv\u00e4lddm\u00f5\u00f5\u017e\u017e le\u02b9be paal\u01e5\u00e2sk\u00e5\u00e5\u02b9dd ou\u02b9dde pohttam vaikkt\u00f5\u00f5zzid da t\u00e4i lokku v\u00e4lddm\u00f5\u00f5\u017e\u017e (\u01e9e\u00e4\u02b9ppummu\u017e) k\u00e4\u00e4\u02b9vest. Paal\u01e5\u00e2skoo\u02b9ddin vuei\u02b9tet sa\u01e5st\u00f5\u00f5ll\u00e2d \u0161e oudd\u00e2l valm\u0161t\u00f5\u00f5ll\u00e2maunst\u00f5\u00f5zz vuei\u02b9nnemnalla piijjm\u00f5\u00f5\u017e\u017e da nuu\u02b9bb vu\u00e2ra oudd\u00e2l e\u02b9t\u01e9\u01e9\u00f5spoodd vuei\u02b9nnemnalla \u00e5\u00e5rrm\u00f5\u00f5\u017e\u017e, m\u00e2\u02b9te p\u00f5\u00f5\u0161\u0161j\u00f5\u00f5vv\u00e2m m\u00f5\u00f5nt\u00f5\u00f5ll\u00e2mn\u00e4\u00e4\u02b9ll Lappi vuu\u02b9d m\u00e4ddk\u00e5\u02b9ddkaa\u02b9vin lij. Paal\u01e5\u00e2sk\u00e5\u02b9dd da Paal\u01e5\u00e2skoo\u02b9ddi \u00f5htt\u00f5s lie le\u00e4mma mie\u02b9ldd k\u00e5\u02b9dd- da m\u00e4ddk\u00e5\u02b9ddkaa\u02b9vi l\u00e4\u00e4\u02b9jjme\u00e2ldl\u00e2\u017e ve\u02b9r\u01e7\u01e7ne\u01e9sa\u01e5st\u00f5\u00f5llmin, k\u00e5\u00e5\u02b9tt lij vu\u00f5innum \u0161i\u00f5\u01e5\u01e5 n\u00e4\u00e4\u02b9llen ainsm\u00e2\u02b9tted pu\u00e4\u0292\u0292h\u00e5\u00e5id lokku v\u00e4lddm\u00f5\u00f5\u017e\u017e ri\u02b9jttjeeivu\u00f5\u0111.<\/p>\n<p>J\u00f5s tu\u00f5\u0111\u00e2t, \u0161to ha\u02b9\u014b\u01e9\u01e9\u00f5s tuejjad h\u00e4\u00e4i\u02b9t jie\u02b9llemvu\u00e2kka, \u00e2lgg h\u00e4\u00e4i\u02b9tid minim\u00e2\u02b9stted da kompens\u00e2\u02b9stted. T\u00e4t ooudald ha\u02b9\u014b\u01e9\u01e9\u00f5stu\u00e5immjeei da jie\u02b9llemvue\u02b9jj k\u00f5skksa\u017e sa\u01e5st\u00f5\u00f5llmid. Sa\u01e5st\u00f5\u00f5llmin \u00e2lgg j\u00e4\u00e4\u02b9\u01e9\u01e9ted \u0161i\u00f5\u01e5\u01e5 sa\u01e5st\u00f5\u00f5ll\u00e2mn\u00e4\u00e4\u02b9l. T\u00e4t mi\u00e2rkk\u0161\u00e2\u00e2vv, \u0161to plaanin sa\u01e5st\u00f5\u00f5l\u00e2t t\u00f5n p\u00e2\u00e2\u02b9jest, ko t\u00f5id lij vuei\u02b9tlva\u017e vaikkted. Lopp-pu\u00e5\u0111\u00f5ss\u00e2n raaj\u00e2t \u01e9eerjla\u017e su\u00e5ppm\u00f5\u00f5\u017e\u017e t\u00f5\u02b9st, m\u00e4\u02b9htt ha\u02b9\u014b\u01e9\u01e9\u00f5\u00f5zz\u00e2st \u0161\u00f5ddi h\u00e4\u00e4i\u02b9tid uu\u02b9cceet da kompens\u00e2\u00e2\u02b9stet di m\u00e4\u02b9htt t\u00f5id vu\u00e5pp\u00e2t da m\u00e4\u02b9htt vu\u00e5ppm\u00f5\u00f5\u017e\u017e pu\u00e5\u0111\u00f5\u00f5zzin si\u00f5httl\u00f5\u00f5\u0111\u00e2t.<\/p>\n<h2>K\u00e4\u00e4\u02b9v vaikkt\u00f5\u00f5zz pu\u00e4\u0292\u0292hoiddu<\/h2>\n<p>Pu\u00e4\u0292\u0292h\u00e5idd vu\u00e2\u0111\u0111\u00e2\u00e2vv lu\u00f5v\u00e2s palggma da ku\u00e4ivvma: pu\u00e4\u0292\u0292h\u00e5iddl\u00e4\u00e4\u02b9jj (PHL 848\/1990)\u00a0<a href=\"https:\/\/www.finlex.fi\/fi\/laki\/ajantasa\/1990\/19900848#P3\"><strong>3 \u00a7<\/strong><\/a>\u00a0me\u00e2ldl\u00e2nji pu\u00e4\u0292\u0292h\u00e5\u00e5id vu\u00e5\u01ef\u01ef\u00e2t harjjted pu\u00e4\u0292\u0292h\u00e5iddvuu\u02b9dest m\u00e4\u00e4dd vu\u00e4\u02b9mstem- da vaald\u0161emvu\u00f5igg\u00e2dvu\u00f5\u0111\u00e2st hu\u00f5l\u01e9\u00e2ni. Pu\u00e4\u0292\u0292h\u00e5idd lij tu\u00e5immjemvuu\u02b9dstes veidds\u00f5s m\u00e4dd\u00f5\u00f5\u02b9nni. Puk jee\u02b9res m\u00e4dd\u00e2\u00e2nnm\u00f5\u0161 pu\u00e4\u0292\u0292h\u00e5iddvuu\u02b9dest vaikkat p\u00e2i j\u00e4\u00e4nab le\u02b9be uu\u02b9ccben pu\u00e4\u0292\u0292h\u00e5\u00e5id harjjtummu\u017e oudld\u00f5\u00f5zzid. Pu\u00e4\u0292\u0292h\u00e5iddvuu\u02b9dest m\u00e4dd\u00e2\u00e2nnm\u00f5\u00f5\u017e\u017e \u00f5\u02b9httesu\u00e5vtummu\u0161 lij \u00e2\u02b9te samai k\u00f5skksa\u017e k\u00f5\u00f5\u010d\u010dm\u00f5\u0161.<\/p>\n<p>K\u00e4\u00e4\u02b9vtumm\u0161est lij vue\u02b9l\u01e7\u01e7ems\u00e2\u00e2\u02b9jjen jee\u02b9resnall\u0161em vu\u02b9vdd\u00e2\u00e2nnm\u00f5\u00f5\u017e\u017e intree\u02b9ssi da taarbi \u00f5\u02b9httesu\u00e5vtummu\u0161. K\u00e4\u00e4\u02b9vtemprosee\u02b9ss tu\u00e5immje vu\u02b9vdd\u00e2\u00e2nnm\u00f5\u00f5\u017e\u017e plaanummu\u017e vu\u00e2rrvaikktemvu\u00f5\u0111 ne\u00e4vvan. K\u00e4\u00e4\u02b9vtumm\u0161est lie vu\u00f5igg\u00e2dvu\u00f5ttvaikkt\u00f5\u00f5zz \u0161e. Pu\u00e4\u0292\u0292h\u00e5iddvuu\u02b9dest vu\u00e2rrvaikktemvu\u00f5\u0111 lie n\u00e4\u00e4\u02b9lest \u010d\u00f5\u00f5\u0111tam jee\u02b9resnall\u0161em vu\u00e4ss\u00e2\u02b9tti plaaneem- da sa\u01e5st\u00f5\u00f5ll\u00e2mprosee\u02b9ssin. K\u00e4\u00e4\u02b9vtumm\u0161est \u00e2lgg l\u00e2\u00e2\u02b9ssen \u00e4u\u02b9\u01e9\u01e9eed ju\u02b9n \u00e5\u00e5rrai paal\u01e5\u00e2skoo\u02b9ddi p\u00e4i\u02b9\u01e9\u01e9te\u00e2ttaunst\u00f5\u00f5zz, k\u00e5\u00e5\u02b9tt mu\u0161tt\u00e2l pu\u00e4\u0292\u0292h\u00e5\u00e5id k\u00f5skksa\u017e palgg\u00e2m- da ku\u00e4ivvam- da tu\u00e5immjemvuu\u02b9din.<\/p>\n<p>V\u00e4\u02b9lddk\u00e5\u00e5ddla\u017e vu\u02b9vdd\u00e2\u00e2\u02b9nnemt\u00e4\u00e4vt\u00f5\u00f5zzin p\u00f5\u00f5r\u01e5\u00e2t ainsm\u00e2\u02b9tted v\u00e4\u02b9lddk\u00e5\u00e5\u02b9ddlanji mi\u00e2rkteei aa\u02b9\u0161\u0161i lokku v\u00e4lddm\u00f5\u00f5\u017e\u017e k\u00e4\u00e4\u02b9vtumm\u0161est da riikk ve\u02b9r\u01e7\u01e7nii\u02b9\u01e9\u01e9i tu\u00e5immjumm\u0161est. VAT lij m\u00e4dd\u00e2\u00e2\u02b9nnem- da raajj\u00e2ml\u00e4kka vu\u00e2\u0111\u0111\u00f5\u00f5vvi riikksu\u00e5vt\u00f5\u00f5zz tu\u02b9mmst\u00f5k (30.11.2000 da 13.11.2008). Riikk ve\u02b9r\u01e7\u01e7nee\u02b9\u01e9\u01e9 \u00f5\u02b9l\u01e7\u01e7e tu\u00e5immjumm\u0161e\u02b9stes v\u00e4\u02b9ldded lokku v\u00e4\u02b9lddk\u00e5\u00e5ddla\u017e vu\u02b9vdd\u00e2\u00e2\u02b9nnemt\u00e4\u00e4vt\u00f5\u00f5zzid, oou\u02b9deed t\u00f5i \u010d\u00f5\u00f5\u0111 viikkm\u00f5\u00f5\u017e\u017e da arvvt\u00f5\u00f5ll\u00e2d tu\u00e5imees vaikkt\u00f5\u00f5zzid vu\u02b9vddrajj\u00e2z da vuu\u02b9di \u00e2\u00e2nnm\u00f5\u00f5\u017e\u017e pe\u00e4\u02b9lest (<a href=\"https:\/\/www.finlex.fi\/fi\/laki\/ajantasa\/1999\/19990132#P24\"><strong>MRL 24.1 \u00a7<\/strong><\/a>). M\u00e4ddk\u00e5\u00e5\u02b9dd plaanumm\u0161est da jee\u02b9res vu\u02b9vdd\u00e2\u00e2nnm\u00f5\u00f5\u017e\u017e plaanumm\u0161est \u00e2lgg \u00e2\u00e2\u02b9nned hu\u00f5l v\u00e4\u02b9lddk\u00e5\u00e5ddla\u017e vu\u02b9vdd\u00e2\u00e2\u02b9nnemt\u00e4\u00e4vt\u00f5\u00f5zzi lokku v\u00e4\u02b9lddmest nu\u02b9tt, \u0161to oou\u02b9deet t\u00f5i \u010d\u00f5\u00f5\u0111 viikkm\u00f5\u00f5\u017e\u017e (<a href=\"https:\/\/www.finlex.fi\/fi\/laki\/ajantasa\/1999\/19990132#P24\"><strong>MRL 24.2 \u00a7<\/strong><\/a>). \u00d5\u00f5l\u01e5t\u00f5s ku\u00e2skk vu\u00f5igg\u00e2dvu\u00f5\u0111l\u00e2nji puk k\u00e4\u00e4\u02b9vtummu\u017e.<\/p>\n<p>V\u00e4\u02b9lddk\u00e5\u00e5ddla\u017e vu\u02b9vdd\u00e2\u00e2nnm\u00f5\u00f5\u017e\u017e t\u00e4\u00e4vt\u00f5\u00f5zzi \u201cLu\u00e2tt- da kulttuurpirr\u00f5ss\u00e2n spesiaal vu\u02b9vddobbvu\u00f5\u0111\u201d -l\u00e5\u00e5\u01e5\u01e5 takai t\u00e4\u00e4vt\u00f5\u00f5zzi mie\u02b9ldd: \u201d\u2014 Vuu\u02b9di jii\u02b9jjesnall\u0161emvu\u00f5\u0111id tobdstet da vu\u02b9vdd\u00e2\u00e2nnm\u00f5\u00f5\u017e\u017e su\u00e5vtet \u00f5\u02b9htte, nu\u02b9tt t\u00e4\u00e4\u02b9sste\u00e4dds\u00e2nji ko vuei\u02b9tlva\u017e, jii\u02b9jjesnall\u0161em lu\u00e2tt\u00e5\u00e5rrm\u00f5\u00f5\u017e\u017ei, lu\u00e2\u0111 \u01e9e\u00e2ll\u02bcjeeivu\u00f5\u0111 da kulttuur\u00e4\u00e4rvi staan\u00e2m di\u00f5tt. Se\u00e4mmast tu\u00e4rjjeet lu\u00e2tt\u00e5\u00e5rrm\u00f5\u00f5\u017e\u017eid \u0161i\u00f5ttl\u00f5\u00f5vv\u00e2m jii\u02b9jjesnall\u0161em sijdd- da kulttuurpirr\u00f5\u00f5zzi seillm\u00f5\u00f5\u017e\u017e \u010d\u00e2vvsen. \u2014 Pu\u00e4\u0292\u0292h\u00e5iddvuu\u02b9dest \u00e2lgg staan\u00e2d pu\u00e4\u0292\u0292h\u00e5\u00e5id vu\u02b9vdd\u00e2\u00e2nla\u017e oudld\u00f5\u00f5zzid.\u201d<\/p>\n<p>Ha\u02b9\u014b\u01e9\u01e9\u00f5\u00f5zzi k\u00e4\u00e4\u02b9vtummu\u017e alggp\u00e2\u00e2\u02b9jest \u00e2lgg tobdsted plaanummu\u017e ku\u00f5skki VAT:id. VAT su\u00e5vldummu\u017e pe\u00e4\u02b9lest \u00e2lgg vu\u00e2mm\u0161ed, \u0161to jee\u02b9resnall\u0161em vu\u02b9vdd\u00e2\u00e2nnm\u00f5\u00f5\u017e\u017e t\u00e4\u00e4vt\u00f5\u00f5zzid je\u00e4\u02b9t le\u00e4kku piijj\u00e2m k\u00f5skkna\u017e v\u00e4\u00e4\u017enaivu\u00f5ttj\u00e4rjst\u00f5\u02b9sse . T\u00f5k lie k\u00f5skkneez vue\u02b9l\u01e7\u01e7ems\u00e2\u00e2\u02b9jeld se\u00e4mma \u00e4rvvsa. N\u00e4\u00e4i\u02b9t \u00e5\u00e5ree\u02b9n \u010d\u00e5uddm\u00f5\u00f5\u017e\u017eid \u00e2lgg p\u00f5rgg\u00e2d oocc\u00e2d t\u00f5n nalla da t\u00f5in vaajt\u00f5sm\u00e4\u00e4inin, koin kue\u02b9htt le\u02b9be m\u00e4\u00e4\u014bgab t\u00e4\u00e4vt\u00f5\u00f5zz vuei\u02b9tte te\u00e2uddjed samai pu\u00e2rast. Vuei\u02b9tlva\u017e risttreeidid \u00e2lgg vu\u00e2\u0111\u0111\u00f5\u00f5ll\u00e2d t\u00e4\u00e4\u02b9r\u01e9eld k\u00e4\u00e4\u02b9vv\u010di\u00f5\u02b9l\u01e7\u01e7\u00f5\u00f5zz\u00e2st.<\/p>\n<p>Takai k\u00e4\u00e4\u02b9vtumm\u0161in ohjjeet aass\u00e2mk\u00e5\u02b9ddrajj\u00e2z. Takai k\u00e4\u00e4\u02b9vest plaanummu\u017e t\u00e4\u00e4\u02b9r\u01e9esvu\u00f5tt vuei\u02b9tlv\u00e2stt pu\u00e4\u0292\u0292hoiddu \u00f5httneei vu\u02b9vdd\u00e2\u00e2\u02b9nnem\u010d\u00e5uddm\u00f5\u00f5\u017e\u017ei raajjm\u00f5\u00f5\u017e\u017e. Aass\u00e2mk\u00e5\u02b9ddrajjsa \u00f5httneei \u010d\u00e5uddm\u00f5\u00f5\u017e\u017ein lij t\u00e4ujja mi\u00e2rkteei vaikkt\u00f5s pu\u00e4\u0292\u0292h\u00e5\u00e5id harjjtumm\u0161a, t\u00e4\u00e4u\u02b9jm\u00f5s\u00e2n jee\u02b9resnall\u0161em stamld\u00f5svaikkt\u00f5\u00f5zzi t\u00e4ujjnem di\u00f5tt. Stamld\u00f5svaikkt\u00f5s vu\u00e4itt \u0161\u00f5dd\u00e2d ouddmi\u00e2rkk\u00e2n raajjm\u00f5\u02b9\u0161\u0161e va\u02b9rrjum vuu\u02b9di p\u00e4\u00e4i\u02b9\u01e9, ri\u02b9jttjete\u02b9mes raajjmest me\u00e4dda kattum vuu\u02b9di le\u02b9be j\u00e5\u00e5ttl\u00f5\u02b9\u01e9\u01e9e \u00f5httneei vu\u02b9vddva\u02b9rrjumm\u0161i da j\u00e5\u00e5ttl\u00f5kvuu\u02b9di \u00e2\u00e2\u02b9nnmest \u0161\u00f5ddi stamld\u00f5\u00f5zzi h\u00e4\u00e4\u02b9mest. Takai k\u00e4\u00e4\u02b9vest \u00e2lgg tobdsted plaanuum vuu\u02b9d rool pu\u00e4\u0292\u0292h\u00e5\u00e5idast da tuejjeed t\u00f5n me\u00e2ldl\u00e2nji tarbbs\u00f5s vu\u02b9vddva\u02b9rrjumm\u0161id da me\u00e4rr\u00f5\u00f5zzid.<\/p>\n<p>L\u00e2\u00e2\u02b9sste\u00e2\u0111:\u00a0<a href=\"https:\/\/paliskunnat.fi\/py\/organisaatio\/yhteystiedot\/henkilokunta\/#porotalousneuvojat\"><strong>Pu\u00e4\u0292\u0292t\u00e4\u00e4llvu\u00e4\u02b9psteei<\/strong><\/a><\/p>\n<p>&nbsp;<\/p>\n","protected":false},"excerpt":{"rendered":"<p>K\u00e4\u00e4\u02b9vtummu\u0161 Pu\u00e4\u0292\u0292h\u00e5iddl\u00e4\u00e4\u02b9\u01e9\u01e9 (PHL\u00a0848\/1990) lij spesiaal-l\u00e4\u00e4\u02b9\u01e9\u01e9, koon \u00e2lgg v\u00e4\u02b9ldded lokku k\u00e4\u00e4\u02b9vtumm\u0161est da jee\u02b9res pu\u00e4\u0292\u0292h\u00e5iddvuu\u02b9dest \u0161\u00f5ddi tu\u00e5immjumm\u0161est. Pu\u00e4\u0292\u0292h\u00e5\u00e5id kannteeivu\u00f5\u0111 oudld\u00f5s da vu\u00e2\u0111\u0111 lij lu\u00f5v\u00e2s palgg\u00e2m- da ku\u00e4ivvamvu\u00f5igg\u00e2dvu\u00f5tt (PHL 3 \u00a7). Lu\u00f5v\u00e2s palgg\u00e2m- da ku\u00e4ivvamvu\u00f5igg\u00e2dvu\u00f5tt lij jurddum da tobdstum p\u00f5\u00f5\u0161\u0161i vu\u00f5igg\u00e2dvu\u00f5tt\u00e2n. T\u00f5t mi\u00e2rkk\u0161\u00e2\u00e2vv pu\u00e4ccja vu\u00f5igg\u00e2dvu\u00f5\u0111 v\u00e4\u02b9ldded porrm\u00f5\u00f5\u017e\u017e\u00e2s friij\u00e2ld lu\u00e2\u0111ast, \u010do\u02b9rst\u00f5\u00f5\u01e5\u01e5 t\u00e4\u00e4zz lie loo\u01e5\u01e5t\u00f5llum l\u00e4\u00e4\u02b9jjest. L\u00e2\u00e2\u02b9ssen v\u00e4\u02b9lddk\u00e5\u00e5ddla\u017e vu\u02b9vdd\u00e2\u00e2\u02b9nnemt\u00e4\u00e4vt\u00f5\u00f5zz\u00a0(VAT) vue\u02b9ssen [&hellip;]<\/p>\n","protected":false},"author":1,"featured_media":0,"parent":399,"menu_order":5,"comment_status":"open","ping_status":"closed","template":"","meta":{"footnotes":""},"class_list":["post-410","page","type-page","status-publish","hentry"],"aioseo_notices":[],"_links":{"self":[{"href":"https:\/\/paliskunnat.fi\/poh\/wp-json\/wp\/v2\/pages\/410","targetHints":{"allow":["GET"]}}],"collection":[{"href":"https:\/\/paliskunnat.fi\/poh\/wp-json\/wp\/v2\/pages"}],"about":[{"href":"https:\/\/paliskunnat.fi\/poh\/wp-json\/wp\/v2\/types\/page"}],"author":[{"embeddable":true,"href":"https:\/\/paliskunnat.fi\/poh\/wp-json\/wp\/v2\/users\/1"}],"replies":[{"embeddable":true,"href":"https:\/\/paliskunnat.fi\/poh\/wp-json\/wp\/v2\/comments?post=410"}],"version-history":[{"count":2,"href":"https:\/\/paliskunnat.fi\/poh\/wp-json\/wp\/v2\/pages\/410\/revisions"}],"predecessor-version":[{"id":6734,"href":"https:\/\/paliskunnat.fi\/poh\/wp-json\/wp\/v2\/pages\/410\/revisions\/6734"}],"up":[{"embeddable":true,"href":"https:\/\/paliskunnat.fi\/poh\/wp-json\/wp\/v2\/pages\/399"}],"wp:attachment":[{"href":"https:\/\/paliskunnat.fi\/poh\/wp-json\/wp\/v2\/media?parent=410"}],"curies":[{"name":"wp","href":"https:\/\/api.w.org\/{rel}","templated":true}]}}