{"id":412,"date":"2014-10-20T10:56:19","date_gmt":"2014-10-20T07:56:19","guid":{"rendered":"http:\/\/80.69.171.23\/py\/?page_id=412"},"modified":"2020-03-22T18:19:44","modified_gmt":"2020-03-22T16:19:44","slug":"caaccviokk","status":"publish","type":"page","link":"https:\/\/paliskunnat.fi\/poh\/vuapstummus\/maddaannmos\/caaccviokk\/","title":{"rendered":"\u010c\u00e4\u00e4\u02b9ccvi\u00f5kk"},"content":{"rendered":"<h2>\u010c\u00e4\u00e4\u02b9ccvi\u00f5kk<\/h2>\n<p>Lokka da Porttipahta tu\u02b9lvv\u00e4\u00e4u\u02b9d hi\u00e2vte veidds\u00f5s pu\u00e4\u0292\u0292j\u00e2nnmid ii\u02b9jjin 1967 da 1970. Pu\u00f5ccu, kook laa\u02b9vje \u00e2\u00e2\u02b9nned vuu\u02b9did vue\u02b9l\u01e7\u01e7e j\u00e5\u00e5\u02b9tted. T\u00f5id o\u02b9cce\u0161 ii\u02b9jji \u00e4\u00e4i\u02b9j joba \u010due\u02b9\u0111i \u01e9ilomettri tue\u02b9\u01e9\u01e9en. Pu\u00f5ccu vu\u00f5\u02b9jje aau\u02b9di l\u00e2u\u02b9\u014b\u014bpu\u00e4\u02b9rrvid da hi\u00e2vvne. Tu\u02b9lvv\u00e4\u00e4u\u02b9d mu\u02b9tte p\u00f5\u00f5\u0161\u0161inalla vuu\u02b9d pirr\u00f5\u00f5zz, kulttuur da sosiaal\u02bcla\u017e rajj\u00e2z. Vu\u00f5igg t\u00e4ll\u00f5\u00f5zzla\u017e m\u00f5\u00f5nt\u00f5\u00f5zz le\u02b9jje samai \u0161urr, je\u00e4\u02b9t-\u01e5a ko\u02b9rvv\u00f5\u00f5zzid m\u00f5\u00f5ntumm\u0161in le\u00e4kku ni ku\u00e4\u02b9ss \u00e4\u00e4\u02b9\u0161\u0161 me\u00e2ldl\u00e2nji h\u00e5iddam. Loo\u02b9jji ii\u02b9jji mie\u02b9ldd vuu\u02b9d jie\u02b9llemvue\u02b9jj lie \u0161i\u00f5ttl\u00f5\u00f5vv\u00e2m vu\u00e2kka p\u00e4\u00e4kk ooud\u00e2st, le\u0161a tu\u02b9lvvaau\u02b9di raajjm\u00f5\u0161 ku\u00f5\u02b9\u0111i p\u00e4\u00e4ikla\u017e oummi jie\u02b9llmid p\u00f5\u00f5\u0161\u0161i aarbid.<\/p>\n<p>J\u00f5nn \u00e4u\u02b9ddsk\u00e4\u00e4\u0111ain hu\u00f5l\u01e9\u00e2ni pu\u00e4\u0292\u0292h\u00e5iddvuu\u02b9dest kagg\u00e2\u02b9tte p\u00e2i sa\u01e5st\u00f5\u00f5llma \u0161i\u00f5tt\u00f5\u00f5ll\u00e2m\u00e4u\u02b9ddha\u02b9\u014b\u01e9\u01e9\u00f5\u00f5zz Kollaja da Kemihaara (ooud. Vuotos). Kuhttuin \u00e4u\u02b9ddha\u02b9\u014b\u01e9\u01e9\u00f5\u00f5zzin le\u02b9\u010d\u010de p\u00f5\u00f5\u0161\u0161i, veidds\u00f5s da mi\u00e2rkkteeinalla h\u00e4\u00e4itla\u017e pirr\u00f5svaikkt\u00f5\u00f5zz. Kollaja \u00e4u\u02b9dd kai\u02b9bbje\u02b9\u010di ku\u00f5\u0161kksu\u00f5jjleml\u00e4\u00e4\u02b9jj \u00e4\u00e4\u02b9vummu\u017e. Kemihaara \u00e4\u00e4u\u02b9d vu\u00e2lla p\u00e4\u00e4\u0292\u0292\u010de veidds\u00e2nji Naturavuu\u02b9d.<\/p>\n<p>Kollaja \u00e4u\u02b9ddplaan lij Pudasj\u00e4rvist, Kollaja paal\u01e5\u00e2sk\u00e5\u00e5\u02b9dd vuu\u02b9dest. Kemihaara \u00e4u\u02b9dd pe\u00e4\u02b9lstes Hirvasniemi paal\u01e5\u00e2sk\u00e5\u00e5\u02b9dd vuu\u02b9dest Pelkosenniemist. Aau\u02b9di vu\u00e2lla paa\u02b9\u0292\u0292i vuu\u02b9di mi\u00e2rkt\u00f5\u00f5zz pu\u00e4\u0292\u0292h\u00e5\u00e5id pe\u00e4\u02b9lest l\u00e2\u00e2\u02b9zzat t\u00f5i r\u00e4\u00e4uhla\u017evu\u00f5tt. \u00c4\u00e4u\u02b9d vii\u01e5\u01e5\u010de paal\u01e5\u00e2sk\u00e5\u00e5\u02b9dd k\u00f5skksa\u017e ku\u00e4ivvam- da kue\u02b9ddemvuu\u02b9did di sie\u02b9jjte\u02b9\u010de k\u00f5rrs\u00e2nji vuu\u02b9di ku\u00e4ivvam- da palgg\u00e2mvuu\u02b9di vu\u00e2rt\u00f5\u00f5llm\u00f5\u00f5\u017e\u017e. Hirvasniemi paal\u01e5\u00e2sk\u00e5\u02b9dd vu\u00e4it\u010di Kemihaara \u00e4\u00e4u\u02b9d mie\u02b9tt ju\u00e2kk\u00f5\u00f5tt\u00e2d kue\u02b9htten vu\u00e2ssa, ku\u00e4\u02b9ss vuu\u02b9d pu\u00e4\u0292\u0292h\u00e5\u00e5id \u00f5\u00f5l\u01e5\u010di organis\u00e2\u02b9stted obbnes o\u02b9\u0111\u0111est. H\u00e5\u02b9t \u00e4u\u02b9ddplaan lie j\u00e4\u00e4nm\u00f5s\u00e2n Hirvasniemi da Kollaja paal\u01e5\u00e2sk\u00e5\u00e5\u02b9dd vuu\u02b9din, vaikkt\u00f5\u00f5zz vu\u00e4l\u010de r\u00e4\u02b9jjla\u017epaal\u01e5\u00e2skoo\u02b9ddid \u0161e. Pu\u00e4\u0292\u0292tallu \u0161\u00f5\u00f5ddi almmjalla\u0161 vaikkt\u00f5\u00f5zz le\u02b9\u010d\u010de: pu\u00e4\u0292\u0292h\u00e5\u00e5id c\u00f5ggnummu\u0161, pu\u00e4\u0292\u0292h\u00e5iddtu\u00e2j vaiggubun \u0161\u00f5ddm\u00f5\u0161 da l\u00e2ssnummu\u0161 di pu\u00e4\u0292\u0292h\u00e5\u00e5idast \u00f5nnum \u01e9iidd\u00f5s j\u00e4llm\u00f5\u02b9\u0161\u0161e \u0161\u00f5\u00f5ddi sk\u00e4\u00e4\u0111.<\/p>\n<p>Pu\u00e4\u0292\u0292paai\u02b9\u01e9i m\u00f5\u00f5ntummu\u017e di\u00f5tt \u0161\u00f5\u00f5dd\u010di tarbb \u01e9e\u00e4\u02b9ppeed pu\u00f5ccui me\u00e4\u02b9r. L\u00e2\u00e2\u02b9ssen aau\u02b9di \u010d\u00e4\u00e4\u02b9\u0292\u0292vuei\u02b9v vaajt\u00f5\u00f5llm\u00f5\u00f5\u017e\u017e di\u00f5tt ji\u00f5\u014bi \u00e2\u02b9lnn le\u02b9\u010d\u010di a\u02b9rvvte\u02b9mes liikk\u00e2d nu\u02b9tt pu\u00f5ccust ko pu\u00e4\u0292\u0292hoi\u02b9ddjee\u02b9jest. J\u00e5\u00e5ttl\u00f5k \u0161e l\u00e2ssne\u02b9\u010di vuu\u02b9dest da t\u00f5n mie\u02b9ldd p\u00e4\u00e4\u02b9rt. Pu\u00e4\u0292\u0292h\u00e5\u00e5id pe\u00e4\u02b9lest \u00e4u\u02b9ddha\u02b9\u014b\u01e9\u01e9\u00f5\u00f5zzin lie m\u00e4\u00e4\u014bg \u01e9i\u00f5ldla\u017e vaikkt\u00f5\u00f5zz, ij-\u01e5a t\u00f5i tuejj\u00e4\u00e4m t\u00e4ll\u00f5\u00f5zzla\u017e m\u00f5\u00f5nt\u00f5\u00f5zzid jie\u02b9llemvu\u00e2kka vuei\u02b9t lee\u02b9d v\u00e4\u00e4\u02b9ldkani lokku. Pu\u00e4\u0292\u0292jie\u02b9llemvue\u02b9\u01e9\u01e9 vu\u00e2sttl\u00e2stt kuhttuid \u00e4u\u02b9ddha\u02b9\u014b\u01e9\u01e9\u00f5\u00f5zzid. Ha\u02b9\u014b\u01e9\u01e9\u00f5\u00f5zz lie vi\u00f5\u01e5\u01e5\u00e2st \u00e5\u00e5rrai l\u00e4\u00e4\u02b9jj\u0161i\u00f5ttummu\u017e vu\u00e2sttsa \u0161e.<\/p>\n<p>&nbsp;<\/p>\n","protected":false},"excerpt":{"rendered":"<p>\u010c\u00e4\u00e4\u02b9ccvi\u00f5kk Lokka da Porttipahta tu\u02b9lvv\u00e4\u00e4u\u02b9d hi\u00e2vte veidds\u00f5s pu\u00e4\u0292\u0292j\u00e2nnmid ii\u02b9jjin 1967 da 1970. Pu\u00f5ccu, kook laa\u02b9vje \u00e2\u00e2\u02b9nned vuu\u02b9did vue\u02b9l\u01e7\u01e7e j\u00e5\u00e5\u02b9tted. T\u00f5id o\u02b9cce\u0161 ii\u02b9jji \u00e4\u00e4i\u02b9j joba \u010due\u02b9\u0111i \u01e9ilomettri tue\u02b9\u01e9\u01e9en. Pu\u00f5ccu vu\u00f5\u02b9jje aau\u02b9di l\u00e2u\u02b9\u014b\u014bpu\u00e4\u02b9rrvid da hi\u00e2vvne. Tu\u02b9lvv\u00e4\u00e4u\u02b9d mu\u02b9tte p\u00f5\u00f5\u0161\u0161inalla vuu\u02b9d pirr\u00f5\u00f5zz, kulttuur da sosiaal\u02bcla\u017e rajj\u00e2z. Vu\u00f5igg t\u00e4ll\u00f5\u00f5zzla\u017e m\u00f5\u00f5nt\u00f5\u00f5zz le\u02b9jje samai \u0161urr, je\u00e4\u02b9t-\u01e5a ko\u02b9rvv\u00f5\u00f5zzid m\u00f5\u00f5ntumm\u0161in le\u00e4kku ni ku\u00e4\u02b9ss \u00e4\u00e4\u02b9\u0161\u0161 [&hellip;]<\/p>\n","protected":false},"author":1,"featured_media":0,"parent":399,"menu_order":6,"comment_status":"open","ping_status":"closed","template":"","meta":{"footnotes":""},"class_list":["post-412","page","type-page","status-publish","hentry"],"aioseo_notices":[],"_links":{"self":[{"href":"https:\/\/paliskunnat.fi\/poh\/wp-json\/wp\/v2\/pages\/412","targetHints":{"allow":["GET"]}}],"collection":[{"href":"https:\/\/paliskunnat.fi\/poh\/wp-json\/wp\/v2\/pages"}],"about":[{"href":"https:\/\/paliskunnat.fi\/poh\/wp-json\/wp\/v2\/types\/page"}],"author":[{"embeddable":true,"href":"https:\/\/paliskunnat.fi\/poh\/wp-json\/wp\/v2\/users\/1"}],"replies":[{"embeddable":true,"href":"https:\/\/paliskunnat.fi\/poh\/wp-json\/wp\/v2\/comments?post=412"}],"version-history":[{"count":2,"href":"https:\/\/paliskunnat.fi\/poh\/wp-json\/wp\/v2\/pages\/412\/revisions"}],"predecessor-version":[{"id":6736,"href":"https:\/\/paliskunnat.fi\/poh\/wp-json\/wp\/v2\/pages\/412\/revisions\/6736"}],"up":[{"embeddable":true,"href":"https:\/\/paliskunnat.fi\/poh\/wp-json\/wp\/v2\/pages\/399"}],"wp:attachment":[{"href":"https:\/\/paliskunnat.fi\/poh\/wp-json\/wp\/v2\/media?parent=412"}],"curies":[{"name":"wp","href":"https:\/\/api.w.org\/{rel}","templated":true}]}}