{"id":420,"date":"2014-10-20T13:32:53","date_gmt":"2014-10-20T10:32:53","guid":{"rendered":"http:\/\/80.69.171.23\/py\/?page_id=420"},"modified":"2020-08-04T16:06:20","modified_gmt":"2020-08-04T13:06:20","slug":"paalgaskooddi_tead","status":"publish","type":"page","link":"https:\/\/paliskunnat.fi\/poh\/paalgaskaadd\/paalgaskooddi_tead\/","title":{"rendered":"Paal\u01e5\u00e2skoo\u02b9ddi te\u00e2\u0111"},"content":{"rendered":"<h2>Paal\u01e5\u00e2sk\u00e5\u00e5\u02b9dd<\/h2>\n<p>Paal\u01e5\u00e2sk\u00e5\u00e5\u02b9dd lie n\u00e2\u00e2mr\u00f5sttum \u01e9e\u00e4\u02b9jjl\u00f5sn\u00e2\u00e2mrivui\u02b9m 1-57. Paal\u01e5\u00e2skoo\u02b9ddi mie\u02b9rr je\u00e4ll paal\u01e5\u00e2skoo\u02b9ddi \u00f5htt\u00f5\u00f5vvmi le\u02b9be ju\u00e2kkm\u00f5\u00f5\u017e\u017ei mie\u02b9ldd. Pu\u00e4\u0292\u0292h\u00e5iddee\u02b9jj 2014\u20132015 puu\u0111ee\u02b9n (31.5.2015) paal\u01e5\u00e2sk\u00e5\u00e5\u02b9dd le\u02b9jje 54.<\/p>\n<h2><a href=\"https:\/\/paliskunnat.fi\/poh\/wp-content\/uploads\/2020\/08\/paalgaskaddnaamar_2.png\" rel=\"lightbox[420]\"><img loading=\"lazy\" decoding=\"async\" class=\"alignnone wp-image-6779\" src=\"https:\/\/paliskunnat.fi\/poh\/wp-content\/uploads\/2020\/08\/paalgaskaddnaamar_2.png\" alt=\"Paalg\u00e2sk\u00e5'ddn\u00e2\u00e2mar\" width=\"460\" height=\"453\" srcset=\"https:\/\/paliskunnat.fi\/poh\/wp-content\/uploads\/2020\/08\/paalgaskaddnaamar_2.png 813w, https:\/\/paliskunnat.fi\/poh\/wp-content\/uploads\/2020\/08\/paalgaskaddnaamar_2-300x295.png 300w, https:\/\/paliskunnat.fi\/poh\/wp-content\/uploads\/2020\/08\/paalgaskaddnaamar_2-768x756.png 768w\" sizes=\"auto, (max-width: 460px) 100vw, 460px\" \/><\/a><\/h2>\n<p>&nbsp;<\/p>\n<p>&nbsp;<\/p>\n","protected":false},"excerpt":{"rendered":"<p>Paal\u01e5\u00e2sk\u00e5\u00e5\u02b9dd Paal\u01e5\u00e2sk\u00e5\u00e5\u02b9dd lie n\u00e2\u00e2mr\u00f5sttum \u01e9e\u00e4\u02b9jjl\u00f5sn\u00e2\u00e2mrivui\u02b9m 1-57. Paal\u01e5\u00e2skoo\u02b9ddi mie\u02b9rr je\u00e4ll paal\u01e5\u00e2skoo\u02b9ddi \u00f5htt\u00f5\u00f5vvmi le\u02b9be ju\u00e2kkm\u00f5\u00f5\u017e\u017ei mie\u02b9ldd. Pu\u00e4\u0292\u0292h\u00e5iddee\u02b9jj 2014\u20132015 puu\u0111ee\u02b9n (31.5.2015) paal\u01e5\u00e2sk\u00e5\u00e5\u02b9dd le\u02b9jje 54. &nbsp; &nbsp;<\/p>\n","protected":false},"author":1,"featured_media":0,"parent":6,"menu_order":2,"comment_status":"open","ping_status":"closed","template":"paliskuntasivut.php","meta":{"footnotes":""},"class_list":["post-420","page","type-page","status-publish","hentry"],"aioseo_notices":[],"_links":{"self":[{"href":"https:\/\/paliskunnat.fi\/poh\/wp-json\/wp\/v2\/pages\/420","targetHints":{"allow":["GET"]}}],"collection":[{"href":"https:\/\/paliskunnat.fi\/poh\/wp-json\/wp\/v2\/pages"}],"about":[{"href":"https:\/\/paliskunnat.fi\/poh\/wp-json\/wp\/v2\/types\/page"}],"author":[{"embeddable":true,"href":"https:\/\/paliskunnat.fi\/poh\/wp-json\/wp\/v2\/users\/1"}],"replies":[{"embeddable":true,"href":"https:\/\/paliskunnat.fi\/poh\/wp-json\/wp\/v2\/comments?post=420"}],"version-history":[{"count":6,"href":"https:\/\/paliskunnat.fi\/poh\/wp-json\/wp\/v2\/pages\/420\/revisions"}],"predecessor-version":[{"id":6781,"href":"https:\/\/paliskunnat.fi\/poh\/wp-json\/wp\/v2\/pages\/420\/revisions\/6781"}],"up":[{"embeddable":true,"href":"https:\/\/paliskunnat.fi\/poh\/wp-json\/wp\/v2\/pages\/6"}],"wp:attachment":[{"href":"https:\/\/paliskunnat.fi\/poh\/wp-json\/wp\/v2\/media?parent=420"}],"curies":[{"name":"wp","href":"https:\/\/api.w.org\/{rel}","templated":true}]}}