{"id":422,"date":"2014-10-20T13:35:32","date_gmt":"2014-10-20T10:35:32","guid":{"rendered":"http:\/\/80.69.171.23\/py\/?page_id=422"},"modified":"2021-08-18T13:22:14","modified_gmt":"2021-08-18T10:22:14","slug":"paliskunnan-tehtavat","status":"publish","type":"page","link":"https:\/\/paliskunnat.fi\/poh\/paalgaskaadd\/paliskunnan-tehtavat\/","title":{"rendered":"Paal\u01e5\u00e2sk\u00e5\u00e5\u02b9dd tu\u00e2j"},"content":{"rendered":"<h2>Paal\u01e5\u00e2sk\u00e5\u00e5\u02b9dd tu\u00e2j da siisk\u00e2\u017e organisaatio<\/h2>\n<p>Paal\u01e5\u00e2sk\u00e5\u00e5\u02b9dd tu\u00e2jaid ko\u02b9lle pu\u00e4\u0292\u0292h\u00e5iddl\u00e4\u00e4\u02b9jj (<a href=\"https:\/\/www.finlex.fi\/fi\/laki\/ajantasa\/1990\/19900848#P7\"><strong>PHL 7 \u00a7<\/strong><\/a>) me\u00e2ldl\u00e2nji \u00e2\u00e2\u02b9nned hu\u00f5l paal\u01e5\u00e2sk\u00e5\u00e5\u02b9dd vue\u02b9ssnii\u02b9\u01e9\u01e9i pu\u00f5cci h\u00e5iddmest paal\u01e5\u00e2sk\u00e5\u00e5\u02b9dd vuu\u02b9dest, vu\u00e5pp\u00e2d pu\u00e4\u0292\u0292hoiddu kuulli tu\u00e2jai tiuddm\u00f5\u00f5\u017e\u017e, c\u00f5gg\u00e2d t\u00f5n, \u0161to paal\u01e5\u00e2sk\u00e5\u00e5\u02b9dd vue\u02b9ssnii\u02b9\u01e9\u01e9i pu\u00f5ccu jie tuejjad sk\u00e4\u00e4\u0111 da seerd jee\u02b9res paal\u01e5\u00e2sk\u00e5\u00e5\u02b9dd vuu\u02b9did di spraav\u00e2d jee\u02b9res l\u00e4\u00e4\u02b9jjest, \u0161i\u00f5tlmin da me\u00e4rr\u00f5\u00f5zzin uvddum tu\u00e2jaid.<\/p>\n<p><a href=\"https:\/\/paliskunnat.fi\/poh\/wp-content\/uploads\/2020\/03\/paalgaskaadd_vaaldasm.png\" rel=\"lightbox[422]\"><img loading=\"lazy\" decoding=\"async\" class=\"alignnone wp-image-6449\" src=\"https:\/\/paliskunnat.fi\/poh\/wp-content\/uploads\/2020\/03\/paalgaskaadd_vaaldasm.png\" alt=\"Paal\u01e5\u00e2sk\u00e5\u00e5\u02b9dd vaald\u00e2\u0161m\" width=\"460\" height=\"228\" srcset=\"https:\/\/paliskunnat.fi\/poh\/wp-content\/uploads\/2020\/03\/paalgaskaadd_vaaldasm.png 1199w, https:\/\/paliskunnat.fi\/poh\/wp-content\/uploads\/2020\/03\/paalgaskaadd_vaaldasm-300x148.png 300w, https:\/\/paliskunnat.fi\/poh\/wp-content\/uploads\/2020\/03\/paalgaskaadd_vaaldasm-1024x506.png 1024w, https:\/\/paliskunnat.fi\/poh\/wp-content\/uploads\/2020\/03\/paalgaskaadd_vaaldasm-768x380.png 768w\" sizes=\"auto, (max-width: 460px) 100vw, 460px\" \/><\/a><\/p>\n<p>Paal\u01e5\u00e2sk\u00e5\u00e5\u02b9dd n\u00f5mmee k\u00f5\u00f5skstes tu\u00e5immnii\u02b9\u01e9\u01e9id jee\u02b9resnall\u0161em pu\u00e4\u0292\u0292h\u00e5\u00e5id tu\u00e2jaid. Tu\u00e5immnee\u02b9\u01e9\u01e9 tu\u00e5immje pu\u00e4\u0292\u0292ee\u02b9\u017e\u017eeed vu\u00e5pp\u00e2m vue\u02b9lnn. Oudd\u00e2l tu\u00e2jjses \u00e4lggm\u00f5\u00f5\u017e\u017e pu\u00e4\u0292\u0292ee\u02b9\u017e\u017eed, v\u00e4\u00e4rree\u02b9\u017e\u017eed, tu\u00e2jj-j\u00e5\u00e5\u02b9\u0111teei di pikal\u00f5\u00f5zz lookkioummu \u00f5\u02b9l\u01e7\u01e7e vu\u00e2lla\u01e9ee\u02b9rjted \u00e5\u00e5skt\u00f5\u00f5zz (<a href=\"https:\/\/www.finlex.fi\/fi\/laki\/ajantasa\/1990\/19900848#P51\"><strong>PHL 51 \u00a7<\/strong><\/a>), ko\u02b9st \u0161i\u00f5tteet t\u00e4\u00e4\u02b9r\u01e9ben pu\u00e4\u0292\u0292h\u00e5iddaset\u00f5\u00f5zz (883\/1990)\u00a0<a href=\"https:\/\/www.finlex.fi\/fi\/laki\/ajantasa\/1990\/19900883#P10\"><strong>10 \u00a7: st<\/strong><\/a>.<\/p>\n<p>&nbsp;<\/p>\n","protected":false},"excerpt":{"rendered":"<p>Paal\u01e5\u00e2sk\u00e5\u00e5\u02b9dd tu\u00e2j da siisk\u00e2\u017e organisaatio Paal\u01e5\u00e2sk\u00e5\u00e5\u02b9dd tu\u00e2jaid ko\u02b9lle pu\u00e4\u0292\u0292h\u00e5iddl\u00e4\u00e4\u02b9jj (PHL 7 \u00a7) me\u00e2ldl\u00e2nji \u00e2\u00e2\u02b9nned hu\u00f5l paal\u01e5\u00e2sk\u00e5\u00e5\u02b9dd vue\u02b9ssnii\u02b9\u01e9\u01e9i pu\u00f5cci h\u00e5iddmest paal\u01e5\u00e2sk\u00e5\u00e5\u02b9dd vuu\u02b9dest, vu\u00e5pp\u00e2d pu\u00e4\u0292\u0292hoiddu kuulli tu\u00e2jai tiuddm\u00f5\u00f5\u017e\u017e, c\u00f5gg\u00e2d t\u00f5n, \u0161to paal\u01e5\u00e2sk\u00e5\u00e5\u02b9dd vue\u02b9ssnii\u02b9\u01e9\u01e9i pu\u00f5ccu jie tuejjad sk\u00e4\u00e4\u0111 da seerd jee\u02b9res paal\u01e5\u00e2sk\u00e5\u00e5\u02b9dd vuu\u02b9did di spraav\u00e2d jee\u02b9res l\u00e4\u00e4\u02b9jjest, \u0161i\u00f5tlmin da me\u00e4rr\u00f5\u00f5zzin uvddum tu\u00e2jaid. Paal\u01e5\u00e2sk\u00e5\u00e5\u02b9dd n\u00f5mmee k\u00f5\u00f5skstes tu\u00e5immnii\u02b9\u01e9\u01e9id jee\u02b9resnall\u0161em pu\u00e4\u0292\u0292h\u00e5\u00e5id [&hellip;]<\/p>\n","protected":false},"author":1,"featured_media":0,"parent":6,"menu_order":1,"comment_status":"open","ping_status":"closed","template":"","meta":{"footnotes":""},"class_list":["post-422","page","type-page","status-publish","hentry"],"aioseo_notices":[],"_links":{"self":[{"href":"https:\/\/paliskunnat.fi\/poh\/wp-json\/wp\/v2\/pages\/422","targetHints":{"allow":["GET"]}}],"collection":[{"href":"https:\/\/paliskunnat.fi\/poh\/wp-json\/wp\/v2\/pages"}],"about":[{"href":"https:\/\/paliskunnat.fi\/poh\/wp-json\/wp\/v2\/types\/page"}],"author":[{"embeddable":true,"href":"https:\/\/paliskunnat.fi\/poh\/wp-json\/wp\/v2\/users\/1"}],"replies":[{"embeddable":true,"href":"https:\/\/paliskunnat.fi\/poh\/wp-json\/wp\/v2\/comments?post=422"}],"version-history":[{"count":4,"href":"https:\/\/paliskunnat.fi\/poh\/wp-json\/wp\/v2\/pages\/422\/revisions"}],"predecessor-version":[{"id":6906,"href":"https:\/\/paliskunnat.fi\/poh\/wp-json\/wp\/v2\/pages\/422\/revisions\/6906"}],"up":[{"embeddable":true,"href":"https:\/\/paliskunnat.fi\/poh\/wp-json\/wp\/v2\/pages\/6"}],"wp:attachment":[{"href":"https:\/\/paliskunnat.fi\/poh\/wp-json\/wp\/v2\/media?parent=422"}],"curies":[{"name":"wp","href":"https:\/\/api.w.org\/{rel}","templated":true}]}}