{"id":454,"date":"2014-10-30T15:36:12","date_gmt":"2014-10-30T13:36:12","guid":{"rendered":"http:\/\/80.69.171.23\/py\/?page_id=454"},"modified":"2020-03-20T16:59:10","modified_gmt":"2020-03-20T14:59:10","slug":"jaatmen-aarrai-hankkoozz","status":"publish","type":"page","link":"https:\/\/paliskunnat.fi\/poh\/hankkoozz\/po-hankkoozz\/jaatmen-aarrai-hankkoozz\/","title":{"rendered":"J\u00e5\u00e5\u02b9ttmen \u00e5\u00e5rrai ha\u02b9\u014b\u01e9\u01e9\u00f5\u00f5zz"},"content":{"rendered":"<h2>Paal\u01e5\u00e2skoo\u02b9ddi \u00f5htt\u00f5\u00f5zz j\u00e5\u00e5\u02b9ttmen \u00e5\u00e5rrai ha\u02b9\u014b\u01e9\u01e9\u00f5\u00f5zz<\/h2>\n<p>Ij j\u00e5\u00e5\u02b9ttmen \u00e5\u00e5rrai ha\u02b9\u014b\u01e9\u01e9\u00f5\u00f5zz.<\/p>\n<h3>Paal\u01e5\u00e2skoo\u02b9ddi \u00f5htt\u00f5\u00f5zz \u01e9i\u00f5\u010d\u010dl\u00f5ddm\u00f5\u00f5\u017e\u017e<\/h3>\n<p>Paal\u01e5\u00e2skoo\u02b9ddi \u00f5htt\u00f5\u00f5zz\u00e2st lie j\u00e5\u00e5\u02b9ttmen kue\u02b9htt jii\u02b9jjes \u01e9i\u010d\u010dl\u00f5ddm\u00f5\u00f5\u017e\u017e, koid ij le\u00e4kku v\u00f5l occum \u00e5\u00e5l\u01e5be\u00e4llsa\u017e ha\u02b9\u014b\u01e9\u01e9\u00f5ste\u00e4ggt\u00f5\u00f5zz.<\/p>\n<p>Ee\u02b9jj 2012 alttiim <a href=\"http:\/\/www.porotyot.fi\/\"><strong>www.porotyot.fi<\/strong><\/a>\u00a0-\u01e9i\u010d\u010dl\u00f5ddm\u00f5\u00f5\u017e\u017e, koin paal\u01e5\u00e2sk\u00e5\u00e5\u02b9dd ji\u00f5\u010d\u010d i\u02b9lmmte p\u00e4i\u02b9\u01e9\u01e9te\u00e2ttprograamm ve\u00e4kka \u00e4\u00e4i\u02b9jt\u00e4ss\u02bcs\u00e2nji pu\u00e4\u0292\u0292tu\u00e2jeez pirr me\u00e4ccjee\u02b9jid. T\u00e4\u00e4vt\u00f5ss\u00e2n lij c\u00f5\u00f5gg\u00f5\u00f5tt\u00e2d me\u00e4ccjee\u02b9ji, je\u00e4\u02b9rben me\u00e4ccjempi\u00e2nn\u02bcji, da pu\u00f5ccui v\u00e4\u02b9\u01ef\u01efelvu\u00f5\u0111la\u017e teivvm\u00f5\u00f5\u017e\u017eid. \u01e8i\u010d\u010dl\u00f5ddm\u00f5\u0161 lij j\u00e5\u00e5\u02b9ttmest \u00e5\u00e5u\u02b9c paal\u01e5\u00e2sk\u00e5\u00e5\u02b9ddest K\u00f5skk-Lappi vuu\u02b9dest, ko\u02b9st me\u00e4ccjempie\u02b9nne tuejjee takai j\u00e4\u00e4nab pu\u00e4\u0292\u0292sk\u00e4\u00e4\u0111 ju\u00f5\u02b9\u01e9\u01e9 ee\u02b9jj. Vu\u00f5ss pu\u00e5\u0111\u00f5\u00f5zz lie mi\u00e2lgg\u00e2d l\u00e5\u02b9ppeei.<\/p>\n<p>Nu\u02b9bb mij \u01e9i\u010d\u010dl\u00f5ddmin \u010d\u00f5nn\u00e2\u00e2tt p\u00f5rggm\u00f5\u02b9\u0161\u0161e c\u00f5gg\u00e2d j\u00e5\u00e5ttl\u00f5ksk\u00e4\u00e4\u0111aid. \u01e8e\u00e2\u0111\u0111a 2014 \u01e9i\u010d\u010dl\u00f5\u02b9dde\u0161 \u00e4idduum \u00e5\u00e5rrm\u00f5\u00f5\u017e\u017ein \u00e5\u00e5rrai pu\u00f5ccui \u010due\u02b9rvi k\u00e4lkkm\u00f5\u00f5\u017e\u017e peel\u01e5teeisprayk\u00e4\u00e4lkain. \u01e8i\u010d\u010dl\u00f5ddm\u00f5\u0161 \u01e9ie\u02b9zzi ji\u00e2nnai mi\u00f5lid da le\u00e4vvni te\u00e2ttnee\u02b9tti da sosiaal\u02bcla\u017e media p\u00e4\u00e4i\u02b9\u01e9 bukvaal\u00e2nji obb maai\u02b9lm mediaa\u02b9je. O\u0111\u0111sid \u01e9i\u010d\u010dl\u00f5ddmest \u00f5lmst\u00f5\u02b9tte\u0161 pukin j\u00e2nnamvue\u02b9zzin, Aasia, Afriikk da Saujj-A\u02b9mmriikk mie\u02b9tt. \u010cue\u02b9rvi k\u00e4lkkm\u00f5\u02b9\u0161\u0161e da se\u00e4mmast pu\u00f5ccuid da pu\u00e4\u0292\u0292hoiddu takainalla lie je\u00e4llam tobdst\u00f5\u00f5ttmen p\u00e2\u02b9jjel l\u00e5\u00e5i meeraik\u00f5skksa\u017e fi\u02b9lmmjemjoukkad da o\u0111\u0111 lie \u00f5inn pue\u02b9ttmen. K\u00e4\u00e4lk \u01e9e\u00e2ll\u02bcjummu\u0161 pu\u00f5ccui \u010due\u02b9rvin ku\u00e2\u0111\u0111 \u00e2nn\u02bcj\u00f5\u017e vue\u02b9jjest ji\u00e2nnai tu\u00e4ivvam nalla, le\u0161a oou\u02b9deemtu\u00e2j mo\u017e\u00e2t jue\u02b9t\u01e9et \u00f5inn. Peel\u01e5teeik\u00e4lkk-\u01e9i\u010d\u010dl\u00f5ddm\u00f5\u0161 lij kuuit\u00e2\u01e5 ju\u02b9n \u00e2nn\u02bcj\u00f5\u017e vue\u02b9jjest vu\u00e4\u01ef\u01efam \u00e4igga puk-i \u00e4\u00e4i\u02b9ji j\u00e5\u00e5ttl\u00f5k\u010du\u00f5vtemkampanja.<\/p>\n<p>&nbsp;<\/p>\n","protected":false},"excerpt":{"rendered":"<p>Paal\u01e5\u00e2skoo\u02b9ddi \u00f5htt\u00f5\u00f5zz j\u00e5\u00e5\u02b9ttmen \u00e5\u00e5rrai ha\u02b9\u014b\u01e9\u01e9\u00f5\u00f5zz Ij j\u00e5\u00e5\u02b9ttmen \u00e5\u00e5rrai ha\u02b9\u014b\u01e9\u01e9\u00f5\u00f5zz. Paal\u01e5\u00e2skoo\u02b9ddi \u00f5htt\u00f5\u00f5zz \u01e9i\u00f5\u010d\u010dl\u00f5ddm\u00f5\u00f5\u017e\u017e Paal\u01e5\u00e2skoo\u02b9ddi \u00f5htt\u00f5\u00f5zz\u00e2st lie j\u00e5\u00e5\u02b9ttmen kue\u02b9htt jii\u02b9jjes \u01e9i\u010d\u010dl\u00f5ddm\u00f5\u00f5\u017e\u017e, koid ij le\u00e4kku v\u00f5l occum \u00e5\u00e5l\u01e5be\u00e4llsa\u017e ha\u02b9\u014b\u01e9\u01e9\u00f5ste\u00e4ggt\u00f5\u00f5zz. Ee\u02b9jj 2012 alttiim www.porotyot.fi\u00a0-\u01e9i\u010d\u010dl\u00f5ddm\u00f5\u00f5\u017e\u017e, koin paal\u01e5\u00e2sk\u00e5\u00e5\u02b9dd ji\u00f5\u010d\u010d i\u02b9lmmte p\u00e4i\u02b9\u01e9\u01e9te\u00e2ttprograamm ve\u00e4kka \u00e4\u00e4i\u02b9jt\u00e4ss\u02bcs\u00e2nji pu\u00e4\u0292\u0292tu\u00e2jeez pirr me\u00e4ccjee\u02b9jid. T\u00e4\u00e4vt\u00f5ss\u00e2n lij c\u00f5\u00f5gg\u00f5\u00f5tt\u00e2d me\u00e4ccjee\u02b9ji, je\u00e4\u02b9rben me\u00e4ccjempi\u00e2nn\u02bcji, da pu\u00f5ccui v\u00e4\u02b9\u01ef\u01efelvu\u00f5\u0111la\u017e teivvm\u00f5\u00f5\u017e\u017eid. \u01e8i\u010d\u010dl\u00f5ddm\u00f5\u0161 lij j\u00e5\u00e5\u02b9ttmest \u00e5\u00e5u\u02b9c paal\u01e5\u00e2sk\u00e5\u00e5\u02b9ddest [&hellip;]<\/p>\n","protected":false},"author":1,"featured_media":0,"parent":450,"menu_order":1,"comment_status":"open","ping_status":"closed","template":"","meta":{"footnotes":""},"class_list":["post-454","page","type-page","status-publish","hentry"],"aioseo_notices":[],"_links":{"self":[{"href":"https:\/\/paliskunnat.fi\/poh\/wp-json\/wp\/v2\/pages\/454","targetHints":{"allow":["GET"]}}],"collection":[{"href":"https:\/\/paliskunnat.fi\/poh\/wp-json\/wp\/v2\/pages"}],"about":[{"href":"https:\/\/paliskunnat.fi\/poh\/wp-json\/wp\/v2\/types\/page"}],"author":[{"embeddable":true,"href":"https:\/\/paliskunnat.fi\/poh\/wp-json\/wp\/v2\/users\/1"}],"replies":[{"embeddable":true,"href":"https:\/\/paliskunnat.fi\/poh\/wp-json\/wp\/v2\/comments?post=454"}],"version-history":[{"count":3,"href":"https:\/\/paliskunnat.fi\/poh\/wp-json\/wp\/v2\/pages\/454\/revisions"}],"predecessor-version":[{"id":6664,"href":"https:\/\/paliskunnat.fi\/poh\/wp-json\/wp\/v2\/pages\/454\/revisions\/6664"}],"up":[{"embeddable":true,"href":"https:\/\/paliskunnat.fi\/poh\/wp-json\/wp\/v2\/pages\/450"}],"wp:attachment":[{"href":"https:\/\/paliskunnat.fi\/poh\/wp-json\/wp\/v2\/media?parent=454"}],"curies":[{"name":"wp","href":"https:\/\/api.w.org\/{rel}","templated":true}]}}