{"id":458,"date":"2014-10-30T15:39:03","date_gmt":"2014-10-30T13:39:03","guid":{"rendered":"http:\/\/80.69.171.23\/py\/?page_id=458"},"modified":"2020-03-22T10:58:45","modified_gmt":"2020-03-22T08:58:45","slug":"ohttsaztuajjkuoimi-hankkoozz","status":"publish","type":"page","link":"https:\/\/paliskunnat.fi\/poh\/hankkoozz\/ohttsaztuajjkuoimi-hankkoozz\/","title":{"rendered":"\u00d5httsa\u017etu\u00e2jjku\u00f5i\u02b9mi ha\u02b9\u014b\u01e9\u01e9\u00f5\u00f5zz"},"content":{"rendered":"<h2>\u00d5httsa\u017etu\u00e2jjku\u00f5i\u02b9mi ha\u02b9\u014b\u01e9\u01e9\u00f5\u00f5zz<\/h2>\n<p>Je\u00e4\u02b9rbi mie\u02b9ldd m\u00e4ttstroi\u02b9ttel, sektortu\u02b9t\u01e9\u01e9eemstroi\u02b9ttel da k\u00e5\u00e5\u02b9dd lie le\u00e4mma aktiivla\u017e tu\u00e5immjeei pu\u00e4\u0292\u0292ha\u02b9\u014b\u01e9\u01e9\u00f5\u00f5zzi \u010d\u00f5\u00f5\u0111tee\u02b9jen da \u00f5httsa\u017etu\u00e2jjkuei\u02b9mmen.<\/p>\n","protected":false},"excerpt":{"rendered":"<p>\u00d5httsa\u017etu\u00e2jjku\u00f5i\u02b9mi ha\u02b9\u014b\u01e9\u01e9\u00f5\u00f5zz Je\u00e4\u02b9rbi mie\u02b9ldd m\u00e4ttstroi\u02b9ttel, sektortu\u02b9t\u01e9\u01e9eemstroi\u02b9ttel da k\u00e5\u00e5\u02b9dd lie le\u00e4mma aktiivla\u017e tu\u00e5immjeei pu\u00e4\u0292\u0292ha\u02b9\u014b\u01e9\u01e9\u00f5\u00f5zzi \u010d\u00f5\u00f5\u0111tee\u02b9jen da \u00f5httsa\u017etu\u00e2jjkuei\u02b9mmen.<\/p>\n","protected":false},"author":1,"featured_media":0,"parent":193,"menu_order":2,"comment_status":"open","ping_status":"closed","template":"","meta":{"footnotes":""},"class_list":["post-458","page","type-page","status-publish","hentry"],"aioseo_notices":[],"_links":{"self":[{"href":"https:\/\/paliskunnat.fi\/poh\/wp-json\/wp\/v2\/pages\/458","targetHints":{"allow":["GET"]}}],"collection":[{"href":"https:\/\/paliskunnat.fi\/poh\/wp-json\/wp\/v2\/pages"}],"about":[{"href":"https:\/\/paliskunnat.fi\/poh\/wp-json\/wp\/v2\/types\/page"}],"author":[{"embeddable":true,"href":"https:\/\/paliskunnat.fi\/poh\/wp-json\/wp\/v2\/users\/1"}],"replies":[{"embeddable":true,"href":"https:\/\/paliskunnat.fi\/poh\/wp-json\/wp\/v2\/comments?post=458"}],"version-history":[{"count":2,"href":"https:\/\/paliskunnat.fi\/poh\/wp-json\/wp\/v2\/pages\/458\/revisions"}],"predecessor-version":[{"id":6677,"href":"https:\/\/paliskunnat.fi\/poh\/wp-json\/wp\/v2\/pages\/458\/revisions\/6677"}],"up":[{"embeddable":true,"href":"https:\/\/paliskunnat.fi\/poh\/wp-json\/wp\/v2\/pages\/193"}],"wp:attachment":[{"href":"https:\/\/paliskunnat.fi\/poh\/wp-json\/wp\/v2\/media?parent=458"}],"curies":[{"name":"wp","href":"https:\/\/api.w.org\/{rel}","templated":true}]}}