{"id":5749,"date":"2014-08-05T17:17:00","date_gmt":"2014-08-05T17:17:00","guid":{"rendered":"http:\/\/80.69.171.23\/py\/?page_id=2"},"modified":"2021-08-18T13:06:36","modified_gmt":"2021-08-18T10:06:36","slug":"vuapstummus","status":"publish","type":"page","link":"https:\/\/paliskunnat.fi\/poh\/vuapstummus\/","title":{"rendered":"Vu\u00e4\u02b9pstummu\u0161"},"content":{"rendered":"<h2>Vu\u00e4\u02b9pstummu\u0161 da \u00e4\u02b9\u0161\u0161tobddik\u00e4\u00e4zzk\u00f5\u00f5zz<\/h2>\n<p>Paal\u01e5\u00e2skoo\u02b9ddi \u00f5htt\u00f5s ta\u02b9rjjad \u00e4\u02b9\u0161\u0161tobddi pu\u00e4\u0292\u0292t\u00e4\u00e4l vu\u00e4\u02b9pstummu\u017e nu\u02b9tt pu\u00e4\u0292\u0292jie\u02b9llemvue\u02b9jj harjjtee\u02b9jid ko \u010d\u00f5\u00f5n\u00e2sjooukid.<\/p>\n<p>\u00d5htt\u00f5\u00f5zz tu\u00e2jjla\u017ek\u00e5\u02b9dd tu\u00e5immai pu\u00e4\u0292\u0292h\u00e5\u00e5id \u00e4\u02b9\u0161\u0161tobddjen jee\u02b9resnall\u0161em tu\u00e2jj-jooukin da sa\u01e5st\u00f5\u00f5llmin di pohtt ou\u02b9dde pu\u00e4\u0292\u0292h\u00e5\u00e5id jee\u02b9res vuei\u02b9nnemkuu\u02b9lmin m\u00e4\u00e4\u014bgnall\u0161em \u0161\u00f5ddm\u00f5\u00f5\u017e\u017ein da pooddin. Pu\u00e4\u0292\u0292h\u00e5\u00e5idast re\u00e2uggjid ta\u02b9rjjeet \u0161koou\u02b9l\u02bcjummu\u017e ju\u00f5\u02b9\u01e9\u01e9 ee\u02b9jj taarb da vue\u02b9jj mie\u02b9ldd.<\/p>\n<p>K\u00f5\u00f5jj l\u00e2\u00e2\u02b9zz da e\u02b9t\u01e9\u01e9ed \u0161koou\u02b9l\u02bcjummu\u017e <a href=\"https:\/\/paliskunnat.fi\/py\/organisaatio\/yhteystiedot\/henkilokunta\/#porotalousneuvojat\">pu\u00e4\u0292\u0292t\u00e4\u00e4llvu\u00e4\u02b9pstee\u02b9jid<\/a><\/p>\n<p>&nbsp;<\/p>\n<p><!--more--><\/p>\n<h2>\u0160koou\u02b9l\u02bcjummu\u017e<\/h2>\n<p>Tobdst\u00f5\u00f5\u0111<br \/>\n<a href=\"https:\/\/paliskunnat.fi\/py\/neuvonta\/koulutustarjonta\/\"><strong>\u0161koou\u02b9l\u02bcjemta\u02b9rjjumm\u0161a<\/strong><\/a><\/p>\n","protected":false},"excerpt":{"rendered":"<p>Vu\u00e4\u02b9pstummu\u0161 da \u00e4\u02b9\u0161\u0161tobddik\u00e4\u00e4zzk\u00f5\u00f5zz Paal\u01e5\u00e2skoo\u02b9ddi \u00f5htt\u00f5s ta\u02b9rjjad \u00e4\u02b9\u0161\u0161tobddi pu\u00e4\u0292\u0292t\u00e4\u00e4l vu\u00e4\u02b9pstummu\u017e nu\u02b9tt pu\u00e4\u0292\u0292jie\u02b9llemvue\u02b9jj harjjtee\u02b9jid ko \u010d\u00f5\u00f5n\u00e2sjooukid. \u00d5htt\u00f5\u00f5zz tu\u00e2jjla\u017ek\u00e5\u02b9dd tu\u00e5immai pu\u00e4\u0292\u0292h\u00e5\u00e5id \u00e4\u02b9\u0161\u0161tobddjen jee\u02b9resnall\u0161em tu\u00e2jj-jooukin da sa\u01e5st\u00f5\u00f5llmin di pohtt ou\u02b9dde pu\u00e4\u0292\u0292h\u00e5\u00e5id jee\u02b9res vuei\u02b9nnemkuu\u02b9lmin m\u00e4\u00e4\u014bgnall\u0161em \u0161\u00f5ddm\u00f5\u00f5\u017e\u017ein da pooddin. Pu\u00e4\u0292\u0292h\u00e5\u00e5idast re\u00e2uggjid ta\u02b9rjjeet \u0161koou\u02b9l\u02bcjummu\u017e ju\u00f5\u02b9\u01e9\u01e9 ee\u02b9jj taarb da vue\u02b9jj mie\u02b9ldd. K\u00f5\u00f5jj l\u00e2\u00e2\u02b9zz da e\u02b9t\u01e9\u01e9ed \u0161koou\u02b9l\u02bcjummu\u017e pu\u00e4\u0292\u0292t\u00e4\u00e4llvu\u00e4\u02b9pstee\u02b9jid &nbsp;<\/p>\n","protected":false},"author":1,"featured_media":0,"parent":0,"menu_order":3,"comment_status":"open","ping_status":"closed","template":"","meta":{"footnotes":""},"class_list":["post-5749","page","type-page","status-publish","hentry"],"aioseo_notices":[],"_links":{"self":[{"href":"https:\/\/paliskunnat.fi\/poh\/wp-json\/wp\/v2\/pages\/5749","targetHints":{"allow":["GET"]}}],"collection":[{"href":"https:\/\/paliskunnat.fi\/poh\/wp-json\/wp\/v2\/pages"}],"about":[{"href":"https:\/\/paliskunnat.fi\/poh\/wp-json\/wp\/v2\/types\/page"}],"author":[{"embeddable":true,"href":"https:\/\/paliskunnat.fi\/poh\/wp-json\/wp\/v2\/users\/1"}],"replies":[{"embeddable":true,"href":"https:\/\/paliskunnat.fi\/poh\/wp-json\/wp\/v2\/comments?post=5749"}],"version-history":[{"count":3,"href":"https:\/\/paliskunnat.fi\/poh\/wp-json\/wp\/v2\/pages\/5749\/revisions"}],"predecessor-version":[{"id":6902,"href":"https:\/\/paliskunnat.fi\/poh\/wp-json\/wp\/v2\/pages\/5749\/revisions\/6902"}],"wp:attachment":[{"href":"https:\/\/paliskunnat.fi\/poh\/wp-json\/wp\/v2\/media?parent=5749"}],"curies":[{"name":"wp","href":"https:\/\/api.w.org\/{rel}","templated":true}]}}