{"id":5750,"date":"2014-08-05T18:23:44","date_gmt":"2014-08-05T18:23:44","guid":{"rendered":"http:\/\/80.69.171.23\/py\/?page_id=4"},"modified":"2020-08-04T16:36:01","modified_gmt":"2020-08-04T13:36:01","slug":"organisaatio","status":"publish","type":"page","link":"https:\/\/paliskunnat.fi\/poh\/organisaatio\/","title":{"rendered":"Organisaatio da vaald\u00e2\u0161m"},"content":{"rendered":"<h2>Pu\u00e4\u0292\u0292t\u00e4\u00e4l organisaatio da vaald\u00e2\u0161m<\/h2>\n<p>Pu\u00e4\u0292\u0292t\u00e4\u00e4ll kooll <a href=\"http:\/\/www.mmm.fi\/\">m\u00e4dd- da me\u00e4\u02b9cct\u00e4\u00e4llministeria<\/a> vaald\u00e2\u0161mvoudda da t\u00f5n \u0161i\u00f5tt\u00e2d pu\u00e4\u0292\u0292h\u00e5iddl\u00e4\u00e4\u02b9\u01e9\u01e9 (<a href=\"http:\/\/www.finlex.fi\/fi\/laki\/ajantasa\/1990\/19900848\"><strong>848\/1990<\/strong><\/a>). Vue\u02b9\u01ef\u01efhygienia\u0161i\u00f5tt\u00f5\u00f5zzi da tu\u00e4rjj\u00f5spolitiikk vue\u02b9zzest pu\u00e4\u0292\u0292t\u00e4\u00e4ll lij vue\u02b9ss m\u00e4ddt\u00e4\u00e4llsektoor\u00e2st. EU:st pu\u00e4\u0292\u0292t\u00e4\u00e4l me\u00e4\u02b9rt\u00f5\u00f5l\u00e2t ve\u00e4rraaun\u00e2spuu\u02b9t\u02bct\u00f5ss\u00e2n.<\/p>\n<h2><a href=\"https:\/\/paliskunnat.fi\/poh\/wp-content\/uploads\/2020\/08\/puazztaal-organisaatio-da-vaaldasm.png\" rel=\"lightbox[5750]\"><img loading=\"lazy\" decoding=\"async\" class=\"alignnone wp-image-6783\" src=\"https:\/\/paliskunnat.fi\/poh\/wp-content\/uploads\/2020\/08\/puazztaal-organisaatio-da-vaaldasm.png\" alt=\"Pu\u00e4\u0292\u0292t\u00e4\u00e4l organisaatio da vaald\u00e2\u0161m\" width=\"460\" height=\"286\" srcset=\"https:\/\/paliskunnat.fi\/poh\/wp-content\/uploads\/2020\/08\/puazztaal-organisaatio-da-vaaldasm.png 1200w, https:\/\/paliskunnat.fi\/poh\/wp-content\/uploads\/2020\/08\/puazztaal-organisaatio-da-vaaldasm-300x186.png 300w, https:\/\/paliskunnat.fi\/poh\/wp-content\/uploads\/2020\/08\/puazztaal-organisaatio-da-vaaldasm-1024x636.png 1024w, https:\/\/paliskunnat.fi\/poh\/wp-content\/uploads\/2020\/08\/puazztaal-organisaatio-da-vaaldasm-768x477.png 768w\" sizes=\"auto, (max-width: 460px) 100vw, 460px\" \/><\/a><\/h2>\n<p>&nbsp;<\/p>\n<p><!--\n\n\n<h2>Maa- ja mets\u00e4talousministeri\u00f6<\/h2>\n\n\n<a href=\"http:\/\/www.mmm.fi\/fi\/index\/etusivu\/kalastus_riista_porot\/porotalous.html\">Porotalous<\/a> MMM--><\/p>\n","protected":false},"excerpt":{"rendered":"<p>Pu\u00e4\u0292\u0292t\u00e4\u00e4l organisaatio da vaald\u00e2\u0161m Pu\u00e4\u0292\u0292t\u00e4\u00e4ll kooll m\u00e4dd- da me\u00e4\u02b9cct\u00e4\u00e4llministeria vaald\u00e2\u0161mvoudda da t\u00f5n \u0161i\u00f5tt\u00e2d pu\u00e4\u0292\u0292h\u00e5iddl\u00e4\u00e4\u02b9\u01e9\u01e9 (848\/1990). Vue\u02b9\u01ef\u01efhygienia\u0161i\u00f5tt\u00f5\u00f5zzi da tu\u00e4rjj\u00f5spolitiikk vue\u02b9zzest pu\u00e4\u0292\u0292t\u00e4\u00e4ll lij vue\u02b9ss m\u00e4ddt\u00e4\u00e4llsektoor\u00e2st. EU:st pu\u00e4\u0292\u0292t\u00e4\u00e4l me\u00e4\u02b9rt\u00f5\u00f5l\u00e2t ve\u00e4rraaun\u00e2spuu\u02b9t\u02bct\u00f5ss\u00e2n. &nbsp;<\/p>\n","protected":false},"author":1,"featured_media":0,"parent":0,"menu_order":1,"comment_status":"open","ping_status":"closed","template":"","meta":{"footnotes":""},"class_list":["post-5750","page","type-page","status-publish","hentry"],"aioseo_notices":[],"_links":{"self":[{"href":"https:\/\/paliskunnat.fi\/poh\/wp-json\/wp\/v2\/pages\/5750","targetHints":{"allow":["GET"]}}],"collection":[{"href":"https:\/\/paliskunnat.fi\/poh\/wp-json\/wp\/v2\/pages"}],"about":[{"href":"https:\/\/paliskunnat.fi\/poh\/wp-json\/wp\/v2\/types\/page"}],"author":[{"embeddable":true,"href":"https:\/\/paliskunnat.fi\/poh\/wp-json\/wp\/v2\/users\/1"}],"replies":[{"embeddable":true,"href":"https:\/\/paliskunnat.fi\/poh\/wp-json\/wp\/v2\/comments?post=5750"}],"version-history":[{"count":5,"href":"https:\/\/paliskunnat.fi\/poh\/wp-json\/wp\/v2\/pages\/5750\/revisions"}],"predecessor-version":[{"id":6785,"href":"https:\/\/paliskunnat.fi\/poh\/wp-json\/wp\/v2\/pages\/5750\/revisions\/6785"}],"wp:attachment":[{"href":"https:\/\/paliskunnat.fi\/poh\/wp-json\/wp\/v2\/media?parent=5750"}],"curies":[{"name":"wp","href":"https:\/\/api.w.org\/{rel}","templated":true}]}}