{"id":578,"date":"2014-11-05T14:17:40","date_gmt":"2014-11-05T12:17:40","guid":{"rendered":"http:\/\/80.69.171.23\/py\/?page_id=578"},"modified":"2024-03-11T09:56:06","modified_gmt":"2024-03-11T07:56:06","slug":"nauddskaad","status":"publish","type":"page","link":"https:\/\/paliskunnat.fi\/poh\/puazzskaad\/nauddskaad\/","title":{"rendered":"N\u00e4u\u02b9ddsk\u00e4\u00e4\u0111"},"content":{"rendered":"<h2>N\u00e4u\u02b9ddsk\u00e4\u00e4\u0111<\/h2>\n<p>Pu\u00e4\u0292\u0292h\u00e5iddvuu\u02b9dest lie \u010d\u00f5\u00f5\u0111 historia le\u00e4mma n\u00e4\u00e4u\u02b9d. \u01e8ie\u02b9t\u01e9, kue\u02b9b\u01ef, kuu\u02b9mp da ku\u00e4\u02b9c\u01e9\u01e9em lie p\u00e2i v\u00e4lddam vue\u02b9sses pu\u00f5ccuin. M\u00e2\u00e2im\u00f5s loo\u02b9jji ii\u02b9jji \u00e4i\u02b9\u01e7\u01e7en obb pu\u00e4\u0292\u0292h\u00e5iddvoudda lij le\u00e4vvnam riiss \u0161e.<\/p>\n<p>Riiss da \u01e9ie\u02b9t\u01e9 jie\u02b9llem lie pu\u00e4\u0292\u0292h\u00e5iddvuu\u02b9dest aaib\u00e2s \u01e9idd pu\u00f5ccust, ko jee\u02b9res lu\u00e2nddsa\u017e porrm\u00f5\u00f5\u017e\u017e t\u00f5id ij vuu\u02b9dest \u010duu\u02b9t kaunnu. Ku\u02b9mpp da kue\u02b9b\u01ef\u01ef \u0161e sie\u02b9sse pu\u00f5ccu, k\u00e5\u00e5\u02b9tt lij hi\u00e2lpm\u00f5ss\u00e2n vu\u00e4\u01ef\u01efamnalla \u0161ill\u02bcj\u00e2n .<\/p>\n<p>N\u00e4u\u02b9ddsk\u00e4\u00e4\u0111 ko\u02b9lle lu\u00e2\u0111la\u017e vue\u02b9ssen pu\u00e4\u0292\u0292h\u00e5\u00e5id lu\u00f5nddu. Pu\u00e4\u0292\u0292vu\u00e4\u02b9msteei tuejjad konkreettla\u017e naau\u02b9di su\u00f5jjlemtu\u00e2j ta\u02b9rjjee\u02b9l naau\u02b9did porrm\u00f5\u00f5\u017e\u017e jii\u02b9jjes j\u00e4llm\u00f5\u00f5\u017e\u017ein. Riikk kompens\u00e2stt ko\u02b9rvv\u00f5\u00f5zzi \u00e5\u00e5\u02b9bl\u01e9est pu\u00e4\u0292\u0292vu\u00e4\u02b9msteeja vue\u02b9zz naau\u02b9di k\u00e5ddam pu\u00f5ccuin. V\u00e4\u02b9lddvue\u02b9ss t\u00e4ll\u00f5\u00f5zzla\u017e seu\u02b9rrj\u00f5\u00f5zzin p\u00e4\u02b9cce kuuit\u00e2\u01e5 pu\u00e4\u0292\u0292vu\u00e4\u02b9msteeja kue\u02b9ddemnalla. Pu\u00e4\u0292\u0292vu\u00e4\u02b9msteei lie-i n\u00e4\u00e4\u02b9lest L\u00e4\u00e4\u02b9ddj\u00e2nnmest naau\u02b9di su\u00f5jjlummu\u017e j\u00e4\u00e4nm\u00f5s\u00e2n te\u00e4ggteei.<\/p>\n<p>Vi\u00f5kk\u0161\u00f5s da kuu\u02b9\u01e9\u01e9 ju\u00e4tkkjam naau\u02b9di su\u00f5jjlempolitiikk seu\u02b9rrj\u00f5ss\u00e2n n\u00e4u\u02b9ddn\u00e4\u00e4\u02b9l lie l\u00e2ssnam mi\u00e2rkkteeinalla da t\u00e4n mie\u02b9tt pu\u00e4\u0292\u0292h\u00e5\u00e5id v\u00e4\u02b9\u01ef\u01efelvu\u00f5\u0111 naau\u02b9divui\u02b9m lie \u0161e \u0161orrnam. Vue\u02b9jj jee\u02b9res n\u00e4u\u02b9dd\u0161laajivui\u02b9m pu\u00e4\u0292\u0292h\u00e5iddvuu\u02b9d jee\u02b9res vue\u02b9zzin vaajt\u00e2\u02b9lle ji\u00e2nnai. J\u00f5nn vaikkteei \u00e4\u00e4\u02b9\u0161\u0161est lie v\u00e4\u02b9lddkoo\u02b9ddi k\u00f5skksa\u017e raajjvuu\u02b9d di pu\u00e4\u0292\u0292h\u00e5iddvuu\u02b9d saujjraajj, kooi r\u00e2\u00e2st n\u00e4\u00e4u\u02b9d pu\u00e2rast j\u00e5\u02b9tte. L\u00e2\u00e2\u02b9ssen j\u00e2nnam\u00e5\u00e5rrm\u00f5\u00f5\u017e\u017e da jee\u02b9resnall\u0161em su\u00f5jjlemvuu\u02b9d vaikkte vu\u00f5\u02b9jjid jee\u02b9resnalla jee\u02b9res vuu\u02b9din.<\/p>\n<p>Pukin v\u00e4\u00e4\u017en\u02bcjummus vaikkteei lij meerla\u017e n\u00e4u\u02b9ddpolitiikk, k\u00e5\u00e5\u02b9tt vu\u00e2\u0111\u0111\u00e2\u00e2vv EU-\u0161i\u00f5ttumm\u0161a da jee\u02b9res meeraik\u00f5skksa\u017e su\u00e5ppm\u00f5\u00f5\u017e\u017eid.<\/p>\n<p>Naau\u02b9di k\u00e5ddam pu\u00f5ccuin k\u00e4unnai tu\u02b9t\u01e9\u01e9ee\u02b9ji a\u02b9rvv\u00f5\u00f5zz mie\u02b9ldd nu\u02b9tt vii\u0111\u00f5s. Obbsk\u00e4\u00e4\u0111 vaajt\u00e2\u02b9lle ju\u00f5\u02b9\u01e9\u01e9 ee\u02b9jj 25\u00a0000\u201335\u00a0000 naau\u02b9did m\u00f5\u00f5ntum pu\u00f5ccu k\u00f5\u00f5sk. Je\u00e4\u02b9rben \u01e9ie\u02b9ssm\u00e4\u00e4dd \u00e4\u00e4i\u02b9j sk\u00e4\u00e4\u0111ai kaunnm\u00f5\u0161 veidds\u00f5s lu\u00e2ttj\u00e2nnmin lij udaakknall\u0161em. \u01e8ie\u02b9t\u01e9 tuejj\u00e4\u00e4m sk\u00e4\u00e4\u0111 k\u00e4unn\u02bcje pue\u02b9rm\u00f5s\u00e2n, ko \u01e9e\u00e4\u02b9t\u01e9\u01e9 takainalla \u0161eell mu\u00f5tti \u00e4i\u02b9\u01e7\u01e7en. Kue\u02b9b\u01ef\u01efsk\u00e4\u00e4\u0111 pe\u00e4\u02b9lstes jie takainalla kaunnu, ko kue\u02b9b\u01ef\u01ef \u0161eell t\u00e4ujja \u01e9i\u0111\u0111\u01e9ie\u02b9zz kue\u02b9ddem\u00e4i\u02b9\u01e7\u01e7en.<\/p>\n","protected":false},"excerpt":{"rendered":"<p>N\u00e4u\u02b9ddsk\u00e4\u00e4\u0111 Pu\u00e4\u0292\u0292h\u00e5iddvuu\u02b9dest lie \u010d\u00f5\u00f5\u0111 historia le\u00e4mma n\u00e4\u00e4u\u02b9d. \u01e8ie\u02b9t\u01e9, kue\u02b9b\u01ef, kuu\u02b9mp da ku\u00e4\u02b9c\u01e9\u01e9em lie p\u00e2i v\u00e4lddam vue\u02b9sses pu\u00f5ccuin. M\u00e2\u00e2im\u00f5s loo\u02b9jji ii\u02b9jji \u00e4i\u02b9\u01e7\u01e7en obb pu\u00e4\u0292\u0292h\u00e5iddvoudda lij le\u00e4vvnam riiss \u0161e. Riiss da \u01e9ie\u02b9t\u01e9 jie\u02b9llem lie pu\u00e4\u0292\u0292h\u00e5iddvuu\u02b9dest aaib\u00e2s \u01e9idd pu\u00f5ccust, ko jee\u02b9res lu\u00e2nddsa\u017e porrm\u00f5\u00f5\u017e\u017e t\u00f5id ij vuu\u02b9dest \u010duu\u02b9t kaunnu. Ku\u02b9mpp da kue\u02b9b\u01ef\u01ef \u0161e sie\u02b9sse pu\u00f5ccu, k\u00e5\u00e5\u02b9tt lij hi\u00e2lpm\u00f5ss\u00e2n vu\u00e4\u01ef\u01efamnalla [&hellip;]<\/p>\n","protected":false},"author":1,"featured_media":0,"parent":177,"menu_order":1,"comment_status":"open","ping_status":"closed","template":"","meta":{"footnotes":""},"class_list":["post-578","page","type-page","status-publish","hentry"],"aioseo_notices":[],"_links":{"self":[{"href":"https:\/\/paliskunnat.fi\/poh\/wp-json\/wp\/v2\/pages\/578","targetHints":{"allow":["GET"]}}],"collection":[{"href":"https:\/\/paliskunnat.fi\/poh\/wp-json\/wp\/v2\/pages"}],"about":[{"href":"https:\/\/paliskunnat.fi\/poh\/wp-json\/wp\/v2\/types\/page"}],"author":[{"embeddable":true,"href":"https:\/\/paliskunnat.fi\/poh\/wp-json\/wp\/v2\/users\/1"}],"replies":[{"embeddable":true,"href":"https:\/\/paliskunnat.fi\/poh\/wp-json\/wp\/v2\/comments?post=578"}],"version-history":[{"count":4,"href":"https:\/\/paliskunnat.fi\/poh\/wp-json\/wp\/v2\/pages\/578\/revisions"}],"predecessor-version":[{"id":7141,"href":"https:\/\/paliskunnat.fi\/poh\/wp-json\/wp\/v2\/pages\/578\/revisions\/7141"}],"up":[{"embeddable":true,"href":"https:\/\/paliskunnat.fi\/poh\/wp-json\/wp\/v2\/pages\/177"}],"wp:attachment":[{"href":"https:\/\/paliskunnat.fi\/poh\/wp-json\/wp\/v2\/media?parent=578"}],"curies":[{"name":"wp","href":"https:\/\/api.w.org\/{rel}","templated":true}]}}