{"id":582,"date":"2014-11-05T14:24:07","date_gmt":"2014-11-05T12:24:07","guid":{"rendered":"http:\/\/80.69.171.23\/py\/?page_id=582"},"modified":"2022-02-13T12:40:42","modified_gmt":"2022-02-13T10:40:42","slug":"keatkk","status":"publish","type":"page","link":"https:\/\/paliskunnat.fi\/poh\/puazzskaad\/nauddskaad\/keatkk\/","title":{"rendered":"\u01e8e\u00e4\u02b9t\u01e9\u01e9"},"content":{"rendered":"<h1>\u01e8e\u00e4\u02b9t\u01e9\u01e9 (Gulo gulo)<\/h1>\n<p>\u01e8e\u00e4\u02b9t\u01e9\u01e9 k\u00e5\u02b9dd pu\u00f5ccuid pirr ee\u02b9jj. Vi\u00f5kk\u0161\u00f5m\u00f5s \u0161ee\u02b9llem\u00e4i\u02b9\u01e7\u01e7 lij \u01e9i\u0111\u0111t\u00e4lvva. \u01e8e\u00e4tkka \u0161i\u00f5ttl\u00f5s lu\u00e2tt\u00e5\u00e5rrm\u00f5\u00f5\u017e\u017ein \u00f5htt \u01e9e\u00e4\u02b9t\u01e9\u01e9 vu\u00e4itt \u01e9e\u00e2\u0161keed \u00f5\u00f5ut iinn poodd p\u00e2\u02b9jjel l\u00e5\u00e5i pu\u00e4ccjed. Takainalla \u01e9e\u00e4\u02b9t\u01e9\u01e9 k\u00e4ckk pu\u00f5ccu nji\u0161kkmaddja, veekk jie\u02b9lli pu\u00f5ccust njuh\u010d\u010d\u00e2m da ku\u00e2\u0111\u0111 pu\u00f5ccu mu\u00f5kk\u0161\u00f5\u00f5vv\u00e2d liikkeem\u00e4\u00e4\u02b9ppte\u02b9mmen t\u00f5n p\u00e4ikka. N\u00e4\u00e4i\u02b9t \u01e9e\u00e4\u02b9t\u01e9\u01e9 \u00e2\u00e2nn hu\u00f5l porrm\u00f5\u00f5\u017e\u017e vu\u00e4\u01ef\u01efamvu\u00f5\u0111\u00e2st, j\u00f5s \u0161ee\u02b9llem\u00e5\u00e5rrm\u00f5\u00f5\u017e\u017e hu\u00e2nn\u02bcne, le\u02b9be n\u00e5\u00e5rr ji\u00f5ccses da soujjses vue\u02b9\u01ef\u01ef hue\u02b9nes peei\u02b9v v\u00e4\u00e4ras.<\/p>\n<p><a href=\"https:\/\/paliskunnat.fi\/poh\/wp-content\/uploads\/2014\/11\/ahma_eu_kuva_01.jpg\" rel=\"lightbox[582]\"><img loading=\"lazy\" decoding=\"async\" class=\"alignnone wp-image-1711\" src=\"https:\/\/paliskunnat.fi\/poh\/wp-content\/uploads\/2014\/11\/ahma_eu_kuva_01.jpg\" alt=\"Gulo gulo\" width=\"460\" height=\"345\" srcset=\"https:\/\/paliskunnat.fi\/poh\/wp-content\/uploads\/2014\/11\/ahma_eu_kuva_01.jpg 1000w, https:\/\/paliskunnat.fi\/poh\/wp-content\/uploads\/2014\/11\/ahma_eu_kuva_01-300x225.jpg 300w, https:\/\/paliskunnat.fi\/poh\/wp-content\/uploads\/2014\/11\/ahma_eu_kuva_01-768x576.jpg 768w\" sizes=\"auto, (max-width: 460px) 100vw, 460px\" \/><\/a><\/p>\n<p>\u01e8ie\u02b9t\u01e9 liikk\u00e2d samai veidds\u00f5s vuu\u02b9din. Me\u00e4rl\u00e2nji j\u00e4\u00e4nm\u00f5s\u00e2n \u01e9e\u00e4\u02b9t\u01e9\u01e9sk\u00e4\u00e4\u0111 \u0161\u00e2\u02b9dde Tu\u00f5dd\u00e2r-Lappi vuu\u02b9dest. Sk\u00e4\u00e4\u0111\u0111me\u00e4\u02b9r lie \u0161orrnam m\u00f5\u00f5nni ii\u02b9jjin je\u00e4\u02b9rben Taarrj\u00e2nnam da Ru\u00f5\u0161\u0161j\u00e2nnam vu\u00e2sttsa\u017e raajin \u00e5\u00e5rrai paal\u01e5\u00e2skoo\u02b9ddin.<\/p>\n<p>&nbsp;<\/p>\n<p><!--more--><\/p>\n<h2><strong>\u01e8e\u00e4\u02b9t\u01e9\u01e9n\u00e4\u00e4\u02b9l h\u00e5iddamplaan<\/strong><\/h2>\n<p>MMM 19.6.2014 \u2013 l\u00e4\u00e4ddas (<a href=\"http:\/\/mmm.fi\/documents\/1410837\/1516659\/Ahmakannan_hoitosuunnitelma.pdf\/5138edc3-ed8d-4221-938e-6c41feab57d3\"><strong>PDF<\/strong><\/a>\u00a0551 kt)<\/p>\n<p>Tu\u00e2\u01e5\u01e5\u00f5s\u00f5\u00f5lmt\u00f5s (<a href=\"http:\/\/mmm.fi\/documents\/1410837\/1516659\/MMM-160463-v1-Suomen_ahmakannan_hoitosuunnitelma_-_taustajulkaisu-2.pdf\/137d9359-206d-4105-bd3a-dc2cfbc2c2be\"><strong>PDF\u00a0<\/strong><\/a>1 576 kt)<\/p>\n<h2><strong>\u01e8e\u00e4\u02b9t\u01e9\u01e9 ru\u00e2kk jie\u02b9ll\u02bcjen<\/strong><\/h2>\n<p>\u01e8ie\u02b9t\u01e9 \u01e9e\u00e2\u0161k\u00e4\u00e4m pu\u00e4\u0292\u0292 ij pi\u00e2zz liikkeed, le\u0161a vu\u00e4itt seillad jie\u02b9ll\u02bcjen le\u02b9be v\u00f5rrsen da suddan \u01e9ie\u02b9t\u01e9 porrm\u00f5\u0161\u0161\u00e2n m\u00e4\u00e4\u014bgaid suutkid. \u01e8i\u00f5\u010d\u010d <a href=\"http:\/\/vimeo.com\/54998054\"><strong>Vimeo-video<\/strong><\/a>, fi\u02b9lmmjeei Aslak Paltto.<\/p>\n<h2><strong>\u01e8ie\u02b9t\u01e9 ku\u00f5rrmen \u01e8i\u00f5ttmaddjest<\/strong><\/h2>\n<p><a href=\"https:\/\/www.youtube.com\/watch?v=QyOfrgpPtjw\">\u01e8i\u00f5ttmaddi paal\u01e5\u00e2sk\u00e5\u00e5\u02b9dd pu\u00e4\u0292\u0292ee\u02b9\u017e\u017eed Tuomas I. Paloj\u00e4rvi mie\u02b9ldd \u01e9ie\u02b9t\u01e9 ku\u00f5rrmen Je\u00e4n\u00f5\u00f5\u01e5\u01e5 Paloj\u00e4\u00e4u\u02b9rest.<\/a><\/p>\n","protected":false},"excerpt":{"rendered":"<p>\u01e8e\u00e4\u02b9t\u01e9\u01e9 (Gulo gulo) \u01e8e\u00e4\u02b9t\u01e9\u01e9 k\u00e5\u02b9dd pu\u00f5ccuid pirr ee\u02b9jj. Vi\u00f5kk\u0161\u00f5m\u00f5s \u0161ee\u02b9llem\u00e4i\u02b9\u01e7\u01e7 lij \u01e9i\u0111\u0111t\u00e4lvva. \u01e8e\u00e4tkka \u0161i\u00f5ttl\u00f5s lu\u00e2tt\u00e5\u00e5rrm\u00f5\u00f5\u017e\u017ein \u00f5htt \u01e9e\u00e4\u02b9t\u01e9\u01e9 vu\u00e4itt \u01e9e\u00e2\u0161keed \u00f5\u00f5ut iinn poodd p\u00e2\u02b9jjel l\u00e5\u00e5i pu\u00e4ccjed. Takainalla \u01e9e\u00e4\u02b9t\u01e9\u01e9 k\u00e4ckk pu\u00f5ccu nji\u0161kkmaddja, veekk jie\u02b9lli pu\u00f5ccust njuh\u010d\u010d\u00e2m da ku\u00e2\u0111\u0111 pu\u00f5ccu mu\u00f5kk\u0161\u00f5\u00f5vv\u00e2d liikkeem\u00e4\u00e4\u02b9ppte\u02b9mmen t\u00f5n p\u00e4ikka. N\u00e4\u00e4i\u02b9t \u01e9e\u00e4\u02b9t\u01e9\u01e9 \u00e2\u00e2nn hu\u00f5l porrm\u00f5\u00f5\u017e\u017e vu\u00e4\u01ef\u01efamvu\u00f5\u0111\u00e2st, j\u00f5s \u0161ee\u02b9llem\u00e5\u00e5rrm\u00f5\u00f5\u017e\u017e hu\u00e2nn\u02bcne, le\u02b9be n\u00e5\u00e5rr ji\u00f5ccses da soujjses [&hellip;]<\/p>\n","protected":false},"author":1,"featured_media":0,"parent":578,"menu_order":1,"comment_status":"open","ping_status":"closed","template":"","meta":{"footnotes":""},"class_list":["post-582","page","type-page","status-publish","hentry"],"aioseo_notices":[],"_links":{"self":[{"href":"https:\/\/paliskunnat.fi\/poh\/wp-json\/wp\/v2\/pages\/582","targetHints":{"allow":["GET"]}}],"collection":[{"href":"https:\/\/paliskunnat.fi\/poh\/wp-json\/wp\/v2\/pages"}],"about":[{"href":"https:\/\/paliskunnat.fi\/poh\/wp-json\/wp\/v2\/types\/page"}],"author":[{"embeddable":true,"href":"https:\/\/paliskunnat.fi\/poh\/wp-json\/wp\/v2\/users\/1"}],"replies":[{"embeddable":true,"href":"https:\/\/paliskunnat.fi\/poh\/wp-json\/wp\/v2\/comments?post=582"}],"version-history":[{"count":4,"href":"https:\/\/paliskunnat.fi\/poh\/wp-json\/wp\/v2\/pages\/582\/revisions"}],"predecessor-version":[{"id":6936,"href":"https:\/\/paliskunnat.fi\/poh\/wp-json\/wp\/v2\/pages\/582\/revisions\/6936"}],"up":[{"embeddable":true,"href":"https:\/\/paliskunnat.fi\/poh\/wp-json\/wp\/v2\/pages\/578"}],"wp:attachment":[{"href":"https:\/\/paliskunnat.fi\/poh\/wp-json\/wp\/v2\/media?parent=582"}],"curies":[{"name":"wp","href":"https:\/\/api.w.org\/{rel}","templated":true}]}}