{"id":590,"date":"2014-11-05T14:47:40","date_gmt":"2014-11-05T12:47:40","guid":{"rendered":"http:\/\/80.69.171.23\/py\/?page_id=590"},"modified":"2022-02-13T11:48:25","modified_gmt":"2022-02-13T09:48:25","slug":"riiss","status":"publish","type":"page","link":"https:\/\/paliskunnat.fi\/poh\/puazzskaad\/nauddskaad\/riiss\/","title":{"rendered":"Riiss"},"content":{"rendered":"<h2>Riiss (Lynx lynx)<\/h2>\n<p>Riiss lij le\u00e4vvnam obb pu\u00e4\u0292\u0292h\u00e5iddvoudda, vuu\u02b9d t\u00e2\u02b9vv-vue\u02b9zzi mie\u02b9tt. \u00c4\u00e4i\u02b9jben t\u00e2\u00e2vast toobdte\u02b9mes kaassjie\u02b9lli lij t\u00e4ujjnam j\u00e5ttl\u00e2nji. Se\u00e4mmast riiss tuejj\u00e4\u00e4m pu\u00e4\u0292\u0292sk\u00e4\u00e4\u0111ai mie\u02b9rr lij \u0161orrnam. Pu\u00e4\u0292\u0292h\u00e5iddvuu\u02b9dest riiss jie\u02b9llem lij pu\u00f5ccust \u01e9idd, ko jee\u02b9res porrm\u00f5\u00f5\u017e\u017e lij occ\u00e2nji vu\u00e4\u01ef\u01efamnalla.<\/p>\n<p>Riiss k\u00e5dd pu\u00f5ccuid pirr ee\u02b9jj. \u0160iilme\u00e4\u02b9r \u0161orrne t\u00e4\u02b9lvvp\u00e2\u00e2\u02b9jest mi\u00e2rkkteeinalla, ko riiss ij p\u00e2\u00e2\u02b9st kaunn\u00e2d ji\u00f5\u014b\u014b\u00e2m \u0161illi. \u01e8e\u00e4hnk\u00e4ibbsa\u017e kaassjie\u02b9lli \u00e2lgg k\u00e5\u02b9dded ji\u00f5\u014b\u014b\u00e2m \u0161illi s\u00e2jja o\u0111\u0111 \u0161illi. N\u00e4\u02b9de riiss k\u00e5dd pu\u00f5ll\u00e2\u017ep\u00e2\u00e2\u02b9jest pu\u00f5ccuid aktiivla\u017e ta\u02b9htte.<\/p>\n<p><a href=\"https:\/\/paliskunnat.fi\/poh\/wp-content\/uploads\/2022\/02\/lynx.jpg\" rel=\"lightbox[590]\"><img loading=\"lazy\" decoding=\"async\" class=\"alignnone wp-image-6931\" src=\"https:\/\/paliskunnat.fi\/poh\/wp-content\/uploads\/2022\/02\/lynx.jpg\" alt=\"Riiss - Ilves - lynx\" width=\"460\" height=\"307\" srcset=\"https:\/\/paliskunnat.fi\/poh\/wp-content\/uploads\/2022\/02\/lynx.jpg 1200w, https:\/\/paliskunnat.fi\/poh\/wp-content\/uploads\/2022\/02\/lynx-300x200.jpg 300w, https:\/\/paliskunnat.fi\/poh\/wp-content\/uploads\/2022\/02\/lynx-1024x683.jpg 1024w, https:\/\/paliskunnat.fi\/poh\/wp-content\/uploads\/2022\/02\/lynx-768x512.jpg 768w\" sizes=\"auto, (max-width: 460px) 100vw, 460px\" \/><\/a><\/p>\n<p>Riiss\u00e2st lij \u00e4u\u02b9\u01e9\u01e9 \u0161e, ko t\u00f5t h\u00e5idd p\u00e4\u00e4ikai vuu\u02b9d smavvn\u00e4u\u02b9ddnaa\u02b9lid. N\u00e4\u00e4\u02b9l \u0161orr\u00e2dvu\u00f5\u0111 \u0161i\u00f5tt\u00f5\u00f5llmest \u00e2lgg kuuit\u00e2\u01e5 pu\u00e4\u0292\u0292sk\u00e4\u00e4\u0111ai c\u00f5gg\u00e2m di\u00f5tt \u010d\u00f5\u00f5\u0111ted aktiivla\u017e n\u00e4\u00e4\u02b9llvaald\u0161ummu\u017e.<\/p>\n<p><!--more--><\/p>\n<h2><strong>Riissn\u00e4\u00e4\u02b9l h\u00e5iddamplaan<\/strong><\/h2>\n<p>MMM 1\/2007 \u00a0(<a href=\"http:\/\/mmm.fi\/documents\/1410837\/1516659\/Ilveskannan+hoitosuunnitelma\/ab66f292-1d32-45f6-a78d-6ee228d89deb\"><strong>PDF<\/strong><\/a>\u00a0498 kt, l\u00e4\u00e4ddas)<\/p>\n<h2><strong>Me\u00e4ccjemaset\u00f5\u00f5zz<\/strong><\/h2>\n<p>\u00c4\u00e4i\u02b9jt\u00e4ss\u02bcsa\u017e aset\u00f5\u00f5zz\u00a0<a href=\"http:\/\/mmm.fi\/riista\/metsastyksen-rajoittaminen-ja-ministerion-asetukset\"><strong>MMM seeidain<\/strong><\/a> (l\u00e4\u00e4ddas)<\/p>\n","protected":false},"excerpt":{"rendered":"<p>Riiss (Lynx lynx) Riiss lij le\u00e4vvnam obb pu\u00e4\u0292\u0292h\u00e5iddvoudda, vuu\u02b9d t\u00e2\u02b9vv-vue\u02b9zzi mie\u02b9tt. \u00c4\u00e4i\u02b9jben t\u00e2\u00e2vast toobdte\u02b9mes kaassjie\u02b9lli lij t\u00e4ujjnam j\u00e5ttl\u00e2nji. Se\u00e4mmast riiss tuejj\u00e4\u00e4m pu\u00e4\u0292\u0292sk\u00e4\u00e4\u0111ai mie\u02b9rr lij \u0161orrnam. Pu\u00e4\u0292\u0292h\u00e5iddvuu\u02b9dest riiss jie\u02b9llem lij pu\u00f5ccust \u01e9idd, ko jee\u02b9res porrm\u00f5\u00f5\u017e\u017e lij occ\u00e2nji vu\u00e4\u01ef\u01efamnalla. Riiss k\u00e5dd pu\u00f5ccuid pirr ee\u02b9jj. \u0160iilme\u00e4\u02b9r \u0161orrne t\u00e4\u02b9lvvp\u00e2\u00e2\u02b9jest mi\u00e2rkkteeinalla, ko riiss ij p\u00e2\u00e2\u02b9st kaunn\u00e2d ji\u00f5\u014b\u014b\u00e2m \u0161illi. \u01e8e\u00e4hnk\u00e4ibbsa\u017e kaassjie\u02b9lli [&hellip;]<\/p>\n","protected":false},"author":1,"featured_media":0,"parent":578,"menu_order":2,"comment_status":"open","ping_status":"closed","template":"","meta":{"footnotes":""},"class_list":["post-590","page","type-page","status-publish","hentry"],"aioseo_notices":[],"_links":{"self":[{"href":"https:\/\/paliskunnat.fi\/poh\/wp-json\/wp\/v2\/pages\/590","targetHints":{"allow":["GET"]}}],"collection":[{"href":"https:\/\/paliskunnat.fi\/poh\/wp-json\/wp\/v2\/pages"}],"about":[{"href":"https:\/\/paliskunnat.fi\/poh\/wp-json\/wp\/v2\/types\/page"}],"author":[{"embeddable":true,"href":"https:\/\/paliskunnat.fi\/poh\/wp-json\/wp\/v2\/users\/1"}],"replies":[{"embeddable":true,"href":"https:\/\/paliskunnat.fi\/poh\/wp-json\/wp\/v2\/comments?post=590"}],"version-history":[{"count":3,"href":"https:\/\/paliskunnat.fi\/poh\/wp-json\/wp\/v2\/pages\/590\/revisions"}],"predecessor-version":[{"id":6932,"href":"https:\/\/paliskunnat.fi\/poh\/wp-json\/wp\/v2\/pages\/590\/revisions\/6932"}],"up":[{"embeddable":true,"href":"https:\/\/paliskunnat.fi\/poh\/wp-json\/wp\/v2\/pages\/578"}],"wp:attachment":[{"href":"https:\/\/paliskunnat.fi\/poh\/wp-json\/wp\/v2\/media?parent=590"}],"curies":[{"name":"wp","href":"https:\/\/api.w.org\/{rel}","templated":true}]}}