{"id":597,"date":"2014-11-05T14:56:57","date_gmt":"2014-11-05T12:56:57","guid":{"rendered":"http:\/\/80.69.171.23\/py\/?page_id=597"},"modified":"2020-03-19T14:24:30","modified_gmt":"2020-03-19T12:24:30","slug":"kumpp","status":"publish","type":"page","link":"https:\/\/paliskunnat.fi\/poh\/puazzskaad\/nauddskaad\/kumpp\/","title":{"rendered":"Ku\u02b9mpp"},"content":{"rendered":"<h2>Ku\u02b9mpp (Canis lupus)<\/h2>\n<p>Ku\u02b9mpp k\u00e5\u02b9dd pu\u00f5ccuid pirr ee\u02b9jj to\u02b9ben, ko\u02b9st-i liikkad. J\u00e4\u00e4nm\u00f5s\u00e2n sk\u00e4\u00e4\u0111 \u0161\u00e2\u02b9dde nu\u00f5rtt pu\u00e4\u0292\u0292h\u00e5iddvuu\u02b9dest, ko\u02b9st v\u00e4\u02b9\u01ef\u01efelvu\u00f5\u0111id tuejjad Ru\u00f5\u0161\u0161j\u00e2nnam j\u00f5nn da raajjvuu\u02b9d vi\u00f5kk\u0161\u00e2nji \u00e4u\u02b9\u01e9\u01e9eei ku\u02b9mppn\u00e4\u00e4\u02b9ll.<\/p>\n<p>Kuu\u02b9mpi da pu\u00f5ccui ku\u02b9\u01e9es\u00e4iggsab \u00f5httsa\u017ejie\u02b9llem se\u00e4mma vuu\u02b9dest lij vuei\u02b9t\u02bctem. Pu\u00e4\u0292\u0292 lij ku\u02b9mppe \u010duu\u02b9t hi\u00e2lpp \u0161iil da sk\u00e4\u00e4\u0111 l\u00e2ssne j\u00e5ttl\u00e2nji \u01e9e\u00e2ll\u02bcjte\u02b9mes mettk\u00f5skkvu\u00f5\u0111id. Kuu\u02b9mpi tuejj\u00e4\u00e4m pu\u00e4\u0292\u0292sk\u00e4\u00e4\u0111ai mie\u02b9rr lij \u01e9idd pu\u00e4\u0292\u0292h\u00e5iddvoudda mi\u00f5ttum kuu\u02b9mpi jaukkeemloo\u02b9vin da jaukkeemprosee\u02b9ss o\u02b9nnstumm\u0161est. J\u00f5s tu\u02b9mmst\u00f5ktu\u00e2jj da n\u00e4\u00e4\u02b9l tu\u00e2jj m\u00e2\u02b9nne vi\u00f5kk\u0161\u00e2nji, sk\u00e4\u00e4\u0111\u0111me\u00e4\u02b9r p\u00e2\u02b9\u0161\u0161e \u01e9i\u00f5rddi t\u00e4\u00e4\u02b9zzest.<\/p>\n<p>Ku\u02b9mpp kooll pu\u00e4\u0292\u0292h\u00e5iddvuu\u02b9dest jee\u02b9res j\u00e2nnmest \u010d\u00e5rstee\u02b9n <a href=\"http:\/\/eur-lex.europa.eu\/LexUriServ\/LexUriServ.do?uri=CELEX:31992L0043:FI:HTML\"><strong>lu\u00e2ttdirektiiv<\/strong><\/a> mie\u02b9ldd\u00f5\u02b9sse V, de vue\u02b9l\u01e7\u01e7ems\u00e2\u00e2\u02b9jj lij, \u0161t\u00f5 t\u00f5n lij vuei\u02b9tlva\u017e me\u00e4ccjed. Ku\u02b9mppn\u00e4\u00e4\u02b9l pe\u00e4\u02b9lest kuu\u02b9mpi j\u00e5\u00e5ttm\u00f5\u0161 vi\u00f5st\u00e2r-raaj r\u00e2\u00e2st Ru\u00f5ccj\u00e2nnma lij vu\u00f5innum v\u00e4\u00e4\u017enai t\u00e4\u00e4vt\u00f5ss\u00e2n. N\u00e4\u00e4i\u02b9t p\u00f5\u00f5r\u01e5\u00e2t c\u00f5\u00f5gg\u00f5\u00f5tt\u00e2d ru\u00f5ccla\u017e-taaj\u00e2\u017e ku\u02b9mpp-populaatio siis\u01e9\u0161\u00f5kknemvu\u00f5\u0111\u00e2st. Joo\u02b9tti nu\u00f5rr kuu\u02b9mpin lij c\u00f5\u00f5ggte\u02b9mes vuei\u02b9ttemvu\u00f5tt j\u00e5\u00e5\u02b9tted L\u00e4\u00e4\u02b9ddj\u00e2nnmest Skandinaviaa\u02b9je, ko \u01e9ie\u02b9ssm\u00e4\u00e4dd \u00e4i\u02b9\u01e7\u01e7en kuu\u02b9mp \u0161eellm\u00f5\u0161 ij n\u00e4\u00e4\u02b9lest o\u02b9nnest ni \u010do\u02b9rst\u00f5kloo\u02b9vivui\u02b9m. Kuu\u02b9mp liikkee-i tu\u02b9t\u01e9\u01e9umm\u0161i mie\u02b9ldd ju\u00f5\u02b9\u01e9\u01e9 ee\u02b9jj raaj r\u00e2\u00e2st \u00e2nn\u02bcj\u00f5\u017e vue\u02b9jjest su\u00f5jjlemt\u00e4\u00e4vt\u00f5\u00f5zzi vuei\u02b9nnemkuu\u02b9lmest ri\u02b9jttjeeinalla.<\/p>\n<p>&nbsp;<\/p>\n<p><!--more--><\/p>\n<h2>Ku\u02b9mppn\u00e4\u00e4\u02b9l h\u00e5iddamplaan<\/h2>\n<p>MMM 4\/2015 (<a href=\"http:\/\/mmm.fi\/documents\/1410837\/1516659\/Susikannan_hoitosuunnitelma.pdf\/7fd2acc9-9cdf-4b06-a22e-55c07182883e\"><strong>PDF<\/strong><\/a>\u00a01860 kt, l\u00e4\u00e4ddas)<\/p>\n<p>&nbsp;<\/p>\n","protected":false},"excerpt":{"rendered":"<p>Ku\u02b9mpp (Canis lupus) Ku\u02b9mpp k\u00e5\u02b9dd pu\u00f5ccuid pirr ee\u02b9jj to\u02b9ben, ko\u02b9st-i liikkad. J\u00e4\u00e4nm\u00f5s\u00e2n sk\u00e4\u00e4\u0111 \u0161\u00e2\u02b9dde nu\u00f5rtt pu\u00e4\u0292\u0292h\u00e5iddvuu\u02b9dest, ko\u02b9st v\u00e4\u02b9\u01ef\u01efelvu\u00f5\u0111id tuejjad Ru\u00f5\u0161\u0161j\u00e2nnam j\u00f5nn da raajjvuu\u02b9d vi\u00f5kk\u0161\u00e2nji \u00e4u\u02b9\u01e9\u01e9eei ku\u02b9mppn\u00e4\u00e4\u02b9ll. Kuu\u02b9mpi da pu\u00f5ccui ku\u02b9\u01e9es\u00e4iggsab \u00f5httsa\u017ejie\u02b9llem se\u00e4mma vuu\u02b9dest lij vuei\u02b9t\u02bctem. Pu\u00e4\u0292\u0292 lij ku\u02b9mppe \u010duu\u02b9t hi\u00e2lpp \u0161iil da sk\u00e4\u00e4\u0111 l\u00e2ssne j\u00e5ttl\u00e2nji \u01e9e\u00e2ll\u02bcjte\u02b9mes mettk\u00f5skkvu\u00f5\u0111id. Kuu\u02b9mpi tuejj\u00e4\u00e4m pu\u00e4\u0292\u0292sk\u00e4\u00e4\u0111ai mie\u02b9rr lij \u01e9idd pu\u00e4\u0292\u0292h\u00e5iddvoudda mi\u00f5ttum [&hellip;]<\/p>\n","protected":false},"author":1,"featured_media":0,"parent":578,"menu_order":4,"comment_status":"open","ping_status":"closed","template":"","meta":{"footnotes":""},"class_list":["post-597","page","type-page","status-publish","hentry"],"aioseo_notices":[],"_links":{"self":[{"href":"https:\/\/paliskunnat.fi\/poh\/wp-json\/wp\/v2\/pages\/597","targetHints":{"allow":["GET"]}}],"collection":[{"href":"https:\/\/paliskunnat.fi\/poh\/wp-json\/wp\/v2\/pages"}],"about":[{"href":"https:\/\/paliskunnat.fi\/poh\/wp-json\/wp\/v2\/types\/page"}],"author":[{"embeddable":true,"href":"https:\/\/paliskunnat.fi\/poh\/wp-json\/wp\/v2\/users\/1"}],"replies":[{"embeddable":true,"href":"https:\/\/paliskunnat.fi\/poh\/wp-json\/wp\/v2\/comments?post=597"}],"version-history":[{"count":2,"href":"https:\/\/paliskunnat.fi\/poh\/wp-json\/wp\/v2\/pages\/597\/revisions"}],"predecessor-version":[{"id":6632,"href":"https:\/\/paliskunnat.fi\/poh\/wp-json\/wp\/v2\/pages\/597\/revisions\/6632"}],"up":[{"embeddable":true,"href":"https:\/\/paliskunnat.fi\/poh\/wp-json\/wp\/v2\/pages\/578"}],"wp:attachment":[{"href":"https:\/\/paliskunnat.fi\/poh\/wp-json\/wp\/v2\/media?parent=597"}],"curies":[{"name":"wp","href":"https:\/\/api.w.org\/{rel}","templated":true}]}}