{"id":599,"date":"2014-11-05T14:57:50","date_gmt":"2014-11-05T12:57:50","guid":{"rendered":"http:\/\/80.69.171.23\/py\/?page_id=599"},"modified":"2020-03-19T14:28:37","modified_gmt":"2020-03-19T12:28:37","slug":"kuackkem","status":"publish","type":"page","link":"https:\/\/paliskunnat.fi\/poh\/puazzskaad\/nauddskaad\/kuackkem\/","title":{"rendered":"Ku\u00e4\u02b9c\u01e9\u01e9em"},"content":{"rendered":"<h2>Ku\u00e4\u02b9c\u01e9\u01e9em (Aquila chrysaetos)<\/h2>\n<p>Kotkien m\u00e4\u00e4r\u00e4\u00a0poronhoitoalueella on kasvanut l\u00e4helle maksimiaan: kotkien reviirit ovat t\u00e4ynn\u00e4.\u00a0T\u00e4m\u00e4n my\u00f6t\u00e4 my\u00f6s kotkien aiheuttamat porovahingot ovat lis\u00e4\u00e4ntyneet. Kotka\u00a0saalistaa p\u00e4\u00e4asiassa vasoja, jotka se\u00a0kykenee kuljettamaan pes\u00e4\u00e4ns\u00e4.\u00a0Kotka voi kuitenkin tappaa my\u00f6s aikuisen poron lent\u00e4m\u00e4ll\u00e4 sen selk\u00e4\u00e4n ja puhkaisemalla kyntens\u00e4 poron kylkien l\u00e4pi keuhkoihin.<\/p>\n<p>Suomessa vahvin maakotkakanta on juuri poronhoitoalueella. Pesivien maakotkien aiheuttamista vahingoista maksetaan paliskunnille reviiripohjaista korvausta.<\/p>\n<p>Merikotkat eiv\u00e4t kuulu kotkakorvausten piiriin.\u00a0Merikotkakannat ovat kasvaneet erityisesti pohjoisen suurten j\u00e4rvien ja tekoj\u00e4rvien alueella viime vuosina huomattavasti. Merikotkan p\u00e4\u00e4asiallinen ravinto koostuu kalasta, mutta Lapissa kalavedet ovat suuren osan vuodesta j\u00e4\u00e4ss\u00e4. Merikotkan tiedet\u00e4\u00e4n k\u00e4ytt\u00e4v\u00e4n pohjoisessa ravintonaan poron haaskojen lis\u00e4ksi my\u00f6s itse saalistettua poroa. Tutkimustietoa asiasta ei kuitenkaan ole.<\/p>\n<p>&nbsp;<\/p>\n<p>&nbsp;<\/p>\n<p>&nbsp;<\/p>\n","protected":false},"excerpt":{"rendered":"<p>Ku\u00e4\u02b9c\u01e9\u01e9em (Aquila chrysaetos) Kotkien m\u00e4\u00e4r\u00e4\u00a0poronhoitoalueella on kasvanut l\u00e4helle maksimiaan: kotkien reviirit ovat t\u00e4ynn\u00e4.\u00a0T\u00e4m\u00e4n my\u00f6t\u00e4 my\u00f6s kotkien aiheuttamat porovahingot ovat lis\u00e4\u00e4ntyneet. Kotka\u00a0saalistaa p\u00e4\u00e4asiassa vasoja, jotka se\u00a0kykenee kuljettamaan pes\u00e4\u00e4ns\u00e4.\u00a0Kotka voi kuitenkin tappaa my\u00f6s aikuisen poron lent\u00e4m\u00e4ll\u00e4 sen selk\u00e4\u00e4n ja puhkaisemalla kyntens\u00e4 poron kylkien l\u00e4pi keuhkoihin. Suomessa vahvin maakotkakanta on juuri poronhoitoalueella. Pesivien maakotkien aiheuttamista vahingoista maksetaan paliskunnille [&hellip;]<\/p>\n","protected":false},"author":1,"featured_media":0,"parent":578,"menu_order":5,"comment_status":"open","ping_status":"closed","template":"","meta":{"footnotes":""},"class_list":["post-599","page","type-page","status-publish","hentry"],"aioseo_notices":[],"_links":{"self":[{"href":"https:\/\/paliskunnat.fi\/poh\/wp-json\/wp\/v2\/pages\/599","targetHints":{"allow":["GET"]}}],"collection":[{"href":"https:\/\/paliskunnat.fi\/poh\/wp-json\/wp\/v2\/pages"}],"about":[{"href":"https:\/\/paliskunnat.fi\/poh\/wp-json\/wp\/v2\/types\/page"}],"author":[{"embeddable":true,"href":"https:\/\/paliskunnat.fi\/poh\/wp-json\/wp\/v2\/users\/1"}],"replies":[{"embeddable":true,"href":"https:\/\/paliskunnat.fi\/poh\/wp-json\/wp\/v2\/comments?post=599"}],"version-history":[{"count":2,"href":"https:\/\/paliskunnat.fi\/poh\/wp-json\/wp\/v2\/pages\/599\/revisions"}],"predecessor-version":[{"id":6635,"href":"https:\/\/paliskunnat.fi\/poh\/wp-json\/wp\/v2\/pages\/599\/revisions\/6635"}],"up":[{"embeddable":true,"href":"https:\/\/paliskunnat.fi\/poh\/wp-json\/wp\/v2\/pages\/578"}],"wp:attachment":[{"href":"https:\/\/paliskunnat.fi\/poh\/wp-json\/wp\/v2\/media?parent=599"}],"curies":[{"name":"wp","href":"https:\/\/api.w.org\/{rel}","templated":true}]}}