{"id":6,"date":"2014-08-05T18:24:11","date_gmt":"2014-08-05T18:24:11","guid":{"rendered":"http:\/\/80.69.171.23\/py\/?page_id=6"},"modified":"2022-02-22T06:46:12","modified_gmt":"2022-02-22T04:46:12","slug":"paalgaskaadd","status":"publish","type":"page","link":"https:\/\/paliskunnat.fi\/poh\/paalgaskaadd\/","title":{"rendered":"Paal\u01e5\u00e2sk\u00e5\u00e5\u02b9dd"},"content":{"rendered":"<h2>Paal\u01e5\u00e2sk\u00e5\u00e5\u02b9dd<\/h2>\n<p>Pu\u00e4\u0292\u0292h\u00e5iddlaa\u02b9jjin (<a href=\"http:\/\/www.finlex.fi\/fi\/laki\/ajantasa\/1990\/19900848\">848\/1990<\/a>) \u0161i\u00f5tteet pu\u00e4\u0292\u0292h\u00e5\u00e5id da me\u00e4\u02b9rt\u00f5\u00f5l\u00e2t vuu\u02b9d, ko\u02b9st pu\u00e4\u0292\u0292h\u00e5\u00e5id vu\u00e4\u01ef\u01ef harjjted m\u00e4ddvu\u00e4\u02b9mstumm\u0161est soor\u010d\u01e9ani. Pu\u00e4\u0292\u0292h\u00e5iddvu\u02b9vdd lij ju\u00f5kkum 54 paal\u01e5\u00e2sk\u00e5dda. T\u00e2\u00e2\u02b9vm\u00f5s paal\u01e5\u00e2skoo\u02b9ddi vuu\u02b9dest \u00e5\u00e5rrai riikk j\u00e2nnam tuejjee je\u00e4\u02b9rben pu\u00e4\u0292\u0292hoiddu v\u00e4\u00e4ras jurddum vuu\u02b9d. T\u00e4n vuu\u02b9dest \u00e5\u00e5rrai j\u00e2nnam ij vu\u00e4\u01ef\u01ef \u00e2\u00e2\u02b9nned nu\u02b9tt, \u0161to t\u00f5\u02b9st \u0161\u00e2dd takai je\u00e4\u02b9rab h\u00e4i\u02b9tt pu\u00e4\u0292\u0292hoiddu. J\u00e2nnam ouddm\u00f5\u0161 le\u02b9be vuokrjummu\u0161 vu\u00e4\u01ef\u01ef \u0161\u00f5dd\u00e2d t\u00e5\u02b9l\u01e9 t\u00f5in m\u00e4\u00e4inain, \u0161to m\u00e4ddvu\u00e4\u02b9mstee\u02b9jest le\u02b9be vuokrroummust ij le\u00e4kku vu\u00f5igg\u00e2dvu\u00f5tt vu\u00e4\u01ef\u01efad ko\u02b9rvv\u00f5\u00f5zz pu\u00f5cci tuejj\u00e4\u00e4m sk\u00e4\u00e4\u0111ain.<\/p>\n<p><a href=\"https:\/\/paliskunnat.fi\/poh\/wp-content\/uploads\/2022\/02\/laaddjannam-paalgaskaadd.jpg\" rel=\"lightbox[6]\"><img loading=\"lazy\" decoding=\"async\" class=\"alignnone wp-image-6938\" src=\"https:\/\/paliskunnat.fi\/poh\/wp-content\/uploads\/2022\/02\/laaddjannam-paalgaskaadd.jpg\" alt=\"L\u00e4\u00e4\u02b9ddj\u00e2nnam paal\u01e5\u00e2sk\u00e5\u00e5\u02b9dd\" width=\"460\" height=\"467\" srcset=\"https:\/\/paliskunnat.fi\/poh\/wp-content\/uploads\/2022\/02\/laaddjannam-paalgaskaadd.jpg 900w, https:\/\/paliskunnat.fi\/poh\/wp-content\/uploads\/2022\/02\/laaddjannam-paalgaskaadd-295x300.jpg 295w, https:\/\/paliskunnat.fi\/poh\/wp-content\/uploads\/2022\/02\/laaddjannam-paalgaskaadd-768x780.jpg 768w\" sizes=\"auto, (max-width: 460px) 100vw, 460px\" \/><\/a><\/p>\n<p>Paal\u01e5\u00e2sk\u00e5\u00e5\u02b9dd lie vu\u02b9vdd\u0161orr\u00e2dvu\u00f5\u0111 da pu\u00e4\u0292\u0292mie\u02b9ri pe\u00e4\u02b9lest jee\u02b9res \u0161oora pu\u00e4\u0292\u0292h\u00e5iddamju\u00e2kkaz. Ju\u00f5\u02b9\u01e9\u01e9 paal\u01e5\u00e2sk\u00e5\u02b9dd lij vue\u02b9ssnii\u02b9\u01e9\u01e9i tuejj\u00e4\u00e4m \u00f5\u00f5utst\u00f5s, k\u00e5\u00e5\u02b9tt va\u02b9sttad pu\u00e4\u0292\u0292h\u00e5\u00e5idast vuu\u02b9dstes. Ju\u00f5\u02b9\u01e9\u01e9 pu\u00e4\u0292\u0292vu\u00e4\u02b9msteei kooll \u00f5htt\u00e2n paal\u01e5\u00e2sk\u00e5dda. Pu\u00f5ccid vu\u00e4\u01ef\u01ef vu\u00e4\u02b9msted Euroopp t\u00e4ll\u00f5svuu\u02b9d meerla\u017e, k\u00e5\u00e5\u02b9tt j\u00e4\u00e4last t\u00f5n k\u00e5\u00e5\u02b9dd vuu\u02b9dest, koozz paal\u01e5\u00e2sk\u00e5\u02b9dd vue\u02b9zzi le\u02b9be obbnes kooll.<\/p>\n<p><a href=\"https:\/\/www.finlex.fi\/fi\/laki\/ajantasa\/1990\/19900848#P6\">Pu\u00e4\u0292\u0292h\u00e5iddl\u00e4\u00e4\u02b9\u01e9\u01e9<\/a> \u0161i\u00f5ttad paal\u01e5\u00e2sk\u00e5\u00e5\u02b9dd tu\u00e5immjummu\u017e da organisaatio. Paal\u01e5\u00e2sk\u00e5\u00e5\u02b9dd tu\u00e5immjummu\u017e j\u00e5\u00e5\u02b9\u0111at paal\u01e5\u00e2sk\u00e5\u00e5\u02b9dd takai s\u00e5bbar va\u02b9llj\u00e4\u00e4m pu\u00e4\u0292\u0292ee\u02b9\u017e\u017eed. L\u00e2\u00e2\u02b9ssen paal\u01e5\u00e2sk\u00e5\u00e5\u02b9dd takai s\u00e5\u00e5bbar va\u02b9lljad v\u00e4\u00e4rree\u02b9\u017e\u017eed da hallt\u00f5\u00f5zz, ko\u02b9st lie nellj vu\u00e4zzla. Pu\u00e4\u0292\u0292ee\u02b9\u017e\u017eed va\u02b9lljad paal\u01e5\u00e2sk\u00e5\u00e5\u02b9dd k\u00e5\u02b9\u0161\u0161elhoi\u02b9ddjeei. Puk paal\u01e5\u00e2sk\u00e5\u00e5\u02b9dd lie l\u00e4\u00e4\u02b9jjme\u00e2ldl\u00e2nji Paal\u01e5\u00e2skoo\u02b9ddi \u00f5htt\u00f5\u00f5zz vu\u00e4zzla da \u00e2\u02b9nne pu\u00e4\u0292\u0292ee\u02b9\u017e\u017eed p\u00e4\u00e4i\u02b9\u01e9 \u00f5htt\u00f5\u00f5zz s\u00e5bbrest paal\u01e5\u00e2sk\u00e5\u00e5\u02b9dd pu\u00e4\u0292\u0292l\u00e5\u00e5\u01e5\u01e5 me\u00e2ldla\u017e ji\u00f5nnv\u00e4\u00e4\u02b9ld. Pu\u00e4\u0292\u0292h\u00e5iddaset\u00f5\u00f5zzin (<a href=\"https:\/\/www.finlex.fi\/fi\/laki\/ajantasa\/1990\/19900883\">883\/1990<\/a>) \u0161i\u00f5tteet t\u00e4\u00e4\u02b9r\u01e9ben je\u00e4\u02b9rbi mie\u02b9ldd pu\u00e4\u0292\u0292ee\u02b9\u017e\u017eed da paal\u01e5\u00e2sk\u00e5\u00e5\u02b9dd tu\u00e2jain.<\/p>\n<p>&nbsp;<\/p>\n<p><!--more--><\/p>\n<h2>Paal\u01e5\u00e2skoo\u02b9ddi raajjdeskriipt<\/h2>\n<p><a href=\"https:\/\/avi.fi\/asioi\/yritys-tai-yhteiso\/luvat-ilmoitukset-ja-hakemukset\/elaimet\/poroasiat\">Paal\u01e5\u00e2sk\u00e5\u02b9ddrekister<\/a>\u00a0da veer\u01e5la\u017e s\u00e4\u00e4\u02b9nla\u017e raajjdeskriipt AVI ne\u02b9ttseeidain.<\/p>\n","protected":false},"excerpt":{"rendered":"<p>Suomen paliskunnat<\/p>\n","protected":false},"author":1,"featured_media":0,"parent":0,"menu_order":2,"comment_status":"open","ping_status":"closed","template":"","meta":{"footnotes":""},"class_list":["post-6","page","type-page","status-publish","hentry"],"aioseo_notices":[],"_links":{"self":[{"href":"https:\/\/paliskunnat.fi\/poh\/wp-json\/wp\/v2\/pages\/6","targetHints":{"allow":["GET"]}}],"collection":[{"href":"https:\/\/paliskunnat.fi\/poh\/wp-json\/wp\/v2\/pages"}],"about":[{"href":"https:\/\/paliskunnat.fi\/poh\/wp-json\/wp\/v2\/types\/page"}],"author":[{"embeddable":true,"href":"https:\/\/paliskunnat.fi\/poh\/wp-json\/wp\/v2\/users\/1"}],"replies":[{"embeddable":true,"href":"https:\/\/paliskunnat.fi\/poh\/wp-json\/wp\/v2\/comments?post=6"}],"version-history":[{"count":15,"href":"https:\/\/paliskunnat.fi\/poh\/wp-json\/wp\/v2\/pages\/6\/revisions"}],"predecessor-version":[{"id":6939,"href":"https:\/\/paliskunnat.fi\/poh\/wp-json\/wp\/v2\/pages\/6\/revisions\/6939"}],"wp:attachment":[{"href":"https:\/\/paliskunnat.fi\/poh\/wp-json\/wp\/v2\/media?parent=6"}],"curies":[{"name":"wp","href":"https:\/\/api.w.org\/{rel}","templated":true}]}}