{"id":606,"date":"2014-11-05T15:20:23","date_gmt":"2014-11-05T13:20:23","guid":{"rendered":"http:\/\/80.69.171.23\/py\/?page_id=606"},"modified":"2024-03-11T09:57:57","modified_gmt":"2024-03-11T07:57:57","slug":"skaadai_seurrjoozz","status":"publish","type":"page","link":"https:\/\/paliskunnat.fi\/poh\/puazzskaad\/nauddskaad\/skaadai_seurrjoozz\/","title":{"rendered":"Sk\u00e4\u00e4\u0111ai seu\u02b9rrj\u00f5\u00f5zz"},"content":{"rendered":"<h2>N\u00e4u\u02b9ddsk\u00e4\u00e4\u0111ai seu\u02b9rrj\u00f5\u00f5zz<\/h2>\n<p>L\u00e4\u00e4\u02b9ddj\u00e2nnmest naau\u02b9di tuejj\u00e4\u00e4m kaunnum sk\u00e4\u00e4\u0111ain s\u00f5rgg 95 prosee\u02b9nt kue\u02b9s\u01e9\u01e9e pu\u00f5ccuid. Pu\u00f5ccuid m\u00f5\u00f5ntet naau\u02b9did ju\u00f5\u02b9\u01e9\u01e9 ee\u02b9jj obbnes 25\u00a0000-35\u00a0000. Arvvl\u00f5\u00f5zz mie\u02b9ldd t\u00e4in nu\u02b9tt vii\u0111\u00f5s k\u00e4unn\u02bcje mie\u02b9ccest.<\/p>\n<p>Pu\u00f5ccu pa\u02b9l\u01e7\u01e7e veidds\u00f5s vuu\u02b9din jee\u02b9resnall\u0161em j\u00e2nnmin. Kropp l\u00e4ppai mie\u02b9ccest j\u00e5ttl\u00e2nji naau\u02b9di da jee\u02b9resnall\u0161em porvvpoorrji njaa\u02b9lmid. T\u00e4n di\u00f5tt v\u00e4\u02b9lddvue\u02b9ss naau\u02b9di k\u00e5ddam pu\u00f5ccuin jie kaunnu. L\u00e2\u00e2\u02b9ssen n\u00e4u\u02b9ddko\u02b9rvv\u00f5\u00f5zz vu\u00e4\u01ef\u01efm\u00f5\u0161 ooudald pu\u00f5ccu pr\u00e5ppeem-m\u00e4\u00e4in se\u02b9lvtummu\u017e, k\u00e5\u00e5\u02b9tt pe\u00e4\u02b9lstes ooudald kroopp kaunnm\u00f5\u00f5\u017e\u017e mi\u00e2lgg\u00e2d v\u00f5rrsen. Pu\u00e4rrsab poorv pr\u00e5ppeem-m\u00e4\u00e4in lij t\u00e4ujja vuei\u02b9t\u02bctem tu\u00f5\u0111\u0161ted, ku\u00e4\u02b9ss ko\u02b9rvv\u00f5\u00f5zzid t\u00f5\u02b9st ij le\u00e4kku vuei\u02b9tlva\u017e vu\u00e4\u01ef\u01efad.<\/p>\n<p><a href=\"https:\/\/paliskunnat.fi\/py\/wp-content\/uploads\/2014\/11\/petojentappamatporot.jpg\" rel=\"lightbox[606]\"><img loading=\"lazy\" decoding=\"async\" class=\"alignnone wp-image-1661\" src=\"https:\/\/paliskunnat.fi\/py\/wp-content\/uploads\/2014\/11\/petojentappamatporot.jpg\" alt=\"\" width=\"500\" height=\"282\" srcset=\"https:\/\/paliskunnat.fi\/poh\/wp-content\/uploads\/2014\/11\/petojentappamatporot.jpg 1000w, https:\/\/paliskunnat.fi\/poh\/wp-content\/uploads\/2014\/11\/petojentappamatporot-300x169.jpg 300w, https:\/\/paliskunnat.fi\/poh\/wp-content\/uploads\/2014\/11\/petojentappamatporot-768x432.jpg 768w\" sizes=\"auto, (max-width: 500px) 100vw, 500px\" \/><\/a><\/p>\n\n\t\t<style type=\"text\/css\">\n\t\t\t#gallery-1 {\n\t\t\t\tmargin: auto;\n\t\t\t}\n\t\t\t#gallery-1 .gallery-item {\n\t\t\t\tfloat: left;\n\t\t\t\tmargin-top: 10px;\n\t\t\t\ttext-align: center;\n\t\t\t\twidth: 33%;\n\t\t\t}\n\t\t\t#gallery-1 img {\n\t\t\t\tborder: 2px solid #cfcfcf;\n\t\t\t}\n\t\t\t#gallery-1 .gallery-caption {\n\t\t\t\tmargin-left: 0;\n\t\t\t}\n\t\t\t\/* see gallery_shortcode() in wp-includes\/media.php *\/\n\t\t<\/style>\n\t\t<div id='gallery-1' class='gallery galleryid-606 gallery-columns-3 gallery-size-thumbnail'><dl class='gallery-item'>\n\t\t\t<dt class='gallery-icon landscape'>\n\t\t\t\t<a href='https:\/\/paliskunnat.fi\/poh\/wp-content\/uploads\/2014\/11\/mielenosoitus_a.jpg' rel=\"lightbox[606]\"><img loading=\"lazy\" decoding=\"async\" width=\"150\" height=\"150\" src=\"https:\/\/paliskunnat.fi\/poh\/wp-content\/uploads\/2014\/11\/mielenosoitus_a-150x150.jpg\" class=\"attachment-thumbnail size-thumbnail\" alt=\"\" \/><\/a>\n\t\t\t<\/dt><\/dl><dl class='gallery-item'>\n\t\t\t<dt class='gallery-icon landscape'>\n\t\t\t\t<a href='https:\/\/paliskunnat.fi\/poh\/wp-content\/uploads\/2014\/11\/mielenosoitus_c.jpg' rel=\"lightbox[606]\"><img loading=\"lazy\" decoding=\"async\" width=\"150\" height=\"150\" src=\"https:\/\/paliskunnat.fi\/poh\/wp-content\/uploads\/2014\/11\/mielenosoitus_c-150x150.jpg\" class=\"attachment-thumbnail size-thumbnail\" alt=\"\" \/><\/a>\n\t\t\t<\/dt><\/dl><dl class='gallery-item'>\n\t\t\t<dt class='gallery-icon landscape'>\n\t\t\t\t<a href='https:\/\/paliskunnat.fi\/poh\/wp-content\/uploads\/2014\/11\/mielenosoitus_b.jpg' rel=\"lightbox[606]\"><img loading=\"lazy\" decoding=\"async\" width=\"150\" height=\"150\" src=\"https:\/\/paliskunnat.fi\/poh\/wp-content\/uploads\/2014\/11\/mielenosoitus_b-150x150.jpg\" class=\"attachment-thumbnail size-thumbnail\" alt=\"\" \/><\/a>\n\t\t\t<\/dt><\/dl><br style=\"clear: both\" \/>\n\t\t<\/div>\n\n<p>&nbsp;<\/p>\n<p>T\u00e4lvva mu\u00f5ttlu\u00f5ddi vuei\u02b9tlv\u00e2\u02b9stte pue\u02b9rben naau\u02b9di liikkummu\u017e ku\u00f5rrm\u00f5\u00f5\u017e\u017e da krooppi ooccm\u00f5\u00f5\u017e\u017e. Mu\u00f5tt\u01e5\u00e2\u02b9ttem \u00e4i\u02b9\u01e7\u01e7en naau\u02b9di liikk\u00f5\u00f5zzid lij kuuit\u00e2\u01e5 s\u00f5rgg vuei\u02b9t\u02bctem \u010du\u00e2vvad, ko lu\u00f5ddi jie p\u00e4\u00e4cc maddu. Naau\u02b9di k\u00e5ddam pu\u00f5ccuid kaaun\u00e2t-i te\u02b9l v\u00e4\u02b9lddvue\u02b9zzest udaakk. M\u00e5ttmin pu\u00e4\u0292\u0292h\u00e5iddvuu\u02b9d saujjvue\u02b9zz paal\u01e5\u00e2skoo\u02b9ddin lij \u00e2\u00e2\u02b9nnmest ns. pr\u00e5ppeem\u01e9e\u00e2l pr\u00e5pp\u00e4\u00e4m pu\u00f5ccui kaunn\u00e2m v\u00e4\u00e4ras. \u01e8e\u00e2llai ve\u00e4kka porvv k\u00e4unnai j\u00e5ttl\u00e2nji da t\u00f5n pr\u00e5ppeem-m\u00e4\u00e4in lij vuei\u02b9tlva\u017e tobdsted. Pu\u00e4\u0292\u0292me\u00e4\u02b9ri da \u00f5\u00f5tk\u00e2svuu\u02b9di di\u00f5tt \u00e2nn\u02bcj\u00f5\u017eteknologia ij kuuit\u00e2\u01e5 v\u00f5l ta\u02b9rjjad v\u00e4\u02b9\u01ef\u01efelvu\u00f5\u02b9tte vie\u02b9\u01e9\u01e9 ju\u00f5\u02b9\u01e9\u01e9 \u00e5\u02b9rnn.<\/p>\n<p>N\u00e4u\u02b9ddsk\u00e4\u00e4\u0111ai me\u00e4\u02b9r \u0161orrnummu\u0161 \u0161\u00e2dd v\u00e4\u02b9lddvue\u02b9zzest pu\u00e4\u0292\u0292h\u00e5iddvuu\u02b9dest ravsmam n\u00e4u\u02b9ddnaa\u02b9lin. Ee\u02b9jj me\u00e2ldla\u017e vaajt\u00f5\u00f5llm\u00f5\u00f5\u017e\u017e sk\u00e4\u00e4\u0111\u0111me\u00e4\u02b9rid r\u00e4\u02b9jje vu\u00f5ss-s\u00e2\u00e2\u02b9jest \u0161\u00f5\u014b\u014b- le\u02b9be \u0161ee\u02b9llem\u00e5\u00e5rrm\u00f5\u00f5\u017e\u017e di jee\u02b9res porrm\u00f5\u0161\u0161\u00e2n su\u00e5ppi \u0161iiljie\u02b9ll\u02bcji vu\u00e4\u01ef\u01efamvu\u00f5tt. V\u00e2\u00e2\u02b9llj kue\u02b9t\u01e9esjie\u02b9lli-ii\u02b9jji m\u00e2\u014b\u014ba naau\u02b9di tuejj\u00e4\u00e4m pu\u00e4\u0292\u0292sk\u00e4\u00e4\u0111 \u0161orrne samai ji\u00e2nnai. T\u00e4t lij mo\u017e\u00e2t seu\u02b9rrj\u00f5s naau\u02b9di o\u0111\u0111ji samai pue\u02b9rr seillmest ji\u00f5gg\u00e2st.<\/p>\n<p>M\u00f5\u00f5nni ii\u02b9jjin je\u00e4\u02b9rben \u01e9ie\u02b9t\u01e9 tuejj\u00e4\u00e4m pu\u00e4\u0292\u0292sk\u00e4\u00e4\u0111ai mie\u02b9rr lij \u0161orrnam ji\u00e2nnai. Ee\u02b9jj 2013 naau\u02b9di k\u00e5ddam pu\u00f5ccuin, koid kau\u02b9nne, 68 prosee\u02b9nt le\u02b9jje k\u00e5ddam \u01e9ie\u02b9t\u01e9. Me\u00e4\u02b9r pe\u00e4\u02b9lest \u0161uurm\u00f5s sk\u00e4\u00e4\u0111 le\u02b9jje S\u00e4\u02b9mmlai dommvoudda kuulli tu\u00f5dd\u00e2rpaal\u01e5\u00e2skoo\u02b9ddin. Nu\u00f5rttraaj paal\u01e5\u00e2skoo\u02b9ddin \u0161e Aanrest Suomussalmi r\u00e4jja sk\u00e4\u00e4\u0111 le\u02b9jje \u0161urr.<\/p>\n<p>Naau\u02b9di tuejj\u00e4\u00e4m sk\u00e4\u00e4\u0111 vaikkte pu\u00e4\u0292\u0292hoiddu m\u00e4\u00e4\u014bg nalla. \u01e8e\u00e4hnm\u00f5s sk\u00e4\u00e4\u0111\u0111vuu\u02b9din n\u00e4u\u02b9ddv\u00e4\u02b9\u01ef\u01efelvu\u00f5\u0111i tuejj\u00e4\u00e4m t\u00e4ll\u00f5\u00f5zzla\u017e, sosiaal\u02bcla\u017e da psyykkla\u017e te\u00e4dd lij mi\u00e2rkteei.<\/p>\n","protected":false},"excerpt":{"rendered":"<p>N\u00e4u\u02b9ddsk\u00e4\u00e4\u0111ai seu\u02b9rrj\u00f5\u00f5zz L\u00e4\u00e4\u02b9ddj\u00e2nnmest naau\u02b9di tuejj\u00e4\u00e4m kaunnum sk\u00e4\u00e4\u0111ain s\u00f5rgg 95 prosee\u02b9nt kue\u02b9s\u01e9\u01e9e pu\u00f5ccuid. Pu\u00f5ccuid m\u00f5\u00f5ntet naau\u02b9did ju\u00f5\u02b9\u01e9\u01e9 ee\u02b9jj obbnes 25\u00a0000-35\u00a0000. Arvvl\u00f5\u00f5zz mie\u02b9ldd t\u00e4in nu\u02b9tt vii\u0111\u00f5s k\u00e4unn\u02bcje mie\u02b9ccest. Pu\u00f5ccu pa\u02b9l\u01e7\u01e7e veidds\u00f5s vuu\u02b9din jee\u02b9resnall\u0161em j\u00e2nnmin. Kropp l\u00e4ppai mie\u02b9ccest j\u00e5ttl\u00e2nji naau\u02b9di da jee\u02b9resnall\u0161em porvvpoorrji njaa\u02b9lmid. T\u00e4n di\u00f5tt v\u00e4\u02b9lddvue\u02b9ss naau\u02b9di k\u00e5ddam pu\u00f5ccuin jie kaunnu. L\u00e2\u00e2\u02b9ssen n\u00e4u\u02b9ddko\u02b9rvv\u00f5\u00f5zz vu\u00e4\u01ef\u01efm\u00f5\u0161 ooudald pu\u00f5ccu pr\u00e5ppeem-m\u00e4\u00e4in [&hellip;]<\/p>\n","protected":false},"author":1,"featured_media":0,"parent":578,"menu_order":6,"comment_status":"open","ping_status":"closed","template":"","meta":{"footnotes":""},"class_list":["post-606","page","type-page","status-publish","hentry"],"aioseo_notices":[],"_links":{"self":[{"href":"https:\/\/paliskunnat.fi\/poh\/wp-json\/wp\/v2\/pages\/606","targetHints":{"allow":["GET"]}}],"collection":[{"href":"https:\/\/paliskunnat.fi\/poh\/wp-json\/wp\/v2\/pages"}],"about":[{"href":"https:\/\/paliskunnat.fi\/poh\/wp-json\/wp\/v2\/types\/page"}],"author":[{"embeddable":true,"href":"https:\/\/paliskunnat.fi\/poh\/wp-json\/wp\/v2\/users\/1"}],"replies":[{"embeddable":true,"href":"https:\/\/paliskunnat.fi\/poh\/wp-json\/wp\/v2\/comments?post=606"}],"version-history":[{"count":3,"href":"https:\/\/paliskunnat.fi\/poh\/wp-json\/wp\/v2\/pages\/606\/revisions"}],"predecessor-version":[{"id":7142,"href":"https:\/\/paliskunnat.fi\/poh\/wp-json\/wp\/v2\/pages\/606\/revisions\/7142"}],"up":[{"embeddable":true,"href":"https:\/\/paliskunnat.fi\/poh\/wp-json\/wp\/v2\/pages\/578"}],"wp:attachment":[{"href":"https:\/\/paliskunnat.fi\/poh\/wp-json\/wp\/v2\/media?parent=606"}],"curies":[{"name":"wp","href":"https:\/\/api.w.org\/{rel}","templated":true}]}}