{"id":611,"date":"2014-11-05T15:23:42","date_gmt":"2014-11-05T13:23:42","guid":{"rendered":"http:\/\/80.69.171.23\/py\/?page_id=611"},"modified":"2024-03-13T10:22:11","modified_gmt":"2024-03-13T08:22:11","slug":"porvvsniimmmos","status":"publish","type":"page","link":"https:\/\/paliskunnat.fi\/poh\/puazzskaad\/nauddskaad\/porvvsniimmmos\/","title":{"rendered":"Porvvsniimm\u02bcm\u00f5\u0161"},"content":{"rendered":"<h2>Porvvsniimm\u02bcm\u00f5\u0161<\/h2>\n<p>\u00c2nn\u02bcj\u00f5\u017e vue\u02b9jjest naau\u02b9di porvvsniimm\u00e2mtu\u00e5immjumm\u0161est je\u00e4\u02b9t L\u00e4\u00e4\u02b9ddj\u00e2nnmest le\u00e4kku \u0161i\u00f5tt\u00e4\u00e4m, ij-\u01e5a tu\u02b9t\u01e9\u01e9eemte\u00e2\u0111 tu\u00e5immjummu\u017e tuejj\u00e4\u00e4m sk\u00e4\u00e4\u0111ain da h\u00e4\u00e4itast le\u00e4kku. Vue\u02b9\u01e9\u01e9 \u0161\u00f5dd\u00e2d j\u00f5nn v\u00e4\u02b9\u01ef\u01efelvu\u00f5\u0111id je\u00e4\u02b9rben saauj pu\u00e4\u0292\u0292h\u00e5iddvuu\u02b9dest, ko\u02b9st porvvsniimm\u02bcm\u00f5\u00f5\u017e\u017e aktiivl\u00e2nji spraavd\u00f5\u00f5\u0111\u00e2t. Vuu\u02b9din, koin n\u00e4u\u02b9ddn\u00e4\u00e4\u02b9l lie ju\u02b9n \u0161urr, ju\u02b9n \u00f5htt porvvsniimm\u00e2mp\u00e4i\u02b9\u01e9\u01e9 n\u00e5\u00e5rr pirrses samai su\u00f5\u02b9\u01e9\u01e9es n\u00e4u\u02b9ddk\u00f5\u00f5sktem.<\/p>\n<p><a href=\"https:\/\/paliskunnat.fi\/py\/wp-content\/uploads\/2019\/11\/bear_finland.jpg\" rel=\"lightbox[611]\"><img loading=\"lazy\" decoding=\"async\" class=\"alignnone wp-image-6278\" src=\"https:\/\/paliskunnat.fi\/py\/wp-content\/uploads\/2019\/11\/bear_finland.jpg\" alt=\"Karhuemo pentuineen suolla. Kuvan kuvauspaikkaa ei ole ilmoitettu. Saajaja [&lt;a href=&quot;https:\/\/creativecommons.org\/licenses\/by-sa\/3.0&quot;&gt;CC BY-SA 3.0&lt;\/a&gt;], via Wikimedia Commons\" width=\"460\" height=\"259\" \/><\/a><\/p>\n<p>N\u00e4u\u02b9ddk\u00f5\u00f5sktmi vuu\u02b9dest da \u00f5\u00f5ld\u00e2svu\u00f5\u0111\u00e2st pu\u00e4\u0292\u0292sk\u00e4\u00e4\u0111ai mie\u02b9rr \u0161orran. T\u00e4n m\u00e4\u00e4inast porvvsniimm\u00e2mp\u00e4\u00e4i\u02b9\u01e9 tuejjee mi\u00e2rkteei m\u00f5\u00f5nt\u00f5\u00f5zzid pu\u00e4\u0292\u0292hoiddu. Me\u00e4\u02b9cchallt\u00f5s ij mi\u00f5\u0111 riikk j\u00e2nnmid porvvsniimm\u00e2mloo\u02b9vid. Privattj\u00e2nnmi vue\u02b9zzest aa\u02b9\u0161\u0161i j\u00e5\u02b9ttel \u0161i\u00f5ttummu\u0161 lij vi\u00e2lt\u02bctem. Tu\u02b9t\u01e9\u01e9eemte\u00e2\u0111 \u00e4\u00e4\u02b9\u0161\u0161est \u0161e taarb\u0161et \u0161i\u00f5ttummu\u017e vu\u00e2\u0111\u0111an.<\/p>\n<p><a href=\"https:\/\/paliskunnat.fi\/py\/wp-content\/uploads\/2020\/03\/haaskakuvauspaikat-ita-suomi-ruokavirasto-2019.jpg\" rel=\"lightbox[611]\"><img loading=\"lazy\" decoding=\"async\" class=\"alignnone wp-image-6412\" src=\"https:\/\/paliskunnat.fi\/py\/wp-content\/uploads\/2020\/03\/haaskakuvauspaikat-ita-suomi-ruokavirasto-2019.jpg\" alt=\"Haaskakuvauspaikat poronhoitoalueella tai v\u00e4litt\u00f6m\u00e4ss\u00e4 l\u00e4heisyydess\u00e4 2019. L\u00e4hde: Ruokavirasto.\" width=\"460\" height=\"655\" \/><\/a><\/p>\n<p>&nbsp;<\/p>\n","protected":false},"excerpt":{"rendered":"<p>Porvvsniimm\u02bcm\u00f5\u0161 \u00c2nn\u02bcj\u00f5\u017e vue\u02b9jjest naau\u02b9di porvvsniimm\u00e2mtu\u00e5immjumm\u0161est je\u00e4\u02b9t L\u00e4\u00e4\u02b9ddj\u00e2nnmest le\u00e4kku \u0161i\u00f5tt\u00e4\u00e4m, ij-\u01e5a tu\u02b9t\u01e9\u01e9eemte\u00e2\u0111 tu\u00e5immjummu\u017e tuejj\u00e4\u00e4m sk\u00e4\u00e4\u0111ain da h\u00e4\u00e4itast le\u00e4kku. Vue\u02b9\u01e9\u01e9 \u0161\u00f5dd\u00e2d j\u00f5nn v\u00e4\u02b9\u01ef\u01efelvu\u00f5\u0111id je\u00e4\u02b9rben saauj pu\u00e4\u0292\u0292h\u00e5iddvuu\u02b9dest, ko\u02b9st porvvsniimm\u02bcm\u00f5\u00f5\u017e\u017e aktiivl\u00e2nji spraavd\u00f5\u00f5\u0111\u00e2t. Vuu\u02b9din, koin n\u00e4u\u02b9ddn\u00e4\u00e4\u02b9l lie ju\u02b9n \u0161urr, ju\u02b9n \u00f5htt porvvsniimm\u00e2mp\u00e4i\u02b9\u01e9\u01e9 n\u00e5\u00e5rr pirrses samai su\u00f5\u02b9\u01e9\u01e9es n\u00e4u\u02b9ddk\u00f5\u00f5sktem. N\u00e4u\u02b9ddk\u00f5\u00f5sktmi vuu\u02b9dest da \u00f5\u00f5ld\u00e2svu\u00f5\u0111\u00e2st pu\u00e4\u0292\u0292sk\u00e4\u00e4\u0111ai mie\u02b9rr \u0161orran. T\u00e4n m\u00e4\u00e4inast porvvsniimm\u00e2mp\u00e4\u00e4i\u02b9\u01e9 tuejjee mi\u00e2rkteei m\u00f5\u00f5nt\u00f5\u00f5zzid [&hellip;]<\/p>\n","protected":false},"author":1,"featured_media":0,"parent":578,"menu_order":8,"comment_status":"open","ping_status":"closed","template":"","meta":{"footnotes":""},"class_list":["post-611","page","type-page","status-publish","hentry"],"aioseo_notices":[],"_links":{"self":[{"href":"https:\/\/paliskunnat.fi\/poh\/wp-json\/wp\/v2\/pages\/611","targetHints":{"allow":["GET"]}}],"collection":[{"href":"https:\/\/paliskunnat.fi\/poh\/wp-json\/wp\/v2\/pages"}],"about":[{"href":"https:\/\/paliskunnat.fi\/poh\/wp-json\/wp\/v2\/types\/page"}],"author":[{"embeddable":true,"href":"https:\/\/paliskunnat.fi\/poh\/wp-json\/wp\/v2\/users\/1"}],"replies":[{"embeddable":true,"href":"https:\/\/paliskunnat.fi\/poh\/wp-json\/wp\/v2\/comments?post=611"}],"version-history":[{"count":4,"href":"https:\/\/paliskunnat.fi\/poh\/wp-json\/wp\/v2\/pages\/611\/revisions"}],"predecessor-version":[{"id":7151,"href":"https:\/\/paliskunnat.fi\/poh\/wp-json\/wp\/v2\/pages\/611\/revisions\/7151"}],"up":[{"embeddable":true,"href":"https:\/\/paliskunnat.fi\/poh\/wp-json\/wp\/v2\/pages\/578"}],"wp:attachment":[{"href":"https:\/\/paliskunnat.fi\/poh\/wp-json\/wp\/v2\/media?parent=611"}],"curies":[{"name":"wp","href":"https:\/\/api.w.org\/{rel}","templated":true}]}}