{"id":740,"date":"2014-11-08T20:09:18","date_gmt":"2014-11-08T18:09:18","guid":{"rendered":"http:\/\/80.69.171.23\/py\/?page_id=740"},"modified":"2023-12-28T11:59:31","modified_gmt":"2023-12-28T09:59:31","slug":"paalgaskaddkaart","status":"publish","type":"page","link":"https:\/\/paliskunnat.fi\/poh\/paalgaskaadd\/paalgaskaddkaart\/","title":{"rendered":"Paal\u01e5\u00e2sk\u00e5\u02b9ddkaart"},"content":{"rendered":"<h2>Paal\u01e5\u00e2sk\u00e5\u02b9ddkaart<\/h2>\n<p>Paal\u01e5\u00e2sk\u00e5\u00e5\u02b9dd Leaflet-kaart\u00e2st (<a href=\"https:\/\/paliskunnat.fi\/map\/\" target=\"_blank\" rel=\"noopener noreferrer\"><strong>li\u014bkk<\/strong><\/a>\u00a0\u00e4\u00e4vad kaart o\u0111\u0111 ne\u02b9ttlookki-ikkna). \u010cu\u00e5lkklee\u02b9l s\u00e4\u02b9ppleein paal\u01e5\u00e2sk\u00e5\u00e5\u02b9dd vuu\u02b9d vu\u00e4inak paal\u01e5\u00e2skoo\u02b9ddi n\u00f5\u00f5mid, pu\u00e4\u0292\u0292ee\u02b9\u017e\u017eiid da te\u02b9lfon-n\u00e2\u00e2mrid.<\/p>\n<p>Veer\u01e5la\u017e paal\u01e5\u00e2sk\u00e5\u02b9ddraaji s\u00e4\u00e4\u02b9nla\u017e deskriipt k\u00e4unn\u02bcje AVI <a href=\"https:\/\/avi.fi\/asioi\/yritys-tai-yhteiso\/luvat-ilmoitukset-ja-hakemukset\/elaimet\/poroasiat\"><strong>ne\u02b9ttseeidain<\/strong><\/a>.<\/p>\n<p>&nbsp;<\/p>\n<p><!--\n<iframe loading=\"lazy\" src=\"https:\/\/fusiontables.google.com\/embedviz?q=select+col2+from+1MJ-3IzTTySHnkYDQeJZTOWu3_PPvfjFxDHE6j0zI&amp;viz=MAP&amp;h=false&amp;lat=67.50336683396868&amp;lng=27.65824056445308&amp;t=1&amp;z=5&amp;l=col2&amp;y=2&amp;tmplt=2&amp;hml=KML\" width=\"500\" height=\"500\" frameborder=\"no\" scrolling=\"no\"><\/iframe>\n--><\/p>\n<p><!--\n<iframe loading=\"lazy\" src=\"https:\/\/www.google.com\/fusiontables\/embedviz?q=select+col18+from+1xqLn1LVYmdJUrOYAFzzCdXqP3UYjZCzPxYcUUWlg&amp;viz=MAP&amp;h=false&amp;lat=66.36972497995335&amp;lng=28.147593539611883&amp;t=1&amp;z=5&amp;l=col18&amp;y=2&amp;tmplt=2&amp;hml=KML\" width=\"500\" height=\"500\" frameborder=\"no\" scrolling=\"no\"><\/iframe>\n--><\/p>\n<p><!--\nPaliskunnat karttapohjana satelliittikuva (<a href=\"https:\/\/api.mapbox.com\/styles\/v1\/ajortikk\/cjebkdkw417za2rmtp7shfg04.html?fresh=true&amp;title=true&amp;access_token=pk.eyJ1IjoiYWpvcnRpa2siLCJhIjoiY2pjeGx5cDh6MW5qbTMybzd3M2tyZnllYiJ9.XdF6PE1wLTNx5GlbKvvwWg#5.3\/67.452346\/27.463358\/0\" target=\"_blank\" rel=\"noopener noreferrer\">Mapbox<\/a>).\n--><\/p>\n<p>&nbsp;<\/p>\n<p>&nbsp;<\/p>\n","protected":false},"excerpt":{"rendered":"<p>Paal\u01e5\u00e2sk\u00e5\u02b9ddkaart Paal\u01e5\u00e2sk\u00e5\u00e5\u02b9dd Leaflet-kaart\u00e2st (li\u014bkk\u00a0\u00e4\u00e4vad kaart o\u0111\u0111 ne\u02b9ttlookki-ikkna). \u010cu\u00e5lkklee\u02b9l s\u00e4\u02b9ppleein paal\u01e5\u00e2sk\u00e5\u00e5\u02b9dd vuu\u02b9d vu\u00e4inak paal\u01e5\u00e2skoo\u02b9ddi n\u00f5\u00f5mid, pu\u00e4\u0292\u0292ee\u02b9\u017e\u017eiid da te\u02b9lfon-n\u00e2\u00e2mrid. Veer\u01e5la\u017e paal\u01e5\u00e2sk\u00e5\u02b9ddraaji s\u00e4\u00e4\u02b9nla\u017e deskriipt k\u00e4unn\u02bcje AVI ne\u02b9ttseeidain. &nbsp; &nbsp; &nbsp;<\/p>\n","protected":false},"author":1,"featured_media":0,"parent":6,"menu_order":4,"comment_status":"open","ping_status":"closed","template":"","meta":{"footnotes":""},"class_list":["post-740","page","type-page","status-publish","hentry"],"aioseo_notices":[],"_links":{"self":[{"href":"https:\/\/paliskunnat.fi\/poh\/wp-json\/wp\/v2\/pages\/740","targetHints":{"allow":["GET"]}}],"collection":[{"href":"https:\/\/paliskunnat.fi\/poh\/wp-json\/wp\/v2\/pages"}],"about":[{"href":"https:\/\/paliskunnat.fi\/poh\/wp-json\/wp\/v2\/types\/page"}],"author":[{"embeddable":true,"href":"https:\/\/paliskunnat.fi\/poh\/wp-json\/wp\/v2\/users\/1"}],"replies":[{"embeddable":true,"href":"https:\/\/paliskunnat.fi\/poh\/wp-json\/wp\/v2\/comments?post=740"}],"version-history":[{"count":5,"href":"https:\/\/paliskunnat.fi\/poh\/wp-json\/wp\/v2\/pages\/740\/revisions"}],"predecessor-version":[{"id":7111,"href":"https:\/\/paliskunnat.fi\/poh\/wp-json\/wp\/v2\/pages\/740\/revisions\/7111"}],"up":[{"embeddable":true,"href":"https:\/\/paliskunnat.fi\/poh\/wp-json\/wp\/v2\/pages\/6"}],"wp:attachment":[{"href":"https:\/\/paliskunnat.fi\/poh\/wp-json\/wp\/v2\/media?parent=740"}],"curies":[{"name":"wp","href":"https:\/\/api.w.org\/{rel}","templated":true}]}}