{"id":830,"date":"2014-11-12T13:44:43","date_gmt":"2014-11-12T11:44:43","guid":{"rendered":"http:\/\/80.69.171.23\/py\/?page_id=830"},"modified":"2024-03-11T10:01:41","modified_gmt":"2024-03-11T08:01:41","slug":"jaattlokskaaddarvvtoolli","status":"publish","type":"page","link":"https:\/\/paliskunnat.fi\/poh\/puazzskaad\/jaattlokskaad\/jaattlokskaaddarvvtoolli\/","title":{"rendered":"J\u00e5\u00e5ttl\u00f5ksk\u00e4\u00e4\u0111\u0111arvvt\u00f5\u00f5lli"},"content":{"rendered":"<h2>J\u00e5\u00e5ttl\u00f5ksk\u00e4\u00e4\u0111\u0111arvvt\u00f5\u00f5lli<\/h2>\n<p>J\u00e5\u00e5ttl\u00f5ksk\u00e4\u00e4\u0111\u0111arvvt\u00f5\u00f5lli lij paal\u01e5\u00e2sk\u00e5\u00e5\u02b9dd almmjalla\u0161 s\u00e5bbar va\u02b9llj\u00e4\u00e4m oouma\u017e, k\u00e5\u00e5\u02b9tt tu\u00e5immai <a href=\"http:\/\/www.finlex.fi\/fi\/laki\/ajantasa\/1990\/19900848#P51\"><strong>pu\u00e4\u0292\u0292h\u00e5iddl\u00e4\u00e4\u02b9jj 51 \u00a7<\/strong><\/a>\u00a0me\u00e2ldla\u017e \u00e5\u00e5skt\u00f5\u00f5zzin.<\/p>\n<p>Pu\u00e4\u0292\u0292p\u00e4\u00e4rtast i\u02b9lmmtet j\u00e5\u00e5ttl\u00f5ksk\u00e4\u00e4\u0111\u0111arvvt\u00f5\u00f5llja ju\u02b9n-a vu\u00f5i\u02b9\u01e7\u01e7est, p\u00e5\u00e5\u02b9les le\u02b9be pu\u00e4\u0292\u0292ee\u02b9\u017e\u017eed p\u00e4\u00e4i\u02b9\u01e9. Arvvt\u00f5\u00f5lli je\u00e4ll m\u00e2\u00e2\u02b9jee\u01e9\u00e2ni \u0161\u00f5ddm\u00f5\u0161p\u00e4\u00e4i\u02b9\u01e9est taa\u02b9r\u01e9ste\u02b9mmen i\u02b9lmmt\u00f5\u00f5zz lamm\u0161\u00f5\u00f5vv\u00e2m pu\u00e4ccjest di v\u00e4\u02b9ldd p\u00e2\u00e2jas sk\u00e4\u00e4\u0111 vue\u02b9sspie\u02b9li te\u00e2\u0111aid, r\u00e4\u00e4jj sk\u00e4\u00e4\u0111\u0111i\u02b9lmmt\u00f5\u00f5zz da i\u02b9lmmat \u0161\u00f5ddm\u00f5\u00f5\u017e\u017e\u00e2st \u00e4\u00e4\u02b9\u0161\u0161vu\u00e4zzla\u017e pu\u00e4\u0292\u0292vu\u00e4\u02b9msteeja.<\/p>\n<p>P\u00e4\u00e4rtast lamm\u0161\u00f5\u00f5vv\u00e2m pu\u00f5ccu p\u00f5\u00f5r\u01e5\u00e2t kaunn\u00e2d nu\u02b9tt j\u00e5ttl\u00e2nji ko vuei\u02b9tlva\u017e. Arvvt\u00f5\u00f5lli veekk kroopp me\u00e4dda. Kroopp hi\u00e2vtumm\u0161est v\u00e4\u00e4\u02b9ldet lokku pirr\u00f5sve\u02b9r\u01e7\u01e7nee\u02b9\u01e9\u01e9 ra\u02b9vvj\u00f5\u00f5zzid. V\u00e4\u02b9lddvue\u02b9zzest krooppid \u010di\u00f5kk\u00e2t.<\/p>\n<p>J\u00e5\u00e5ttl\u00f5k\u00e5\u00e5sktemk\u00f5\u00f5sk\u00f5s ko\u02b9rvvad p\u00e4\u00e4rtast m\u00f5\u00f5ntum pu\u00f5ccu. Pu\u00f5cci ko\u02b9rvveem\u00e4\u00e4rv me\u00e4\u02b9rt\u00e2\u02b9vve pu\u00e4\u0292\u0292\u0161laaj me\u00e2ldl\u00e2nji k\u00f5skkte\u00e4dd, k\u00f5skkme\u00e4rrsa\u017e \u01e9iloh\u00e2\u00e2\u02b9dd da \u0161\u00f5\u00f5\u01e5\u01e5tem\u01e9ee\u02b9rd mie\u02b9ldd. Ko\u02b9rvveem\u00e4\u00e4rvid me\u00e4\u02b9rt\u00f5\u00f5l\u00e2t ju\u00f5\u02b9\u01e9\u01e9 ee\u02b9jj. Ko\u02b9rvv\u00f5\u00f5zz m\u00e4\u00e4u\u02b9set paal\u01e5\u00e2sk\u00e5dda, k\u00e5\u00e5\u02b9tt m\u00e4hss t\u00f5n ooud\u00e2s p\u00e4\u02b9rtt\u0161\u00f5\u00f5vv\u00e2m pu\u00f5ccu vu\u00e4\u02b9msteeja.<\/p>\n","protected":false},"excerpt":{"rendered":"<p>J\u00e5\u00e5ttl\u00f5ksk\u00e4\u00e4\u0111\u0111arvvt\u00f5\u00f5lli J\u00e5\u00e5ttl\u00f5ksk\u00e4\u00e4\u0111\u0111arvvt\u00f5\u00f5lli lij paal\u01e5\u00e2sk\u00e5\u00e5\u02b9dd almmjalla\u0161 s\u00e5bbar va\u02b9llj\u00e4\u00e4m oouma\u017e, k\u00e5\u00e5\u02b9tt tu\u00e5immai pu\u00e4\u0292\u0292h\u00e5iddl\u00e4\u00e4\u02b9jj 51 \u00a7\u00a0me\u00e2ldla\u017e \u00e5\u00e5skt\u00f5\u00f5zzin. Pu\u00e4\u0292\u0292p\u00e4\u00e4rtast i\u02b9lmmtet j\u00e5\u00e5ttl\u00f5ksk\u00e4\u00e4\u0111\u0111arvvt\u00f5\u00f5llja ju\u02b9n-a vu\u00f5i\u02b9\u01e7\u01e7est, p\u00e5\u00e5\u02b9les le\u02b9be pu\u00e4\u0292\u0292ee\u02b9\u017e\u017eed p\u00e4\u00e4i\u02b9\u01e9. Arvvt\u00f5\u00f5lli je\u00e4ll m\u00e2\u00e2\u02b9jee\u01e9\u00e2ni \u0161\u00f5ddm\u00f5\u0161p\u00e4\u00e4i\u02b9\u01e9est taa\u02b9r\u01e9ste\u02b9mmen i\u02b9lmmt\u00f5\u00f5zz lamm\u0161\u00f5\u00f5vv\u00e2m pu\u00e4ccjest di v\u00e4\u02b9ldd p\u00e2\u00e2jas sk\u00e4\u00e4\u0111 vue\u02b9sspie\u02b9li te\u00e2\u0111aid, r\u00e4\u00e4jj sk\u00e4\u00e4\u0111\u0111i\u02b9lmmt\u00f5\u00f5zz da i\u02b9lmmat \u0161\u00f5ddm\u00f5\u00f5\u017e\u017e\u00e2st \u00e4\u00e4\u02b9\u0161\u0161vu\u00e4zzla\u017e pu\u00e4\u0292\u0292vu\u00e4\u02b9msteeja. P\u00e4\u00e4rtast lamm\u0161\u00f5\u00f5vv\u00e2m pu\u00f5ccu p\u00f5\u00f5r\u01e5\u00e2t kaunn\u00e2d nu\u02b9tt j\u00e5ttl\u00e2nji ko vuei\u02b9tlva\u017e. Arvvt\u00f5\u00f5lli veekk [&hellip;]<\/p>\n","protected":false},"author":1,"featured_media":0,"parent":774,"menu_order":2,"comment_status":"open","ping_status":"closed","template":"","meta":{"footnotes":""},"class_list":["post-830","page","type-page","status-publish","hentry"],"aioseo_notices":[],"_links":{"self":[{"href":"https:\/\/paliskunnat.fi\/poh\/wp-json\/wp\/v2\/pages\/830","targetHints":{"allow":["GET"]}}],"collection":[{"href":"https:\/\/paliskunnat.fi\/poh\/wp-json\/wp\/v2\/pages"}],"about":[{"href":"https:\/\/paliskunnat.fi\/poh\/wp-json\/wp\/v2\/types\/page"}],"author":[{"embeddable":true,"href":"https:\/\/paliskunnat.fi\/poh\/wp-json\/wp\/v2\/users\/1"}],"replies":[{"embeddable":true,"href":"https:\/\/paliskunnat.fi\/poh\/wp-json\/wp\/v2\/comments?post=830"}],"version-history":[{"count":3,"href":"https:\/\/paliskunnat.fi\/poh\/wp-json\/wp\/v2\/pages\/830\/revisions"}],"predecessor-version":[{"id":7146,"href":"https:\/\/paliskunnat.fi\/poh\/wp-json\/wp\/v2\/pages\/830\/revisions\/7146"}],"up":[{"embeddable":true,"href":"https:\/\/paliskunnat.fi\/poh\/wp-json\/wp\/v2\/pages\/774"}],"wp:attachment":[{"href":"https:\/\/paliskunnat.fi\/poh\/wp-json\/wp\/v2\/media?parent=830"}],"curies":[{"name":"wp","href":"https:\/\/api.w.org\/{rel}","templated":true}]}}