{"id":833,"date":"2014-11-12T13:49:13","date_gmt":"2014-11-12T11:49:13","guid":{"rendered":"http:\/\/80.69.171.23\/py\/?page_id=833"},"modified":"2020-03-19T14:03:37","modified_gmt":"2020-03-19T12:03:37","slug":"ruvddcuaggasjaattlokskaad","status":"publish","type":"page","link":"https:\/\/paliskunnat.fi\/poh\/puazzskaad\/jaattlokskaad\/ruvddcuaggasjaattlokskaad\/","title":{"rendered":"Ru\u02b9vdd\u010du\u00e2\u01e5\u01e5asj\u00e5\u00e5ttl\u00f5ksk\u00e4\u00e4\u0111"},"content":{"rendered":"<h2>Ru\u02b9vdd\u010du\u00e2\u01e5\u01e5asj\u00e5\u00e5ttl\u00f5ksk\u00e4\u00e4\u0111<\/h2>\n<p><strong>Ru\u02b9vdd\u010du\u00e2\u01e5\u01e5asj\u00e5\u00e5ttl\u00f5\u00f5\u01e5\u01e5 tuejj\u00e4\u00e4m pu\u00e4\u0292\u0292sk\u00e4\u00e4\u0111 da jee\u02b9res lu\u00e2ttjie\u02b9ll\u02bcjid \u0161\u00f5dd\u00e2m sk\u00e4\u00e4\u0111 le\u02b9\u010d\u010de vuei\u02b9tlva\u017e c\u00f5gg\u00e2d s\u00f5rgg obbnes \u00e4\u00e4idee\u02b9l ru\u02b9vdd\u010du\u00e2\u01e5\u01e5asvuu\u02b9did da raajee\u02b9l t\u00f5id \u00e4\u00e4\u02b9\u0161\u0161me\u00e2ldla\u017e r\u00e2stldempaai\u02b9\u01e9id.<\/strong><\/p>\n<p>Pu\u00e4\u0292\u0292h\u00e5iddvuu\u02b9dest lij ru\u02b9vdd\u010du\u00f5kku nu\u02b9tt 500 \u01e9m 13 paal\u01e5\u00e2sk\u00e5\u00e5\u02b9ddest (\u00e5\u00e5u\u02b9c k\u00e5\u00e5ddest): Halla (Suomussalmi), Hirvasniemi da Pyh\u00e4-Kallio (\u01e8ee\u02b9mmj\u00e4u\u02b9rr), Isosyd\u00e4nmaa (Simo), Kolari (Kolari), Lohij\u00e4rvi (P\u00e2\u02b9jjtornio), Oij\u00e4rvi (Kuivaniemi), Oraj\u00e4rvi (Pello), Salla (Salla) di Narkaus, Paloj\u00e4rvi, Poikaj\u00e4rvi da Vanttaus (Ru\u00e4\u02b9vnjargg).<\/p>\n<p>Pu\u00f5\u02b9tti\u00e4\u00e4i\u02b9jest ru\u02b9vdd\u010du\u00e2\u01e5\u01e5asj\u00e5\u00e5ttl\u00f5\u00f5\u01e5\u01e5 vaikkt\u00f5\u00f5zz \u0161\u00e2\u02b9dde t\u00f5i\u02b9d paal\u01e5\u00e2skoo\u02b9ddid \u0161e, koi vuu\u02b9did pu\u00e4\u02b9\u0111et teevvad le\u02b9be raajj\u00e2d ru\u02b9vdd\u010du\u00f5kku ouddmi\u00e2rkk\u00e2n ku\u00e5iv\u00e2stu\u00e5immjummu\u017e j\u00e5ttjummu\u017e di\u00f5tt. T\u00e4k potentiaal\u02bcla\u017e o\u0111\u0111 ru\u02b9vdd\u010du\u00e2\u01e5\u01e5asvuu\u02b9d lie \u0161uurm\u00f5s pu\u00e4\u0292\u0292me\u00e4\u02b9ri paal\u01e5\u00e2skoo\u02b9ddin, koon mie\u02b9tt sk\u00e4\u00e4\u0111 vuei\u02b9tte \u0161\u00f5dd\u00e2d samai \u0161urr\u00e2n, j\u00f5s \u010d\u00f5\u00f5\u0111 viikkmest jie v\u00e4\u00e4\u02b9ld lokku pu\u00f5ccui palggm\u00f5\u00f5\u017e\u017e je\u00e4\u02b9t-\u01e5a \u00e4iddad ru\u02b9vdd\u010du\u00e2kksid. Plaanuum Ji\u00f5\u014b\u014bmi\u00e2r ru\u02b9vdd\u010du\u00f5kku vaajt\u00f5sm\u00e4\u00e4in, ko\u02b9st ru\u02b9vdd\u010du\u00e2\u01e5\u01e5as m\u00f5\u00f5n\u010di, lie vue\u02b9zzi s\u00e4\u02b9mmlai dommvuu\u02b9dest, ko\u02b9st \u0161e s\u00e4\u02b9mmlai vuei\u02b9ttemvu\u00f5tt harjjted kulttuur\u00e2s \u00e4\u00e4\u02b9rbvu\u00e2la\u017e jie\u02b9llemvu\u00f5\u02b9jji p\u00e4\u00e4i\u02b9\u01e9 \u00e2lgg v\u00e4\u02b9ldded lokku.<\/p>\n<p>Ko pu\u00f5ccu pa\u02b9l\u01e7\u01e7e, t\u00f5k j\u00e5\u02b9tte ku\u02b9\u01e9es-i m\u00e4\u00e4\u02b9t\u01e9 porrm\u00f5\u00f5\u017e\u017e oo\u0292\u0292ee\u02b9n. Pu\u00f5ccu p\u00e4\u02b9cce kuu\u02b9\u01e9\u01e9ab \u00e4\u00e4i\u01e5as palgg\u00e2m- le\u02b9be ku\u00e4ivvamp\u00e4ikka, ko\u02b9st vu\u00e4\u01ef\u01ef pu\u00e2rast porrm\u00f5\u00f5\u017e\u017e. Porrm\u00f5\u0161vue\u02b9jj vu\u00e4itt mu\u02b9tted ouddmi\u00e2rkk\u00e2n krootai mi\u00e2rkteei ku\u00e2ldd le\u02b9be m\u00e4\u00e4dd ji\u00f5\u014b\u014bm\u00f5\u0161, kooi di\u00f5tt porrm\u00f5\u00f5\u017e\u017e vu\u00e4\u01ef\u01efm\u00f5\u0161 t\u00e4lvva lij vaigg\u00e4\u00e4b. Te\u02b9l pu\u00f5ccu j\u00e5ttje\u0161kue\u02b9tte oocc\u00e2d porrm\u00f5\u00f5\u017e\u017e da vu\u00e4i\u02b9tte j\u00e5\u00e5\u02b9tted ru\u02b9vdd\u010du\u00f5kku mie\u02b9ldd le\u02b9be t\u00f5\u00f5i p\u00e2\u02b9jjel. \u01e8e\u00e4ssa \u010du\u00f5\u0161kk\u00e4i\u02b9\u01e7\u01e7 vu\u00e4\u01ef\u01ef pu\u00f5ccuid oo\u0292\u0292\u00f5\u00f5tt\u00e2d j\u00f5\u02b9l\u01e7\u01e7es vuu\u02b9did, koin pi\u00f5gg tu\u00f5\u02b9llai v\u00f5\u00f5r njiimmi tiiu\u02b9rid me\u00e4dda. Pu\u00f5ccu vu\u00e4i\u02b9tte kagg\u00f5\u00f5tt\u00e2d ru\u02b9vdd\u010du\u00e2\u01e5\u01e5aste\u00e4rmma \u00e5rddan. \u00c4lggt\u00e4\u00e4\u02b9lv da k\u00f5skk-\u01e9ie\u02b9zz j\u00e5\u00e5\u0111\u00f5k- da palgg\u00e2m\u00e5\u00e5rrm\u00f5\u00f5\u017e\u017e vaikkte mi\u00e2rkkteeinalla pu\u00f5ccui liikkumm\u0161a ru\u02b9vdd\u010du\u00e2\u01e5\u01e5asvuu\u02b9dest. T\u00f5n di\u00f5tt pu\u00e4\u0292\u0292sk\u00e4\u00e4\u0111ai mie\u02b9rr ru\u02b9vdd\u010du\u00e2kksin vaajt\u00e2\u00e2ll ii\u02b9jji mie\u02b9ldd.<\/p>\n<p>2000-l\u00e5\u00e5\u01e5\u01e5ast pojj\u00e2z lie k\u00e5ddam ju\u00f5\u02b9\u01e9\u01e9 ee\u02b9jj 200-410 pu\u00e4ccjed. Ru\u02b9vdd\u010du\u00f5kku mie\u02b9ldd le\u02b9be t\u00f5i r\u00e2\u00e2st serddm\u00f5\u0161 tuejjad troopn\u00e2mvaar pojjsin. Ru\u02b9vdd\u010du\u00e2\u01e5\u01e5astie\u02b9rm lie t\u00e4ujja nu\u02b9tt \u00f5lli, \u0161to pu\u00f5ccust lij vaigg\u00e2d pi\u00e2ss\u00e2d t\u00f5n \u00e2\u02b9lnn j\u00e5ttl\u00e2nji me\u00e4dda.<\/p>\n<p>Troopnummu\u017e \u0161\u00f5\u00f5ddee\u02b9n j\u00e5\u00e5ttl\u00f5karvvt\u00f5\u00f5li \u00a0je\u00e4\u02b9lle arvvt\u00f5\u00f5llmen sk\u00e4\u00e4\u0111aid da se\u02b9rddmen pu\u00f5ccui krooppid me\u00e4dda ru\u02b9vdd\u010du\u00e2\u01e5\u01e5asvuu\u02b9dest, ko lie vu\u00e4\u01ef\u01efam i\u02b9lmmt\u00f5\u00f5zz. VR-Yhtym\u00e4 Oy lij vastt\u00f5\u00f5zz\u00e2st pu\u00e4\u0292\u0292sk\u00e4\u00e4\u0111ai ko\u02b9rvvumm\u0161est ru\u02b9vdd\u010du\u00e2kksin. Ko\u02b9rvveem\u00e4rvvan \u00e2\u00e2\u02b9net J\u00e5\u00e5ttl\u00f5k\u00e5\u00e5sktemk\u00f5\u00f5sk\u00f5\u00f5zz ra\u02b9vvjam vu\u00e4\u02b9pp\u00f5sko\u02b9rvveem\u00e4\u00e4rvaid.<\/p>\n<p>&nbsp;<\/p>\n","protected":false},"excerpt":{"rendered":"<p>Ru\u02b9vdd\u010du\u00e2\u01e5\u01e5asj\u00e5\u00e5ttl\u00f5ksk\u00e4\u00e4\u0111 Ru\u02b9vdd\u010du\u00e2\u01e5\u01e5asj\u00e5\u00e5ttl\u00f5\u00f5\u01e5\u01e5 tuejj\u00e4\u00e4m pu\u00e4\u0292\u0292sk\u00e4\u00e4\u0111 da jee\u02b9res lu\u00e2ttjie\u02b9ll\u02bcjid \u0161\u00f5dd\u00e2m sk\u00e4\u00e4\u0111 le\u02b9\u010d\u010de vuei\u02b9tlva\u017e c\u00f5gg\u00e2d s\u00f5rgg obbnes \u00e4\u00e4idee\u02b9l ru\u02b9vdd\u010du\u00e2\u01e5\u01e5asvuu\u02b9did da raajee\u02b9l t\u00f5id \u00e4\u00e4\u02b9\u0161\u0161me\u00e2ldla\u017e r\u00e2stldempaai\u02b9\u01e9id. Pu\u00e4\u0292\u0292h\u00e5iddvuu\u02b9dest lij ru\u02b9vdd\u010du\u00f5kku nu\u02b9tt 500 \u01e9m 13 paal\u01e5\u00e2sk\u00e5\u00e5\u02b9ddest (\u00e5\u00e5u\u02b9c k\u00e5\u00e5ddest): Halla (Suomussalmi), Hirvasniemi da Pyh\u00e4-Kallio (\u01e8ee\u02b9mmj\u00e4u\u02b9rr), Isosyd\u00e4nmaa (Simo), Kolari (Kolari), Lohij\u00e4rvi (P\u00e2\u02b9jjtornio), Oij\u00e4rvi (Kuivaniemi), Oraj\u00e4rvi (Pello), Salla (Salla) di Narkaus, Paloj\u00e4rvi, Poikaj\u00e4rvi da Vanttaus [&hellip;]<\/p>\n","protected":false},"author":1,"featured_media":0,"parent":774,"menu_order":3,"comment_status":"open","ping_status":"closed","template":"","meta":{"footnotes":""},"class_list":["post-833","page","type-page","status-publish","hentry"],"aioseo_notices":[],"_links":{"self":[{"href":"https:\/\/paliskunnat.fi\/poh\/wp-json\/wp\/v2\/pages\/833","targetHints":{"allow":["GET"]}}],"collection":[{"href":"https:\/\/paliskunnat.fi\/poh\/wp-json\/wp\/v2\/pages"}],"about":[{"href":"https:\/\/paliskunnat.fi\/poh\/wp-json\/wp\/v2\/types\/page"}],"author":[{"embeddable":true,"href":"https:\/\/paliskunnat.fi\/poh\/wp-json\/wp\/v2\/users\/1"}],"replies":[{"embeddable":true,"href":"https:\/\/paliskunnat.fi\/poh\/wp-json\/wp\/v2\/comments?post=833"}],"version-history":[{"count":3,"href":"https:\/\/paliskunnat.fi\/poh\/wp-json\/wp\/v2\/pages\/833\/revisions"}],"predecessor-version":[{"id":6622,"href":"https:\/\/paliskunnat.fi\/poh\/wp-json\/wp\/v2\/pages\/833\/revisions\/6622"}],"up":[{"embeddable":true,"href":"https:\/\/paliskunnat.fi\/poh\/wp-json\/wp\/v2\/pages\/774"}],"wp:attachment":[{"href":"https:\/\/paliskunnat.fi\/poh\/wp-json\/wp\/v2\/media?parent=833"}],"curies":[{"name":"wp","href":"https:\/\/api.w.org\/{rel}","templated":true}]}}