{"id":840,"date":"2014-11-12T13:56:05","date_gmt":"2014-11-12T11:56:05","guid":{"rendered":"http:\/\/80.69.171.23\/py\/?page_id=840"},"modified":"2021-08-18T13:09:39","modified_gmt":"2021-08-18T10:09:39","slug":"vuappos-saddeeja","status":"publish","type":"page","link":"https:\/\/paliskunnat.fi\/poh\/puazzskaad\/saddeemskaad\/vuappos-saddeeja\/","title":{"rendered":"Vu\u00e4\u02b9pp\u00f5s \u0161\u00e2ddeeja"},"content":{"rendered":"<h2>Vu\u00e4\u02b9pp\u00f5s \u0161\u00e2ddeeja<\/h2>\n<p>J\u00f5s pu\u00f5ccuid teeivat vuu\u02b9dest, ko\u02b9st t\u00f5k vu\u00e4i\u02b9tte tuejjeed sk\u00e4\u00e4\u0111, \u00e2lgg potentiaal\u02bcla\u017e sk\u00e4\u00e4\u0111\u0111\u01e9i\u00f5rddi v\u00e4\u02b9ldded t\u00e2\u02b9lles \u00f5httvu\u00f5\u0111 paal\u01e5\u00e2sk\u00e5\u00e5\u02b9dd pu\u00e4\u0292\u0292ee\u02b9\u017e\u017e\u00e4\u00e4. Pu\u00e4\u0292\u0292ee\u02b9\u017e\u017eed lij \u00f5\u00f5l\u01e5tum \u00e2\u00e2\u02b9nned hu\u00f5l t\u00f5\u02b9st, \u0161to pu\u00f5ccuid tu\u00e5imtet me\u00e4dda vuu\u02b9dest. J\u00f5s paal\u01e5\u00e2sk\u00e5\u02b9dd ij \u00e2\u00e2n hu\u00f5l \u00f5\u00f5l\u01e5t\u00f5\u00f5zzsteez, m\u00e4ddvu\u00e4\u02b9mstee\u02b9jest le\u02b9be sk\u00e4\u00e4\u0111ast \u01e9i\u00f5rdd\u00e2m oummust lij vu\u00f5igg\u00e2dvu\u00f5tt tu\u00e5imted pu\u00f5ccuid me\u00e4dda nu\u02b9tt, \u0161to paal\u01e5\u00e2sk\u00e5\u00e5\u02b9dd m\u00e4hss vuei\u02b9tlva\u017e kuulid.<\/p>\n<p>J\u00f5s pu\u00f5ccu lie tuejj\u00e4\u00e4m sk\u00e4\u00e4\u0111, \u00e4\u00e4\u02b9\u0161\u0161vu\u00e4zzla sa\u01e5st\u00e2\u02b9lle sk\u00e4\u00e4\u0111 arvvt\u00f5\u00f5llmest, ko\u02b9rvvumm\u0161est da pu\u00f5\u02b9tti sk\u00e4\u00e4\u0111ai c\u00f5ggmest. J\u00f5s sa\u01e5st\u00f5\u00f5llmin je\u00e4\u02b9t pi\u00e2zz \u00f5\u00f5utmi\u00f5llsa\u017evu\u00f5\u02b9tte, vuei\u02b9tet \u00e4\u00e4\u02b9\u0161\u0161 r\u00e4\u02b9t\u01e9\u01e9eem di\u00f5tt k\u00e5\u010d\u010dad pu\u00e4\u0292\u0292sk\u00e4\u00e4\u0111\u0111lu\u02b9vddk\u00e5\u00e5\u02b9dd.<\/p>\n<p>Pu\u00e4\u0292\u0292ee\u02b9\u017e\u017eii <a href=\"http:\/\/paliskunnat.fi\/py\/poroisannat\/\"><strong>\u00f5httvu\u00f5tt-te\u00e2\u0111<\/strong><\/a><\/p>\n<p>&nbsp;<\/p>\n<p>&nbsp;<\/p>\n","protected":false},"excerpt":{"rendered":"<p>Vu\u00e4\u02b9pp\u00f5s \u0161\u00e2ddeeja J\u00f5s pu\u00f5ccuid teeivat vuu\u02b9dest, ko\u02b9st t\u00f5k vu\u00e4i\u02b9tte tuejjeed sk\u00e4\u00e4\u0111, \u00e2lgg potentiaal\u02bcla\u017e sk\u00e4\u00e4\u0111\u0111\u01e9i\u00f5rddi v\u00e4\u02b9ldded t\u00e2\u02b9lles \u00f5httvu\u00f5\u0111 paal\u01e5\u00e2sk\u00e5\u00e5\u02b9dd pu\u00e4\u0292\u0292ee\u02b9\u017e\u017e\u00e4\u00e4. Pu\u00e4\u0292\u0292ee\u02b9\u017e\u017eed lij \u00f5\u00f5l\u01e5tum \u00e2\u00e2\u02b9nned hu\u00f5l t\u00f5\u02b9st, \u0161to pu\u00f5ccuid tu\u00e5imtet me\u00e4dda vuu\u02b9dest. J\u00f5s paal\u01e5\u00e2sk\u00e5\u02b9dd ij \u00e2\u00e2n hu\u00f5l \u00f5\u00f5l\u01e5t\u00f5\u00f5zzsteez, m\u00e4ddvu\u00e4\u02b9mstee\u02b9jest le\u02b9be sk\u00e4\u00e4\u0111ast \u01e9i\u00f5rdd\u00e2m oummust lij vu\u00f5igg\u00e2dvu\u00f5tt tu\u00e5imted pu\u00f5ccuid me\u00e4dda nu\u02b9tt, \u0161to paal\u01e5\u00e2sk\u00e5\u00e5\u02b9dd m\u00e4hss vuei\u02b9tlva\u017e kuulid. J\u00f5s pu\u00f5ccu lie [&hellip;]<\/p>\n","protected":false},"author":1,"featured_media":0,"parent":836,"menu_order":1,"comment_status":"open","ping_status":"closed","template":"","meta":{"footnotes":""},"class_list":["post-840","page","type-page","status-publish","hentry"],"aioseo_notices":[],"_links":{"self":[{"href":"https:\/\/paliskunnat.fi\/poh\/wp-json\/wp\/v2\/pages\/840","targetHints":{"allow":["GET"]}}],"collection":[{"href":"https:\/\/paliskunnat.fi\/poh\/wp-json\/wp\/v2\/pages"}],"about":[{"href":"https:\/\/paliskunnat.fi\/poh\/wp-json\/wp\/v2\/types\/page"}],"author":[{"embeddable":true,"href":"https:\/\/paliskunnat.fi\/poh\/wp-json\/wp\/v2\/users\/1"}],"replies":[{"embeddable":true,"href":"https:\/\/paliskunnat.fi\/poh\/wp-json\/wp\/v2\/comments?post=840"}],"version-history":[{"count":4,"href":"https:\/\/paliskunnat.fi\/poh\/wp-json\/wp\/v2\/pages\/840\/revisions"}],"predecessor-version":[{"id":6903,"href":"https:\/\/paliskunnat.fi\/poh\/wp-json\/wp\/v2\/pages\/840\/revisions\/6903"}],"up":[{"embeddable":true,"href":"https:\/\/paliskunnat.fi\/poh\/wp-json\/wp\/v2\/pages\/836"}],"wp:attachment":[{"href":"https:\/\/paliskunnat.fi\/poh\/wp-json\/wp\/v2\/media?parent=840"}],"curies":[{"name":"wp","href":"https:\/\/api.w.org\/{rel}","templated":true}]}}