{"id":842,"date":"2014-11-12T13:57:38","date_gmt":"2014-11-12T11:57:38","guid":{"rendered":"http:\/\/80.69.171.23\/py\/?page_id=842"},"modified":"2020-03-22T19:26:05","modified_gmt":"2020-03-22T17:26:05","slug":"vuappos-paalgaskadda","status":"publish","type":"page","link":"https:\/\/paliskunnat.fi\/poh\/puazzskaad\/saddeemskaad\/vuappos-paalgaskadda\/","title":{"rendered":"Vu\u00e4\u02b9pp\u00f5s paal\u01e5\u00e2sk\u00e5dda"},"content":{"rendered":"<h2>Vu\u00e4\u02b9pp\u00f5s paal\u01e5\u00e2sk\u00e5dda<\/h2>\n<p>Paal\u01e5\u00e2sk\u00e5\u02b9dd lij \u00f5\u00f5l\u01e5tem tu\u00e5immjed vu\u00e4\u01ef\u01efee\u02b9n i\u02b9lmmt\u00f5\u00f5zz pu\u00f5ccuin vuu\u02b9dest, ko\u02b9st t\u00f5k vu\u00e4i\u02b9tte tuejjeed sk\u00e4\u00e4\u0111. J\u00f5s paal\u01e5\u00e2sk\u00e5\u02b9dd ij tu\u00e5imme \u00f5\u00f5l\u01e5t\u00f5\u00f5zzeez me\u00e2ldl\u00e2nji, m\u00e4ddvu\u00e4\u02b9mstee\u02b9jest le\u02b9be sk\u00e4\u00e4\u0111 \u01e9i\u00f5rdd\u00e2m oummust lij vu\u00f5igg\u00e2dvu\u00f5tt tu\u00e5imted pu\u00f5ccuid me\u00e4dda nu\u02b9tt, \u0161to paal\u01e5\u00e2sk\u00e5\u02b9dd m\u00e4hss vuei\u02b9tlva\u017e kuulid.<\/p>\n<p>P\u00e2i ko pu\u00f5ccuid jaukkeet paal\u01e5\u00e2sk\u00e5\u00e5\u02b9dd tu\u00e5imast \u01e9i\u00f5lddum vuu\u02b9dest, \u00e2lgg tu\u00e5imid pei\u02b9vvmie\u02b9reesvui\u02b9m da \u010di\u00e2ss\u00e4\u00e4i\u02b9jeesvui\u02b9m \u01e9ee\u02b9rjted p\u00e2\u00e2jas t\u00e4\u00e4\u02b9r\u01e9eld. \u0160i\u00f5\u01e5\u01e5 n\u00e4\u00e4\u02b9ll lij \u0161e jie\u02b9lled p\u00e4\u00e4i\u02b9\u01e9 \u00e2\u02b9lnn i\u02b9lmmte\u02b9mmen \u00e4\u00e4\u02b9\u0161\u0161vu\u00e4zzlaid tu\u00e5imin le\u02b9be jee\u02b9resnalla \u00e2\u00e2\u02b9nned hu\u00f5l t\u00f5\u02b9st, \u0161to te\u00e2tt tuejjuum tu\u00e2jast t\u00e4\u00e4\u02b9vat pukid \u00e4\u00e4\u02b9\u0161\u0161vu\u00e4zzlaid.<\/p>\n<p>&nbsp;<\/p>\n","protected":false},"excerpt":{"rendered":"<p>Vu\u00e4\u02b9pp\u00f5s paal\u01e5\u00e2sk\u00e5dda Paal\u01e5\u00e2sk\u00e5\u02b9dd lij \u00f5\u00f5l\u01e5tem tu\u00e5immjed vu\u00e4\u01ef\u01efee\u02b9n i\u02b9lmmt\u00f5\u00f5zz pu\u00f5ccuin vuu\u02b9dest, ko\u02b9st t\u00f5k vu\u00e4i\u02b9tte tuejjeed sk\u00e4\u00e4\u0111. J\u00f5s paal\u01e5\u00e2sk\u00e5\u02b9dd ij tu\u00e5imme \u00f5\u00f5l\u01e5t\u00f5\u00f5zzeez me\u00e2ldl\u00e2nji, m\u00e4ddvu\u00e4\u02b9mstee\u02b9jest le\u02b9be sk\u00e4\u00e4\u0111 \u01e9i\u00f5rdd\u00e2m oummust lij vu\u00f5igg\u00e2dvu\u00f5tt tu\u00e5imted pu\u00f5ccuid me\u00e4dda nu\u02b9tt, \u0161to paal\u01e5\u00e2sk\u00e5\u02b9dd m\u00e4hss vuei\u02b9tlva\u017e kuulid. P\u00e2i ko pu\u00f5ccuid jaukkeet paal\u01e5\u00e2sk\u00e5\u00e5\u02b9dd tu\u00e5imast \u01e9i\u00f5lddum vuu\u02b9dest, \u00e2lgg tu\u00e5imid pei\u02b9vvmie\u02b9reesvui\u02b9m da \u010di\u00e2ss\u00e4\u00e4i\u02b9jeesvui\u02b9m \u01e9ee\u02b9rjted p\u00e2\u00e2jas t\u00e4\u00e4\u02b9r\u01e9eld. \u0160i\u00f5\u01e5\u01e5 n\u00e4\u00e4\u02b9ll [&hellip;]<\/p>\n","protected":false},"author":1,"featured_media":0,"parent":836,"menu_order":2,"comment_status":"open","ping_status":"closed","template":"","meta":{"footnotes":""},"class_list":["post-842","page","type-page","status-publish","hentry"],"aioseo_notices":[],"_links":{"self":[{"href":"https:\/\/paliskunnat.fi\/poh\/wp-json\/wp\/v2\/pages\/842","targetHints":{"allow":["GET"]}}],"collection":[{"href":"https:\/\/paliskunnat.fi\/poh\/wp-json\/wp\/v2\/pages"}],"about":[{"href":"https:\/\/paliskunnat.fi\/poh\/wp-json\/wp\/v2\/types\/page"}],"author":[{"embeddable":true,"href":"https:\/\/paliskunnat.fi\/poh\/wp-json\/wp\/v2\/users\/1"}],"replies":[{"embeddable":true,"href":"https:\/\/paliskunnat.fi\/poh\/wp-json\/wp\/v2\/comments?post=842"}],"version-history":[{"count":1,"href":"https:\/\/paliskunnat.fi\/poh\/wp-json\/wp\/v2\/pages\/842\/revisions"}],"predecessor-version":[{"id":6751,"href":"https:\/\/paliskunnat.fi\/poh\/wp-json\/wp\/v2\/pages\/842\/revisions\/6751"}],"up":[{"embeddable":true,"href":"https:\/\/paliskunnat.fi\/poh\/wp-json\/wp\/v2\/pages\/836"}],"wp:attachment":[{"href":"https:\/\/paliskunnat.fi\/poh\/wp-json\/wp\/v2\/media?parent=842"}],"curies":[{"name":"wp","href":"https:\/\/api.w.org\/{rel}","templated":true}]}}