{"id":844,"date":"2014-11-12T14:03:04","date_gmt":"2014-11-12T12:03:04","guid":{"rendered":"http:\/\/80.69.171.23\/py\/?page_id=844"},"modified":"2021-08-18T13:16:06","modified_gmt":"2021-08-18T10:16:06","slug":"saddeemsuojjaidd","status":"publish","type":"page","link":"https:\/\/paliskunnat.fi\/poh\/puazzskaad\/saddeemskaad\/saddeemsuojjaidd\/","title":{"rendered":"\u0160\u00e2ddeemsu\u00f5jj\u00e4idd"},"content":{"rendered":"<h2>\u0160\u00e2ddeemsu\u00f5jj\u00e4idd<\/h2>\n<p>\u0160\u00e2ddeemvuu\u02b9di \u00e4iddummu\u0161 vu\u00e4itt lee\u02b9d tarbbs\u00f5s, j\u00f5s \u00e2\u00e2\u02b9nnmest jie le\u00e4kku jee\u02b9res n\u00e4\u00e4\u02b9l tu\u00f5\u02b9ll\u02bcjed pu\u00f5ccuid me\u00e4dda \u0161\u00e2ddeemvuu\u02b9din. \u00c4iddeemkuul \u00f5\u02b9l\u01e7\u01e7e kuuit\u00e2\u01e5 lee\u02b9d m\u00e5\u00e5\u017ena k\u00f5skkvu\u00f5\u0111\u00e2st vue\u02b9tlva\u017e sk\u00e4\u00e4\u0111aid. \u00c4iddumm\u0161est sa\u01e5st\u00f5\u00f5l\u00e2t da su\u00e5ppat \u00e4\u00e4\u02b9\u0161\u0161vu\u00e4zzlai k\u00f5\u00f5sk. J\u00f5s \u00e4iddumm\u0161est je\u00e4\u02b9t pi\u00e2zz \u00f5\u00f5utmi\u00f5llsa\u017evu\u00f5\u02b9tte, vuei\u02b9tet \u00e4\u00e4\u02b9\u0161\u0161 r\u00e4\u02b9t\u01e9\u01e9eem di\u00f5tt k\u00e5\u010d\u010dad pu\u00e4\u0292\u0292sk\u00e4\u00e4\u0111\u0111lu\u02b9vddk\u00e5\u00e5\u02b9dd.<\/p>\n<p>Vu\u00f5igg\u00e2z me\u00e4\u02b9rt\u00f5\u00f5ll\u00e2m \u0161i\u00f5\u01e5\u01e5 \u00e4iddraajj\u00e2mn\u00e4\u00e4\u02b9l me\u00e2ldla\u017e \u00e4idd lij rajjum mettar\u00f5llsa\u017e \u00e4iddstraa\u014bg\u00e2st (23.6.2004, 04\/627). St\u00e5\u02b9lppen \u00e2\u00e2\u02b9net kalvvum ku\u00f5ss- le\u02b9be pie\u02b9ccstoo\u02b9lpid. \u00c4iddumm\u0161a taarb\u0161et p\u00e2i m\u00e4ddvu\u00e4\u02b9msteei l\u00e5\u00e5\u02b9v. J\u00f5s m\u00e4ddvu\u00e4\u02b9msteei \u01e9e\u00e2ldd \u00e4\u00e4id raajjm\u00f5\u00f5\u017e\u017e suu vu\u00e4\u02b9mstam j\u00e2nnma, ij paal\u01e5\u00e2sk\u00e5\u00e5\u02b9dd vu\u00e2sti taarb\u00e2\u017e ko\u02b9rvveed pu\u00f5ccui tuejj\u00e4\u00e4m sk\u00e4\u00e4\u0111aid (Ru\u00e4\u02b9vnjaar\u01e5 hu\u00e5vv-vu\u00f5igg\u00e2z tu\u02b9mmst\u00f5k 6.9.2006 \/756). Ko\u02b9rvveem\u00f5\u00f5l\u01e5t\u00f5\u00f5zz ij mo\u017e\u00e2t \u0161\u00f5\u00f5dd, j\u00f5s sk\u00e4\u00e4\u0111\u0111\u01e9i\u00f5rddi mie\u02b9ttvaikkat tu\u00e5immjumm\u0161i\u02b9nes sk\u00e4\u00e4\u0111 \u0161\u00f5ddma. M\u00e4ddvu\u00e4\u02b9msteei le\u02b9be vaald\u0161eei t\u00e4\u00e4\u02b9r\u01e9esvu\u00f5tt\u00f5\u00f5l\u01e5t\u00f5\u02b9sse kooll je\u00e4\u02b9rbi mie\u02b9ldd tu\u00f5\u02b9ll\u02bcjed \u00e4\u00e4idi \u010du\u00e2lluusid kattum, \u0161to pu\u00f5ccu jie pi\u00e2zz voudda, ko\u02b9st t\u00f5k jie vu\u00e4\u01ef\u01ef lee\u02b9d.<\/p>\n<p>\u00c4iddumm\u0161est \u00e2lgg p\u00e2i tuejjeed \u01e9eerjla\u017e su\u00e5ppm\u00f5\u00f5\u017e\u017e paal\u01e5\u00e2sk\u00e5\u00e5\u02b9dd da m\u00e4ddvu\u00e4\u02b9msteei k\u00f5\u00f5sk- \u00c4\u00e4id kudd\u00e2n\u00e2\u00e2\u02b9nnmest \u0161e \u00e2lgg su\u00e5ppad vue\u02b9sspie\u02b9li k\u00f5\u00f5sk \u01e9eerjl\u00e2nji.<\/p>\n<p>Paal\u01e5\u00e2sk\u00e5\u00e5\u02b9dd vu\u00e4i\u02b9tte oocc\u00e2d Lappi ELY-k\u00f5\u00f5sk\u00f5\u00f5zz\u00e2st pu\u00e4\u0292\u0292t\u00e4\u00e4l da lu\u00e2ttjie\u02b9llemvu\u00f5\u02b9jji te\u00e4ggteml\u00e4\u00e4\u02b9jj (<a href=\"http:\/\/www.finlex.fi\/fi\/laki\/ajantasa\/2011\/20110986\"><strong>POLURA 896\/2011)<\/strong><\/a>\u00a0me\u00e2ldla\u017e \u00e4iddeemve\u00e4\u02b9\u01e9\u01e9vu\u00f5\u0111 su\u00f5jj\u00e4\u00e4id raajj\u00e2mkuulid.<\/p>\n<p>\u0160\u00e2ddeem\u00e4\u00e4id lie paal\u01e5\u00e2sk\u00e5\u00e5\u02b9dd j\u00e4llm\u00f5\u00f5\u017e\u017e. \u00c4\u00e4idid p\u00e4\u02b9rtteei lij sk\u00e4\u00e4\u0111\u0111ko\u02b9rvveem\u00f5\u00f5l\u01e5tem suu tuejj\u00e4\u00e4m sk\u00e4\u00e4\u0111ast.<\/p>\n<p>&nbsp;<\/p>\n","protected":false},"excerpt":{"rendered":"<p>\u0160\u00e2ddeemsu\u00f5jj\u00e4idd \u0160\u00e2ddeemvuu\u02b9di \u00e4iddummu\u0161 vu\u00e4itt lee\u02b9d tarbbs\u00f5s, j\u00f5s \u00e2\u00e2\u02b9nnmest jie le\u00e4kku jee\u02b9res n\u00e4\u00e4\u02b9l tu\u00f5\u02b9ll\u02bcjed pu\u00f5ccuid me\u00e4dda \u0161\u00e2ddeemvuu\u02b9din. \u00c4iddeemkuul \u00f5\u02b9l\u01e7\u01e7e kuuit\u00e2\u01e5 lee\u02b9d m\u00e5\u00e5\u017ena k\u00f5skkvu\u00f5\u0111\u00e2st vue\u02b9tlva\u017e sk\u00e4\u00e4\u0111aid. \u00c4iddumm\u0161est sa\u01e5st\u00f5\u00f5l\u00e2t da su\u00e5ppat \u00e4\u00e4\u02b9\u0161\u0161vu\u00e4zzlai k\u00f5\u00f5sk. J\u00f5s \u00e4iddumm\u0161est je\u00e4\u02b9t pi\u00e2zz \u00f5\u00f5utmi\u00f5llsa\u017evu\u00f5\u02b9tte, vuei\u02b9tet \u00e4\u00e4\u02b9\u0161\u0161 r\u00e4\u02b9t\u01e9\u01e9eem di\u00f5tt k\u00e5\u010d\u010dad pu\u00e4\u0292\u0292sk\u00e4\u00e4\u0111\u0111lu\u02b9vddk\u00e5\u00e5\u02b9dd. Vu\u00f5igg\u00e2z me\u00e4\u02b9rt\u00f5\u00f5ll\u00e2m \u0161i\u00f5\u01e5\u01e5 \u00e4iddraajj\u00e2mn\u00e4\u00e4\u02b9l me\u00e2ldla\u017e \u00e4idd lij rajjum mettar\u00f5llsa\u017e \u00e4iddstraa\u014bg\u00e2st (23.6.2004, 04\/627). St\u00e5\u02b9lppen \u00e2\u00e2\u02b9net [&hellip;]<\/p>\n","protected":false},"author":1,"featured_media":0,"parent":836,"menu_order":3,"comment_status":"open","ping_status":"closed","template":"","meta":{"footnotes":""},"class_list":["post-844","page","type-page","status-publish","hentry"],"aioseo_notices":[],"_links":{"self":[{"href":"https:\/\/paliskunnat.fi\/poh\/wp-json\/wp\/v2\/pages\/844","targetHints":{"allow":["GET"]}}],"collection":[{"href":"https:\/\/paliskunnat.fi\/poh\/wp-json\/wp\/v2\/pages"}],"about":[{"href":"https:\/\/paliskunnat.fi\/poh\/wp-json\/wp\/v2\/types\/page"}],"author":[{"embeddable":true,"href":"https:\/\/paliskunnat.fi\/poh\/wp-json\/wp\/v2\/users\/1"}],"replies":[{"embeddable":true,"href":"https:\/\/paliskunnat.fi\/poh\/wp-json\/wp\/v2\/comments?post=844"}],"version-history":[{"count":3,"href":"https:\/\/paliskunnat.fi\/poh\/wp-json\/wp\/v2\/pages\/844\/revisions"}],"predecessor-version":[{"id":6904,"href":"https:\/\/paliskunnat.fi\/poh\/wp-json\/wp\/v2\/pages\/844\/revisions\/6904"}],"up":[{"embeddable":true,"href":"https:\/\/paliskunnat.fi\/poh\/wp-json\/wp\/v2\/pages\/836"}],"wp:attachment":[{"href":"https:\/\/paliskunnat.fi\/poh\/wp-json\/wp\/v2\/media?parent=844"}],"curies":[{"name":"wp","href":"https:\/\/api.w.org\/{rel}","templated":true}]}}