{"id":855,"date":"2014-11-12T14:54:24","date_gmt":"2014-11-12T12:54:24","guid":{"rendered":"http:\/\/80.69.171.23\/py\/?page_id=855"},"modified":"2021-08-18T13:17:44","modified_gmt":"2021-08-18T10:17:44","slug":"pihaporot","status":"publish","type":"page","link":"https:\/\/paliskunnat.fi\/poh\/puazzskaad\/pihaporot\/","title":{"rendered":"P\u00f5\u00f5\u0161\u0161i p\u00f5\u00f5rt \u0161ellj"},"content":{"rendered":"<h2>P\u00f5\u00f5\u0161\u0161i p\u00f5\u00f5rt \u0161ellj<\/h2>\n<p>Pu\u00e4\u0292\u0292h\u00e5idd vu\u00e2\u0111\u0111\u00e2\u00e2vv lu\u00e2ttj\u00e2nnmi \u00e2\u00e2\u02b9nnma. L\u00e4\u00e4\u02b9jj\u0161i\u00f5ttumm\u0161in lij staanuum pu\u00e4\u0292\u0292hoiddu p\u00f5\u00f5\u0161\u0161i lu\u00f5v\u00e2s palgg\u00e2mvu\u00f5igg\u00e2dvu\u00f5tt, \u0161i\u00f5ttuum r\u00e4\u00e4\u02b9jt\u00f5\u00f5zzeesvui\u02b9m. Pu\u00f5ccuin lij m\u00e4ddvu\u00e4\u02b9mstemk\u00f5skkvu\u00f5\u0111in perste\u01e9ani vu\u00f5igg\u00e2dvu\u00f5tt \u00e5\u00e5reed da v\u00e4\u02b9ldded porrm\u00f5\u00f5\u017e\u017e lu\u00e2\u0111ast, le\u0161a ij tuejjeed t\u00e4ll\u00f5\u00f5zzla\u017e sk\u00e4\u00e4\u0111 m\u00e4dd- da me\u00e4\u02b9cctallu (<a href=\"http:\/\/www.finlex.fi\/fi\/laki\/ajantasa\/1990\/19900848#P3\"><strong>PHL 3 \u00a7<\/strong><\/a>\u00a0da\u00a0<a href=\"http:\/\/www.finlex.fi\/fi\/laki\/ajantasa\/1990\/19900848#P31\"><strong>PHL 31 \u00a7<\/strong><\/a>).<\/p>\n<p>Friij\u00e2ld palggi pu\u00f5ccu lie paal\u01e5\u00e2sk\u00e5\u00e5\u02b9dd h\u00e5\u00e5idast da paal\u01e5\u00e2sk\u00e5\u02b9dd va\u02b9sttad t\u00f5i vuei\u02b9tlv\u00e2nji tuejj\u00e4\u00e4m sk\u00e4\u00e4\u0111ain.<\/p>\n<p>Pu\u00e4\u0292\u0292h\u00e5iddvu\u02b9vdd lij ju\u00f5kkum kolmm\u00e2n voudda. T\u00e4k lie s\u00e4\u02b9mmlai dommvu\u02b9vdd, je\u00e4\u02b9rben pu\u00e4\u0292\u0292h\u00e5\u00e5id v\u00e4\u00e4ras jurddum vu\u02b9vdd le\u02b9be spesiaal pu\u00e4\u0292\u0292h\u00e5iddvu\u02b9vdd da jee\u02b9res pu\u00e4\u0292\u0292h\u00e5iddvu\u02b9vdd. Spesiaal pu\u00e4\u0292\u0292h\u00e5iddvuu\u02b9dest, koozz s\u00e4\u02b9mmlai dommvu\u02b9vdd \u0161e kooll, pu\u00e4\u0292\u0292h\u00e5\u00e5id s\u00e2\u00e2\u02b9j jie\u02b9llemvue\u02b9\u01e9\u01e9en lij samai mi\u00e2rkteei. T\u00e4t lij valddum lokku l\u00e4\u00e4\u02b9jj\u0161i\u00f5ttumm\u0161est \u0161e pu\u00e4\u0292\u0292h\u00e5\u00e5id je\u00e4\u02b9rben su\u00f5jjeei \u0161i\u00f5tt\u00f5\u00f5zzin.<\/p>\n<p>Jee\u02b9res \u00e5\u02b9rnn ko s\u00e4\u02b9mmlai dommvuu\u02b9dest pu\u00f5ccuid \u00e2lgg h\u00e5iddad nu\u02b9tt, \u0161to t\u00f5k jie pi\u00e2zz mu\u00f5rrkarddsid, p\u00f5\u00f5\u0161\u0161i p\u00f5\u00f5rti \u0161eelljaid le\u02b9be jee\u02b9res spesiaal \u00e2\u00e2\u02b9nnma valddum vuu\u02b9did. (<a href=\"http:\/\/www.finlex.fi\/fi\/laki\/ajantasa\/1990\/19900848#P31\"><strong>PHL 31 \u00a7<\/strong><\/a>).<\/p>\n<p>J\u00f5s pu\u00f5ccu pu\u00e4\u02b9tte voudda, ko\u02b9st t\u00f5k jie vu\u00e4\u01ef\u01ef lee\u02b9d da ko\u02b9st t\u00f5k vu\u00e4i\u02b9tte tuejjeed sk\u00e4\u00e4\u0111, \u00e2lgg v\u00e4\u02b9ldded m\u00e2\u00e2\u02b9jee\u01e9\u00e2ni \u00f5httvu\u00f5\u0111 \u00e4\u00e4\u02b9\u0161\u0161vu\u00e4zzla\u017e paal\u01e5\u00e2sk\u00e5\u00e5\u02b9dd pu\u00e4\u0292\u0292ee\u02b9\u017e\u017e\u00e4\u00e4. Pu\u00e4\u0292\u0292ee\u02b9\u017e\u017eed lij \u00f5\u00f5l\u01e5tum \u00e2\u00e2\u02b9nned hu\u00f5l t\u00f5\u02b9st, \u0161to pu\u00f5ccuid tu\u00e5imtet me\u00e4dda vuu\u02b9dest. J\u00f5s pu\u00f5ccu lie tuejj\u00e4\u00e4m sk\u00e4\u00e4\u0111, sa\u01e5st\u00f5\u00f5l\u00e2t \u00e4\u00e4\u02b9\u0161\u0161vu\u00e4zzlai k\u00f5\u00f5sk sk\u00e4\u00e4\u0111 ko\u02b9rvvumm\u0161est da pu\u00f5\u02b9tti sk\u00e4\u00e4\u0111ai c\u00f5ggmest. J\u00f5s \u00e4\u00e4\u02b9\u0161\u0161vu\u00e4zzlai k\u00f5skksa\u017e sa\u01e5st\u00f5\u00f5llmest je\u00e4\u02b9t pi\u00e2zz \u00f5\u00f5utmi\u00f5llsa\u017evu\u00f5\u02b9tte, vuei\u02b9tet \u00e4\u00e4\u02b9\u0161\u0161 viikk\u00e2d pu\u00e4\u0292\u0292sk\u00e4\u00e4\u0111\u0111lu\u02b9vddk\u00e5dda r\u00e4\u02b9t\u01e9\u01e9eemnalla.<\/p>\n<p>\u00c4iddeem\u00f5\u00f5l\u01e5t\u00f5s ij ku\u00f5sk \u00e2stt\u00e4\u00e4i\u02b9j p\u00f5\u00f5rtid. S\u00e4\u02b9mmlai dommvuu\u02b9dest \u00f5\u00f5l\u01e5t\u00f5s ku\u00e2skk t\u00e5\u02b9l\u01e9 m\u00e4dd- da me\u00e4\u02b9cct\u00e4\u00e4l \u00e2\u00e2\u02b9nnmest \u00e5\u00e5rrai vuu\u02b9did.<\/p>\n<p>Pu\u00e4\u0292\u0292ee\u02b9\u017e\u017eii\u00a0<a href=\"http:\/\/paliskunnat.fi\/py\/poroisannat\/\"><strong>\u00f5httvu\u00f5tt-te\u00e2\u0111<\/strong><\/a><\/p>\n<p>&nbsp;<\/p>\n","protected":false},"excerpt":{"rendered":"<p>P\u00f5\u00f5\u0161\u0161i p\u00f5\u00f5rt \u0161ellj Pu\u00e4\u0292\u0292h\u00e5idd vu\u00e2\u0111\u0111\u00e2\u00e2vv lu\u00e2ttj\u00e2nnmi \u00e2\u00e2\u02b9nnma. L\u00e4\u00e4\u02b9jj\u0161i\u00f5ttumm\u0161in lij staanuum pu\u00e4\u0292\u0292hoiddu p\u00f5\u00f5\u0161\u0161i lu\u00f5v\u00e2s palgg\u00e2mvu\u00f5igg\u00e2dvu\u00f5tt, \u0161i\u00f5ttuum r\u00e4\u00e4\u02b9jt\u00f5\u00f5zzeesvui\u02b9m. Pu\u00f5ccuin lij m\u00e4ddvu\u00e4\u02b9mstemk\u00f5skkvu\u00f5\u0111in perste\u01e9ani vu\u00f5igg\u00e2dvu\u00f5tt \u00e5\u00e5reed da v\u00e4\u02b9ldded porrm\u00f5\u00f5\u017e\u017e lu\u00e2\u0111ast, le\u0161a ij tuejjeed t\u00e4ll\u00f5\u00f5zzla\u017e sk\u00e4\u00e4\u0111 m\u00e4dd- da me\u00e4\u02b9cctallu (PHL 3 \u00a7\u00a0da\u00a0PHL 31 \u00a7). Friij\u00e2ld palggi pu\u00f5ccu lie paal\u01e5\u00e2sk\u00e5\u00e5\u02b9dd h\u00e5\u00e5idast da paal\u01e5\u00e2sk\u00e5\u02b9dd va\u02b9sttad t\u00f5i vuei\u02b9tlv\u00e2nji tuejj\u00e4\u00e4m sk\u00e4\u00e4\u0111ain. Pu\u00e4\u0292\u0292h\u00e5iddvu\u02b9vdd lij ju\u00f5kkum [&hellip;]<\/p>\n","protected":false},"author":1,"featured_media":0,"parent":177,"menu_order":4,"comment_status":"open","ping_status":"closed","template":"","meta":{"footnotes":""},"class_list":["post-855","page","type-page","status-publish","hentry"],"aioseo_notices":[],"_links":{"self":[{"href":"https:\/\/paliskunnat.fi\/poh\/wp-json\/wp\/v2\/pages\/855","targetHints":{"allow":["GET"]}}],"collection":[{"href":"https:\/\/paliskunnat.fi\/poh\/wp-json\/wp\/v2\/pages"}],"about":[{"href":"https:\/\/paliskunnat.fi\/poh\/wp-json\/wp\/v2\/types\/page"}],"author":[{"embeddable":true,"href":"https:\/\/paliskunnat.fi\/poh\/wp-json\/wp\/v2\/users\/1"}],"replies":[{"embeddable":true,"href":"https:\/\/paliskunnat.fi\/poh\/wp-json\/wp\/v2\/comments?post=855"}],"version-history":[{"count":4,"href":"https:\/\/paliskunnat.fi\/poh\/wp-json\/wp\/v2\/pages\/855\/revisions"}],"predecessor-version":[{"id":6905,"href":"https:\/\/paliskunnat.fi\/poh\/wp-json\/wp\/v2\/pages\/855\/revisions\/6905"}],"up":[{"embeddable":true,"href":"https:\/\/paliskunnat.fi\/poh\/wp-json\/wp\/v2\/pages\/177"}],"wp:attachment":[{"href":"https:\/\/paliskunnat.fi\/poh\/wp-json\/wp\/v2\/media?parent=855"}],"curies":[{"name":"wp","href":"https:\/\/api.w.org\/{rel}","templated":true}]}}