{"id":870,"date":"2014-11-12T15:37:59","date_gmt":"2014-11-12T13:37:59","guid":{"rendered":"http:\/\/80.69.171.23\/py\/?page_id=870"},"modified":"2020-03-19T14:11:15","modified_gmt":"2020-03-19T12:11:15","slug":"piannaiskaad_sooddeen","status":"publish","type":"page","link":"https:\/\/paliskunnat.fi\/poh\/puazzskaad\/piannaiskaad\/piannaiskaad_sooddeen\/","title":{"rendered":"Pi\u00e2nnaisk\u00e4\u00e4\u0111 \u0161\u00f5\u00f5ddee\u02b9n"},"content":{"rendered":"<h2>Pi\u00e2nnaisk\u00e4\u00e4\u0111 \u0161\u00f5\u00f5ddee\u02b9n<\/h2>\n<p>K\u00e5\u00e5\u02b9dd pu\u00f5ccu, k\u00e5\u00e5\u02b9tt lij \u010duu\u02b9t lamm\u0161\u00f5\u00f5vv\u00e2m. I\u02b9lmmet sk\u00e4\u00e4\u0111ast t\u00e2\u02b9lles p\u00e5\u00e5\u02b9lsa, 112 da <a href=\"http:\/\/paliskunnat.fi\/py\/poroisannat\/\"><strong>pu\u00e4\u0292\u0292ee\u02b9\u017e\u017e\u00e4\u00e4<\/strong><\/a>.<\/p>\n<p>Pi\u00e2nnaivu\u00e4\u02b9msteei lij p\u00e2i vastt\u00f5\u00f5zz\u00e2st pi\u00e2nn\u02bcje\u02b9stes da t\u00f5n tuejj\u00e4\u00e4m sk\u00e4\u00e4\u0111ain. Pu\u00f5ccu \u00e2lgg ko\u02b9rvveed pu\u00e4\u0292\u0292vu\u00e4\u02b9msteeja. Pu\u00f5ccu \u00e4rvv me\u00e4\u02b9rrt\u00e2\u00e2vv pu\u00e4\u0292\u0292\u0161laaj mie\u02b9ldd. Taarb\u0161e\u02b9mmen pu\u00f5ccu \u00e4\u00e4rvast vu\u00e4itt raukk\u00e2d ce\u00e2lkalm Paal\u01e5\u00e2skoo\u02b9ddi \u00f5htt\u00f5\u00f5zz\u00e2st.<\/p>\n<p><a href=\"http:\/\/paliskunnat.fi\/py\/organisaatio\/yhteystiedot\/\"><strong>\u00d5httvu\u00f5tt-te\u00e2\u0111<\/strong><\/a><\/p>\n<p>&nbsp;<\/p>\n","protected":false},"excerpt":{"rendered":"<p>Pi\u00e2nnaisk\u00e4\u00e4\u0111 \u0161\u00f5\u00f5ddee\u02b9n K\u00e5\u00e5\u02b9dd pu\u00f5ccu, k\u00e5\u00e5\u02b9tt lij \u010duu\u02b9t lamm\u0161\u00f5\u00f5vv\u00e2m. I\u02b9lmmet sk\u00e4\u00e4\u0111ast t\u00e2\u02b9lles p\u00e5\u00e5\u02b9lsa, 112 da pu\u00e4\u0292\u0292ee\u02b9\u017e\u017e\u00e4\u00e4. Pi\u00e2nnaivu\u00e4\u02b9msteei lij p\u00e2i vastt\u00f5\u00f5zz\u00e2st pi\u00e2nn\u02bcje\u02b9stes da t\u00f5n tuejj\u00e4\u00e4m sk\u00e4\u00e4\u0111ain. Pu\u00f5ccu \u00e2lgg ko\u02b9rvveed pu\u00e4\u0292\u0292vu\u00e4\u02b9msteeja. Pu\u00f5ccu \u00e4rvv me\u00e4\u02b9rrt\u00e2\u00e2vv pu\u00e4\u0292\u0292\u0161laaj mie\u02b9ldd. Taarb\u0161e\u02b9mmen pu\u00f5ccu \u00e4\u00e4rvast vu\u00e4itt raukk\u00e2d ce\u00e2lkalm Paal\u01e5\u00e2skoo\u02b9ddi \u00f5htt\u00f5\u00f5zz\u00e2st. \u00d5httvu\u00f5tt-te\u00e2\u0111 &nbsp;<\/p>\n","protected":false},"author":1,"featured_media":0,"parent":863,"menu_order":1,"comment_status":"open","ping_status":"closed","template":"","meta":{"footnotes":""},"class_list":["post-870","page","type-page","status-publish","hentry"],"aioseo_notices":[],"_links":{"self":[{"href":"https:\/\/paliskunnat.fi\/poh\/wp-json\/wp\/v2\/pages\/870","targetHints":{"allow":["GET"]}}],"collection":[{"href":"https:\/\/paliskunnat.fi\/poh\/wp-json\/wp\/v2\/pages"}],"about":[{"href":"https:\/\/paliskunnat.fi\/poh\/wp-json\/wp\/v2\/types\/page"}],"author":[{"embeddable":true,"href":"https:\/\/paliskunnat.fi\/poh\/wp-json\/wp\/v2\/users\/1"}],"replies":[{"embeddable":true,"href":"https:\/\/paliskunnat.fi\/poh\/wp-json\/wp\/v2\/comments?post=870"}],"version-history":[{"count":1,"href":"https:\/\/paliskunnat.fi\/poh\/wp-json\/wp\/v2\/pages\/870\/revisions"}],"predecessor-version":[{"id":6623,"href":"https:\/\/paliskunnat.fi\/poh\/wp-json\/wp\/v2\/pages\/870\/revisions\/6623"}],"up":[{"embeddable":true,"href":"https:\/\/paliskunnat.fi\/poh\/wp-json\/wp\/v2\/pages\/863"}],"wp:attachment":[{"href":"https:\/\/paliskunnat.fi\/poh\/wp-json\/wp\/v2\/media?parent=870"}],"curies":[{"name":"wp","href":"https:\/\/api.w.org\/{rel}","templated":true}]}}