{"id":106,"date":"2014-09-01T11:29:12","date_gmt":"2014-09-01T08:29:12","guid":{"rendered":"http:\/\/80.69.171.23\/poro\/?page_id=106"},"modified":"2021-05-20T14:47:39","modified_gmt":"2021-05-20T11:47:39","slug":"poromiehen-ammatti","status":"publish","type":"page","link":"https:\/\/paliskunnat.fi\/poro\/poronhoito\/poromiehen-ammatti\/","title":{"rendered":"Poromiehen ammatti"},"content":{"rendered":"<h2>Poromiehen ammatti<\/h2>\n<p>Poromies on sukupuolesta riippumaton termi, samaan tapaan kuin esimerkiksi palomies. Poromies voi siis olla yht\u00e4 hyvin mies kuin nainen.<\/p>\n<p>Poromiehen ammatti pohjautuu sukupolvelta toiselle siirtyv\u00e4\u00e4n\u00a0perinnetietoon ja taitoon. Poromiehen ty\u00f6ss\u00e4 luonto ja kaikki kahdeksan vuodenaikaa ovat l\u00e4sn\u00e4. Nykyajan yhteiskunnassa ei liene toista ammattia, jonka luontoyhteys olisi poromiehen ty\u00f6h\u00f6n verrattavissa. Puhdas luonto on poromiehen ty\u00f6n ja porokulttuurin jatkumisen edellytys.<\/p>\n<p>Oheisiin kuviin on tiivistetty poronuorten ajatuksia poronuorten tapahtumassa kev\u00e4\u00e4ll\u00e4 2015. Kuvat on julkaistu Poroparlamentissa kes\u00e4kuussa 2015.<\/p>\n\n\t\t<style type=\"text\/css\">\n\t\t\t#gallery-1 {\n\t\t\t\tmargin: auto;\n\t\t\t}\n\t\t\t#gallery-1 .gallery-item {\n\t\t\t\tfloat: left;\n\t\t\t\tmargin-top: 10px;\n\t\t\t\ttext-align: center;\n\t\t\t\twidth: 33%;\n\t\t\t}\n\t\t\t#gallery-1 img {\n\t\t\t\tborder: 2px solid #cfcfcf;\n\t\t\t}\n\t\t\t#gallery-1 .gallery-caption {\n\t\t\t\tmargin-left: 0;\n\t\t\t}\n\t\t\t\/* see gallery_shortcode() in wp-includes\/media.php *\/\n\t\t<\/style>\n\t\t<div id='gallery-1' class='gallery galleryid-106 gallery-columns-3 gallery-size-thumbnail'><dl class='gallery-item'>\n\t\t\t<dt class='gallery-icon landscape'>\n\t\t\t\t<a href='https:\/\/paliskunnat.fi\/poro\/wp-content\/uploads\/2015\/11\/tulevaisuuden_nakymia.jpg' rel=\"lightbox[106]\"><img loading=\"lazy\" decoding=\"async\" width=\"150\" height=\"150\" src=\"https:\/\/paliskunnat.fi\/poro\/wp-content\/uploads\/2015\/11\/tulevaisuuden_nakymia-150x150.jpg\" class=\"attachment-thumbnail size-thumbnail\" alt=\"\" \/><\/a>\n\t\t\t<\/dt><\/dl><dl class='gallery-item'>\n\t\t\t<dt class='gallery-icon landscape'>\n\t\t\t\t<a href='https:\/\/paliskunnat.fi\/poro\/wp-content\/uploads\/2015\/11\/porovuoden_parhaimmat_hetket.jpg' rel=\"lightbox[106]\"><img loading=\"lazy\" decoding=\"async\" width=\"150\" height=\"150\" src=\"https:\/\/paliskunnat.fi\/poro\/wp-content\/uploads\/2015\/11\/porovuoden_parhaimmat_hetket-150x150.jpg\" class=\"attachment-thumbnail size-thumbnail\" alt=\"\" \/><\/a>\n\t\t\t<\/dt><\/dl><dl class='gallery-item'>\n\t\t\t<dt class='gallery-icon portrait'>\n\t\t\t\t<a href='https:\/\/paliskunnat.fi\/poro\/wp-content\/uploads\/2015\/11\/poronuorten_mietteita.jpg' rel=\"lightbox[106]\"><img loading=\"lazy\" decoding=\"async\" width=\"150\" height=\"150\" src=\"https:\/\/paliskunnat.fi\/poro\/wp-content\/uploads\/2015\/11\/poronuorten_mietteita-150x150.jpg\" class=\"attachment-thumbnail size-thumbnail\" alt=\"\" \/><\/a>\n\t\t\t<\/dt><\/dl><br style=\"clear: both\" \/><dl class='gallery-item'>\n\t\t\t<dt class='gallery-icon landscape'>\n\t\t\t\t<a href='https:\/\/paliskunnat.fi\/poro\/wp-content\/uploads\/2015\/11\/oppiminen_poronhoitot\u00f6issa.jpg' rel=\"lightbox[106]\"><img loading=\"lazy\" decoding=\"async\" width=\"150\" height=\"150\" src=\"https:\/\/paliskunnat.fi\/poro\/wp-content\/uploads\/2015\/11\/oppiminen_poronhoitot\u00f6issa-150x150.jpg\" class=\"attachment-thumbnail size-thumbnail\" alt=\"\" \/><\/a>\n\t\t\t<\/dt><\/dl><dl class='gallery-item'>\n\t\t\t<dt class='gallery-icon landscape'>\n\t\t\t\t<a href='https:\/\/paliskunnat.fi\/poro\/wp-content\/uploads\/2015\/11\/muistilista_poromettaan.jpg' rel=\"lightbox[106]\"><img loading=\"lazy\" decoding=\"async\" width=\"150\" height=\"150\" src=\"https:\/\/paliskunnat.fi\/poro\/wp-content\/uploads\/2015\/11\/muistilista_poromettaan-150x150.jpg\" class=\"attachment-thumbnail size-thumbnail\" alt=\"\" \/><\/a>\n\t\t\t<\/dt><\/dl><dl class='gallery-item'>\n\t\t\t<dt class='gallery-icon landscape'>\n\t\t\t\t<a href='https:\/\/paliskunnat.fi\/poro\/wp-content\/uploads\/2015\/11\/ajatuksia_opiskelusta.jpg' rel=\"lightbox[106]\"><img loading=\"lazy\" decoding=\"async\" width=\"150\" height=\"150\" src=\"https:\/\/paliskunnat.fi\/poro\/wp-content\/uploads\/2015\/11\/ajatuksia_opiskelusta-150x150.jpg\" class=\"attachment-thumbnail size-thumbnail\" alt=\"\" \/><\/a>\n\t\t\t<\/dt><\/dl><br style=\"clear: both\" \/>\n\t\t<\/div>\n\n<p>&nbsp;<\/p>\n<p><a href=\"https:\/\/www.youtube.com\/watch?v=ZYRMni-qKA4\" class=\"external external_icon\" rel=\"nofollow\">Nuorten poromiesten<\/a> halukkuus jatkaa poronhoidon parissa\u00a0on luonnollisesti poronhoidon jatkumisen perusedellytys. Iloksemme nuoria jatkajia on elinkeinon pariin riitt\u00e4nyt verrattain hyvin. Etel\u00e4isell\u00e4 poronhoitoalueella pitk\u00e4\u00e4n jatkuneiden peto-ongelmien vuoksi nuorista on kuitenkin pulaa.<\/p>\n<p>Suomessa kymmenest\u00e4 poronomistajasta per\u00e4ti kaksi, eli viidennes, on i\u00e4lt\u00e4\u00e4n alle 25-vuotiaita. Alle 25-vuotiaiden osuus poronomistajista on suurempi kuin el\u00e4keik\u00e4isten osuus.<\/p>\n<p>K\u00e4yt\u00e4nn\u00f6n ty\u00f6ss\u00e4 arvokkaassa roolissa ovat perinteisesti kaikenik\u00e4iset, vauvasta vaariin ja muoriin. Lapset kasvavat poronhoitoon vaippaik\u00e4isest\u00e4, vanhat osallistuvat hommiin niin kauan kuin terveys sallii. T\u00f6it\u00e4 tehd\u00e4\u00e4n yhdess\u00e4, vuorollaan toisista huolta pit\u00e4en. Poronhoito silottaa sukupolvien kuilut.<\/p>\n<p><a href=\"https:\/\/paliskunnat.fi\/poro\/wp-content\/uploads\/2014\/09\/aatsinki_brothers.jpg\" rel=\"lightbox[106]\"><img loading=\"lazy\" decoding=\"async\" class=\"alignnone wp-image-270\" src=\"https:\/\/paliskunnat.fi\/poro\/wp-content\/uploads\/2014\/09\/aatsinki_brothers.jpg\" alt=\"Aatsinki Brothers -elokuva\" width=\"460\" height=\"363\" srcset=\"https:\/\/paliskunnat.fi\/poro\/wp-content\/uploads\/2014\/09\/aatsinki_brothers.jpg 1000w, https:\/\/paliskunnat.fi\/poro\/wp-content\/uploads\/2014\/09\/aatsinki_brothers-300x236.jpg 300w\" sizes=\"auto, (max-width: 460px) 100vw, 460px\" \/><\/a><\/p>\n<p>P\u00e4\u00e4toimisten poromiesten tulot koostuvat p\u00e4\u00e4asiassa poronlihan ja muiden porotuotteiden myynnist\u00e4. Poromiehet ovat kuitenkin perinteisesti varsin monitaitoisia ja toimeliaita. Tuloja on totuttu hankkimaan monenlaisista l\u00e4hteist\u00e4. Esimerkiksi matkailuun liittyvien palvelujen tarjoaminen sek\u00e4 k\u00e4sit\u00f6iden myynti tarjoavat monelle p\u00e4\u00e4toimisellekin poromiehelle t\u00e4rkeit\u00e4 lis\u00e4tuloja. Lis\u00e4ksi moni sivutoiminen poromies tekee p\u00e4\u00e4asiallisen elantonsa poroon kytkeytyvill\u00e4 liit\u00e4nn\u00e4iselinkeinoilla, \u00a0kuten matkailulla tai lihanjalostuksella.<\/p>\n<p>Poronomistajan henkil\u00f6kohtainen porom\u00e4\u00e4r\u00e4 on yksityisasia, jota ei kuulu \u00e4\u00e4neen kertoa. Kun poromiehelt\u00e4 kysyy h\u00e4nen porojensa lukum\u00e4\u00e4r\u00e4\u00e4, saa aina yht\u00e4 ep\u00e4m\u00e4\u00e4r\u00e4isen vastauksen: &#8221;j\u00e4ng\u00e4llinen&#8221;, &#8221;kahtapuolen puuta&#8221; tai &#8221;en tied\u00e4&#8221; lienev\u00e4t vastauksista tyypillisimm\u00e4t.<\/p>\n<p>&nbsp;<\/p>\n<p><!--more--><\/p>\n<h2>Aatsinki<\/h2>\n<p><a href=\"http:\/\/www.arcticcowboys.com\/about.html\" target=\"_blank\" rel=\"noopener noreferrer nofollow\" class=\"external external_icon\">Aatsinki &#8211; Arctic Cowboys<\/a><\/p>\n<h2>Tutkija pororenkin\u00e4<\/h2>\n<p><a href=\"https:\/\/yle.fi\/uutiset\/3-7796707\" target=\"_blank\" rel=\"noopener noreferrer nofollow\" class=\"external external_icon\">Porovuosi &#8211; Tutkija pororenkin\u00e4 Sompiossa (2015)<\/a><\/p>\n<p>&nbsp;<\/p>\n","protected":false},"excerpt":{"rendered":"<p>Poromiehen ammatti Poromies on sukupuolesta riippumaton termi, samaan tapaan kuin esimerkiksi palomies. Poromies voi siis olla yht\u00e4 hyvin mies kuin nainen. Poromiehen ammatti pohjautuu sukupolvelta toiselle siirtyv\u00e4\u00e4n\u00a0perinnetietoon ja taitoon. Poromiehen ty\u00f6ss\u00e4 luonto ja kaikki kahdeksan vuodenaikaa ovat l\u00e4sn\u00e4. Nykyajan yhteiskunnassa ei liene toista ammattia, jonka luontoyhteys olisi poromiehen ty\u00f6h\u00f6n verrattavissa. Puhdas luonto on poromiehen ty\u00f6n [&hellip;]<\/p>\n","protected":false},"author":1,"featured_media":0,"parent":765,"menu_order":5,"comment_status":"open","ping_status":"closed","template":"","meta":{"footnotes":""},"class_list":["post-106","page","type-page","status-publish","hentry"],"yoast_head":"<!-- This site is optimized with the Yoast SEO plugin v27.2 - https:\/\/yoast.com\/product\/yoast-seo-wordpress\/ -->\n<title>Poromiehen ammatti - Poro ja poronhoito<\/title>\n<meta name=\"robots\" content=\"index, follow, max-snippet:-1, max-image-preview:large, max-video-preview:-1\" \/>\n<link rel=\"canonical\" href=\"https:\/\/paliskunnat.fi\/poro\/poronhoito\/poromiehen-ammatti\/\" \/>\n<meta property=\"og:locale\" content=\"fi_FI\" \/>\n<meta property=\"og:type\" content=\"article\" \/>\n<meta property=\"og:title\" content=\"Poromiehen ammatti - Poro ja poronhoito\" \/>\n<meta property=\"og:description\" content=\"Poromiehen ammatti Poromies on sukupuolesta riippumaton termi, samaan tapaan kuin esimerkiksi palomies. Poromies voi siis olla yht\u00e4 hyvin mies kuin nainen. Poromiehen ammatti pohjautuu sukupolvelta toiselle siirtyv\u00e4\u00e4n\u00a0perinnetietoon ja taitoon. Poromiehen ty\u00f6ss\u00e4 luonto ja kaikki kahdeksan vuodenaikaa ovat l\u00e4sn\u00e4. Nykyajan yhteiskunnassa ei liene toista ammattia, jonka luontoyhteys olisi poromiehen ty\u00f6h\u00f6n verrattavissa. Puhdas luonto on poromiehen ty\u00f6n [&hellip;]\" \/>\n<meta property=\"og:url\" content=\"https:\/\/paliskunnat.fi\/poro\/poronhoito\/poromiehen-ammatti\/\" \/>\n<meta property=\"og:site_name\" content=\"Poro ja poronhoito\" \/>\n<meta property=\"article:modified_time\" content=\"2021-05-20T11:47:39+00:00\" \/>\n<meta property=\"og:image\" content=\"https:\/\/paliskunnat.fi\/poro\/wp-content\/uploads\/2015\/11\/tulevaisuuden_nakymia-150x150.jpg\" \/>\n<meta name=\"twitter:card\" content=\"summary_large_image\" \/>\n<meta name=\"twitter:label1\" content=\"Arvioitu lukuaika\" \/>\n\t<meta name=\"twitter:data1\" content=\"2 minuuttia\" \/>\n<script type=\"application\/ld+json\" class=\"yoast-schema-graph\">{\"@context\":\"https:\/\/schema.org\",\"@graph\":[{\"@type\":\"WebPage\",\"@id\":\"https:\/\/paliskunnat.fi\/poro\/poronhoito\/poromiehen-ammatti\/\",\"url\":\"https:\/\/paliskunnat.fi\/poro\/poronhoito\/poromiehen-ammatti\/\",\"name\":\"Poromiehen ammatti - Poro ja poronhoito\",\"isPartOf\":{\"@id\":\"https:\/\/paliskunnat.fi\/poro\/#website\"},\"primaryImageOfPage\":{\"@id\":\"https:\/\/paliskunnat.fi\/poro\/poronhoito\/poromiehen-ammatti\/#primaryimage\"},\"image\":{\"@id\":\"https:\/\/paliskunnat.fi\/poro\/poronhoito\/poromiehen-ammatti\/#primaryimage\"},\"thumbnailUrl\":\"https:\/\/paliskunnat.fi\/poro\/wp-content\/uploads\/2014\/09\/aatsinki_brothers.jpg\",\"datePublished\":\"2014-09-01T08:29:12+00:00\",\"dateModified\":\"2021-05-20T11:47:39+00:00\",\"breadcrumb\":{\"@id\":\"https:\/\/paliskunnat.fi\/poro\/poronhoito\/poromiehen-ammatti\/#breadcrumb\"},\"inLanguage\":\"fi\",\"potentialAction\":[{\"@type\":\"ReadAction\",\"target\":[\"https:\/\/paliskunnat.fi\/poro\/poronhoito\/poromiehen-ammatti\/\"]}]},{\"@type\":\"ImageObject\",\"inLanguage\":\"fi\",\"@id\":\"https:\/\/paliskunnat.fi\/poro\/poronhoito\/poromiehen-ammatti\/#primaryimage\",\"url\":\"https:\/\/paliskunnat.fi\/poro\/wp-content\/uploads\/2014\/09\/aatsinki_brothers.jpg\",\"contentUrl\":\"https:\/\/paliskunnat.fi\/poro\/wp-content\/uploads\/2014\/09\/aatsinki_brothers.jpg\",\"width\":1000,\"height\":789},{\"@type\":\"BreadcrumbList\",\"@id\":\"https:\/\/paliskunnat.fi\/poro\/poronhoito\/poromiehen-ammatti\/#breadcrumb\",\"itemListElement\":[{\"@type\":\"ListItem\",\"position\":1,\"name\":\"Home\",\"item\":\"https:\/\/paliskunnat.fi\/poro\/\"},{\"@type\":\"ListItem\",\"position\":2,\"name\":\"Poronhoito\",\"item\":\"https:\/\/paliskunnat.fi\/poro\/poronhoito\/\"},{\"@type\":\"ListItem\",\"position\":3,\"name\":\"Poromiehen ammatti\"}]},{\"@type\":\"WebSite\",\"@id\":\"https:\/\/paliskunnat.fi\/poro\/#website\",\"url\":\"https:\/\/paliskunnat.fi\/poro\/\",\"name\":\"Poro ja poronhoito\",\"description\":\"Poro ja poronhoito Suomessa\",\"potentialAction\":[{\"@type\":\"SearchAction\",\"target\":{\"@type\":\"EntryPoint\",\"urlTemplate\":\"https:\/\/paliskunnat.fi\/poro\/?s={search_term_string}\"},\"query-input\":{\"@type\":\"PropertyValueSpecification\",\"valueRequired\":true,\"valueName\":\"search_term_string\"}}],\"inLanguage\":\"fi\"}]}<\/script>\n<!-- \/ Yoast SEO plugin. -->","yoast_head_json":{"title":"Poromiehen ammatti - Poro ja poronhoito","robots":{"index":"index","follow":"follow","max-snippet":"max-snippet:-1","max-image-preview":"max-image-preview:large","max-video-preview":"max-video-preview:-1"},"canonical":"https:\/\/paliskunnat.fi\/poro\/poronhoito\/poromiehen-ammatti\/","og_locale":"fi_FI","og_type":"article","og_title":"Poromiehen ammatti - Poro ja poronhoito","og_description":"Poromiehen ammatti Poromies on sukupuolesta riippumaton termi, samaan tapaan kuin esimerkiksi palomies. Poromies voi siis olla yht\u00e4 hyvin mies kuin nainen. Poromiehen ammatti pohjautuu sukupolvelta toiselle siirtyv\u00e4\u00e4n\u00a0perinnetietoon ja taitoon. Poromiehen ty\u00f6ss\u00e4 luonto ja kaikki kahdeksan vuodenaikaa ovat l\u00e4sn\u00e4. Nykyajan yhteiskunnassa ei liene toista ammattia, jonka luontoyhteys olisi poromiehen ty\u00f6h\u00f6n verrattavissa. Puhdas luonto on poromiehen ty\u00f6n [&hellip;]","og_url":"https:\/\/paliskunnat.fi\/poro\/poronhoito\/poromiehen-ammatti\/","og_site_name":"Poro ja poronhoito","article_modified_time":"2021-05-20T11:47:39+00:00","og_image":[{"url":"https:\/\/paliskunnat.fi\/poro\/wp-content\/uploads\/2015\/11\/tulevaisuuden_nakymia-150x150.jpg","type":"","width":"","height":""}],"twitter_card":"summary_large_image","twitter_misc":{"Arvioitu lukuaika":"2 minuuttia"},"schema":{"@context":"https:\/\/schema.org","@graph":[{"@type":"WebPage","@id":"https:\/\/paliskunnat.fi\/poro\/poronhoito\/poromiehen-ammatti\/","url":"https:\/\/paliskunnat.fi\/poro\/poronhoito\/poromiehen-ammatti\/","name":"Poromiehen ammatti - Poro ja poronhoito","isPartOf":{"@id":"https:\/\/paliskunnat.fi\/poro\/#website"},"primaryImageOfPage":{"@id":"https:\/\/paliskunnat.fi\/poro\/poronhoito\/poromiehen-ammatti\/#primaryimage"},"image":{"@id":"https:\/\/paliskunnat.fi\/poro\/poronhoito\/poromiehen-ammatti\/#primaryimage"},"thumbnailUrl":"https:\/\/paliskunnat.fi\/poro\/wp-content\/uploads\/2014\/09\/aatsinki_brothers.jpg","datePublished":"2014-09-01T08:29:12+00:00","dateModified":"2021-05-20T11:47:39+00:00","breadcrumb":{"@id":"https:\/\/paliskunnat.fi\/poro\/poronhoito\/poromiehen-ammatti\/#breadcrumb"},"inLanguage":"fi","potentialAction":[{"@type":"ReadAction","target":["https:\/\/paliskunnat.fi\/poro\/poronhoito\/poromiehen-ammatti\/"]}]},{"@type":"ImageObject","inLanguage":"fi","@id":"https:\/\/paliskunnat.fi\/poro\/poronhoito\/poromiehen-ammatti\/#primaryimage","url":"https:\/\/paliskunnat.fi\/poro\/wp-content\/uploads\/2014\/09\/aatsinki_brothers.jpg","contentUrl":"https:\/\/paliskunnat.fi\/poro\/wp-content\/uploads\/2014\/09\/aatsinki_brothers.jpg","width":1000,"height":789},{"@type":"BreadcrumbList","@id":"https:\/\/paliskunnat.fi\/poro\/poronhoito\/poromiehen-ammatti\/#breadcrumb","itemListElement":[{"@type":"ListItem","position":1,"name":"Home","item":"https:\/\/paliskunnat.fi\/poro\/"},{"@type":"ListItem","position":2,"name":"Poronhoito","item":"https:\/\/paliskunnat.fi\/poro\/poronhoito\/"},{"@type":"ListItem","position":3,"name":"Poromiehen ammatti"}]},{"@type":"WebSite","@id":"https:\/\/paliskunnat.fi\/poro\/#website","url":"https:\/\/paliskunnat.fi\/poro\/","name":"Poro ja poronhoito","description":"Poro ja poronhoito Suomessa","potentialAction":[{"@type":"SearchAction","target":{"@type":"EntryPoint","urlTemplate":"https:\/\/paliskunnat.fi\/poro\/?s={search_term_string}"},"query-input":{"@type":"PropertyValueSpecification","valueRequired":true,"valueName":"search_term_string"}}],"inLanguage":"fi"}]}},"_links":{"self":[{"href":"https:\/\/paliskunnat.fi\/poro\/wp-json\/wp\/v2\/pages\/106","targetHints":{"allow":["GET"]}}],"collection":[{"href":"https:\/\/paliskunnat.fi\/poro\/wp-json\/wp\/v2\/pages"}],"about":[{"href":"https:\/\/paliskunnat.fi\/poro\/wp-json\/wp\/v2\/types\/page"}],"author":[{"embeddable":true,"href":"https:\/\/paliskunnat.fi\/poro\/wp-json\/wp\/v2\/users\/1"}],"replies":[{"embeddable":true,"href":"https:\/\/paliskunnat.fi\/poro\/wp-json\/wp\/v2\/comments?post=106"}],"version-history":[{"count":82,"href":"https:\/\/paliskunnat.fi\/poro\/wp-json\/wp\/v2\/pages\/106\/revisions"}],"predecessor-version":[{"id":4380,"href":"https:\/\/paliskunnat.fi\/poro\/wp-json\/wp\/v2\/pages\/106\/revisions\/4380"}],"up":[{"embeddable":true,"href":"https:\/\/paliskunnat.fi\/poro\/wp-json\/wp\/v2\/pages\/765"}],"wp:attachment":[{"href":"https:\/\/paliskunnat.fi\/poro\/wp-json\/wp\/v2\/media?parent=106"}],"curies":[{"name":"wp","href":"https:\/\/api.w.org\/{rel}","templated":true}]}}